{"id":10091,"date":"2020-03-10T14:35:51","date_gmt":"2020-03-10T15:39:02","guid":{"rendered":"https:\/\/burespro.neorgvirtual.com\/product\/sable-siliceux-blanc\/"},"modified":"2020-03-11T11:57:32","modified_gmt":"2020-03-11T11:57:32","slug":"sable-siliceux-blanc","status":"publish","type":"product","link":"https:\/\/www.burespro.com\/fr\/product\/sable-siliceux-blanc\/","title":{"rendered":"SABLE SILICEUX BLANC"},"content":{"rendered":"<p>Sable siliceux naturel de couleur blanc cass\u00e9. <\/p>\n<p>Disponible en type \u00ab\u00a0Big Bag\u00a0\u00bb. <\/p>\n<p>Le sable siliceux est tr\u00e8s appropri\u00e9 pour la d\u00e9coration des jardins orientaux et asiatiques. En raison de sa taille de grain, donne une personnalit\u00e9 diff\u00e9rente au jardin et peuvent cr\u00e9er des espaces qui se trouvent dans la m\u00eame zone. Conseill\u00e9 de placer des objets sur le jardin sec, pour \u00e9tendre son effet d\u00e9coratif.\t\t<BR><\/p>\n","protected":false},"excerpt":{"rendered":"<p>Sable siliceux naturel de couleur blanc cass\u00e9. Disponible en type \u00ab\u00a0Big Bag\u00a0\u00bb. Le sable siliceux est tr\u00e8s appropri\u00e9 pour la d\u00e9coration des jardins orientaux et asiatiques. En raison de sa taille de grain, donne une personnalit\u00e9 diff\u00e9rente au jardin et peuvent cr\u00e9er des espaces qui se trouvent dans la m\u00eame zone. Conseill\u00e9 de placer des [&hellip;]<\/p>\n","protected":false},"featured_media":1722,"comment_status":"closed","ping_status":"closed","template":"","meta":{"_acf_changed":false,"inline_featured_image":false},"product_brand":[],"product_cat":[704,207,193],"product_tag":[671,506,531,528,558,561,567,564],"sectores":[365,367,368,374],"class_list":{"0":"post-10091","1":"product","2":"type-product","3":"status-publish","4":"has-post-thumbnail","6":"product_cat-agregats-et-pierres","7":"product_cat-decoration-pour-le-jardin","8":"product_cat-gazon-artificiel","9":"product_tag-agregats","10":"product_tag-construction-de-jardin","11":"product_tag-decoratif-mineral","12":"product_tag-decoration-de-jardin","13":"product_tag-jardinage-de-gerone","14":"product_tag-jardinage-professionnel","15":"product_tag-materiel-de-jardinage","16":"product_tag-materiel-de-jardinage-girona","17":"sectores-usage-industriel","18":"sectores-jardinage-professionnel-paysagisme","19":"sectores-administrations-publiques","20":"sectores-terrains-de-sport-professionels","22":"first","23":"instock","24":"product-type-simple"},"acf":[],"yoast_head":"<!-- This site is optimized with the Yoast SEO plugin v26.7 - https:\/\/yoast.com\/wordpress\/plugins\/seo\/ -->\n<title>SABLE SILICEUX BLANC | Bur\u00e9s Profesional<\/title>\n<meta name=\"robots\" content=\"index, follow, max-snippet:-1, max-image-preview:large, max-video-preview:-1\" \/>\n<link rel=\"canonical\" href=\"https:\/\/www.burespro.com\/fr\/product\/sable-siliceux-blanc\/\" \/>\n<meta property=\"og:locale\" content=\"fr_FR\" \/>\n<meta property=\"og:type\" content=\"article\" \/>\n<meta property=\"og:title\" content=\"SABLE SILICEUX BLANC | Bur\u00e9s Profesional\" \/>\n<meta property=\"og:description\" content=\"Sable siliceux naturel de couleur blanc cass\u00e9. Disponible en type \u00ab\u00a0Big Bag\u00a0\u00bb. Le sable siliceux est tr\u00e8s appropri\u00e9 pour la d\u00e9coration des jardins orientaux et asiatiques. En raison de sa taille de grain, donne une personnalit\u00e9 diff\u00e9rente au jardin et peuvent cr\u00e9er des espaces qui se trouvent dans la m\u00eame zone. Conseill\u00e9 de placer des [&hellip;]\" \/>\n<meta property=\"og:url\" content=\"https:\/\/www.burespro.com\/fr\/product\/sable-siliceux-blanc\/\" \/>\n<meta property=\"og:site_name\" content=\"Bur\u00e9s Profesional\" \/>\n<meta property=\"article:publisher\" content=\"https:\/\/www.facebook.com\/buresprofesionalsa\" \/>\n<meta property=\"article:modified_time\" content=\"2020-03-11T11:57:32+00:00\" \/>\n<meta property=\"og:image\" content=\"https:\/\/www.burespro.com\/wp-content\/uploads\/2020\/01\/216_medium.jpg\" \/>\n\t<meta property=\"og:image:width\" content=\"580\" \/>\n\t<meta property=\"og:image:height\" content=\"580\" \/>\n\t<meta property=\"og:image:type\" content=\"image\/jpeg\" \/>\n<meta name=\"twitter:card\" content=\"summary_large_image\" \/>\n<script type=\"application\/ld+json\" class=\"yoast-schema-graph\">{\"@context\":\"https:\/\/schema.org\",\"@graph\":[{\"@type\":\"WebPage\",\"@id\":\"https:\/\/www.burespro.com\/fr\/product\/sable-siliceux-blanc\/\",\"url\":\"https:\/\/www.burespro.com\/fr\/product\/sable-siliceux-blanc\/\",\"name\":\"SABLE SILICEUX BLANC | Bur\u00e9s Profesional\",\"isPartOf\":{\"@id\":\"https:\/\/www.burespro.com\/#website\"},\"primaryImageOfPage\":{\"@id\":\"https:\/\/www.burespro.com\/fr\/product\/sable-siliceux-blanc\/#primaryimage\"},\"image\":{\"@id\":\"https:\/\/www.burespro.com\/fr\/product\/sable-siliceux-blanc\/#primaryimage\"},\"thumbnailUrl\":\"https:\/\/www.burespro.com\/wp-content\/uploads\/2020\/01\/216_medium.jpg\",\"datePublished\":\"2020-03-10T15:39:02+00:00\",\"dateModified\":\"2020-03-11T11:57:32+00:00\",\"breadcrumb\":{\"@id\":\"https:\/\/www.burespro.com\/fr\/product\/sable-siliceux-blanc\/#breadcrumb\"},\"inLanguage\":\"fr-FR\",\"potentialAction\":[{\"@type\":\"ReadAction\",\"target\":[\"https:\/\/www.burespro.com\/fr\/product\/sable-siliceux-blanc\/\"]}]},{\"@type\":\"ImageObject\",\"inLanguage\":\"fr-FR\",\"@id\":\"https:\/\/www.burespro.com\/fr\/product\/sable-siliceux-blanc\/#primaryimage\",\"url\":\"https:\/\/www.burespro.com\/wp-content\/uploads\/2020\/01\/216_medium.jpg\",\"contentUrl\":\"https:\/\/www.burespro.com\/wp-content\/uploads\/2020\/01\/216_medium.jpg\",\"width\":580,\"height\":580},{\"@type\":\"BreadcrumbList\",\"@id\":\"https:\/\/www.burespro.com\/fr\/product\/sable-siliceux-blanc\/#breadcrumb\",\"itemListElement\":[{\"@type\":\"ListItem\",\"position\":1,\"name\":\"Inici\",\"item\":\"https:\/\/www.burespro.com\/fr\/\"},{\"@type\":\"ListItem\",\"position\":2,\"name\":\"Boutique\",\"item\":\"https:\/\/www.burespro.com\/fr\/substrats-engrais\/\"},{\"@type\":\"ListItem\",\"position\":3,\"name\":\"SABLE SILICEUX BLANC\"}]},{\"@type\":\"WebSite\",\"@id\":\"https:\/\/www.burespro.com\/#website\",\"url\":\"https:\/\/www.burespro.com\/\",\"name\":\"Bur\u00e9s Profesional\",\"description\":\"Fabricants de terres, substrats de cultiu, fertilitzants i adobs org\u00e0nics\",\"potentialAction\":[{\"@type\":\"SearchAction\",\"target\":{\"@type\":\"EntryPoint\",\"urlTemplate\":\"https:\/\/www.burespro.com\/?s={search_term_string}\"},\"query-input\":{\"@type\":\"PropertyValueSpecification\",\"valueRequired\":true,\"valueName\":\"search_term_string\"}}],\"inLanguage\":\"fr-FR\"}]}<\/script>\n<!-- \/ Yoast SEO plugin. -->","yoast_head_json":{"title":"SABLE SILICEUX BLANC | Bur\u00e9s Profesional","robots":{"index":"index","follow":"follow","max-snippet":"max-snippet:-1","max-image-preview":"max-image-preview:large","max-video-preview":"max-video-preview:-1"},"canonical":"https:\/\/www.burespro.com\/fr\/product\/sable-siliceux-blanc\/","og_locale":"fr_FR","og_type":"article","og_title":"SABLE SILICEUX BLANC | Bur\u00e9s Profesional","og_description":"Sable siliceux naturel de couleur blanc cass\u00e9. Disponible en type \u00ab\u00a0Big Bag\u00a0\u00bb. Le sable siliceux est tr\u00e8s appropri\u00e9 pour la d\u00e9coration des jardins orientaux et asiatiques. En raison de sa taille de grain, donne une personnalit\u00e9 diff\u00e9rente au jardin et peuvent cr\u00e9er des espaces qui se trouvent dans la m\u00eame zone. Conseill\u00e9 de placer des [&hellip;]","og_url":"https:\/\/www.burespro.com\/fr\/product\/sable-siliceux-blanc\/","og_site_name":"Bur\u00e9s Profesional","article_publisher":"https:\/\/www.facebook.com\/buresprofesionalsa","article_modified_time":"2020-03-11T11:57:32+00:00","og_image":[{"width":580,"height":580,"url":"https:\/\/www.burespro.com\/wp-content\/uploads\/2020\/01\/216_medium.jpg","type":"image\/jpeg"}],"twitter_card":"summary_large_image","schema":{"@context":"https:\/\/schema.org","@graph":[{"@type":"WebPage","@id":"https:\/\/www.burespro.com\/fr\/product\/sable-siliceux-blanc\/","url":"https:\/\/www.burespro.com\/fr\/product\/sable-siliceux-blanc\/","name":"SABLE SILICEUX BLANC | Bur\u00e9s Profesional","isPartOf":{"@id":"https:\/\/www.burespro.com\/#website"},"primaryImageOfPage":{"@id":"https:\/\/www.burespro.com\/fr\/product\/sable-siliceux-blanc\/#primaryimage"},"image":{"@id":"https:\/\/www.burespro.com\/fr\/product\/sable-siliceux-blanc\/#primaryimage"},"thumbnailUrl":"https:\/\/www.burespro.com\/wp-content\/uploads\/2020\/01\/216_medium.jpg","datePublished":"2020-03-10T15:39:02+00:00","dateModified":"2020-03-11T11:57:32+00:00","breadcrumb":{"@id":"https:\/\/www.burespro.com\/fr\/product\/sable-siliceux-blanc\/#breadcrumb"},"inLanguage":"fr-FR","potentialAction":[{"@type":"ReadAction","target":["https:\/\/www.burespro.com\/fr\/product\/sable-siliceux-blanc\/"]}]},{"@type":"ImageObject","inLanguage":"fr-FR","@id":"https:\/\/www.burespro.com\/fr\/product\/sable-siliceux-blanc\/#primaryimage","url":"https:\/\/www.burespro.com\/wp-content\/uploads\/2020\/01\/216_medium.jpg","contentUrl":"https:\/\/www.burespro.com\/wp-content\/uploads\/2020\/01\/216_medium.jpg","width":580,"height":580},{"@type":"BreadcrumbList","@id":"https:\/\/www.burespro.com\/fr\/product\/sable-siliceux-blanc\/#breadcrumb","itemListElement":[{"@type":"ListItem","position":1,"name":"Inici","item":"https:\/\/www.burespro.com\/fr\/"},{"@type":"ListItem","position":2,"name":"Boutique","item":"https:\/\/www.burespro.com\/fr\/substrats-engrais\/"},{"@type":"ListItem","position":3,"name":"SABLE SILICEUX BLANC"}]},{"@type":"WebSite","@id":"https:\/\/www.burespro.com\/#website","url":"https:\/\/www.burespro.com\/","name":"Bur\u00e9s Profesional","description":"Fabricants de terres, substrats de cultiu, fertilitzants i adobs org\u00e0nics","potentialAction":[{"@type":"SearchAction","target":{"@type":"EntryPoint","urlTemplate":"https:\/\/www.burespro.com\/?s={search_term_string}"},"query-input":{"@type":"PropertyValueSpecification","valueRequired":true,"valueName":"search_term_string"}}],"inLanguage":"fr-FR"}]}},"_links":{"self":[{"href":"https:\/\/www.burespro.com\/fr\/wp-json\/wp\/v2\/product\/10091","targetHints":{"allow":["GET"]}}],"collection":[{"href":"https:\/\/www.burespro.com\/fr\/wp-json\/wp\/v2\/product"}],"about":[{"href":"https:\/\/www.burespro.com\/fr\/wp-json\/wp\/v2\/types\/product"}],"replies":[{"embeddable":true,"href":"https:\/\/www.burespro.com\/fr\/wp-json\/wp\/v2\/comments?post=10091"}],"wp:featuredmedia":[{"embeddable":true,"href":"https:\/\/www.burespro.com\/fr\/wp-json\/wp\/v2\/media\/1722"}],"wp:attachment":[{"href":"https:\/\/www.burespro.com\/fr\/wp-json\/wp\/v2\/media?parent=10091"}],"wp:term":[{"taxonomy":"product_brand","embeddable":true,"href":"https:\/\/www.burespro.com\/fr\/wp-json\/wp\/v2\/product_brand?post=10091"},{"taxonomy":"product_cat","embeddable":true,"href":"https:\/\/www.burespro.com\/fr\/wp-json\/wp\/v2\/product_cat?post=10091"},{"taxonomy":"product_tag","embeddable":true,"href":"https:\/\/www.burespro.com\/fr\/wp-json\/wp\/v2\/product_tag?post=10091"},{"taxonomy":"sectores","embeddable":true,"href":"https:\/\/www.burespro.com\/fr\/wp-json\/wp\/v2\/sectores?post=10091"}],"curies":[{"name":"wp","href":"https:\/\/api.w.org\/{rel}","templated":true}]}}