{"id":10087,"date":"2020-03-10T14:35:16","date_gmt":"2020-03-10T15:38:48","guid":{"rendered":"https:\/\/burespro.neorgvirtual.com\/product\/soluplant-23-5-15\/"},"modified":"2020-08-18T17:25:28","modified_gmt":"2020-08-18T15:25:28","slug":"soluplant-23-5-15","status":"publish","type":"product","link":"https:\/\/www.burespro.com\/fr\/product\/soluplant-23-5-15\/","title":{"rendered":"SOLUPLANT 23-5-15"},"content":{"rendered":"<p>SOLUPLANT est un engrais chimique sp\u00e9cial pour la fertigation. Ses compos\u00e9s permettent une dissolution de 100% du produit. Un pH l\u00e9g\u00e8rement acide emp\u00eache une s\u00e9questrure possible dans le syst\u00e8me d&rsquo;irrigation, sans avoir besoin d&rsquo;ajouter de l&rsquo;acide nitrique. Les nutriments sont fournis sous des formes compl\u00e8tement solubles et facilement assimilables \u00e0 la plante. Les micro\u00e9l\u00e9ments sont pr\u00e9sent\u00e9s sous forme ch\u00e9lat\u00e9e pour \u00e9viter la fixation sur le sol.<br \/>\nSOLUPLANT est la gamme la plus compl\u00e8te d&rsquo;engrais de Brescia Profesional, offrant un engrais par culture et son \u00e9tat.<\/p>\n<p>Distributeurs partout en Espagne.<\/p>\n","protected":false},"excerpt":{"rendered":"<p>SOLUPLANT est un engrais chimique sp\u00e9cial pour la fertigation. Ses compos\u00e9s permettent une dissolution de 100% du produit. Un pH l\u00e9g\u00e8rement acide emp\u00eache une s\u00e9questrure possible dans le syst\u00e8me d&rsquo;irrigation, sans avoir besoin d&rsquo;ajouter de l&rsquo;acide nitrique. Les nutriments sont fournis sous des formes compl\u00e8tement solubles et facilement assimilables \u00e0 la plante. Les micro\u00e9l\u00e9ments sont [&hellip;]<\/p>\n","protected":false},"featured_media":15332,"comment_status":"closed","ping_status":"closed","template":"","meta":{"_acf_changed":false,"inline_featured_image":false},"product_brand":[],"product_cat":[198],"product_tag":[],"sectores":[364,371,419,421,367],"class_list":{"0":"post-10087","1":"product","2":"type-product","3":"status-publish","4":"has-post-thumbnail","6":"product_cat-engrais-mineral","7":"sectores-pepiniere","8":"sectores-fructiculture-et-horticulture","9":"sectores-floriculture-fr","10":"sectores-viticulture-fr","11":"sectores-jardinage-professionnel-paysagisme","13":"first","14":"instock","15":"product-type-simple"},"acf":[],"yoast_head":"<!-- This site is optimized with the Yoast SEO plugin v26.7 - https:\/\/yoast.com\/wordpress\/plugins\/seo\/ -->\n<title>SOLUPLANT 23-5-15 | Bur\u00e9s Profesional<\/title>\n<meta name=\"robots\" content=\"index, follow, max-snippet:-1, max-image-preview:large, max-video-preview:-1\" \/>\n<link rel=\"canonical\" href=\"https:\/\/www.burespro.com\/fr\/product\/soluplant-23-5-15\/\" \/>\n<meta property=\"og:locale\" content=\"fr_FR\" \/>\n<meta property=\"og:type\" content=\"article\" \/>\n<meta property=\"og:title\" content=\"SOLUPLANT 23-5-15 | Bur\u00e9s Profesional\" \/>\n<meta property=\"og:description\" content=\"SOLUPLANT est un engrais chimique sp\u00e9cial pour la fertigation. Ses compos\u00e9s permettent une dissolution de 100% du produit. Un pH l\u00e9g\u00e8rement acide emp\u00eache une s\u00e9questrure possible dans le syst\u00e8me d&rsquo;irrigation, sans avoir besoin d&rsquo;ajouter de l&rsquo;acide nitrique. Les nutriments sont fournis sous des formes compl\u00e8tement solubles et facilement assimilables \u00e0 la plante. Les micro\u00e9l\u00e9ments sont [&hellip;]\" \/>\n<meta property=\"og:url\" content=\"https:\/\/www.burespro.com\/fr\/product\/soluplant-23-5-15\/\" \/>\n<meta property=\"og:site_name\" content=\"Bur\u00e9s Profesional\" \/>\n<meta property=\"article:publisher\" content=\"https:\/\/www.facebook.com\/buresprofesionalsa\" \/>\n<meta property=\"article:modified_time\" content=\"2020-08-18T15:25:28+00:00\" \/>\n<meta property=\"og:image\" content=\"https:\/\/www.burespro.com\/wp-content\/uploads\/2020\/03\/Soluplant.1200x670.png\" \/>\n\t<meta property=\"og:image:width\" content=\"1200\" \/>\n\t<meta property=\"og:image:height\" content=\"666\" \/>\n\t<meta property=\"og:image:type\" content=\"image\/png\" \/>\n<meta name=\"twitter:card\" content=\"summary_large_image\" \/>\n<meta name=\"twitter:label1\" content=\"Dur\u00e9e de lecture estim\u00e9e\" \/>\n\t<meta name=\"twitter:data1\" content=\"1 minute\" \/>\n<script type=\"application\/ld+json\" class=\"yoast-schema-graph\">{\"@context\":\"https:\/\/schema.org\",\"@graph\":[{\"@type\":\"WebPage\",\"@id\":\"https:\/\/www.burespro.com\/fr\/product\/soluplant-23-5-15\/\",\"url\":\"https:\/\/www.burespro.com\/fr\/product\/soluplant-23-5-15\/\",\"name\":\"SOLUPLANT 23-5-15 | Bur\u00e9s Profesional\",\"isPartOf\":{\"@id\":\"https:\/\/www.burespro.com\/#website\"},\"primaryImageOfPage\":{\"@id\":\"https:\/\/www.burespro.com\/fr\/product\/soluplant-23-5-15\/#primaryimage\"},\"image\":{\"@id\":\"https:\/\/www.burespro.com\/fr\/product\/soluplant-23-5-15\/#primaryimage\"},\"thumbnailUrl\":\"https:\/\/www.burespro.com\/wp-content\/uploads\/2020\/03\/Soluplant.1200x670.png\",\"datePublished\":\"2020-03-10T15:38:48+00:00\",\"dateModified\":\"2020-08-18T15:25:28+00:00\",\"breadcrumb\":{\"@id\":\"https:\/\/www.burespro.com\/fr\/product\/soluplant-23-5-15\/#breadcrumb\"},\"inLanguage\":\"fr-FR\",\"potentialAction\":[{\"@type\":\"ReadAction\",\"target\":[\"https:\/\/www.burespro.com\/fr\/product\/soluplant-23-5-15\/\"]}]},{\"@type\":\"ImageObject\",\"inLanguage\":\"fr-FR\",\"@id\":\"https:\/\/www.burespro.com\/fr\/product\/soluplant-23-5-15\/#primaryimage\",\"url\":\"https:\/\/www.burespro.com\/wp-content\/uploads\/2020\/03\/Soluplant.1200x670.png\",\"contentUrl\":\"https:\/\/www.burespro.com\/wp-content\/uploads\/2020\/03\/Soluplant.1200x670.png\",\"width\":1200,\"height\":666},{\"@type\":\"BreadcrumbList\",\"@id\":\"https:\/\/www.burespro.com\/fr\/product\/soluplant-23-5-15\/#breadcrumb\",\"itemListElement\":[{\"@type\":\"ListItem\",\"position\":1,\"name\":\"Inici\",\"item\":\"https:\/\/www.burespro.com\/fr\/\"},{\"@type\":\"ListItem\",\"position\":2,\"name\":\"Boutique\",\"item\":\"https:\/\/www.burespro.com\/fr\/substrats-engrais\/\"},{\"@type\":\"ListItem\",\"position\":3,\"name\":\"SOLUPLANT 23-5-15\"}]},{\"@type\":\"WebSite\",\"@id\":\"https:\/\/www.burespro.com\/#website\",\"url\":\"https:\/\/www.burespro.com\/\",\"name\":\"Bur\u00e9s Profesional\",\"description\":\"Fabricants de terres, substrats de cultiu, fertilitzants i adobs org\u00e0nics\",\"potentialAction\":[{\"@type\":\"SearchAction\",\"target\":{\"@type\":\"EntryPoint\",\"urlTemplate\":\"https:\/\/www.burespro.com\/?s={search_term_string}\"},\"query-input\":{\"@type\":\"PropertyValueSpecification\",\"valueRequired\":true,\"valueName\":\"search_term_string\"}}],\"inLanguage\":\"fr-FR\"}]}<\/script>\n<!-- \/ Yoast SEO plugin. -->","yoast_head_json":{"title":"SOLUPLANT 23-5-15 | Bur\u00e9s Profesional","robots":{"index":"index","follow":"follow","max-snippet":"max-snippet:-1","max-image-preview":"max-image-preview:large","max-video-preview":"max-video-preview:-1"},"canonical":"https:\/\/www.burespro.com\/fr\/product\/soluplant-23-5-15\/","og_locale":"fr_FR","og_type":"article","og_title":"SOLUPLANT 23-5-15 | Bur\u00e9s Profesional","og_description":"SOLUPLANT est un engrais chimique sp\u00e9cial pour la fertigation. Ses compos\u00e9s permettent une dissolution de 100% du produit. Un pH l\u00e9g\u00e8rement acide emp\u00eache une s\u00e9questrure possible dans le syst\u00e8me d&rsquo;irrigation, sans avoir besoin d&rsquo;ajouter de l&rsquo;acide nitrique. Les nutriments sont fournis sous des formes compl\u00e8tement solubles et facilement assimilables \u00e0 la plante. Les micro\u00e9l\u00e9ments sont [&hellip;]","og_url":"https:\/\/www.burespro.com\/fr\/product\/soluplant-23-5-15\/","og_site_name":"Bur\u00e9s Profesional","article_publisher":"https:\/\/www.facebook.com\/buresprofesionalsa","article_modified_time":"2020-08-18T15:25:28+00:00","og_image":[{"width":1200,"height":666,"url":"https:\/\/www.burespro.com\/wp-content\/uploads\/2020\/03\/Soluplant.1200x670.png","type":"image\/png"}],"twitter_card":"summary_large_image","twitter_misc":{"Dur\u00e9e de lecture estim\u00e9e":"1 minute"},"schema":{"@context":"https:\/\/schema.org","@graph":[{"@type":"WebPage","@id":"https:\/\/www.burespro.com\/fr\/product\/soluplant-23-5-15\/","url":"https:\/\/www.burespro.com\/fr\/product\/soluplant-23-5-15\/","name":"SOLUPLANT 23-5-15 | Bur\u00e9s Profesional","isPartOf":{"@id":"https:\/\/www.burespro.com\/#website"},"primaryImageOfPage":{"@id":"https:\/\/www.burespro.com\/fr\/product\/soluplant-23-5-15\/#primaryimage"},"image":{"@id":"https:\/\/www.burespro.com\/fr\/product\/soluplant-23-5-15\/#primaryimage"},"thumbnailUrl":"https:\/\/www.burespro.com\/wp-content\/uploads\/2020\/03\/Soluplant.1200x670.png","datePublished":"2020-03-10T15:38:48+00:00","dateModified":"2020-08-18T15:25:28+00:00","breadcrumb":{"@id":"https:\/\/www.burespro.com\/fr\/product\/soluplant-23-5-15\/#breadcrumb"},"inLanguage":"fr-FR","potentialAction":[{"@type":"ReadAction","target":["https:\/\/www.burespro.com\/fr\/product\/soluplant-23-5-15\/"]}]},{"@type":"ImageObject","inLanguage":"fr-FR","@id":"https:\/\/www.burespro.com\/fr\/product\/soluplant-23-5-15\/#primaryimage","url":"https:\/\/www.burespro.com\/wp-content\/uploads\/2020\/03\/Soluplant.1200x670.png","contentUrl":"https:\/\/www.burespro.com\/wp-content\/uploads\/2020\/03\/Soluplant.1200x670.png","width":1200,"height":666},{"@type":"BreadcrumbList","@id":"https:\/\/www.burespro.com\/fr\/product\/soluplant-23-5-15\/#breadcrumb","itemListElement":[{"@type":"ListItem","position":1,"name":"Inici","item":"https:\/\/www.burespro.com\/fr\/"},{"@type":"ListItem","position":2,"name":"Boutique","item":"https:\/\/www.burespro.com\/fr\/substrats-engrais\/"},{"@type":"ListItem","position":3,"name":"SOLUPLANT 23-5-15"}]},{"@type":"WebSite","@id":"https:\/\/www.burespro.com\/#website","url":"https:\/\/www.burespro.com\/","name":"Bur\u00e9s Profesional","description":"Fabricants de terres, substrats de cultiu, fertilitzants i adobs org\u00e0nics","potentialAction":[{"@type":"SearchAction","target":{"@type":"EntryPoint","urlTemplate":"https:\/\/www.burespro.com\/?s={search_term_string}"},"query-input":{"@type":"PropertyValueSpecification","valueRequired":true,"valueName":"search_term_string"}}],"inLanguage":"fr-FR"}]}},"_links":{"self":[{"href":"https:\/\/www.burespro.com\/fr\/wp-json\/wp\/v2\/product\/10087","targetHints":{"allow":["GET"]}}],"collection":[{"href":"https:\/\/www.burespro.com\/fr\/wp-json\/wp\/v2\/product"}],"about":[{"href":"https:\/\/www.burespro.com\/fr\/wp-json\/wp\/v2\/types\/product"}],"replies":[{"embeddable":true,"href":"https:\/\/www.burespro.com\/fr\/wp-json\/wp\/v2\/comments?post=10087"}],"wp:featuredmedia":[{"embeddable":true,"href":"https:\/\/www.burespro.com\/fr\/wp-json\/wp\/v2\/media\/15332"}],"wp:attachment":[{"href":"https:\/\/www.burespro.com\/fr\/wp-json\/wp\/v2\/media?parent=10087"}],"wp:term":[{"taxonomy":"product_brand","embeddable":true,"href":"https:\/\/www.burespro.com\/fr\/wp-json\/wp\/v2\/product_brand?post=10087"},{"taxonomy":"product_cat","embeddable":true,"href":"https:\/\/www.burespro.com\/fr\/wp-json\/wp\/v2\/product_cat?post=10087"},{"taxonomy":"product_tag","embeddable":true,"href":"https:\/\/www.burespro.com\/fr\/wp-json\/wp\/v2\/product_tag?post=10087"},{"taxonomy":"sectores","embeddable":true,"href":"https:\/\/www.burespro.com\/fr\/wp-json\/wp\/v2\/sectores?post=10087"}],"curies":[{"name":"wp","href":"https:\/\/api.w.org\/{rel}","templated":true}]}}