{"id":10056,"date":"2020-03-10T14:35:16","date_gmt":"2020-03-10T15:38:13","guid":{"rendered":"https:\/\/burespro.neorgvirtual.com\/product\/pouzzolane-rouge\/"},"modified":"2020-04-07T12:35:09","modified_gmt":"2020-04-07T10:35:09","slug":"pouzzolane-rouge","status":"publish","type":"product","link":"https:\/\/www.burespro.com\/fr\/product\/pouzzolane-rouge\/","title":{"rendered":"POUZZOLANE ROUGE"},"content":{"rendered":"<p>Roche volcanique soumise \u00e0 un processus de chauffage et de refroidissement soudains et broy\u00e9e en gravier. Il a un aspect vitrifi\u00e9, c&rsquo;est un mat\u00e9riau solide et insoluble.<\/p>\n<p>Son nom vient de la ville de \u00ab\u00a0Puzzuoli\u00a0\u00bb, au pied du V\u00e9suve, en Italie. Puzolana est le nom donn\u00e9 aux cendres et aux pierres volcaniques qui proviennent de cette population, mais actuellement sous ce nom une diversit\u00e9 de roches, de sables et de pierres volcaniques est connue.<\/p>\n","protected":false},"excerpt":{"rendered":"<p>Roche volcanique soumise \u00e0 un processus de chauffage et de refroidissement soudains et broy\u00e9e en gravier. Il a un aspect vitrifi\u00e9, c&rsquo;est un mat\u00e9riau solide et insoluble. Son nom vient de la ville de \u00ab\u00a0Puzzuoli\u00a0\u00bb, au pied du V\u00e9suve, en Italie. Puzolana est le nom donn\u00e9 aux cendres et aux pierres volcaniques qui proviennent de [&hellip;]<\/p>\n","protected":false},"featured_media":14758,"comment_status":"closed","ping_status":"closed","template":"","meta":{"_acf_changed":false,"inline_featured_image":false},"product_brand":[],"product_cat":[704,207],"product_tag":[671,506,531,528,558,561,567,564],"sectores":[364,367,372,368,369],"class_list":{"0":"post-10056","1":"product","2":"type-product","3":"status-publish","4":"has-post-thumbnail","6":"product_cat-agregats-et-pierres","7":"product_cat-decoration-pour-le-jardin","8":"product_tag-agregats","9":"product_tag-construction-de-jardin","10":"product_tag-decoratif-mineral","11":"product_tag-decoration-de-jardin","12":"product_tag-jardinage-de-gerone","13":"product_tag-jardinage-professionnel","14":"product_tag-materiel-de-jardinage","15":"product_tag-materiel-de-jardinage-girona","16":"sectores-pepiniere","17":"sectores-jardinage-professionnel-paysagisme","18":"sectores-genieux-publiques-et-civiles","19":"sectores-administrations-publiques","20":"sectores-centres-de-jardinerie","22":"first","23":"instock","24":"product-type-simple"},"acf":[],"yoast_head":"<!-- This site is optimized with the Yoast SEO plugin v26.7 - https:\/\/yoast.com\/wordpress\/plugins\/seo\/ -->\n<title>POUZZOLANE ROUGE | Bur\u00e9s Profesional<\/title>\n<meta name=\"robots\" content=\"index, follow, max-snippet:-1, max-image-preview:large, max-video-preview:-1\" \/>\n<link rel=\"canonical\" href=\"https:\/\/www.burespro.com\/fr\/product\/pouzzolane-rouge\/\" \/>\n<meta property=\"og:locale\" content=\"fr_FR\" \/>\n<meta property=\"og:type\" content=\"article\" \/>\n<meta property=\"og:title\" content=\"POUZZOLANE ROUGE | Bur\u00e9s Profesional\" \/>\n<meta property=\"og:description\" content=\"Roche volcanique soumise \u00e0 un processus de chauffage et de refroidissement soudains et broy\u00e9e en gravier. Il a un aspect vitrifi\u00e9, c&rsquo;est un mat\u00e9riau solide et insoluble. Son nom vient de la ville de \u00ab\u00a0Puzzuoli\u00a0\u00bb, au pied du V\u00e9suve, en Italie. Puzolana est le nom donn\u00e9 aux cendres et aux pierres volcaniques qui proviennent de [&hellip;]\" \/>\n<meta property=\"og:url\" content=\"https:\/\/www.burespro.com\/fr\/product\/pouzzolane-rouge\/\" \/>\n<meta property=\"og:site_name\" content=\"Bur\u00e9s Profesional\" \/>\n<meta property=\"article:publisher\" content=\"https:\/\/www.facebook.com\/buresprofesionalsa\" \/>\n<meta property=\"article:modified_time\" content=\"2020-04-07T10:35:09+00:00\" \/>\n<meta property=\"og:image\" content=\"https:\/\/www.burespro.com\/wp-content\/uploads\/2020\/03\/VOLCANICA-ROJA.jpg\" \/>\n\t<meta property=\"og:image:width\" content=\"700\" \/>\n\t<meta property=\"og:image:height\" content=\"700\" \/>\n\t<meta property=\"og:image:type\" content=\"image\/jpeg\" \/>\n<meta name=\"twitter:card\" content=\"summary_large_image\" \/>\n<script type=\"application\/ld+json\" class=\"yoast-schema-graph\">{\"@context\":\"https:\/\/schema.org\",\"@graph\":[{\"@type\":\"WebPage\",\"@id\":\"https:\/\/www.burespro.com\/fr\/product\/pouzzolane-rouge\/\",\"url\":\"https:\/\/www.burespro.com\/fr\/product\/pouzzolane-rouge\/\",\"name\":\"POUZZOLANE ROUGE | Bur\u00e9s Profesional\",\"isPartOf\":{\"@id\":\"https:\/\/www.burespro.com\/#website\"},\"primaryImageOfPage\":{\"@id\":\"https:\/\/www.burespro.com\/fr\/product\/pouzzolane-rouge\/#primaryimage\"},\"image\":{\"@id\":\"https:\/\/www.burespro.com\/fr\/product\/pouzzolane-rouge\/#primaryimage\"},\"thumbnailUrl\":\"https:\/\/www.burespro.com\/wp-content\/uploads\/2020\/03\/VOLCANICA-ROJA.jpg\",\"datePublished\":\"2020-03-10T15:38:13+00:00\",\"dateModified\":\"2020-04-07T10:35:09+00:00\",\"breadcrumb\":{\"@id\":\"https:\/\/www.burespro.com\/fr\/product\/pouzzolane-rouge\/#breadcrumb\"},\"inLanguage\":\"fr-FR\",\"potentialAction\":[{\"@type\":\"ReadAction\",\"target\":[\"https:\/\/www.burespro.com\/fr\/product\/pouzzolane-rouge\/\"]}]},{\"@type\":\"ImageObject\",\"inLanguage\":\"fr-FR\",\"@id\":\"https:\/\/www.burespro.com\/fr\/product\/pouzzolane-rouge\/#primaryimage\",\"url\":\"https:\/\/www.burespro.com\/wp-content\/uploads\/2020\/03\/VOLCANICA-ROJA.jpg\",\"contentUrl\":\"https:\/\/www.burespro.com\/wp-content\/uploads\/2020\/03\/VOLCANICA-ROJA.jpg\",\"width\":700,\"height\":700},{\"@type\":\"BreadcrumbList\",\"@id\":\"https:\/\/www.burespro.com\/fr\/product\/pouzzolane-rouge\/#breadcrumb\",\"itemListElement\":[{\"@type\":\"ListItem\",\"position\":1,\"name\":\"Inici\",\"item\":\"https:\/\/www.burespro.com\/fr\/\"},{\"@type\":\"ListItem\",\"position\":2,\"name\":\"Boutique\",\"item\":\"https:\/\/www.burespro.com\/fr\/substrats-engrais\/\"},{\"@type\":\"ListItem\",\"position\":3,\"name\":\"POUZZOLANE ROUGE\"}]},{\"@type\":\"WebSite\",\"@id\":\"https:\/\/www.burespro.com\/#website\",\"url\":\"https:\/\/www.burespro.com\/\",\"name\":\"Bur\u00e9s Profesional\",\"description\":\"Fabricants de terres, substrats de cultiu, fertilitzants i adobs org\u00e0nics\",\"potentialAction\":[{\"@type\":\"SearchAction\",\"target\":{\"@type\":\"EntryPoint\",\"urlTemplate\":\"https:\/\/www.burespro.com\/?s={search_term_string}\"},\"query-input\":{\"@type\":\"PropertyValueSpecification\",\"valueRequired\":true,\"valueName\":\"search_term_string\"}}],\"inLanguage\":\"fr-FR\"}]}<\/script>\n<!-- \/ Yoast SEO plugin. -->","yoast_head_json":{"title":"POUZZOLANE ROUGE | Bur\u00e9s Profesional","robots":{"index":"index","follow":"follow","max-snippet":"max-snippet:-1","max-image-preview":"max-image-preview:large","max-video-preview":"max-video-preview:-1"},"canonical":"https:\/\/www.burespro.com\/fr\/product\/pouzzolane-rouge\/","og_locale":"fr_FR","og_type":"article","og_title":"POUZZOLANE ROUGE | Bur\u00e9s Profesional","og_description":"Roche volcanique soumise \u00e0 un processus de chauffage et de refroidissement soudains et broy\u00e9e en gravier. Il a un aspect vitrifi\u00e9, c&rsquo;est un mat\u00e9riau solide et insoluble. Son nom vient de la ville de \u00ab\u00a0Puzzuoli\u00a0\u00bb, au pied du V\u00e9suve, en Italie. Puzolana est le nom donn\u00e9 aux cendres et aux pierres volcaniques qui proviennent de [&hellip;]","og_url":"https:\/\/www.burespro.com\/fr\/product\/pouzzolane-rouge\/","og_site_name":"Bur\u00e9s Profesional","article_publisher":"https:\/\/www.facebook.com\/buresprofesionalsa","article_modified_time":"2020-04-07T10:35:09+00:00","og_image":[{"width":700,"height":700,"url":"https:\/\/www.burespro.com\/wp-content\/uploads\/2020\/03\/VOLCANICA-ROJA.jpg","type":"image\/jpeg"}],"twitter_card":"summary_large_image","schema":{"@context":"https:\/\/schema.org","@graph":[{"@type":"WebPage","@id":"https:\/\/www.burespro.com\/fr\/product\/pouzzolane-rouge\/","url":"https:\/\/www.burespro.com\/fr\/product\/pouzzolane-rouge\/","name":"POUZZOLANE ROUGE | Bur\u00e9s Profesional","isPartOf":{"@id":"https:\/\/www.burespro.com\/#website"},"primaryImageOfPage":{"@id":"https:\/\/www.burespro.com\/fr\/product\/pouzzolane-rouge\/#primaryimage"},"image":{"@id":"https:\/\/www.burespro.com\/fr\/product\/pouzzolane-rouge\/#primaryimage"},"thumbnailUrl":"https:\/\/www.burespro.com\/wp-content\/uploads\/2020\/03\/VOLCANICA-ROJA.jpg","datePublished":"2020-03-10T15:38:13+00:00","dateModified":"2020-04-07T10:35:09+00:00","breadcrumb":{"@id":"https:\/\/www.burespro.com\/fr\/product\/pouzzolane-rouge\/#breadcrumb"},"inLanguage":"fr-FR","potentialAction":[{"@type":"ReadAction","target":["https:\/\/www.burespro.com\/fr\/product\/pouzzolane-rouge\/"]}]},{"@type":"ImageObject","inLanguage":"fr-FR","@id":"https:\/\/www.burespro.com\/fr\/product\/pouzzolane-rouge\/#primaryimage","url":"https:\/\/www.burespro.com\/wp-content\/uploads\/2020\/03\/VOLCANICA-ROJA.jpg","contentUrl":"https:\/\/www.burespro.com\/wp-content\/uploads\/2020\/03\/VOLCANICA-ROJA.jpg","width":700,"height":700},{"@type":"BreadcrumbList","@id":"https:\/\/www.burespro.com\/fr\/product\/pouzzolane-rouge\/#breadcrumb","itemListElement":[{"@type":"ListItem","position":1,"name":"Inici","item":"https:\/\/www.burespro.com\/fr\/"},{"@type":"ListItem","position":2,"name":"Boutique","item":"https:\/\/www.burespro.com\/fr\/substrats-engrais\/"},{"@type":"ListItem","position":3,"name":"POUZZOLANE ROUGE"}]},{"@type":"WebSite","@id":"https:\/\/www.burespro.com\/#website","url":"https:\/\/www.burespro.com\/","name":"Bur\u00e9s Profesional","description":"Fabricants de terres, substrats de cultiu, fertilitzants i adobs org\u00e0nics","potentialAction":[{"@type":"SearchAction","target":{"@type":"EntryPoint","urlTemplate":"https:\/\/www.burespro.com\/?s={search_term_string}"},"query-input":{"@type":"PropertyValueSpecification","valueRequired":true,"valueName":"search_term_string"}}],"inLanguage":"fr-FR"}]}},"_links":{"self":[{"href":"https:\/\/www.burespro.com\/fr\/wp-json\/wp\/v2\/product\/10056","targetHints":{"allow":["GET"]}}],"collection":[{"href":"https:\/\/www.burespro.com\/fr\/wp-json\/wp\/v2\/product"}],"about":[{"href":"https:\/\/www.burespro.com\/fr\/wp-json\/wp\/v2\/types\/product"}],"replies":[{"embeddable":true,"href":"https:\/\/www.burespro.com\/fr\/wp-json\/wp\/v2\/comments?post=10056"}],"wp:featuredmedia":[{"embeddable":true,"href":"https:\/\/www.burespro.com\/fr\/wp-json\/wp\/v2\/media\/14758"}],"wp:attachment":[{"href":"https:\/\/www.burespro.com\/fr\/wp-json\/wp\/v2\/media?parent=10056"}],"wp:term":[{"taxonomy":"product_brand","embeddable":true,"href":"https:\/\/www.burespro.com\/fr\/wp-json\/wp\/v2\/product_brand?post=10056"},{"taxonomy":"product_cat","embeddable":true,"href":"https:\/\/www.burespro.com\/fr\/wp-json\/wp\/v2\/product_cat?post=10056"},{"taxonomy":"product_tag","embeddable":true,"href":"https:\/\/www.burespro.com\/fr\/wp-json\/wp\/v2\/product_tag?post=10056"},{"taxonomy":"sectores","embeddable":true,"href":"https:\/\/www.burespro.com\/fr\/wp-json\/wp\/v2\/sectores?post=10056"}],"curies":[{"name":"wp","href":"https:\/\/api.w.org\/{rel}","templated":true}]}}