{"id":10055,"date":"2020-03-10T14:35:16","date_gmt":"2020-03-10T15:38:13","guid":{"rendered":"https:\/\/burespro.neorgvirtual.com\/product\/pouzzolane-noir\/"},"modified":"2020-04-02T11:27:21","modified_gmt":"2020-04-02T09:27:21","slug":"pouzzolane-noir","status":"publish","type":"product","link":"https:\/\/www.burespro.com\/fr\/product\/pouzzolane-noir\/","title":{"rendered":"POUZZOLANE VOLCANIQUE NOIR"},"content":{"rendered":"<p>La roche volcanique est soumise \u00e0 un processus de chauffage puis de refroidissement brutal et broy\u00e9e pour obtenir du gravier. Il a un aspect vitrifi\u00e9, c&rsquo;est un mat\u00e9riau solide et insoluble.<br \/>\nLe nom vient de la population des \u00ab\u00a0Puzzuoli\u00a0\u00bb, au pied du V\u00e9suve, en Italie. Putzolana est le nom donn\u00e9 aux cendres et aux pierres volcaniques qui proviennent de cette ville, mais aujourd&rsquo;hui une vari\u00e9t\u00e9 de roches, de sables et de roches volcaniques sont connues sous ce nom.<\/p>\n","protected":false},"excerpt":{"rendered":"<p>La roche volcanique est soumise \u00e0 un processus de chauffage puis de refroidissement brutal et broy\u00e9e pour obtenir du gravier. Il a un aspect vitrifi\u00e9, c&rsquo;est un mat\u00e9riau solide et insoluble. Le nom vient de la population des \u00ab\u00a0Puzzuoli\u00a0\u00bb, au pied du V\u00e9suve, en Italie. Putzolana est le nom donn\u00e9 aux cendres et aux pierres [&hellip;]<\/p>\n","protected":false},"featured_media":14707,"comment_status":"closed","ping_status":"closed","template":"","meta":{"_acf_changed":false,"inline_featured_image":false},"product_brand":[],"product_cat":[704,207],"product_tag":[671,506,531,528,558,561,567,564],"sectores":[367,372,368],"class_list":{"0":"post-10055","1":"product","2":"type-product","3":"status-publish","4":"has-post-thumbnail","6":"product_cat-agregats-et-pierres","7":"product_cat-decoration-pour-le-jardin","8":"product_tag-agregats","9":"product_tag-construction-de-jardin","10":"product_tag-decoratif-mineral","11":"product_tag-decoration-de-jardin","12":"product_tag-jardinage-de-gerone","13":"product_tag-jardinage-professionnel","14":"product_tag-materiel-de-jardinage","15":"product_tag-materiel-de-jardinage-girona","16":"sectores-jardinage-professionnel-paysagisme","17":"sectores-genieux-publiques-et-civiles","18":"sectores-administrations-publiques","20":"first","21":"instock","22":"product-type-simple"},"acf":[],"yoast_head":"<!-- This site is optimized with the Yoast SEO plugin v26.7 - https:\/\/yoast.com\/wordpress\/plugins\/seo\/ -->\n<title>POUZZOLANE VOLCANIQUE NOIR | Bur\u00e9s Profesional<\/title>\n<meta name=\"robots\" content=\"index, follow, max-snippet:-1, max-image-preview:large, max-video-preview:-1\" \/>\n<link rel=\"canonical\" href=\"https:\/\/www.burespro.com\/fr\/product\/pouzzolane-noir\/\" \/>\n<meta property=\"og:locale\" content=\"fr_FR\" \/>\n<meta property=\"og:type\" content=\"article\" \/>\n<meta property=\"og:title\" content=\"POUZZOLANE VOLCANIQUE NOIR | Bur\u00e9s Profesional\" \/>\n<meta property=\"og:description\" content=\"La roche volcanique est soumise \u00e0 un processus de chauffage puis de refroidissement brutal et broy\u00e9e pour obtenir du gravier. Il a un aspect vitrifi\u00e9, c&rsquo;est un mat\u00e9riau solide et insoluble. Le nom vient de la population des \u00ab\u00a0Puzzuoli\u00a0\u00bb, au pied du V\u00e9suve, en Italie. Putzolana est le nom donn\u00e9 aux cendres et aux pierres [&hellip;]\" \/>\n<meta property=\"og:url\" content=\"https:\/\/www.burespro.com\/fr\/product\/pouzzolane-noir\/\" \/>\n<meta property=\"og:site_name\" content=\"Bur\u00e9s Profesional\" \/>\n<meta property=\"article:publisher\" content=\"https:\/\/www.facebook.com\/buresprofesionalsa\" \/>\n<meta property=\"article:modified_time\" content=\"2020-04-02T09:27:21+00:00\" \/>\n<meta property=\"og:image\" content=\"https:\/\/www.burespro.com\/wp-content\/uploads\/2020\/03\/PUZOLANA-VOLC\u00c1NICA-NEGRA-10-25.jpg\" \/>\n\t<meta property=\"og:image:width\" content=\"2560\" \/>\n\t<meta property=\"og:image:height\" content=\"1440\" \/>\n\t<meta property=\"og:image:type\" content=\"image\/jpeg\" \/>\n<meta name=\"twitter:card\" content=\"summary_large_image\" \/>\n<script type=\"application\/ld+json\" class=\"yoast-schema-graph\">{\"@context\":\"https:\/\/schema.org\",\"@graph\":[{\"@type\":\"WebPage\",\"@id\":\"https:\/\/www.burespro.com\/fr\/product\/pouzzolane-noir\/\",\"url\":\"https:\/\/www.burespro.com\/fr\/product\/pouzzolane-noir\/\",\"name\":\"POUZZOLANE VOLCANIQUE NOIR | Bur\u00e9s Profesional\",\"isPartOf\":{\"@id\":\"https:\/\/www.burespro.com\/#website\"},\"primaryImageOfPage\":{\"@id\":\"https:\/\/www.burespro.com\/fr\/product\/pouzzolane-noir\/#primaryimage\"},\"image\":{\"@id\":\"https:\/\/www.burespro.com\/fr\/product\/pouzzolane-noir\/#primaryimage\"},\"thumbnailUrl\":\"https:\/\/www.burespro.com\/wp-content\/uploads\/2020\/03\/PUZOLANA-VOLC\u00c1NICA-NEGRA-10-25.jpg\",\"datePublished\":\"2020-03-10T15:38:13+00:00\",\"dateModified\":\"2020-04-02T09:27:21+00:00\",\"breadcrumb\":{\"@id\":\"https:\/\/www.burespro.com\/fr\/product\/pouzzolane-noir\/#breadcrumb\"},\"inLanguage\":\"fr-FR\",\"potentialAction\":[{\"@type\":\"ReadAction\",\"target\":[\"https:\/\/www.burespro.com\/fr\/product\/pouzzolane-noir\/\"]}]},{\"@type\":\"ImageObject\",\"inLanguage\":\"fr-FR\",\"@id\":\"https:\/\/www.burespro.com\/fr\/product\/pouzzolane-noir\/#primaryimage\",\"url\":\"https:\/\/www.burespro.com\/wp-content\/uploads\/2020\/03\/PUZOLANA-VOLC\u00c1NICA-NEGRA-10-25.jpg\",\"contentUrl\":\"https:\/\/www.burespro.com\/wp-content\/uploads\/2020\/03\/PUZOLANA-VOLC\u00c1NICA-NEGRA-10-25.jpg\",\"width\":2560,\"height\":1440},{\"@type\":\"BreadcrumbList\",\"@id\":\"https:\/\/www.burespro.com\/fr\/product\/pouzzolane-noir\/#breadcrumb\",\"itemListElement\":[{\"@type\":\"ListItem\",\"position\":1,\"name\":\"Inici\",\"item\":\"https:\/\/www.burespro.com\/fr\/\"},{\"@type\":\"ListItem\",\"position\":2,\"name\":\"Boutique\",\"item\":\"https:\/\/www.burespro.com\/fr\/substrats-engrais\/\"},{\"@type\":\"ListItem\",\"position\":3,\"name\":\"POUZZOLANE VOLCANIQUE NOIR\"}]},{\"@type\":\"WebSite\",\"@id\":\"https:\/\/www.burespro.com\/#website\",\"url\":\"https:\/\/www.burespro.com\/\",\"name\":\"Bur\u00e9s Profesional\",\"description\":\"Fabricants de terres, substrats de cultiu, fertilitzants i adobs org\u00e0nics\",\"potentialAction\":[{\"@type\":\"SearchAction\",\"target\":{\"@type\":\"EntryPoint\",\"urlTemplate\":\"https:\/\/www.burespro.com\/?s={search_term_string}\"},\"query-input\":{\"@type\":\"PropertyValueSpecification\",\"valueRequired\":true,\"valueName\":\"search_term_string\"}}],\"inLanguage\":\"fr-FR\"}]}<\/script>\n<!-- \/ Yoast SEO plugin. -->","yoast_head_json":{"title":"POUZZOLANE VOLCANIQUE NOIR | Bur\u00e9s Profesional","robots":{"index":"index","follow":"follow","max-snippet":"max-snippet:-1","max-image-preview":"max-image-preview:large","max-video-preview":"max-video-preview:-1"},"canonical":"https:\/\/www.burespro.com\/fr\/product\/pouzzolane-noir\/","og_locale":"fr_FR","og_type":"article","og_title":"POUZZOLANE VOLCANIQUE NOIR | Bur\u00e9s Profesional","og_description":"La roche volcanique est soumise \u00e0 un processus de chauffage puis de refroidissement brutal et broy\u00e9e pour obtenir du gravier. Il a un aspect vitrifi\u00e9, c&rsquo;est un mat\u00e9riau solide et insoluble. Le nom vient de la population des \u00ab\u00a0Puzzuoli\u00a0\u00bb, au pied du V\u00e9suve, en Italie. Putzolana est le nom donn\u00e9 aux cendres et aux pierres [&hellip;]","og_url":"https:\/\/www.burespro.com\/fr\/product\/pouzzolane-noir\/","og_site_name":"Bur\u00e9s Profesional","article_publisher":"https:\/\/www.facebook.com\/buresprofesionalsa","article_modified_time":"2020-04-02T09:27:21+00:00","og_image":[{"width":2560,"height":1440,"url":"https:\/\/www.burespro.com\/wp-content\/uploads\/2020\/03\/PUZOLANA-VOLC\u00c1NICA-NEGRA-10-25.jpg","type":"image\/jpeg"}],"twitter_card":"summary_large_image","schema":{"@context":"https:\/\/schema.org","@graph":[{"@type":"WebPage","@id":"https:\/\/www.burespro.com\/fr\/product\/pouzzolane-noir\/","url":"https:\/\/www.burespro.com\/fr\/product\/pouzzolane-noir\/","name":"POUZZOLANE VOLCANIQUE NOIR | Bur\u00e9s Profesional","isPartOf":{"@id":"https:\/\/www.burespro.com\/#website"},"primaryImageOfPage":{"@id":"https:\/\/www.burespro.com\/fr\/product\/pouzzolane-noir\/#primaryimage"},"image":{"@id":"https:\/\/www.burespro.com\/fr\/product\/pouzzolane-noir\/#primaryimage"},"thumbnailUrl":"https:\/\/www.burespro.com\/wp-content\/uploads\/2020\/03\/PUZOLANA-VOLC\u00c1NICA-NEGRA-10-25.jpg","datePublished":"2020-03-10T15:38:13+00:00","dateModified":"2020-04-02T09:27:21+00:00","breadcrumb":{"@id":"https:\/\/www.burespro.com\/fr\/product\/pouzzolane-noir\/#breadcrumb"},"inLanguage":"fr-FR","potentialAction":[{"@type":"ReadAction","target":["https:\/\/www.burespro.com\/fr\/product\/pouzzolane-noir\/"]}]},{"@type":"ImageObject","inLanguage":"fr-FR","@id":"https:\/\/www.burespro.com\/fr\/product\/pouzzolane-noir\/#primaryimage","url":"https:\/\/www.burespro.com\/wp-content\/uploads\/2020\/03\/PUZOLANA-VOLC\u00c1NICA-NEGRA-10-25.jpg","contentUrl":"https:\/\/www.burespro.com\/wp-content\/uploads\/2020\/03\/PUZOLANA-VOLC\u00c1NICA-NEGRA-10-25.jpg","width":2560,"height":1440},{"@type":"BreadcrumbList","@id":"https:\/\/www.burespro.com\/fr\/product\/pouzzolane-noir\/#breadcrumb","itemListElement":[{"@type":"ListItem","position":1,"name":"Inici","item":"https:\/\/www.burespro.com\/fr\/"},{"@type":"ListItem","position":2,"name":"Boutique","item":"https:\/\/www.burespro.com\/fr\/substrats-engrais\/"},{"@type":"ListItem","position":3,"name":"POUZZOLANE VOLCANIQUE NOIR"}]},{"@type":"WebSite","@id":"https:\/\/www.burespro.com\/#website","url":"https:\/\/www.burespro.com\/","name":"Bur\u00e9s Profesional","description":"Fabricants de terres, substrats de cultiu, fertilitzants i adobs org\u00e0nics","potentialAction":[{"@type":"SearchAction","target":{"@type":"EntryPoint","urlTemplate":"https:\/\/www.burespro.com\/?s={search_term_string}"},"query-input":{"@type":"PropertyValueSpecification","valueRequired":true,"valueName":"search_term_string"}}],"inLanguage":"fr-FR"}]}},"_links":{"self":[{"href":"https:\/\/www.burespro.com\/fr\/wp-json\/wp\/v2\/product\/10055","targetHints":{"allow":["GET"]}}],"collection":[{"href":"https:\/\/www.burespro.com\/fr\/wp-json\/wp\/v2\/product"}],"about":[{"href":"https:\/\/www.burespro.com\/fr\/wp-json\/wp\/v2\/types\/product"}],"replies":[{"embeddable":true,"href":"https:\/\/www.burespro.com\/fr\/wp-json\/wp\/v2\/comments?post=10055"}],"wp:featuredmedia":[{"embeddable":true,"href":"https:\/\/www.burespro.com\/fr\/wp-json\/wp\/v2\/media\/14707"}],"wp:attachment":[{"href":"https:\/\/www.burespro.com\/fr\/wp-json\/wp\/v2\/media?parent=10055"}],"wp:term":[{"taxonomy":"product_brand","embeddable":true,"href":"https:\/\/www.burespro.com\/fr\/wp-json\/wp\/v2\/product_brand?post=10055"},{"taxonomy":"product_cat","embeddable":true,"href":"https:\/\/www.burespro.com\/fr\/wp-json\/wp\/v2\/product_cat?post=10055"},{"taxonomy":"product_tag","embeddable":true,"href":"https:\/\/www.burespro.com\/fr\/wp-json\/wp\/v2\/product_tag?post=10055"},{"taxonomy":"sectores","embeddable":true,"href":"https:\/\/www.burespro.com\/fr\/wp-json\/wp\/v2\/sectores?post=10055"}],"curies":[{"name":"wp","href":"https:\/\/api.w.org\/{rel}","templated":true}]}}