{"id":10048,"date":"2020-03-10T14:35:16","date_gmt":"2020-03-10T15:38:13","guid":{"rendered":"https:\/\/burespro.neorgvirtual.com\/product\/prodeasa-tc-2\/"},"modified":"2020-03-11T11:57:25","modified_gmt":"2020-03-11T11:57:25","slug":"prodeasa-tc-2","status":"publish","type":"product","link":"https:\/\/www.burespro.com\/fr\/product\/prodeasa-tc-2\/","title":{"rendered":"PRODEASA TC-2"},"content":{"rendered":"<p>Les substrats PRODEASA sont fabriqu\u00e9s \u00e0 partir de mati\u00e8res premi\u00e8res de haute qualit\u00e9 qui, m\u00e9lang\u00e9es avec pr\u00e9cision, garantissent l&rsquo;efficacit\u00e9 du substrat, avec un drainage et une ventilation ad\u00e9quate aux besoins de chaque culture. Chacun des substrats a une composition diff\u00e9rente et un abonn\u00e9 personnalis\u00e9. <br \/>\nTous les substrats sont commercialis\u00e9s avec le pH corrig\u00e9 (5,5-6,5), et avec un engrais de base (NPK) pour le d\u00e9but de la culture. <br \/>\nParmi les substrats PRODEASA, il existe quatre grandes lignes diff\u00e9renci\u00e9es en termes de type de mat\u00e9riau et de ses propri\u00e9t\u00e9s. <\/p>\n<p>STC LINE <br \/>\n<strong> Avec un effet d&rsquo;enracinement rapide. <\/strong> <br \/>\nSubstrats en fibre de coco longue et tourbe blonde de Sphagnum pour am\u00e9liorer l&rsquo;enracinement des cultures. <br \/>\nDans cette ligne de substrats peuvent \u00eatre combin\u00e9s: tourbe blonde calibr\u00e9e ou non calibr\u00e9e et fibre de coco. <\/p>\n<p>PRODEASA TC-2 <br \/>\nLe substrat TC-2 est compos\u00e9 de tourbe calibr\u00e9e, de noix de coco et de noix de coco superfine. C&rsquo;est un substrat haute performance qui permet une production maximale des plantes. Ses propri\u00e9t\u00e9s lui permettent de maintenir une capacit\u00e9 d&rsquo;a\u00e9ration et de drainage constante tout au long de la culture. <\/p>\n<p>CARACT\u00c9RISTIQUES <br \/>\nLe substrat compos\u00e9 de tourbe et de 2 vari\u00e9t\u00e9s de fibre de coco permet \u00e0 la plante de germer pr\u00e9matur\u00e9ment, ce qui se traduit par une croissance plus importante et des racines plus fortes. <br \/>\nLe substrat TC-2 a un abonn\u00e9 de base 15-7-15S + 3MgO pour les premi\u00e8res semaines de culture. Si la culture est \u00e0 cycle moyen ou long, il est recommand\u00e9 d&rsquo;ajouter un engrais \u00e0 lib\u00e9ration contr\u00f4l\u00e9e FertiCote. <\/p>\n<p>APPLICATION <br \/>\nTC-2 est recommand\u00e9 pour les cultures en ext\u00e9rieur avec irrigation contr\u00f4l\u00e9e ou en serre. Il est conseill\u00e9 dans les cultures v\u00e9g\u00e9tales saisonni\u00e8res et aromatiques. <BR><\/p>\n","protected":false},"excerpt":{"rendered":"<p>Les substrats PRODEASA sont fabriqu\u00e9s \u00e0 partir de mati\u00e8res premi\u00e8res de haute qualit\u00e9 qui, m\u00e9lang\u00e9es avec pr\u00e9cision, garantissent l&rsquo;efficacit\u00e9 du substrat, avec un drainage et une ventilation ad\u00e9quate aux besoins de chaque culture. Chacun des substrats a une composition diff\u00e9rente et un abonn\u00e9 personnalis\u00e9. Tous les substrats sont commercialis\u00e9s avec le pH corrig\u00e9 (5,5-6,5), et [&hellip;]<\/p>\n","protected":false},"featured_media":1634,"comment_status":"closed","ping_status":"closed","template":"","meta":{"_acf_changed":false,"inline_featured_image":false},"product_brand":[],"product_cat":[426,219],"product_tag":[452,506,558,561,567,564,591,597,606,609],"sectores":[364,419,367],"class_list":{"0":"post-10048","1":"product","2":"type-product","3":"status-publish","4":"has-post-thumbnail","6":"product_cat-substrats-prodeasa-fr","7":"product_cat-terreaux-pour-la-culture","8":"product_tag-bures-profesional-fr","9":"product_tag-construction-de-jardin","10":"product_tag-jardinage-de-gerone","11":"product_tag-jardinage-professionnel","12":"product_tag-materiel-de-jardinage","13":"product_tag-materiel-de-jardinage-girona","14":"product_tag-substrats-de-gerone","15":"product_tag-substrats-de-jardinage","16":"product_tag-substrats-en-croissance","17":"product_tag-supports-professionnels","18":"sectores-pepiniere","19":"sectores-floriculture-fr","20":"sectores-jardinage-professionnel-paysagisme","22":"first","23":"instock","24":"product-type-simple"},"acf":[],"yoast_head":"<!-- This site is optimized with the Yoast SEO plugin v26.7 - https:\/\/yoast.com\/wordpress\/plugins\/seo\/ -->\n<title>PRODEASA TC-2 | Bur\u00e9s Profesional<\/title>\n<meta name=\"robots\" content=\"index, follow, max-snippet:-1, max-image-preview:large, max-video-preview:-1\" \/>\n<link rel=\"canonical\" href=\"https:\/\/www.burespro.com\/fr\/product\/prodeasa-tc-2\/\" \/>\n<meta property=\"og:locale\" content=\"fr_FR\" \/>\n<meta property=\"og:type\" content=\"article\" \/>\n<meta property=\"og:title\" content=\"PRODEASA TC-2 | Bur\u00e9s Profesional\" \/>\n<meta property=\"og:description\" content=\"Les substrats PRODEASA sont fabriqu\u00e9s \u00e0 partir de mati\u00e8res premi\u00e8res de haute qualit\u00e9 qui, m\u00e9lang\u00e9es avec pr\u00e9cision, garantissent l&rsquo;efficacit\u00e9 du substrat, avec un drainage et une ventilation ad\u00e9quate aux besoins de chaque culture. Chacun des substrats a une composition diff\u00e9rente et un abonn\u00e9 personnalis\u00e9. Tous les substrats sont commercialis\u00e9s avec le pH corrig\u00e9 (5,5-6,5), et [&hellip;]\" \/>\n<meta property=\"og:url\" content=\"https:\/\/www.burespro.com\/fr\/product\/prodeasa-tc-2\/\" \/>\n<meta property=\"og:site_name\" content=\"Bur\u00e9s Profesional\" \/>\n<meta property=\"article:publisher\" content=\"https:\/\/www.facebook.com\/buresprofesionalsa\" \/>\n<meta property=\"article:modified_time\" content=\"2020-03-11T11:57:25+00:00\" \/>\n<meta property=\"og:image\" content=\"https:\/\/www.burespro.com\/wp-content\/uploads\/2020\/01\/306_medium.jpg\" \/>\n\t<meta property=\"og:image:width\" content=\"800\" \/>\n\t<meta property=\"og:image:height\" content=\"600\" \/>\n\t<meta property=\"og:image:type\" content=\"image\/jpeg\" \/>\n<meta name=\"twitter:card\" content=\"summary_large_image\" \/>\n<meta name=\"twitter:label1\" content=\"Dur\u00e9e de lecture estim\u00e9e\" \/>\n\t<meta name=\"twitter:data1\" content=\"2 minutes\" \/>\n<script type=\"application\/ld+json\" class=\"yoast-schema-graph\">{\"@context\":\"https:\/\/schema.org\",\"@graph\":[{\"@type\":\"WebPage\",\"@id\":\"https:\/\/www.burespro.com\/fr\/product\/prodeasa-tc-2\/\",\"url\":\"https:\/\/www.burespro.com\/fr\/product\/prodeasa-tc-2\/\",\"name\":\"PRODEASA TC-2 | Bur\u00e9s Profesional\",\"isPartOf\":{\"@id\":\"https:\/\/www.burespro.com\/#website\"},\"primaryImageOfPage\":{\"@id\":\"https:\/\/www.burespro.com\/fr\/product\/prodeasa-tc-2\/#primaryimage\"},\"image\":{\"@id\":\"https:\/\/www.burespro.com\/fr\/product\/prodeasa-tc-2\/#primaryimage\"},\"thumbnailUrl\":\"https:\/\/www.burespro.com\/wp-content\/uploads\/2020\/01\/306_medium.jpg\",\"datePublished\":\"2020-03-10T15:38:13+00:00\",\"dateModified\":\"2020-03-11T11:57:25+00:00\",\"breadcrumb\":{\"@id\":\"https:\/\/www.burespro.com\/fr\/product\/prodeasa-tc-2\/#breadcrumb\"},\"inLanguage\":\"fr-FR\",\"potentialAction\":[{\"@type\":\"ReadAction\",\"target\":[\"https:\/\/www.burespro.com\/fr\/product\/prodeasa-tc-2\/\"]}]},{\"@type\":\"ImageObject\",\"inLanguage\":\"fr-FR\",\"@id\":\"https:\/\/www.burespro.com\/fr\/product\/prodeasa-tc-2\/#primaryimage\",\"url\":\"https:\/\/www.burespro.com\/wp-content\/uploads\/2020\/01\/306_medium.jpg\",\"contentUrl\":\"https:\/\/www.burespro.com\/wp-content\/uploads\/2020\/01\/306_medium.jpg\",\"width\":800,\"height\":600},{\"@type\":\"BreadcrumbList\",\"@id\":\"https:\/\/www.burespro.com\/fr\/product\/prodeasa-tc-2\/#breadcrumb\",\"itemListElement\":[{\"@type\":\"ListItem\",\"position\":1,\"name\":\"Inici\",\"item\":\"https:\/\/www.burespro.com\/fr\/\"},{\"@type\":\"ListItem\",\"position\":2,\"name\":\"Boutique\",\"item\":\"https:\/\/www.burespro.com\/fr\/substrats-engrais\/\"},{\"@type\":\"ListItem\",\"position\":3,\"name\":\"PRODEASA TC-2\"}]},{\"@type\":\"WebSite\",\"@id\":\"https:\/\/www.burespro.com\/#website\",\"url\":\"https:\/\/www.burespro.com\/\",\"name\":\"Bur\u00e9s Profesional\",\"description\":\"Fabricants de terres, substrats de cultiu, fertilitzants i adobs org\u00e0nics\",\"potentialAction\":[{\"@type\":\"SearchAction\",\"target\":{\"@type\":\"EntryPoint\",\"urlTemplate\":\"https:\/\/www.burespro.com\/?s={search_term_string}\"},\"query-input\":{\"@type\":\"PropertyValueSpecification\",\"valueRequired\":true,\"valueName\":\"search_term_string\"}}],\"inLanguage\":\"fr-FR\"}]}<\/script>\n<!-- \/ Yoast SEO plugin. -->","yoast_head_json":{"title":"PRODEASA TC-2 | Bur\u00e9s Profesional","robots":{"index":"index","follow":"follow","max-snippet":"max-snippet:-1","max-image-preview":"max-image-preview:large","max-video-preview":"max-video-preview:-1"},"canonical":"https:\/\/www.burespro.com\/fr\/product\/prodeasa-tc-2\/","og_locale":"fr_FR","og_type":"article","og_title":"PRODEASA TC-2 | Bur\u00e9s Profesional","og_description":"Les substrats PRODEASA sont fabriqu\u00e9s \u00e0 partir de mati\u00e8res premi\u00e8res de haute qualit\u00e9 qui, m\u00e9lang\u00e9es avec pr\u00e9cision, garantissent l&rsquo;efficacit\u00e9 du substrat, avec un drainage et une ventilation ad\u00e9quate aux besoins de chaque culture. Chacun des substrats a une composition diff\u00e9rente et un abonn\u00e9 personnalis\u00e9. Tous les substrats sont commercialis\u00e9s avec le pH corrig\u00e9 (5,5-6,5), et [&hellip;]","og_url":"https:\/\/www.burespro.com\/fr\/product\/prodeasa-tc-2\/","og_site_name":"Bur\u00e9s Profesional","article_publisher":"https:\/\/www.facebook.com\/buresprofesionalsa","article_modified_time":"2020-03-11T11:57:25+00:00","og_image":[{"width":800,"height":600,"url":"https:\/\/www.burespro.com\/wp-content\/uploads\/2020\/01\/306_medium.jpg","type":"image\/jpeg"}],"twitter_card":"summary_large_image","twitter_misc":{"Dur\u00e9e de lecture estim\u00e9e":"2 minutes"},"schema":{"@context":"https:\/\/schema.org","@graph":[{"@type":"WebPage","@id":"https:\/\/www.burespro.com\/fr\/product\/prodeasa-tc-2\/","url":"https:\/\/www.burespro.com\/fr\/product\/prodeasa-tc-2\/","name":"PRODEASA TC-2 | Bur\u00e9s Profesional","isPartOf":{"@id":"https:\/\/www.burespro.com\/#website"},"primaryImageOfPage":{"@id":"https:\/\/www.burespro.com\/fr\/product\/prodeasa-tc-2\/#primaryimage"},"image":{"@id":"https:\/\/www.burespro.com\/fr\/product\/prodeasa-tc-2\/#primaryimage"},"thumbnailUrl":"https:\/\/www.burespro.com\/wp-content\/uploads\/2020\/01\/306_medium.jpg","datePublished":"2020-03-10T15:38:13+00:00","dateModified":"2020-03-11T11:57:25+00:00","breadcrumb":{"@id":"https:\/\/www.burespro.com\/fr\/product\/prodeasa-tc-2\/#breadcrumb"},"inLanguage":"fr-FR","potentialAction":[{"@type":"ReadAction","target":["https:\/\/www.burespro.com\/fr\/product\/prodeasa-tc-2\/"]}]},{"@type":"ImageObject","inLanguage":"fr-FR","@id":"https:\/\/www.burespro.com\/fr\/product\/prodeasa-tc-2\/#primaryimage","url":"https:\/\/www.burespro.com\/wp-content\/uploads\/2020\/01\/306_medium.jpg","contentUrl":"https:\/\/www.burespro.com\/wp-content\/uploads\/2020\/01\/306_medium.jpg","width":800,"height":600},{"@type":"BreadcrumbList","@id":"https:\/\/www.burespro.com\/fr\/product\/prodeasa-tc-2\/#breadcrumb","itemListElement":[{"@type":"ListItem","position":1,"name":"Inici","item":"https:\/\/www.burespro.com\/fr\/"},{"@type":"ListItem","position":2,"name":"Boutique","item":"https:\/\/www.burespro.com\/fr\/substrats-engrais\/"},{"@type":"ListItem","position":3,"name":"PRODEASA TC-2"}]},{"@type":"WebSite","@id":"https:\/\/www.burespro.com\/#website","url":"https:\/\/www.burespro.com\/","name":"Bur\u00e9s Profesional","description":"Fabricants de terres, substrats de cultiu, fertilitzants i adobs org\u00e0nics","potentialAction":[{"@type":"SearchAction","target":{"@type":"EntryPoint","urlTemplate":"https:\/\/www.burespro.com\/?s={search_term_string}"},"query-input":{"@type":"PropertyValueSpecification","valueRequired":true,"valueName":"search_term_string"}}],"inLanguage":"fr-FR"}]}},"_links":{"self":[{"href":"https:\/\/www.burespro.com\/fr\/wp-json\/wp\/v2\/product\/10048","targetHints":{"allow":["GET"]}}],"collection":[{"href":"https:\/\/www.burespro.com\/fr\/wp-json\/wp\/v2\/product"}],"about":[{"href":"https:\/\/www.burespro.com\/fr\/wp-json\/wp\/v2\/types\/product"}],"replies":[{"embeddable":true,"href":"https:\/\/www.burespro.com\/fr\/wp-json\/wp\/v2\/comments?post=10048"}],"wp:featuredmedia":[{"embeddable":true,"href":"https:\/\/www.burespro.com\/fr\/wp-json\/wp\/v2\/media\/1634"}],"wp:attachment":[{"href":"https:\/\/www.burespro.com\/fr\/wp-json\/wp\/v2\/media?parent=10048"}],"wp:term":[{"taxonomy":"product_brand","embeddable":true,"href":"https:\/\/www.burespro.com\/fr\/wp-json\/wp\/v2\/product_brand?post=10048"},{"taxonomy":"product_cat","embeddable":true,"href":"https:\/\/www.burespro.com\/fr\/wp-json\/wp\/v2\/product_cat?post=10048"},{"taxonomy":"product_tag","embeddable":true,"href":"https:\/\/www.burespro.com\/fr\/wp-json\/wp\/v2\/product_tag?post=10048"},{"taxonomy":"sectores","embeddable":true,"href":"https:\/\/www.burespro.com\/fr\/wp-json\/wp\/v2\/sectores?post=10048"}],"curies":[{"name":"wp","href":"https:\/\/api.w.org\/{rel}","templated":true}]}}