{"id":10006,"date":"2020-03-10T14:35:16","date_gmt":"2020-03-10T15:38:13","guid":{"rendered":"https:\/\/burespro.neorgvirtual.com\/product\/prodeasa-rtc35\/"},"modified":"2020-08-13T12:32:26","modified_gmt":"2020-08-13T10:32:26","slug":"prodeasa-rtc35","status":"publish","type":"product","link":"https:\/\/www.burespro.com\/fr\/product\/prodeasa-rtc35\/","title":{"rendered":"PRODEASA RTC35"},"content":{"rendered":"<p>Les substrats PRODEASA sont fabriqu\u00e9s \u00e0 partir de mati\u00e8res premi\u00e8res de haute qualit\u00e9 qui, lorsqu&rsquo;ils sont m\u00e9lang\u00e9s ensemble, assurent l&rsquo;efficacit\u00e9 du substrat et un drainage et une ventilation appropri\u00e9s pour chaque culture. Chaque substrat a une composition diff\u00e9rente et un engrais sur mesure.<br \/>\nTous les substrats sont commercialis\u00e9s avec un pH corrig\u00e9 (5,5-6,5) et un engrais de base (NPK) pour le d\u00e9but de la culture.<br \/>\nEntre les substrats, PRODEASA se distingue par quatre grandes lignes diff\u00e9renci\u00e9es en fonction du type de mat\u00e9riau et de ses propri\u00e9t\u00e9s.<\/p>\n<p>LIGNE RT \/ RTC<br \/>\n<strong> Avec effet suppresseur de maladies. <\/strong><br \/>\nSubstrats en Rold\u00f3 compost\u00e9s et calibr\u00e9s qui ont un effet suppressif important des maladies du cou et des racines et en m\u00eame temps un effet stimulant de la croissance v\u00e9g\u00e9tale.<br \/>\nUne gamme de produits qui se distingue par ses propri\u00e9t\u00e9s de drainage et de ventilation ainsi que sa stabilit\u00e9 \u00e0 long terme.<br \/>\nSa formulation comprend de la tourbe blonde \u00e0 la sphaigne et de longues fibres de noix de coco pour la gamme RTC.<\/p>\n<p><strong>PRODEASA RTC35 <\/strong><br \/>\nPRODEASA RTC35 est un substrat \u00e9quilibr\u00e9, id\u00e9al pour la culture d&rsquo;esp\u00e8ces \u00e0 cycle long. Ses composants fournissent un substrat de haute qualit\u00e9 qui conserve ses propri\u00e9t\u00e9s tout au long du cycle de croissance.<\/p>\n","protected":false},"excerpt":{"rendered":"<p>Les substrats PRODEASA sont fabriqu\u00e9s \u00e0 partir de mati\u00e8res premi\u00e8res de haute qualit\u00e9 qui, lorsqu&rsquo;ils sont m\u00e9lang\u00e9s ensemble, assurent l&rsquo;efficacit\u00e9 du substrat et un drainage et une ventilation appropri\u00e9s pour chaque culture. Chaque substrat a une composition diff\u00e9rente et un engrais sur mesure. Tous les substrats sont commercialis\u00e9s avec un pH corrig\u00e9 (5,5-6,5) et un [&hellip;]<\/p>\n","protected":false},"featured_media":1536,"comment_status":"closed","ping_status":"closed","template":"","meta":{"_acf_changed":false,"inline_featured_image":false},"product_brand":[],"product_cat":[426,219],"product_tag":[452,506,558,561,567,564,591,597,606,609],"sectores":[364,419,367,372,368],"class_list":{"0":"post-10006","1":"product","2":"type-product","3":"status-publish","4":"has-post-thumbnail","6":"product_cat-substrats-prodeasa-fr","7":"product_cat-terreaux-pour-la-culture","8":"product_tag-bures-profesional-fr","9":"product_tag-construction-de-jardin","10":"product_tag-jardinage-de-gerone","11":"product_tag-jardinage-professionnel","12":"product_tag-materiel-de-jardinage","13":"product_tag-materiel-de-jardinage-girona","14":"product_tag-substrats-de-gerone","15":"product_tag-substrats-de-jardinage","16":"product_tag-substrats-en-croissance","17":"product_tag-supports-professionnels","18":"sectores-pepiniere","19":"sectores-floriculture-fr","20":"sectores-jardinage-professionnel-paysagisme","21":"sectores-genieux-publiques-et-civiles","22":"sectores-administrations-publiques","24":"first","25":"instock","26":"product-type-simple"},"acf":[],"yoast_head":"<!-- This site is optimized with the Yoast SEO plugin v26.7 - https:\/\/yoast.com\/wordpress\/plugins\/seo\/ -->\n<title>PRODEASA RTC35 | Bur\u00e9s Profesional<\/title>\n<meta name=\"robots\" content=\"index, follow, max-snippet:-1, max-image-preview:large, max-video-preview:-1\" \/>\n<link rel=\"canonical\" href=\"https:\/\/www.burespro.com\/fr\/product\/prodeasa-rtc35\/\" \/>\n<meta property=\"og:locale\" content=\"fr_FR\" \/>\n<meta property=\"og:type\" content=\"article\" \/>\n<meta property=\"og:title\" content=\"PRODEASA RTC35 | Bur\u00e9s Profesional\" \/>\n<meta property=\"og:description\" content=\"Les substrats PRODEASA sont fabriqu\u00e9s \u00e0 partir de mati\u00e8res premi\u00e8res de haute qualit\u00e9 qui, lorsqu&rsquo;ils sont m\u00e9lang\u00e9s ensemble, assurent l&rsquo;efficacit\u00e9 du substrat et un drainage et une ventilation appropri\u00e9s pour chaque culture. Chaque substrat a une composition diff\u00e9rente et un engrais sur mesure. Tous les substrats sont commercialis\u00e9s avec un pH corrig\u00e9 (5,5-6,5) et un [&hellip;]\" \/>\n<meta property=\"og:url\" content=\"https:\/\/www.burespro.com\/fr\/product\/prodeasa-rtc35\/\" \/>\n<meta property=\"og:site_name\" content=\"Bur\u00e9s Profesional\" \/>\n<meta property=\"article:publisher\" content=\"https:\/\/www.facebook.com\/buresprofesionalsa\" \/>\n<meta property=\"article:modified_time\" content=\"2020-08-13T10:32:26+00:00\" \/>\n<meta property=\"og:image\" content=\"https:\/\/www.burespro.com\/wp-content\/uploads\/2020\/01\/319_medium.jpg\" \/>\n\t<meta property=\"og:image:width\" content=\"800\" \/>\n\t<meta property=\"og:image:height\" content=\"600\" \/>\n\t<meta property=\"og:image:type\" content=\"image\/jpeg\" \/>\n<meta name=\"twitter:card\" content=\"summary_large_image\" \/>\n<meta name=\"twitter:label1\" content=\"Dur\u00e9e de lecture estim\u00e9e\" \/>\n\t<meta name=\"twitter:data1\" content=\"1 minute\" \/>\n<script type=\"application\/ld+json\" class=\"yoast-schema-graph\">{\"@context\":\"https:\/\/schema.org\",\"@graph\":[{\"@type\":\"WebPage\",\"@id\":\"https:\/\/www.burespro.com\/fr\/product\/prodeasa-rtc35\/\",\"url\":\"https:\/\/www.burespro.com\/fr\/product\/prodeasa-rtc35\/\",\"name\":\"PRODEASA RTC35 | Bur\u00e9s Profesional\",\"isPartOf\":{\"@id\":\"https:\/\/www.burespro.com\/#website\"},\"primaryImageOfPage\":{\"@id\":\"https:\/\/www.burespro.com\/fr\/product\/prodeasa-rtc35\/#primaryimage\"},\"image\":{\"@id\":\"https:\/\/www.burespro.com\/fr\/product\/prodeasa-rtc35\/#primaryimage\"},\"thumbnailUrl\":\"https:\/\/www.burespro.com\/wp-content\/uploads\/2020\/01\/319_medium.jpg\",\"datePublished\":\"2020-03-10T15:38:13+00:00\",\"dateModified\":\"2020-08-13T10:32:26+00:00\",\"breadcrumb\":{\"@id\":\"https:\/\/www.burespro.com\/fr\/product\/prodeasa-rtc35\/#breadcrumb\"},\"inLanguage\":\"fr-FR\",\"potentialAction\":[{\"@type\":\"ReadAction\",\"target\":[\"https:\/\/www.burespro.com\/fr\/product\/prodeasa-rtc35\/\"]}]},{\"@type\":\"ImageObject\",\"inLanguage\":\"fr-FR\",\"@id\":\"https:\/\/www.burespro.com\/fr\/product\/prodeasa-rtc35\/#primaryimage\",\"url\":\"https:\/\/www.burespro.com\/wp-content\/uploads\/2020\/01\/319_medium.jpg\",\"contentUrl\":\"https:\/\/www.burespro.com\/wp-content\/uploads\/2020\/01\/319_medium.jpg\",\"width\":800,\"height\":600},{\"@type\":\"BreadcrumbList\",\"@id\":\"https:\/\/www.burespro.com\/fr\/product\/prodeasa-rtc35\/#breadcrumb\",\"itemListElement\":[{\"@type\":\"ListItem\",\"position\":1,\"name\":\"Inici\",\"item\":\"https:\/\/www.burespro.com\/fr\/\"},{\"@type\":\"ListItem\",\"position\":2,\"name\":\"Boutique\",\"item\":\"https:\/\/www.burespro.com\/fr\/substrats-engrais\/\"},{\"@type\":\"ListItem\",\"position\":3,\"name\":\"PRODEASA RTC35\"}]},{\"@type\":\"WebSite\",\"@id\":\"https:\/\/www.burespro.com\/#website\",\"url\":\"https:\/\/www.burespro.com\/\",\"name\":\"Bur\u00e9s Profesional\",\"description\":\"Fabricants de terres, substrats de cultiu, fertilitzants i adobs org\u00e0nics\",\"potentialAction\":[{\"@type\":\"SearchAction\",\"target\":{\"@type\":\"EntryPoint\",\"urlTemplate\":\"https:\/\/www.burespro.com\/?s={search_term_string}\"},\"query-input\":{\"@type\":\"PropertyValueSpecification\",\"valueRequired\":true,\"valueName\":\"search_term_string\"}}],\"inLanguage\":\"fr-FR\"}]}<\/script>\n<!-- \/ Yoast SEO plugin. -->","yoast_head_json":{"title":"PRODEASA RTC35 | Bur\u00e9s Profesional","robots":{"index":"index","follow":"follow","max-snippet":"max-snippet:-1","max-image-preview":"max-image-preview:large","max-video-preview":"max-video-preview:-1"},"canonical":"https:\/\/www.burespro.com\/fr\/product\/prodeasa-rtc35\/","og_locale":"fr_FR","og_type":"article","og_title":"PRODEASA RTC35 | Bur\u00e9s Profesional","og_description":"Les substrats PRODEASA sont fabriqu\u00e9s \u00e0 partir de mati\u00e8res premi\u00e8res de haute qualit\u00e9 qui, lorsqu&rsquo;ils sont m\u00e9lang\u00e9s ensemble, assurent l&rsquo;efficacit\u00e9 du substrat et un drainage et une ventilation appropri\u00e9s pour chaque culture. Chaque substrat a une composition diff\u00e9rente et un engrais sur mesure. Tous les substrats sont commercialis\u00e9s avec un pH corrig\u00e9 (5,5-6,5) et un [&hellip;]","og_url":"https:\/\/www.burespro.com\/fr\/product\/prodeasa-rtc35\/","og_site_name":"Bur\u00e9s Profesional","article_publisher":"https:\/\/www.facebook.com\/buresprofesionalsa","article_modified_time":"2020-08-13T10:32:26+00:00","og_image":[{"width":800,"height":600,"url":"https:\/\/www.burespro.com\/wp-content\/uploads\/2020\/01\/319_medium.jpg","type":"image\/jpeg"}],"twitter_card":"summary_large_image","twitter_misc":{"Dur\u00e9e de lecture estim\u00e9e":"1 minute"},"schema":{"@context":"https:\/\/schema.org","@graph":[{"@type":"WebPage","@id":"https:\/\/www.burespro.com\/fr\/product\/prodeasa-rtc35\/","url":"https:\/\/www.burespro.com\/fr\/product\/prodeasa-rtc35\/","name":"PRODEASA RTC35 | Bur\u00e9s Profesional","isPartOf":{"@id":"https:\/\/www.burespro.com\/#website"},"primaryImageOfPage":{"@id":"https:\/\/www.burespro.com\/fr\/product\/prodeasa-rtc35\/#primaryimage"},"image":{"@id":"https:\/\/www.burespro.com\/fr\/product\/prodeasa-rtc35\/#primaryimage"},"thumbnailUrl":"https:\/\/www.burespro.com\/wp-content\/uploads\/2020\/01\/319_medium.jpg","datePublished":"2020-03-10T15:38:13+00:00","dateModified":"2020-08-13T10:32:26+00:00","breadcrumb":{"@id":"https:\/\/www.burespro.com\/fr\/product\/prodeasa-rtc35\/#breadcrumb"},"inLanguage":"fr-FR","potentialAction":[{"@type":"ReadAction","target":["https:\/\/www.burespro.com\/fr\/product\/prodeasa-rtc35\/"]}]},{"@type":"ImageObject","inLanguage":"fr-FR","@id":"https:\/\/www.burespro.com\/fr\/product\/prodeasa-rtc35\/#primaryimage","url":"https:\/\/www.burespro.com\/wp-content\/uploads\/2020\/01\/319_medium.jpg","contentUrl":"https:\/\/www.burespro.com\/wp-content\/uploads\/2020\/01\/319_medium.jpg","width":800,"height":600},{"@type":"BreadcrumbList","@id":"https:\/\/www.burespro.com\/fr\/product\/prodeasa-rtc35\/#breadcrumb","itemListElement":[{"@type":"ListItem","position":1,"name":"Inici","item":"https:\/\/www.burespro.com\/fr\/"},{"@type":"ListItem","position":2,"name":"Boutique","item":"https:\/\/www.burespro.com\/fr\/substrats-engrais\/"},{"@type":"ListItem","position":3,"name":"PRODEASA RTC35"}]},{"@type":"WebSite","@id":"https:\/\/www.burespro.com\/#website","url":"https:\/\/www.burespro.com\/","name":"Bur\u00e9s Profesional","description":"Fabricants de terres, substrats de cultiu, fertilitzants i adobs org\u00e0nics","potentialAction":[{"@type":"SearchAction","target":{"@type":"EntryPoint","urlTemplate":"https:\/\/www.burespro.com\/?s={search_term_string}"},"query-input":{"@type":"PropertyValueSpecification","valueRequired":true,"valueName":"search_term_string"}}],"inLanguage":"fr-FR"}]}},"_links":{"self":[{"href":"https:\/\/www.burespro.com\/fr\/wp-json\/wp\/v2\/product\/10006","targetHints":{"allow":["GET"]}}],"collection":[{"href":"https:\/\/www.burespro.com\/fr\/wp-json\/wp\/v2\/product"}],"about":[{"href":"https:\/\/www.burespro.com\/fr\/wp-json\/wp\/v2\/types\/product"}],"replies":[{"embeddable":true,"href":"https:\/\/www.burespro.com\/fr\/wp-json\/wp\/v2\/comments?post=10006"}],"wp:featuredmedia":[{"embeddable":true,"href":"https:\/\/www.burespro.com\/fr\/wp-json\/wp\/v2\/media\/1536"}],"wp:attachment":[{"href":"https:\/\/www.burespro.com\/fr\/wp-json\/wp\/v2\/media?parent=10006"}],"wp:term":[{"taxonomy":"product_brand","embeddable":true,"href":"https:\/\/www.burespro.com\/fr\/wp-json\/wp\/v2\/product_brand?post=10006"},{"taxonomy":"product_cat","embeddable":true,"href":"https:\/\/www.burespro.com\/fr\/wp-json\/wp\/v2\/product_cat?post=10006"},{"taxonomy":"product_tag","embeddable":true,"href":"https:\/\/www.burespro.com\/fr\/wp-json\/wp\/v2\/product_tag?post=10006"},{"taxonomy":"sectores","embeddable":true,"href":"https:\/\/www.burespro.com\/fr\/wp-json\/wp\/v2\/sectores?post=10006"}],"curies":[{"name":"wp","href":"https:\/\/api.w.org\/{rel}","templated":true}]}}