{"id":7994,"date":"2020-02-20T14:42:52","date_gmt":"2020-02-20T14:42:52","guid":{"rendered":"https:\/\/burespro.neorgvirtual.com\/politica-de-cookies\/"},"modified":"2020-03-20T12:53:20","modified_gmt":"2020-03-20T12:53:20","slug":"politique-de-cookies","status":"publish","type":"page","link":"https:\/\/www.burespro.com\/fr\/politique-de-cookies\/","title":{"rendered":"Politique de cookies"},"content":{"rendered":"\n<p>Les cookies sont de petits fichiers de texte qui\ns\u2019installent dans les \u00e9quipements, ce qui permet d\u2019acc\u00e9der \u00e0 notre site\ninternet. Entre autres objectifs, les cookies enregistrent les pr\u00e9f\u00e9rences et\nles habitudes de navigation de l\u2019utilisateur. Ils s\u2019associent \u00e0 ce dernier et \u00e0\nson \u00e9quipement, mais ils ne fournissent pas d\u2019informations permettant une\nidentification directe. Certains cookies, par exemple ceux qui aident \u00e0\n\u00e9laborer des statistiques, ou les cookies publicitaires, ont besoin du\nconsentement de l\u2019utilisateur de notre site. Cependant, certains cookies, ceux\n\u00e0 caract\u00e8re plus technique ou ceux n\u00e9cessaires pour fournir un service demand\u00e9\npar l\u2019utilisateur, sont indispensables au fonctionnement du site. Les cookies peuvent \u00eatre class\u00e9s en fonction\nde leur validit\u00e9, de leur gestionnaire ou de leur objectif<\/p>\n\n\n\n<p>EN FONCTION DE LEUR VALIDIT\u00c9<\/p>\n\n\n\n<p><em>De session<\/em><em> :<\/em> cookies temporaires, qui restent dans les fichiers de\ncookies de votre navigateur jusqu\u2019au moment o\u00f9 vous quittez le site. <\/p>\n\n\n\n<p><em>Persistants<\/em><em> :<\/em> cookies stock\u00e9s, lus par le site \u00e0 chaque fois que vous le\nvisitez. <\/p>\n\n\n\n<p>EN FONCTION DE LEUR GESTIONNAIRE<\/p>\n\n\n\n<p><em>Personnels<\/em><em> :<\/em> ce sont les cookies personnels du propri\u00e9taire du site\ninternet \u00e0 partir duquel des services sont fournis \u00e0 l\u2019utilisateur.<\/p>\n\n\n\n<p><em>De tiers<\/em><em> :<\/em> ces cookies sont envoy\u00e9s \u00e0 l\u2019utilisateur par un tiers,\nautre que le propri\u00e9taire du site.<\/p>\n\n\n\n<p>EN FONCTION DE LEUR OBJECTIF<\/p>\n\n\n\n<p><em>N\u00e9cessaires<\/em><em> :<\/em> ce sont les cookies indispensables pour faciliter votre\nconnexion. Il n\u2019existe aucune possibilit\u00e9 de les d\u00e9sactiver, car ils sont\nn\u00e9cessaires au bon fonctionnement du site internet.<\/p>\n\n\n\n<p><em>Techniques<\/em><em> : <\/em>ces cookies permettent de contr\u00f4ler le trafic et la\ncommunication des donn\u00e9es, d\u2019identifier la session et d\u2019acc\u00e9der aux pages \u00e0\nacc\u00e8s restreint, entre autres choses.<\/p>\n\n\n\n<p><em>De pr\u00e9f\u00e9rences<\/em><em> :<\/em> ces cookies permettent de se souvenir de vos options (par\nexemple, la langue ou la r\u00e9gion \u00e0 partir de laquelle vous acc\u00e9dez au site),\nafin de fournir des services avanc\u00e9s.<\/p>\n\n\n\n<p><em>Analytiques<\/em><em> :<\/em> ces cookies\nfournissent des informations statistiques et permettent d\u2019am\u00e9liorer les\nservices. <\/p>\n\n\n\n<p><em>Publicitaires <\/em><em>:<\/em> ces cookies offrent un contenu\npublicitaire en lien avec les int\u00e9r\u00eats de l\u2019utilisateur, soit directement, soit\n\u00e0 travers des tiers (\u00ab&nbsp;Ad Servers&nbsp;\u00bb).<\/p>\n\n\n\n<p><em>De g\u00e9olocalisation : <\/em>ces cookies servent \u00e0 conna\u00eetre la localisation g\u00e9ographique de l\u2019utilisateur. <\/p>\n\n\n\n<p>Nous d\u00e9taillons la liste des cookies utilis\u00e9s par notre site internet <\/p>\n\n\n\n<div class='overflow-llistat-cookies'><table class='llistat-cookies'><tr><th>Finalit\u00e9<\/th><th>Fournisseur<\/th><th>Nom du cookie<\/th><th>Gestion<\/th><th>Validit\u00e9<\/th><th>Fonction<\/th><\/tr><tr><td>Techniques<\/td><td>Cookie propre<\/td><td>PHPSESSID<\/td><td>Cookie propre<\/td><td>1 an<\/td><td>PHPSESSID. Ce cookie est utilis\u00e9 par le langage de cryptage PHP pour permettre aux variables de SESSION d'\u00eatre stock\u00e9es sur le serveur web.<\/td><\/tr><tr><td>Techniques<\/td><td>Cookie propre<\/td><td>wp-settings-time-1, wp-settings-1<\/td><td>Cookie propre<\/td><td>1 an<\/td><td>Ces cookies sont utilis\u00e9s par WordPress pour personnaliser l'interface utilisateur.<\/td><\/tr><tr><td>Techniques<\/td><td>Cookie propre<\/td><td>wordpress_logged_in_<\/td><td>Cookie propre<\/td><td>1 an<\/td><td>Apr\u00e8s s'\u00eatre connect\u00e9, WordPress active le cookie wordpress_logged_in_ cookie, dont la fonction est de vous reconna\u00eetre et d'indiquer quand vous vous \u00eates connect\u00e9, informations ensuite utilis\u00e9es par l'interface de WordPress.<\/td><\/tr><tr><td>Techniques<\/td><td>Cookie propre<\/td><td>wp-wpml_current_language<\/td><td>Cookie propre<\/td><td>1 an<\/td><td>Permet de se souvenir de la langue de l'utilisateur<\/td><\/tr><tr><td>Techniques<\/td><td>Cookie propre<\/td><td>concentiment_cookies<\/td><td>Cookie propre<\/td><td>1 an<\/td><td>Enregistre votre\u00a0acceptation\u00a0du message relatif aux\u00a0cookies<\/td><\/tr><tr><td>Techniques<\/td><td>Cookie propre<\/td><td>dateExpireCookie<\/td><td>Cookie propre<\/td><td>1 an<\/td><td>Enregistre la date d'expiration du cookie du message relatif aux\u00a0cookies<\/td><\/tr><tr><td>Techniques<\/td><td>Cookie propre<\/td><td>woocommerce_cart_hash\/ woocommerce_items_in_cart<\/td><td>Cookie propre<\/td><td>1 an<\/td><td>Ils contiennent des informations sur le panier et aident simplement WooCommerce \u00e0 savoir \u00e0 quel moment les donn\u00e9es du panier changent<\/td><\/tr><tr><td>Techniques<\/td><td>Cookie propre<\/td><td>wp_woocommerce_session_<\/td><td>Cookie propre<\/td><td>1 an<\/td><td>Code unique pour chaque client, qui correspond \u00e0 une entr\u00e9e dans le tableau de bord personnalis\u00e9 de wp_woocommerce_sessions au sein de la base de donn\u00e9es.<\/td><\/tr><tr><td>Analytiques<\/td><td>GOOGLE<\/td><td>_ga<\/td><td>Tiers<\/td><td>2 ans<\/td><td>Fournit des statistiques sur l'utilisation du site web. Il peut \u00e9galement \u00eatre utilis\u00e9 en association avec certains des cookies publicitaires d\u00e9crits ci-dessus pour afficher des annonces plus pertinentes selon les propri\u00e9t\u00e9s de Google<\/td><\/tr><tr><td>Analytiques<\/td><td>GOOGLE<\/td><td>_gid<\/td><td>Tiers<\/td><td>23 heures<\/td><td>Enregistre une identification unique, utilis\u00e9e pour g\u00e9n\u00e9rer des donn\u00e9es statistiques sur la fa\u00e7on dont le visiteur utilise le site web.<\/td><\/tr><tr><td>Analytiques<\/td><td>GOOGLE<\/td><td>_gat<\/td><td>Tiers<\/td><td>1 minute<\/td><td>Il sert \u00e0 limiter le pourcentage de demandes. Si vous avez install\u00e9 Google Analytics en utilisant le Gestionnaire de balises de Google, ce cookie s'appellera _dc_gtm_.<\/td><\/tr><\/table><\/div>\n\n\n\n<p>Vous pouvez modifier vos param\u00e8tres de cookies en cliquant <a rel=\"noreferrer noopener\" aria-label=\" (se abre en una nueva pesta\u00f1a)\" href=\"http:\/\/www.neorgsite.com\" target=\"_blank\">ici<\/a>. <\/p>\n\n\n\n<p>Vous avez le droit de r\u00e9voquer votre consentement \u00e0 propos de l\u2019utilisation des cookies et de les supprimer \u00e0 travers les options propos\u00e9es par votre navigateur. Vous pouvez \u00e9galement configurer votre navigateur afin qu\u2019il vous informe au pr\u00e9alable de l\u2019\u00e9ventuelle installation de cookies. Vous trouverez dans les liens suivants des informations sur la fa\u00e7on de le faire.<\/p>\n\n\n\n<ul class=\"wp-block-list\"><li>Firefox (<a rel=\"noreferrer noopener\" aria-label=\" (se abre en una nueva pesta\u00f1a)\" href=\"http:\/\/support.mozilla.org\/ca\/kb\/Galetes\" target=\"_blank\">enlla\u00e7<\/a>) <\/li><li>Chrome (<a rel=\"noreferrer noopener\" aria-label=\" (se abre en una nueva pesta\u00f1a)\" href=\"http:\/\/support.google.com\/chrome\/bin\/answer.py?hl=es&amp;answer=95647\" target=\"_blank\">enlla\u00e7<\/a>) <\/li><li>Explorer (<a rel=\"noreferrer noopener\" aria-label=\" (se abre en una nueva pesta\u00f1a)\" href=\"https:\/\/support.microsoft.com\/es-es\/help\/278835\/how-to-delete-cookie-files-in-internet-explorer\" target=\"_blank\">enlla\u00e7<\/a>) <\/li><li>Edge (<a rel=\"noreferrer noopener\" aria-label=\" (se abre en una nueva pesta\u00f1a)\" href=\"https:\/\/support.microsoft.com\/es-es\/help\/4027947\/windows-delete-cookies\" target=\"_blank\">enlla\u00e7<\/a>) <\/li><li>Safari pour iOS (<a rel=\"noreferrer noopener\" aria-label=\" (se abre en una nueva pesta\u00f1a)\" href=\"http:\/\/support.apple.com\/kb\/HT1677?viewlocale=es_ES&amp;locale=es_ES\" target=\"_blank\">enlla\u00e7<\/a>) <\/li><li>Opera (<a rel=\"noreferrer noopener\" aria-label=\" (se abre en una nueva pesta\u00f1a)\" href=\"https:\/\/help.opera.com\/en\/latest\/web-preferences\/#cookies\" target=\"_blank\">enlla\u00e7<\/a>) <\/li><\/ul>\n","protected":false},"excerpt":{"rendered":"<p>Les cookies sont de petits fichiers de texte qui s\u2019installent dans les \u00e9quipements, ce qui permet d\u2019acc\u00e9der \u00e0 notre site internet. Entre autres objectifs, les cookies enregistrent les pr\u00e9f\u00e9rences et les habitudes de navigation de l\u2019utilisateur. Ils s\u2019associent \u00e0 ce dernier et \u00e0 son \u00e9quipement, mais ils ne fournissent pas d\u2019informations permettant une identification directe. [&hellip;]<\/p>\n","protected":false},"author":1,"featured_media":0,"parent":0,"menu_order":0,"comment_status":"closed","ping_status":"closed","template":"","meta":{"_acf_changed":false,"inline_featured_image":false,"footnotes":""},"class_list":["post-7994","page","type-page","status-publish","hentry"],"acf":[],"yoast_head":"<!-- This site is optimized with the Yoast SEO plugin v26.7 - https:\/\/yoast.com\/wordpress\/plugins\/seo\/ -->\n<title>Politique de cookies | Bur\u00e9s Profesional<\/title>\n<meta name=\"robots\" content=\"noindex, follow\" \/>\n<meta property=\"og:locale\" content=\"fr_FR\" \/>\n<meta property=\"og:type\" content=\"article\" \/>\n<meta property=\"og:title\" content=\"Politique de cookies | Bur\u00e9s Profesional\" \/>\n<meta property=\"og:description\" content=\"Les cookies sont de petits fichiers de texte qui s\u2019installent dans les \u00e9quipements, ce qui permet d\u2019acc\u00e9der \u00e0 notre site internet. Entre autres objectifs, les cookies enregistrent les pr\u00e9f\u00e9rences et les habitudes de navigation de l\u2019utilisateur. Ils s\u2019associent \u00e0 ce dernier et \u00e0 son \u00e9quipement, mais ils ne fournissent pas d\u2019informations permettant une identification directe. [&hellip;]\" \/>\n<meta property=\"og:url\" content=\"https:\/\/www.burespro.com\/fr\/politique-de-cookies\/\" \/>\n<meta property=\"og:site_name\" content=\"Bur\u00e9s Profesional\" \/>\n<meta property=\"article:publisher\" content=\"https:\/\/www.facebook.com\/buresprofesionalsa\" \/>\n<meta property=\"article:modified_time\" content=\"2020-03-20T12:53:20+00:00\" \/>\n<meta name=\"twitter:card\" content=\"summary_large_image\" \/>\n<meta name=\"twitter:label1\" content=\"Dur\u00e9e de lecture estim\u00e9e\" \/>\n\t<meta name=\"twitter:data1\" content=\"2 minutes\" \/>\n<script type=\"application\/ld+json\" class=\"yoast-schema-graph\">{\"@context\":\"https:\/\/schema.org\",\"@graph\":[{\"@type\":\"WebPage\",\"@id\":\"https:\/\/www.burespro.com\/fr\/politique-de-cookies\/\",\"url\":\"https:\/\/www.burespro.com\/fr\/politique-de-cookies\/\",\"name\":\"Politique de cookies | Bur\u00e9s Profesional\",\"isPartOf\":{\"@id\":\"https:\/\/www.burespro.com\/#website\"},\"datePublished\":\"2020-02-20T14:42:52+00:00\",\"dateModified\":\"2020-03-20T12:53:20+00:00\",\"breadcrumb\":{\"@id\":\"https:\/\/www.burespro.com\/fr\/politique-de-cookies\/#breadcrumb\"},\"inLanguage\":\"fr-FR\",\"potentialAction\":[{\"@type\":\"ReadAction\",\"target\":[\"https:\/\/www.burespro.com\/fr\/politique-de-cookies\/\"]}]},{\"@type\":\"BreadcrumbList\",\"@id\":\"https:\/\/www.burespro.com\/fr\/politique-de-cookies\/#breadcrumb\",\"itemListElement\":[{\"@type\":\"ListItem\",\"position\":1,\"name\":\"Inici\",\"item\":\"https:\/\/www.burespro.com\/fr\/\"},{\"@type\":\"ListItem\",\"position\":2,\"name\":\"Politique de cookies\"}]},{\"@type\":\"WebSite\",\"@id\":\"https:\/\/www.burespro.com\/#website\",\"url\":\"https:\/\/www.burespro.com\/\",\"name\":\"Bur\u00e9s Profesional\",\"description\":\"Fabricants de terres, substrats de cultiu, fertilitzants i adobs org\u00e0nics\",\"potentialAction\":[{\"@type\":\"SearchAction\",\"target\":{\"@type\":\"EntryPoint\",\"urlTemplate\":\"https:\/\/www.burespro.com\/?s={search_term_string}\"},\"query-input\":{\"@type\":\"PropertyValueSpecification\",\"valueRequired\":true,\"valueName\":\"search_term_string\"}}],\"inLanguage\":\"fr-FR\"}]}<\/script>\n<!-- \/ Yoast SEO plugin. -->","yoast_head_json":{"title":"Politique de cookies | Bur\u00e9s Profesional","robots":{"index":"noindex","follow":"follow"},"og_locale":"fr_FR","og_type":"article","og_title":"Politique de cookies | Bur\u00e9s Profesional","og_description":"Les cookies sont de petits fichiers de texte qui s\u2019installent dans les \u00e9quipements, ce qui permet d\u2019acc\u00e9der \u00e0 notre site internet. Entre autres objectifs, les cookies enregistrent les pr\u00e9f\u00e9rences et les habitudes de navigation de l\u2019utilisateur. Ils s\u2019associent \u00e0 ce dernier et \u00e0 son \u00e9quipement, mais ils ne fournissent pas d\u2019informations permettant une identification directe. [&hellip;]","og_url":"https:\/\/www.burespro.com\/fr\/politique-de-cookies\/","og_site_name":"Bur\u00e9s Profesional","article_publisher":"https:\/\/www.facebook.com\/buresprofesionalsa","article_modified_time":"2020-03-20T12:53:20+00:00","twitter_card":"summary_large_image","twitter_misc":{"Dur\u00e9e de lecture estim\u00e9e":"2 minutes"},"schema":{"@context":"https:\/\/schema.org","@graph":[{"@type":"WebPage","@id":"https:\/\/www.burespro.com\/fr\/politique-de-cookies\/","url":"https:\/\/www.burespro.com\/fr\/politique-de-cookies\/","name":"Politique de cookies | Bur\u00e9s Profesional","isPartOf":{"@id":"https:\/\/www.burespro.com\/#website"},"datePublished":"2020-02-20T14:42:52+00:00","dateModified":"2020-03-20T12:53:20+00:00","breadcrumb":{"@id":"https:\/\/www.burespro.com\/fr\/politique-de-cookies\/#breadcrumb"},"inLanguage":"fr-FR","potentialAction":[{"@type":"ReadAction","target":["https:\/\/www.burespro.com\/fr\/politique-de-cookies\/"]}]},{"@type":"BreadcrumbList","@id":"https:\/\/www.burespro.com\/fr\/politique-de-cookies\/#breadcrumb","itemListElement":[{"@type":"ListItem","position":1,"name":"Inici","item":"https:\/\/www.burespro.com\/fr\/"},{"@type":"ListItem","position":2,"name":"Politique de cookies"}]},{"@type":"WebSite","@id":"https:\/\/www.burespro.com\/#website","url":"https:\/\/www.burespro.com\/","name":"Bur\u00e9s Profesional","description":"Fabricants de terres, substrats de cultiu, fertilitzants i adobs org\u00e0nics","potentialAction":[{"@type":"SearchAction","target":{"@type":"EntryPoint","urlTemplate":"https:\/\/www.burespro.com\/?s={search_term_string}"},"query-input":{"@type":"PropertyValueSpecification","valueRequired":true,"valueName":"search_term_string"}}],"inLanguage":"fr-FR"}]}},"_links":{"self":[{"href":"https:\/\/www.burespro.com\/fr\/wp-json\/wp\/v2\/pages\/7994","targetHints":{"allow":["GET"]}}],"collection":[{"href":"https:\/\/www.burespro.com\/fr\/wp-json\/wp\/v2\/pages"}],"about":[{"href":"https:\/\/www.burespro.com\/fr\/wp-json\/wp\/v2\/types\/page"}],"author":[{"embeddable":true,"href":"https:\/\/www.burespro.com\/fr\/wp-json\/wp\/v2\/users\/1"}],"replies":[{"embeddable":true,"href":"https:\/\/www.burespro.com\/fr\/wp-json\/wp\/v2\/comments?post=7994"}],"version-history":[{"count":5,"href":"https:\/\/www.burespro.com\/fr\/wp-json\/wp\/v2\/pages\/7994\/revisions"}],"predecessor-version":[{"id":14075,"href":"https:\/\/www.burespro.com\/fr\/wp-json\/wp\/v2\/pages\/7994\/revisions\/14075"}],"wp:attachment":[{"href":"https:\/\/www.burespro.com\/fr\/wp-json\/wp\/v2\/media?parent=7994"}],"curies":[{"name":"wp","href":"https:\/\/api.w.org\/{rel}","templated":true}]}}