{"id":7986,"date":"2020-02-20T14:42:09","date_gmt":"2020-02-20T14:42:09","guid":{"rendered":"https:\/\/burespro.neorgvirtual.com\/avis-legal\/"},"modified":"2020-03-20T09:41:45","modified_gmt":"2020-03-20T09:41:45","slug":"avis-legal","status":"publish","type":"page","link":"https:\/\/www.burespro.com\/fr\/avis-legal\/","title":{"rendered":"Avis juridique"},"content":{"rendered":"\n<p>BURES PROFESIONAL, S.A.,\nfourni avec NIF \/ CIF A17054081, Adresse Rue Puig de Sant Roc, 1 &#8211; E-17180\nVilablareix (Girona), ne peut assumer aucune responsabilit\u00e9 pour une\nutilisation incorrecte, inappropri\u00e9e ou ill\u00e9gale des informations figurant sur\nla page Internet de www.burespro.com.<\/p>\n\n\n\n<p>Avec les limites \u00e9tablies\npar la loi, BUR\u00c9S PROFESIONAL, S.A. n&rsquo;assume aucune responsabilit\u00e9 d\u00e9coulant du\nmanque de v\u00e9racit\u00e9, d&rsquo;int\u00e9grit\u00e9, de mise \u00e0 jour et d&rsquo;exactitude des donn\u00e9es ou\ninformations contenues dans ses pages Internet.<\/p>\n\n\n\n<p>Le contenu et les\ninformations ne sont pas li\u00e9s \u00e0 BUR\u00c9S PROFESIONAL, S.A. ni constituer des\nopinions, des conseils ou des conseils juridiques de toute nature, car il\ns&rsquo;agit simplement d&rsquo;un service offert \u00e0 des fins informatives et informatives.<\/p>\n\n\n\n<p>Le site web de\nwww.burespro.com peut contenir des liens (liens) vers d&rsquo;autres pages de tiers\nque BUR\u00c9S PROFESIONAL, S.A. ne peut pas contr\u00f4ler. Par cons\u00e9quent, BUR\u00c9S\nPROFESIONAL, S.A. ne peut pas assumer la responsabilit\u00e9 du contenu qui peut\nappara\u00eetre sur les pages de tiers.<\/p>\n\n\n\n<p>Les textes, images, sons,\nanimations, logiciels et le reste du contenu de ce site sont la propri\u00e9t\u00e9\nexclusive de BUR\u00c9S PROFESIONAL, S.A. ou ses conc\u00e9dants de licence. Tout acte de\ntransmission, distribution, cession, reproduction, stockage ou communication\npublique totale ou partielle doit avoir le consentement expr\u00e8s de BUR\u00c9S\nPROFESIONAL, S.A.<\/p>\n\n\n\n<p>De m\u00eame, pour acc\u00e9der \u00e0\ncertains des services que BUR\u00c9S PROFESIONAL, S.A. Les offres sur le site Web\ndoivent fournir des donn\u00e9es personnelles. Conform\u00e9ment aux dispositions du\nr\u00e8glement (UE) 2016\/679 du Parlement europ\u00e9en et du Conseil du 27 Avril 2016 la\nprotection des personnes physiques \u00e0 l&rsquo;\u00e9gard du traitement des donn\u00e9es \u00e0\ncaract\u00e8re personnel et \u00e0 la libre circulation des nous vous informons qu&rsquo;en\nremplissant ces formulaires, vos donn\u00e9es personnelles seront incorpor\u00e9es et\nseront trait\u00e9es dans les fichiers de BUR\u00c9S PROFESIONAL, SA afin de pouvoir\npr\u00eater et offrir nos services ainsi que pour vous informer des am\u00e9liorations du\nsite, a \u00e9galement conseill\u00e9 de la possibilit\u00e9 d&rsquo;exercer un droit d&rsquo;acc\u00e8s, de\nrectification, annulation et opposition de vos donn\u00e9es personnelles, comunicaciones@burespro.com\ngratuitement par e-mail ou direction Puig de Sant Roc Street, 1 &#8211; E -17180\nVilablareix (Girona).<\/p>\n","protected":false},"excerpt":{"rendered":"<p>BURES PROFESIONAL, S.A., fourni avec NIF \/ CIF A17054081, Adresse Rue Puig de Sant Roc, 1 &#8211; E-17180 Vilablareix (Girona), ne peut assumer aucune responsabilit\u00e9 pour une utilisation incorrecte, inappropri\u00e9e ou ill\u00e9gale des informations figurant sur la page Internet de www.burespro.com. Avec les limites \u00e9tablies par la loi, BUR\u00c9S PROFESIONAL, S.A. n&rsquo;assume aucune responsabilit\u00e9 d\u00e9coulant [&hellip;]<\/p>\n","protected":false},"author":1,"featured_media":0,"parent":0,"menu_order":0,"comment_status":"closed","ping_status":"closed","template":"","meta":{"_acf_changed":false,"inline_featured_image":false,"footnotes":""},"class_list":["post-7986","page","type-page","status-publish","hentry"],"acf":[],"yoast_head":"<!-- This site is optimized with the Yoast SEO plugin v26.7 - https:\/\/yoast.com\/wordpress\/plugins\/seo\/ -->\n<title>Avis juridique | Bur\u00e9s Profesional<\/title>\n<meta name=\"robots\" content=\"noindex, follow\" \/>\n<meta property=\"og:locale\" content=\"fr_FR\" \/>\n<meta property=\"og:type\" content=\"article\" \/>\n<meta property=\"og:title\" content=\"Avis juridique | Bur\u00e9s Profesional\" \/>\n<meta property=\"og:description\" content=\"BURES PROFESIONAL, S.A., fourni avec NIF \/ CIF A17054081, Adresse Rue Puig de Sant Roc, 1 &#8211; E-17180 Vilablareix (Girona), ne peut assumer aucune responsabilit\u00e9 pour une utilisation incorrecte, inappropri\u00e9e ou ill\u00e9gale des informations figurant sur la page Internet de www.burespro.com. Avec les limites \u00e9tablies par la loi, BUR\u00c9S PROFESIONAL, S.A. n&rsquo;assume aucune responsabilit\u00e9 d\u00e9coulant [&hellip;]\" \/>\n<meta property=\"og:url\" content=\"https:\/\/www.burespro.com\/fr\/avis-legal\/\" \/>\n<meta property=\"og:site_name\" content=\"Bur\u00e9s Profesional\" \/>\n<meta property=\"article:publisher\" content=\"https:\/\/www.facebook.com\/buresprofesionalsa\" \/>\n<meta property=\"article:modified_time\" content=\"2020-03-20T09:41:45+00:00\" \/>\n<meta name=\"twitter:card\" content=\"summary_large_image\" \/>\n<meta name=\"twitter:label1\" content=\"Dur\u00e9e de lecture estim\u00e9e\" \/>\n\t<meta name=\"twitter:data1\" content=\"2 minutes\" \/>\n<script type=\"application\/ld+json\" class=\"yoast-schema-graph\">{\"@context\":\"https:\/\/schema.org\",\"@graph\":[{\"@type\":\"WebPage\",\"@id\":\"https:\/\/www.burespro.com\/fr\/avis-legal\/\",\"url\":\"https:\/\/www.burespro.com\/fr\/avis-legal\/\",\"name\":\"Avis juridique | Bur\u00e9s Profesional\",\"isPartOf\":{\"@id\":\"https:\/\/www.burespro.com\/#website\"},\"datePublished\":\"2020-02-20T14:42:09+00:00\",\"dateModified\":\"2020-03-20T09:41:45+00:00\",\"breadcrumb\":{\"@id\":\"https:\/\/www.burespro.com\/fr\/avis-legal\/#breadcrumb\"},\"inLanguage\":\"fr-FR\",\"potentialAction\":[{\"@type\":\"ReadAction\",\"target\":[\"https:\/\/www.burespro.com\/fr\/avis-legal\/\"]}]},{\"@type\":\"BreadcrumbList\",\"@id\":\"https:\/\/www.burespro.com\/fr\/avis-legal\/#breadcrumb\",\"itemListElement\":[{\"@type\":\"ListItem\",\"position\":1,\"name\":\"Inici\",\"item\":\"https:\/\/www.burespro.com\/fr\/\"},{\"@type\":\"ListItem\",\"position\":2,\"name\":\"Avis juridique\"}]},{\"@type\":\"WebSite\",\"@id\":\"https:\/\/www.burespro.com\/#website\",\"url\":\"https:\/\/www.burespro.com\/\",\"name\":\"Bur\u00e9s Profesional\",\"description\":\"Fabricants de terres, substrats de cultiu, fertilitzants i adobs org\u00e0nics\",\"potentialAction\":[{\"@type\":\"SearchAction\",\"target\":{\"@type\":\"EntryPoint\",\"urlTemplate\":\"https:\/\/www.burespro.com\/?s={search_term_string}\"},\"query-input\":{\"@type\":\"PropertyValueSpecification\",\"valueRequired\":true,\"valueName\":\"search_term_string\"}}],\"inLanguage\":\"fr-FR\"}]}<\/script>\n<!-- \/ Yoast SEO plugin. -->","yoast_head_json":{"title":"Avis juridique | Bur\u00e9s Profesional","robots":{"index":"noindex","follow":"follow"},"og_locale":"fr_FR","og_type":"article","og_title":"Avis juridique | Bur\u00e9s Profesional","og_description":"BURES PROFESIONAL, S.A., fourni avec NIF \/ CIF A17054081, Adresse Rue Puig de Sant Roc, 1 &#8211; E-17180 Vilablareix (Girona), ne peut assumer aucune responsabilit\u00e9 pour une utilisation incorrecte, inappropri\u00e9e ou ill\u00e9gale des informations figurant sur la page Internet de www.burespro.com. Avec les limites \u00e9tablies par la loi, BUR\u00c9S PROFESIONAL, S.A. n&rsquo;assume aucune responsabilit\u00e9 d\u00e9coulant [&hellip;]","og_url":"https:\/\/www.burespro.com\/fr\/avis-legal\/","og_site_name":"Bur\u00e9s Profesional","article_publisher":"https:\/\/www.facebook.com\/buresprofesionalsa","article_modified_time":"2020-03-20T09:41:45+00:00","twitter_card":"summary_large_image","twitter_misc":{"Dur\u00e9e de lecture estim\u00e9e":"2 minutes"},"schema":{"@context":"https:\/\/schema.org","@graph":[{"@type":"WebPage","@id":"https:\/\/www.burespro.com\/fr\/avis-legal\/","url":"https:\/\/www.burespro.com\/fr\/avis-legal\/","name":"Avis juridique | Bur\u00e9s Profesional","isPartOf":{"@id":"https:\/\/www.burespro.com\/#website"},"datePublished":"2020-02-20T14:42:09+00:00","dateModified":"2020-03-20T09:41:45+00:00","breadcrumb":{"@id":"https:\/\/www.burespro.com\/fr\/avis-legal\/#breadcrumb"},"inLanguage":"fr-FR","potentialAction":[{"@type":"ReadAction","target":["https:\/\/www.burespro.com\/fr\/avis-legal\/"]}]},{"@type":"BreadcrumbList","@id":"https:\/\/www.burespro.com\/fr\/avis-legal\/#breadcrumb","itemListElement":[{"@type":"ListItem","position":1,"name":"Inici","item":"https:\/\/www.burespro.com\/fr\/"},{"@type":"ListItem","position":2,"name":"Avis juridique"}]},{"@type":"WebSite","@id":"https:\/\/www.burespro.com\/#website","url":"https:\/\/www.burespro.com\/","name":"Bur\u00e9s Profesional","description":"Fabricants de terres, substrats de cultiu, fertilitzants i adobs org\u00e0nics","potentialAction":[{"@type":"SearchAction","target":{"@type":"EntryPoint","urlTemplate":"https:\/\/www.burespro.com\/?s={search_term_string}"},"query-input":{"@type":"PropertyValueSpecification","valueRequired":true,"valueName":"search_term_string"}}],"inLanguage":"fr-FR"}]}},"_links":{"self":[{"href":"https:\/\/www.burespro.com\/fr\/wp-json\/wp\/v2\/pages\/7986","targetHints":{"allow":["GET"]}}],"collection":[{"href":"https:\/\/www.burespro.com\/fr\/wp-json\/wp\/v2\/pages"}],"about":[{"href":"https:\/\/www.burespro.com\/fr\/wp-json\/wp\/v2\/types\/page"}],"author":[{"embeddable":true,"href":"https:\/\/www.burespro.com\/fr\/wp-json\/wp\/v2\/users\/1"}],"replies":[{"embeddable":true,"href":"https:\/\/www.burespro.com\/fr\/wp-json\/wp\/v2\/comments?post=7986"}],"version-history":[{"count":5,"href":"https:\/\/www.burespro.com\/fr\/wp-json\/wp\/v2\/pages\/7986\/revisions"}],"predecessor-version":[{"id":14060,"href":"https:\/\/www.burespro.com\/fr\/wp-json\/wp\/v2\/pages\/7986\/revisions\/14060"}],"wp:attachment":[{"href":"https:\/\/www.burespro.com\/fr\/wp-json\/wp\/v2\/media?parent=7986"}],"curies":[{"name":"wp","href":"https:\/\/api.w.org\/{rel}","templated":true}]}}