{"id":7976,"date":"2020-01-27T16:36:32","date_gmt":"2020-01-27T16:36:32","guid":{"rendered":"https:\/\/burespro.neorgvirtual.com\/politica-privacidad\/"},"modified":"2020-03-26T10:07:17","modified_gmt":"2020-03-26T10:07:17","slug":"politique-de-confidentialite","status":"publish","type":"page","link":"https:\/\/www.burespro.com\/fr\/politique-de-confidentialite\/","title":{"rendered":"Politique de Confidentialit\u00e9"},"content":{"rendered":"\n<p>BUR\u00c9S\nPROFESIONAL, SA, en application de la r\u00e9glementation en vigueur sur la\nprotection des donn\u00e9es personnelles, informe que les donn\u00e9es personnelles\ncollect\u00e9es via les formulaires du site Web: www.burespro.com, sont incluses\ndans les fichiers automatis\u00e9s sp\u00e9cifique aux utilisateurs de services de protection\ndes donn\u00e9es.<\/p>\n\n\n\n<p>La\ncollecte et le traitement automatis\u00e9 des donn\u00e9es personnelles ont pour but de\nmaintenir la relation commerciale et l&rsquo;ex\u00e9cution des t\u00e2ches d&rsquo;information, de\nformation, de conseil et d&rsquo;autres activit\u00e9s de BUR\u00c9S PROFESIONAL, S.A.<\/p>\n\n\n\n<p>Ces\ndonn\u00e9es ne seront transf\u00e9r\u00e9es qu\u2019aux entit\u00e9s n\u00e9cessaires dans le seul but de\nr\u00e9aliser l\u2019objet \u00e9nonc\u00e9 ci-dessus.<\/p>\n\n\n\n<p>BUR\u00c9S\nPROFESIONAL, S.A. prend les mesures n\u00e9cessaires pour assurer la s\u00e9curit\u00e9,\nl&rsquo;int\u00e9grit\u00e9 et la confidentialit\u00e9 des donn\u00e9es, conform\u00e9ment aux dispositions du\nr\u00e8glement (UE) 2016\/679 du Parlement europ\u00e9en et du Conseil du 27 avril 2016\nrelatif \u00e0 la protection des personnes physiques en ce qui concerne le\ntraitement des donn\u00e9es personnelles et leur libre circulation.<\/p>\n\n\n\n<p>L&rsquo;utilisateur\npeut \u00e0 tout moment exercer les droits d&rsquo;acc\u00e8s, d&rsquo;opposition, de rectification\net d&rsquo;annulation reconnus dans le r\u00e8glement susmentionn\u00e9 (UE). L&rsquo;exercice de ces\ndroits peut \u00eatre effectu\u00e9 par l&rsquo;utilisateur par courrier \u00e9lectronique \u00e0\nl&rsquo;adresse suivante: comunicaciones@burespro.com ou \u00e0 l&rsquo;adresse: rue Puig de\nSant Roc, 1 &#8211; E-17180 Vilablareix (Girona).<\/p>\n\n\n\n<p>L&rsquo;utilisateur\nd\u00e9clare que toutes les donn\u00e9es fournies par lui sont vraies et correctes, et\naccepte de les tenir \u00e0 jour, en communiquant les modifications \u00e0 BUR\u00c9S\nPROFESIONAL, S.A.<\/p>\n\n\n\n<p><strong>But du traitement des donn\u00e9es\npersonnelles:<\/strong><\/p>\n\n\n\n<p><strong>Dans quel but traiterons-nous vos\ndonn\u00e9es personnelles?<\/strong><\/p>\n\n\n\n<p>BUR\u00c9S\nPROFESIONAL, S.A., nous traiterons vos donn\u00e9es personnelles collect\u00e9es via le\nsite Web: www.burespro.com, aux fins suivantes:<\/p>\n\n\n\n<ol class=\"wp-block-list\"><li>En cas de sous-traitance des biens et services propos\u00e9s par le biais de www.burespro.com, maintenir la relation contractuelle, ainsi que la gestion, l&rsquo;administration, l&rsquo;information, la fourniture et l&rsquo;am\u00e9lioration du service.<\/li><li>Envoi des informations demand\u00e9es via les formulaires fournis sur www.burespro.com.<\/li><li>Envoyer des bulletins (newsletters), ainsi que des communications commerciales sur les promotions et \/ ou la publicit\u00e9 de BUR\u00c9S PROFESIONAL S.A. et le secteur.<\/li><\/ol>\n\n\n\n<p>Nous vous\nrappelons que vous pouvez vous opposer \u00e0 l&rsquo;envoi de communications commerciales\npar tout moyen et \u00e0 tout moment, en envoyant un courrier \u00e9lectronique \u00e0\nl&rsquo;adresse indiqu\u00e9e ci-dessus.<\/p>\n\n\n\n<p>Les\nchamps de ces registres sont \u00e0 compl\u00e9ter obligatoirement, \u00e9tant impossible de\nr\u00e9aliser les objectifs exprim\u00e9s si ces donn\u00e9es ne sont pas fournies.<\/p>\n\n\n\n<p><strong>Combien de temps les donn\u00e9es\npersonnelles collect\u00e9es sont-elles conserv\u00e9es?<\/strong><\/p>\n\n\n\n<p>Les\ndonn\u00e9es personnelles fournies seront conserv\u00e9es aussi longtemps que la relation\ncommerciale est maintenue ou que vous ne demandez pas sa suppression et pendant\nla p\u00e9riode pour laquelle des responsabilit\u00e9s l\u00e9gales peuvent survenir pour les\nservices rendus.<\/p>\n\n\n\n<p><strong>L\u00e9gitimation:<\/strong><\/p>\n\n\n\n<p>Le\ntraitement de vos donn\u00e9es se fait avec les bases juridiques suivantes qui le\nl\u00e9gitiment:<\/p>\n\n\n\n<ol class=\"wp-block-list\"><li>La demande d&rsquo;informations et \/ ou la location des services de BUR\u00c9S PROFESIONAL S.A., dont les termes et conditions seront mis \u00e0 votre disposition dans tous les cas, avant une \u00e9ventuelle passation de contrat.<\/li><li>Un consentement gratuit, sp\u00e9cifique, inform\u00e9 et sans ambigu\u00eft\u00e9, car nous vous informons en mettant \u00e0 disposition cette politique de confidentialit\u00e9, qui, apr\u00e8s lecture, si vous \u00eates d&rsquo;accord, vous pouvez accepter par une d\u00e9claration ou une action claire affirmative, comme le marquage d&rsquo;une case pr\u00e9vue \u00e0 cet effet.<\/li><\/ol>\n\n\n\n<p>Si vous\nne nous fournissez pas vos informations ou si vous le faites de mani\u00e8re erron\u00e9e\nou incompl\u00e8te, nous ne serons pas en mesure de r\u00e9pondre \u00e0 votre demande, car il\nest impossible de vous fournir les informations demand\u00e9es ou d&rsquo;effectuer le\ncontrat des services.<\/p>\n\n\n\n<p><strong>Destinataires:<\/strong><\/p>\n\n\n\n<p>Les\ndonn\u00e9es ne seront communiqu\u00e9es \u00e0 aucun tiers en dehors de BUR\u00c9S PROFESIONAL\nS.A., sauf obligation l\u00e9gale.<\/p>\n\n\n\n<p><strong>Donn\u00e9es collect\u00e9es par les utilisateurs\ndes services<\/strong><\/p>\n\n\n\n<p>Dans les\ncas o\u00f9 l&rsquo;utilisateur inclut des fichiers contenant des donn\u00e9es personnelles sur\ndes serveurs d&rsquo;h\u00e9bergement partag\u00e9s, BUR\u00c9S PROFESIONAL, S.A., n&rsquo;est pas\nresponsable de la violation par l&rsquo;utilisateur du RGPD.<\/p>\n\n\n\n<p><strong>Conservation des donn\u00e9es conform\u00e9ment \u00e0\nla LSSI<\/strong><\/p>\n\n\n\n<p>Bur\u00e9s\nProfesional, SA, informe qu&rsquo;en tant que fournisseur de services d&rsquo;h\u00e9bergement\net des donn\u00e9es en vertu des dispositions de la loi 34\/2002 du 11 Juillet,\nServices soci\u00e9t\u00e9 de l&rsquo;information et le commerce \u00e9lectronique (LSSI), conserve\npendant une p\u00e9riode maximale de 12 mois, les informations essentielles pour\nidentifier l&rsquo;origine des donn\u00e9es h\u00e9berg\u00e9es et le moment o\u00f9 la fourniture du\nservice a commenc\u00e9. La r\u00e9tention de ces donn\u00e9es ne porte pas atteinte au secret\ndes communications et ne peut \u00eatre utilis\u00e9 dans le cadre d&rsquo;une enqu\u00eate\ncriminelle ou pour prot\u00e9ger la s\u00e9curit\u00e9 publique et \u00e0 la disposition des juges\net \/ ou les tribunaux ou le minist\u00e8re afin de leur demande.<\/p>\n\n\n\n<p>La\ncommunication des donn\u00e9es aux forces et aux organes de l\u2019\u00c9tat se fera en vertu\ndes dispositions de la r\u00e9glementation sur la protection des donn\u00e9es \u00e0 caract\u00e8re\npersonnel.<\/p>\n\n\n\n<p><strong>Droits de propri\u00e9t\u00e9 intellectuelle BUR\u00c9S\nPROFESIONAL, S.A.<\/strong><\/p>\n\n\n\n<p>Bur\u00e9s\nProfesional, SA, d\u00e9tient tous les droits d&rsquo;auteur, la propri\u00e9t\u00e9 intellectuelle,\nindustrielle, \u00ab savoir comment \u00bb et tous les autres droits li\u00e9s au contenu du\nsite www.burespro.com et les services qui y sont offerts, et des programmes\nn\u00e9cessaires \u00e0 sa mise en \u0153uvre et aux informations connexes.<\/p>\n\n\n\n<p>La\nreproduction, la publication et \/ ou l&rsquo;utilisation non strictement priv\u00e9e des\ncontenus, totaux ou partiels, du site internet www.burespro.com sans accord\n\u00e9crit pr\u00e9alable est interdite.<\/p>\n\n\n\n<p><strong>Propri\u00e9t\u00e9 intellectuelle du logiciel<\/strong><\/p>\n\n\n\n<p>L&rsquo;utilisateur\ndoit respecter les programmes tiers mis \u00e0 sa disposition par BUR\u00c9S PROFESIONAL,\nS.A., m\u00eame s&rsquo;ils sont gratuits et \/ ou accessibles au public.<\/p>\n\n\n\n<p>BUR\u00c9S\nPROFESIONAL, S.A. dispose des droits d&rsquo;exploitation et de propri\u00e9t\u00e9\nintellectuelle n\u00e9cessaires pour le logiciel.<\/p>\n\n\n\n<p>L&rsquo;utilisateur\nn&rsquo;acquiert aucun droit ou licence par le service sous contrat, sur la n\u00e9cessit\u00e9\npour les logiciels de prestation de services, ni sur le service de suivi des\ninformations techniques, \u00e0 l&rsquo;exception des droits et licences n\u00e9cessaires \u00e0\nl&rsquo;ex\u00e9cution des services contractuels et seulement pendant leur dur\u00e9e.<\/p>\n\n\n\n<p>Pour\ntoute action qui d\u00e9passe la performance du contrat, l&rsquo;utilisateur doit avoir\nl&rsquo;autorisation \u00e9crite de Bures Profesional, SA, \u00e9tant interdit \u00e0 l&rsquo;utilisateur\nd&rsquo;acc\u00e9der, modifier, afficher la configuration, les serveurs de la structure et\nles fichiers appartenant \u00e0 Bur\u00e9s Profesional, SA, en supposant Responsabilit\u00e9\ncivile et p\u00e9nale d\u00e9coulant de tout incident pouvant survenir dans les serveurs\net les syst\u00e8mes de s\u00e9curit\u00e9 r\u00e9sultant directement d&rsquo;une action n\u00e9gligente ou\nmalveillante de leur part.<\/p>\n\n\n\n<p><strong>Exemption de responsabilit\u00e9s<\/strong><br> Le RESPONSABLE s&rsquo;exempte de n&rsquo;importe quelle sorte de responsabilit\u00e9 d\u00e9riv\u00e9e de l&rsquo;information publi\u00e9e dans son site Internet pourvu que cette information ait \u00e9t\u00e9 manipul\u00e9e ou introduite par un troisi\u00e8me \u00e9tranger \u00e0 celui-ci.<\/p>\n\n\n\n<p><strong>Emploi de&nbsp;Cookies<\/strong><br>Ce site Internet de pot utiliser&nbsp;cookies&nbsp;techniques (petites archives d&rsquo;information que le serveur envoie \u00e0 l&rsquo;ordinateur de qui acc\u00e8de \u00e0 la page) pour faire d\u00e9termin\u00e9es fonctions qui sont cens\u00e9es indispensables pour le correct fonctionnement et visualisation de l&rsquo;endroit. Les&nbsp;cookies&nbsp;utilis\u00e9s ont, dans tout cas, caract\u00e8re temporel, avec la seule finalit\u00e9 de faire plus efficace la navigation, et ils disparaissent en finissant la s\u00e9ance de l&rsquo;utilisateur. Dans aucun cas, celles-ci&nbsp;cookies&nbsp;fournissent par eux-m\u00eames donn\u00e9es de caract\u00e8re personnel et ils ne s&rsquo;utiliseront pas pour l&rsquo;attach\u00e9e de ceux-ci.<br> Moyennant l&#8217;emploi de&nbsp;cookies&nbsp;aussi est possible que le serveur o\u00f9 se trouve le web reconnaisse le navigateur utilis\u00e9 par l&rsquo;utilisateur afin que la navigation soit plus simple, en permettant, par exemple, l&rsquo;acc\u00e8s des utilisateurs que se soient fouill\u00e9s pr\u00e9alablement aux aires, services, promotions ou concours r\u00e9serv\u00e9s exclusivement \u00e0 eux sans devoir se fouiller dans chaque visite.<\/p>\n\n\n\n<p>Aussi se peuvent utiliser pour mesurer l&rsquo;audience, param\u00e8tres de transit, contr\u00f4ler le progr\u00e8s et nombre d&rsquo;entr\u00e9es, etc., en \u00e9tant dans ces cas&nbsp;cookies&nbsp;dispensables&nbsp;techniquement, mais b\u00e9n\u00e9fiques pour l&rsquo;utilisateur. Ce site Internet n&rsquo;installera pas&nbsp;cookies&nbsp;dispensables&nbsp;sans le consentement pr\u00e9alable de l&rsquo;utilisateur.<\/p>\n\n\n\n<p>L&rsquo;utilisateur a la possibilit\u00e9 de configurer son navigateur pour \u00eatre alert\u00e9 de la r\u00e9ception de&nbsp;cookies&nbsp;et pour emp\u00eacher son installation dans son \u00e9quipe. S&rsquo;il vous pla\u00eet, consulte les instructions de son navigateur pour \u00e9largir cette information.<\/p>\n\n\n\n<p><strong>Politique de liens<\/strong><\/p>\n\n\n\n<p>Depuis le site Internet, est possible que se redirige \u00e0 des contenus de troisi\u00e8mes sites Internet. \u00c9tant donn\u00e9 que le RESPONSABLE ne peut pas contr\u00f4ler toujours les contenus introduits par les troisi\u00e8mes dans ses respectifs sites Internet, il n&rsquo;assume pas aucune sorte de responsabilit\u00e9 par rapport \u00e0 ces contenus. Dans tout cas, proc\u00e9dera au retrait imm\u00e9diat de n&rsquo;importe quel contenu qu&rsquo;il puisse&nbsp;\u00e9nonciatif&nbsp;la l\u00e9gislation nationale ou internationale, la morale ou l&rsquo;ordre public, en proc\u00e9dant au retrait imm\u00e9diat de la redirection \u00e0 ce site Internet, en posant en connaissance des autorit\u00e9s comp\u00e9tentes le contenu en question.<br><\/p>\n\n\n\n<p>Le RESPONSABLE ne se fait pas responsable de l&rsquo;information et contenus stock\u00e9s, \u00e0 titre&nbsp;\u00e9nonciatif, mais ne&nbsp;limitant, dans des forums, chats, g\u00e9n\u00e9rateurs de blogues, commentaires, r\u00e9seaux sociaux ou n&rsquo;importe quel autre moyen qu&rsquo;il permette \u00e0 troisi\u00e8mes publier des contenus de fa\u00e7on ind\u00e9pendante dans la page web du RESPONSABLE. Pourtant, et en accomplissement du que se dispose dans les articles 11 et 16 de la&nbsp;LSSICE, il se met \u00e0 la disposition de tous les utilisateurs, autorit\u00e9s et forces de s\u00e9curit\u00e9, en collaborant de fa\u00e7on active dans le retrait ou, dans son cas, blocage de tous ces contenus qui puissent affecter ou&nbsp;\u00e9nonciatif&nbsp;la l\u00e9gislation nationale ou internationale, les droits de troisi\u00e8mes ou la morale et l&rsquo;ordre public. En cas que l&rsquo;utilisateur consid\u00e8re qu&rsquo;il existe dans le site Internet quelque contenu qui puisse \u00eatre susceptible de ce classement, il se supplie le notifie de fa\u00e7on imm\u00e9diate \u00e0 l&rsquo;administrateur du site Internet.<\/p>\n\n\n\n<p>Ce site Internet a \u00e9t\u00e9 r\u00e9vis\u00e9 et essay\u00e9 pour qu&rsquo;il fonctionne correctement. En principe, peut se garantir le correct fonctionnement les 365 jours de l&rsquo;ann\u00e9e, 24 heures au jour. Pourtant, le RESPONSABLE n&rsquo;\u00e9carte pas la possibilit\u00e9 qui existent certaines erreurs de programmation, ou qu&rsquo;ils deviennent des causes de force majeure, catastrophes naturelles, vagues ou circonstances semblables qui fassent impossible l&rsquo;acc\u00e8s \u00e0 la page web.<\/p>\n\n\n\n<p><strong>Adresses&nbsp;IP:<\/strong><\/p>\n\n\n\n<p>Les serveurs du site Internet pourront d\u00e9tecter de fa\u00e7on automatique l&rsquo;adresse&nbsp;IP&nbsp;et le nom de domaine utilis\u00e9s par l&rsquo;utilisateur. Une adresse&nbsp;IP&nbsp;est un num\u00e9ro assign\u00e9 automatiquement \u00e0 un ordinateur quand celui-ci se relie \u00e0 Internet. Toute cette information est fouill\u00e9e dans un fichier d&rsquo;activit\u00e9 du serveur d\u00fbment inscrit qu&rsquo;il permet le post\u00e9rieur traitement des donn\u00e9es afin d&rsquo;obtenir des mesurages uniquement statistiques qui permettent conna\u00eetre le nombre d&rsquo;impressions de pages, le nombre de visites r\u00e9alis\u00e9es aux serveurs web, l&rsquo;ordre de visites, le point d&rsquo;acc\u00e8s, etc.<\/p>\n\n\n\n<p><strong>Propri\u00e9t\u00e9 intellectuelle du contenu\nh\u00e9berg\u00e9<\/strong><\/p>\n\n\n\n<p>L&rsquo;utilisation\ncontraire \u00e0 la l\u00e9gislation sur la propri\u00e9t\u00e9 intellectuelle des services fournis\npar BUR\u00c9S PROFESIONAL, S.A. est interdite. Et notamment:<\/p>\n\n\n\n<ul class=\"wp-block-list\"><li>L\u2019utilisation contraire aux lois espagnoles ou portantes atteinte aux droits de tiers.<\/li><li>La publication ou la transmission de tout contenu qui, selon Bures PROFESSIONNELLE, S.A., est violent, obsc\u00e8ne, abusif, ill\u00e9gal, raciste, x\u00e9nophobe ou diffamatoire.<\/li><li>Les fissures, num\u00e9ros de s\u00e9rie des programmes ou tout autre contenu qui viole les droits de propri\u00e9t\u00e9 intellectuelle de tiers.<\/li><li>La collecte et \/ ou de l&rsquo;utilisation des donn\u00e9es personnelles des autres utilisateurs sans leur consentement expr\u00e8s ou contrevenir aux dispositions du r\u00e8glement (UE) 2016\/679 du Parlement europ\u00e9en et du Conseil du 27 Avril 2016 la protection des personnes physiques en ce qui concerne le traitement des donn\u00e9es personnelles et la libre circulation de celles-ci.<\/li><li>L\u2019utilisation du serveur de messagerie du domaine et des adresses \u00e9lectroniques pour l\u2019envoi de courrier ind\u00e9sirable.<\/li><\/ul>\n\n\n\n<p>L&rsquo;utilisateur\nest enti\u00e8rement responsable du contenu de son site Web, des informations\ntransmises et stock\u00e9es, des liens hypertextes, des r\u00e9clamations de tiers et des\nactions en justice relatives \u00e0 la propri\u00e9t\u00e9 intellectuelle, aux droits de tiers\net \u00e0 la protection des mineurs.<\/p>\n\n\n\n<p>L&rsquo;utilisateur\nest responsable des lois et r\u00e8glements en vigueur et des r\u00e8gles relatives au\nfonctionnement du service en ligne, au commerce \u00e9lectronique, au droit d&rsquo;auteur,\nau maintien de l&rsquo;ordre public, ainsi qu&rsquo;aux principes universels d&rsquo;utilisation\nd&rsquo;Internet.<\/p>\n\n\n\n<p>L&rsquo;utilisateur\nindemnisera BUR\u00c9S PROFESIONAL, S.A. pour les frais g\u00e9n\u00e9r\u00e9s par l&rsquo;imputation de\nBUR\u00c9S PROFESIONAL, S.A. dans tous les cas dont la responsabilit\u00e9 est imputable\n\u00e0 l&rsquo;utilisateur, y compris les frais et d\u00e9pens de d\u00e9fense, m\u00eame en cas de\nd\u00e9cision judiciaire non d\u00e9finitive.<\/p>\n\n\n\n<p><strong>Protection des informations h\u00e9berg\u00e9es<\/strong><\/p>\n\n\n\n<p>BUR\u00c9S\nPROFESIONAL, S.A. fait des copies de sauvegarde du contenu h\u00e9berg\u00e9 sur ses\nserveurs, cependant, n&rsquo;est pas responsable de la perte ou de la suppression\naccidentelle de donn\u00e9es par les utilisateurs. De m\u00eame, il ne garantit pas le\nremplacement total des donn\u00e9es supprim\u00e9es par les utilisateurs, car les donn\u00e9es\nsusmentionn\u00e9es auraient pu \u00eatre supprim\u00e9es et \/ ou modifi\u00e9es pendant la p\u00e9riode\n\u00e9coul\u00e9e depuis la derni\u00e8re sauvegarde.<\/p>\n\n\n\n<p>Les\nservices propos\u00e9s, \u00e0 l&rsquo;exception des services de sauvegarde sp\u00e9cifiques,\nn&rsquo;incluent pas le remplacement des contenus conserv\u00e9s dans les copies de\nsauvegarde effectu\u00e9es par BUR\u00c9S PROFESIONAL, S.A., lorsque cette perte est\nimputable \u00e0 l&rsquo;utilisateur; dans ce cas, un taux sera d\u00e9termin\u00e9 en fonction de\nla complexit\u00e9 et du volume de la r\u00e9cup\u00e9ration, toujours lors de l&rsquo;acceptation\nde l&rsquo;utilisateur.<\/p>\n\n\n\n<p>Le\nremplacement des donn\u00e9es supprim\u00e9es est uniquement inclus dans le prix du\nservice lorsque la perte de contenu est due \u00e0 des causes imputables \u00e0 BUR\u00c9S\nPROFESIONAL, S.A.<\/p>\n\n\n\n<p><strong>Communications commerciales<\/strong><\/p>\n\n\n\n<p>En\napplication de la LSSI. BUR\u00c9S PROFESIONAL, S.A. Il ne transmettra pas de\ncommunications publicitaires ou promotionnelles par courrier \u00e9lectronique ou\ntout autre moyen de communication \u00e9lectronique \u00e9quivalent qui n\u2019aurait pas \u00e9t\u00e9\npr\u00e9alablement demand\u00e9 ou express\u00e9ment autoris\u00e9 par les destinataires de la\nm\u00eame.<\/p>\n\n\n\n<p>Dans le\ncas des utilisateurs avec lesquels il existe une relation contractuelle\npr\u00e9alable, BUR\u00c9S PROFESIONAL, S.A. Oui, vous \u00eates autoris\u00e9 \u00e0 envoyer des\ncommunications commerciales concernant les produits ou services de BUR\u00c9S\nPROFESIONAL, S.A. qui sont similaires \u00e0 ceux qui \u00e9taient initialement l&rsquo;objet\nd&rsquo;un contrat avec le client.<\/p>\n\n\n\n<p>En tout\n\u00e9tat de cause, l&rsquo;utilisateur, apr\u00e8s avoir prouv\u00e9 son identit\u00e9, peut demander\nqu&rsquo;aucune information commerciale ne lui soit transmise par les canaux du\nservice client\u00e8le.<\/p>\n","protected":false},"excerpt":{"rendered":"<p>BUR\u00c9S PROFESIONAL, SA, en application de la r\u00e9glementation en vigueur sur la protection des donn\u00e9es personnelles, informe que les donn\u00e9es personnelles collect\u00e9es via les formulaires du site Web: www.burespro.com, sont incluses dans les fichiers automatis\u00e9s sp\u00e9cifique aux utilisateurs de services de protection des donn\u00e9es. La collecte et le traitement automatis\u00e9 des donn\u00e9es personnelles ont pour [&hellip;]<\/p>\n","protected":false},"author":1,"featured_media":0,"parent":0,"menu_order":0,"comment_status":"closed","ping_status":"closed","template":"","meta":{"_acf_changed":false,"inline_featured_image":false,"footnotes":""},"class_list":["post-7976","page","type-page","status-publish","hentry"],"acf":[],"yoast_head":"<!-- This site is optimized with the Yoast SEO plugin v26.7 - https:\/\/yoast.com\/wordpress\/plugins\/seo\/ -->\n<title>Politique de Confidentialit\u00e9 | Bur\u00e9s Profesional<\/title>\n<meta name=\"robots\" content=\"noindex, follow\" \/>\n<meta property=\"og:locale\" content=\"fr_FR\" \/>\n<meta property=\"og:type\" content=\"article\" \/>\n<meta property=\"og:title\" content=\"Politique de Confidentialit\u00e9 | Bur\u00e9s Profesional\" \/>\n<meta property=\"og:description\" content=\"BUR\u00c9S PROFESIONAL, SA, en application de la r\u00e9glementation en vigueur sur la protection des donn\u00e9es personnelles, informe que les donn\u00e9es personnelles collect\u00e9es via les formulaires du site Web: www.burespro.com, sont incluses dans les fichiers automatis\u00e9s sp\u00e9cifique aux utilisateurs de services de protection des donn\u00e9es. La collecte et le traitement automatis\u00e9 des donn\u00e9es personnelles ont pour [&hellip;]\" \/>\n<meta property=\"og:url\" content=\"https:\/\/www.burespro.com\/fr\/politique-de-confidentialite\/\" \/>\n<meta property=\"og:site_name\" content=\"Bur\u00e9s Profesional\" \/>\n<meta property=\"article:publisher\" content=\"https:\/\/www.facebook.com\/buresprofesionalsa\" \/>\n<meta property=\"article:modified_time\" content=\"2020-03-26T10:07:17+00:00\" \/>\n<meta name=\"twitter:card\" content=\"summary_large_image\" \/>\n<meta name=\"twitter:label1\" content=\"Dur\u00e9e de lecture estim\u00e9e\" \/>\n\t<meta name=\"twitter:data1\" content=\"12 minutes\" \/>\n<script type=\"application\/ld+json\" class=\"yoast-schema-graph\">{\"@context\":\"https:\/\/schema.org\",\"@graph\":[{\"@type\":\"WebPage\",\"@id\":\"https:\/\/www.burespro.com\/fr\/politique-de-confidentialite\/\",\"url\":\"https:\/\/www.burespro.com\/fr\/politique-de-confidentialite\/\",\"name\":\"Politique de Confidentialit\u00e9 | Bur\u00e9s Profesional\",\"isPartOf\":{\"@id\":\"https:\/\/www.burespro.com\/#website\"},\"datePublished\":\"2020-01-27T16:36:32+00:00\",\"dateModified\":\"2020-03-26T10:07:17+00:00\",\"breadcrumb\":{\"@id\":\"https:\/\/www.burespro.com\/fr\/politique-de-confidentialite\/#breadcrumb\"},\"inLanguage\":\"fr-FR\",\"potentialAction\":[{\"@type\":\"ReadAction\",\"target\":[\"https:\/\/www.burespro.com\/fr\/politique-de-confidentialite\/\"]}]},{\"@type\":\"BreadcrumbList\",\"@id\":\"https:\/\/www.burespro.com\/fr\/politique-de-confidentialite\/#breadcrumb\",\"itemListElement\":[{\"@type\":\"ListItem\",\"position\":1,\"name\":\"Inici\",\"item\":\"https:\/\/www.burespro.com\/fr\/\"},{\"@type\":\"ListItem\",\"position\":2,\"name\":\"Politique de Confidentialit\u00e9\"}]},{\"@type\":\"WebSite\",\"@id\":\"https:\/\/www.burespro.com\/#website\",\"url\":\"https:\/\/www.burespro.com\/\",\"name\":\"Bur\u00e9s Profesional\",\"description\":\"Fabricants de terres, substrats de cultiu, fertilitzants i adobs org\u00e0nics\",\"potentialAction\":[{\"@type\":\"SearchAction\",\"target\":{\"@type\":\"EntryPoint\",\"urlTemplate\":\"https:\/\/www.burespro.com\/?s={search_term_string}\"},\"query-input\":{\"@type\":\"PropertyValueSpecification\",\"valueRequired\":true,\"valueName\":\"search_term_string\"}}],\"inLanguage\":\"fr-FR\"}]}<\/script>\n<!-- \/ Yoast SEO plugin. -->","yoast_head_json":{"title":"Politique de Confidentialit\u00e9 | Bur\u00e9s Profesional","robots":{"index":"noindex","follow":"follow"},"og_locale":"fr_FR","og_type":"article","og_title":"Politique de Confidentialit\u00e9 | Bur\u00e9s Profesional","og_description":"BUR\u00c9S PROFESIONAL, SA, en application de la r\u00e9glementation en vigueur sur la protection des donn\u00e9es personnelles, informe que les donn\u00e9es personnelles collect\u00e9es via les formulaires du site Web: www.burespro.com, sont incluses dans les fichiers automatis\u00e9s sp\u00e9cifique aux utilisateurs de services de protection des donn\u00e9es. La collecte et le traitement automatis\u00e9 des donn\u00e9es personnelles ont pour [&hellip;]","og_url":"https:\/\/www.burespro.com\/fr\/politique-de-confidentialite\/","og_site_name":"Bur\u00e9s Profesional","article_publisher":"https:\/\/www.facebook.com\/buresprofesionalsa","article_modified_time":"2020-03-26T10:07:17+00:00","twitter_card":"summary_large_image","twitter_misc":{"Dur\u00e9e de lecture estim\u00e9e":"12 minutes"},"schema":{"@context":"https:\/\/schema.org","@graph":[{"@type":"WebPage","@id":"https:\/\/www.burespro.com\/fr\/politique-de-confidentialite\/","url":"https:\/\/www.burespro.com\/fr\/politique-de-confidentialite\/","name":"Politique de Confidentialit\u00e9 | Bur\u00e9s Profesional","isPartOf":{"@id":"https:\/\/www.burespro.com\/#website"},"datePublished":"2020-01-27T16:36:32+00:00","dateModified":"2020-03-26T10:07:17+00:00","breadcrumb":{"@id":"https:\/\/www.burespro.com\/fr\/politique-de-confidentialite\/#breadcrumb"},"inLanguage":"fr-FR","potentialAction":[{"@type":"ReadAction","target":["https:\/\/www.burespro.com\/fr\/politique-de-confidentialite\/"]}]},{"@type":"BreadcrumbList","@id":"https:\/\/www.burespro.com\/fr\/politique-de-confidentialite\/#breadcrumb","itemListElement":[{"@type":"ListItem","position":1,"name":"Inici","item":"https:\/\/www.burespro.com\/fr\/"},{"@type":"ListItem","position":2,"name":"Politique de Confidentialit\u00e9"}]},{"@type":"WebSite","@id":"https:\/\/www.burespro.com\/#website","url":"https:\/\/www.burespro.com\/","name":"Bur\u00e9s Profesional","description":"Fabricants de terres, substrats de cultiu, fertilitzants i adobs org\u00e0nics","potentialAction":[{"@type":"SearchAction","target":{"@type":"EntryPoint","urlTemplate":"https:\/\/www.burespro.com\/?s={search_term_string}"},"query-input":{"@type":"PropertyValueSpecification","valueRequired":true,"valueName":"search_term_string"}}],"inLanguage":"fr-FR"}]}},"_links":{"self":[{"href":"https:\/\/www.burespro.com\/fr\/wp-json\/wp\/v2\/pages\/7976","targetHints":{"allow":["GET"]}}],"collection":[{"href":"https:\/\/www.burespro.com\/fr\/wp-json\/wp\/v2\/pages"}],"about":[{"href":"https:\/\/www.burespro.com\/fr\/wp-json\/wp\/v2\/types\/page"}],"author":[{"embeddable":true,"href":"https:\/\/www.burespro.com\/fr\/wp-json\/wp\/v2\/users\/1"}],"replies":[{"embeddable":true,"href":"https:\/\/www.burespro.com\/fr\/wp-json\/wp\/v2\/comments?post=7976"}],"version-history":[{"count":7,"href":"https:\/\/www.burespro.com\/fr\/wp-json\/wp\/v2\/pages\/7976\/revisions"}],"predecessor-version":[{"id":14258,"href":"https:\/\/www.burespro.com\/fr\/wp-json\/wp\/v2\/pages\/7976\/revisions\/14258"}],"wp:attachment":[{"href":"https:\/\/www.burespro.com\/fr\/wp-json\/wp\/v2\/media?parent=7976"}],"curies":[{"name":"wp","href":"https:\/\/api.w.org\/{rel}","templated":true}]}}