{"id":13988,"date":"2020-03-04T11:29:19","date_gmt":"2020-03-04T11:29:19","guid":{"rendered":"https:\/\/burespro.neorgvirtual.com\/abono-organico\/"},"modified":"2020-03-24T09:37:45","modified_gmt":"2020-03-24T09:37:45","slug":"recherche-et-developpement","status":"publish","type":"page","link":"https:\/\/www.burespro.com\/fr\/recherche-et-developpement\/","title":{"rendered":"Recherche et D\u00e9veloppement"},"content":{"rendered":"\n<p>Nous maintenons un niveau important en mati\u00e8re de recherche et d\u00e9veloppement de produits de qualit\u00e9, adapt\u00e9 aux besoins de nos clients et conforme aux nouvelles tendances du march\u00e9, \u00e0 un prix ajust\u00e9 \u00e0 la qualit\u00e9 du produit.<\/p>\n\n\n\n<p>Les derni\u00e8res avanc\u00e9es en mati\u00e8re d\u2019innovation (recherche, d\u00e9veloppement et innovation) nous ont permis de d\u00e9velopper des substrats sp\u00e9ciaux pour toitures jardin\u00e9es ; substrats et engrais organiques utilisables dans l\u2019agriculture \u00e9cologique et l\u2019entr\u00e9e vers de nouveaux secteurs tels que la biomasse et les biocarburants.<\/p>\n","protected":false},"excerpt":{"rendered":"<p>Nous maintenons un niveau important en mati\u00e8re de recherche et d\u00e9veloppement de produits de qualit\u00e9, adapt\u00e9 aux besoins de nos clients et conforme aux nouvelles tendances du march\u00e9, \u00e0 un prix ajust\u00e9 \u00e0 la qualit\u00e9 du produit. Les derni\u00e8res avanc\u00e9es en mati\u00e8re d\u2019innovation (recherche, d\u00e9veloppement et innovation) nous ont permis de d\u00e9velopper des substrats sp\u00e9ciaux [&hellip;]<\/p>\n","protected":false},"author":1,"featured_media":0,"parent":0,"menu_order":0,"comment_status":"closed","ping_status":"closed","template":"page-id.php","meta":{"_acf_changed":false,"inline_featured_image":false,"footnotes":""},"class_list":["post-13988","page","type-page","status-publish","hentry"],"acf":[],"yoast_head":"<!-- This site is optimized with the Yoast SEO plugin v26.7 - https:\/\/yoast.com\/wordpress\/plugins\/seo\/ -->\n<title>R&amp;D pour engrais organiques et substrats sp\u00e9ciaux | Bur\u00e9s Profesional<\/title>\n<meta name=\"description\" content=\"L&#039;innovation en R&amp;D de Bur\u00e9s permet le d\u00e9veloppement de substrats sp\u00e9ciaux et d&#039;engrais organiques utilisables en agriculture biologique.\" \/>\n<meta name=\"robots\" content=\"index, follow, max-snippet:-1, max-image-preview:large, max-video-preview:-1\" \/>\n<link rel=\"canonical\" href=\"https:\/\/www.burespro.com\/fr\/recherche-et-developpement\/\" \/>\n<meta property=\"og:locale\" content=\"fr_FR\" \/>\n<meta property=\"og:type\" content=\"article\" \/>\n<meta property=\"og:title\" content=\"R&amp;D pour engrais organiques et substrats sp\u00e9ciaux | Bur\u00e9s Profesional\" \/>\n<meta property=\"og:description\" content=\"L&#039;innovation en R&amp;D de Bur\u00e9s permet le d\u00e9veloppement de substrats sp\u00e9ciaux et d&#039;engrais organiques utilisables en agriculture biologique.\" \/>\n<meta property=\"og:url\" content=\"https:\/\/www.burespro.com\/fr\/recherche-et-developpement\/\" \/>\n<meta property=\"og:site_name\" content=\"Bur\u00e9s Profesional\" \/>\n<meta property=\"article:publisher\" content=\"https:\/\/www.facebook.com\/buresprofesionalsa\" \/>\n<meta property=\"article:modified_time\" content=\"2020-03-24T09:37:45+00:00\" \/>\n<meta name=\"twitter:card\" content=\"summary_large_image\" \/>\n<script type=\"application\/ld+json\" class=\"yoast-schema-graph\">{\"@context\":\"https:\/\/schema.org\",\"@graph\":[{\"@type\":\"WebPage\",\"@id\":\"https:\/\/www.burespro.com\/fr\/recherche-et-developpement\/\",\"url\":\"https:\/\/www.burespro.com\/fr\/recherche-et-developpement\/\",\"name\":\"R&D pour engrais organiques et substrats sp\u00e9ciaux | Bur\u00e9s Profesional\",\"isPartOf\":{\"@id\":\"https:\/\/www.burespro.com\/#website\"},\"datePublished\":\"2020-03-04T11:29:19+00:00\",\"dateModified\":\"2020-03-24T09:37:45+00:00\",\"description\":\"L'innovation en R&D de Bur\u00e9s permet le d\u00e9veloppement de substrats sp\u00e9ciaux et d'engrais organiques utilisables en agriculture biologique.\",\"breadcrumb\":{\"@id\":\"https:\/\/www.burespro.com\/fr\/recherche-et-developpement\/#breadcrumb\"},\"inLanguage\":\"fr-FR\",\"potentialAction\":[{\"@type\":\"ReadAction\",\"target\":[\"https:\/\/www.burespro.com\/fr\/recherche-et-developpement\/\"]}]},{\"@type\":\"BreadcrumbList\",\"@id\":\"https:\/\/www.burespro.com\/fr\/recherche-et-developpement\/#breadcrumb\",\"itemListElement\":[{\"@type\":\"ListItem\",\"position\":1,\"name\":\"Inici\",\"item\":\"https:\/\/www.burespro.com\/fr\/\"},{\"@type\":\"ListItem\",\"position\":2,\"name\":\"Recherche et D\u00e9veloppement\"}]},{\"@type\":\"WebSite\",\"@id\":\"https:\/\/www.burespro.com\/#website\",\"url\":\"https:\/\/www.burespro.com\/\",\"name\":\"Bur\u00e9s Profesional\",\"description\":\"Fabricants de terres, substrats de cultiu, fertilitzants i adobs org\u00e0nics\",\"potentialAction\":[{\"@type\":\"SearchAction\",\"target\":{\"@type\":\"EntryPoint\",\"urlTemplate\":\"https:\/\/www.burespro.com\/?s={search_term_string}\"},\"query-input\":{\"@type\":\"PropertyValueSpecification\",\"valueRequired\":true,\"valueName\":\"search_term_string\"}}],\"inLanguage\":\"fr-FR\"}]}<\/script>\n<!-- \/ Yoast SEO plugin. -->","yoast_head_json":{"title":"R&D pour engrais organiques et substrats sp\u00e9ciaux | Bur\u00e9s Profesional","description":"L'innovation en R&D de Bur\u00e9s permet le d\u00e9veloppement de substrats sp\u00e9ciaux et d'engrais organiques utilisables en agriculture biologique.","robots":{"index":"index","follow":"follow","max-snippet":"max-snippet:-1","max-image-preview":"max-image-preview:large","max-video-preview":"max-video-preview:-1"},"canonical":"https:\/\/www.burespro.com\/fr\/recherche-et-developpement\/","og_locale":"fr_FR","og_type":"article","og_title":"R&D pour engrais organiques et substrats sp\u00e9ciaux | Bur\u00e9s Profesional","og_description":"L'innovation en R&D de Bur\u00e9s permet le d\u00e9veloppement de substrats sp\u00e9ciaux et d'engrais organiques utilisables en agriculture biologique.","og_url":"https:\/\/www.burespro.com\/fr\/recherche-et-developpement\/","og_site_name":"Bur\u00e9s Profesional","article_publisher":"https:\/\/www.facebook.com\/buresprofesionalsa","article_modified_time":"2020-03-24T09:37:45+00:00","twitter_card":"summary_large_image","schema":{"@context":"https:\/\/schema.org","@graph":[{"@type":"WebPage","@id":"https:\/\/www.burespro.com\/fr\/recherche-et-developpement\/","url":"https:\/\/www.burespro.com\/fr\/recherche-et-developpement\/","name":"R&D pour engrais organiques et substrats sp\u00e9ciaux | Bur\u00e9s Profesional","isPartOf":{"@id":"https:\/\/www.burespro.com\/#website"},"datePublished":"2020-03-04T11:29:19+00:00","dateModified":"2020-03-24T09:37:45+00:00","description":"L'innovation en R&D de Bur\u00e9s permet le d\u00e9veloppement de substrats sp\u00e9ciaux et d'engrais organiques utilisables en agriculture biologique.","breadcrumb":{"@id":"https:\/\/www.burespro.com\/fr\/recherche-et-developpement\/#breadcrumb"},"inLanguage":"fr-FR","potentialAction":[{"@type":"ReadAction","target":["https:\/\/www.burespro.com\/fr\/recherche-et-developpement\/"]}]},{"@type":"BreadcrumbList","@id":"https:\/\/www.burespro.com\/fr\/recherche-et-developpement\/#breadcrumb","itemListElement":[{"@type":"ListItem","position":1,"name":"Inici","item":"https:\/\/www.burespro.com\/fr\/"},{"@type":"ListItem","position":2,"name":"Recherche et D\u00e9veloppement"}]},{"@type":"WebSite","@id":"https:\/\/www.burespro.com\/#website","url":"https:\/\/www.burespro.com\/","name":"Bur\u00e9s Profesional","description":"Fabricants de terres, substrats de cultiu, fertilitzants i adobs org\u00e0nics","potentialAction":[{"@type":"SearchAction","target":{"@type":"EntryPoint","urlTemplate":"https:\/\/www.burespro.com\/?s={search_term_string}"},"query-input":{"@type":"PropertyValueSpecification","valueRequired":true,"valueName":"search_term_string"}}],"inLanguage":"fr-FR"}]}},"_links":{"self":[{"href":"https:\/\/www.burespro.com\/fr\/wp-json\/wp\/v2\/pages\/13988","targetHints":{"allow":["GET"]}}],"collection":[{"href":"https:\/\/www.burespro.com\/fr\/wp-json\/wp\/v2\/pages"}],"about":[{"href":"https:\/\/www.burespro.com\/fr\/wp-json\/wp\/v2\/types\/page"}],"author":[{"embeddable":true,"href":"https:\/\/www.burespro.com\/fr\/wp-json\/wp\/v2\/users\/1"}],"replies":[{"embeddable":true,"href":"https:\/\/www.burespro.com\/fr\/wp-json\/wp\/v2\/comments?post=13988"}],"version-history":[{"count":4,"href":"https:\/\/www.burespro.com\/fr\/wp-json\/wp\/v2\/pages\/13988\/revisions"}],"predecessor-version":[{"id":14063,"href":"https:\/\/www.burespro.com\/fr\/wp-json\/wp\/v2\/pages\/13988\/revisions\/14063"}],"wp:attachment":[{"href":"https:\/\/www.burespro.com\/fr\/wp-json\/wp\/v2\/media?parent=13988"}],"curies":[{"name":"wp","href":"https:\/\/api.w.org\/{rel}","templated":true}]}}