{"id":13981,"date":"2020-03-03T15:31:08","date_gmt":"2020-03-03T15:31:08","guid":{"rendered":"https:\/\/burespro.neorgvirtual.com\/conocenos\/"},"modified":"2020-03-24T09:18:59","modified_gmt":"2020-03-24T09:18:59","slug":"entreprise","status":"publish","type":"page","link":"https:\/\/www.burespro.com\/fr\/entreprise\/","title":{"rendered":"Entreprise"},"content":{"rendered":"\n<p><strong>BUR\u00c9S PROFESIONAL<\/strong> est une entreprise qui est n\u00e9e en 1983 et qui se trouve \u00e0&nbsp; Vilablareix (Girona) et se consacre \u00e0 la fabrication de substrats de jardinerie, substrats de culture, engrais min\u00e9raux et engrais organiques, ainsi qu\u2019aux produits pour la biomasse, les carburants et les biofiltres.<\/p>\n\n\n\n<p>Les substrats et engrais min\u00e9raux sont commercialis\u00e9s sous les marques PRODEASA et SICOSA.<\/p>\n\n\n\n<p><strong>PRODEASA<\/strong> est une marque sp\u00e9cialis\u00e9e dans la fabrication de substrats, de mati\u00e8res premi\u00e8res pour la fabrication de substrats et m\u00e9langes pour la culture hors-sol appliqu\u00e9e \u00e0 la production horticole et ornementale, p\u00e9pini\u00e8re et jardinerie. Elle englobe diff\u00e9rents types de produits comme les substrats, les terres v\u00e9g\u00e9tales et les couvre-sols (mulching), entre autres.&nbsp;<\/p>\n\n\n\n<p><strong>SICOSA<\/strong> est une marque forte d\u2019une vaste exp\u00e9rience dans le secteur des fruits et l\u00e9gumes. \u00c2g\u00e9e de plus de 50 ans, elle dispose d\u2019un large \u00e9ventail d\u2019engrais min\u00e9raux : amendements, engrais organiques, organo-min\u00e9raux, \u00e0 lib\u00e9ration lente et contr\u00f4l\u00e9e, des engrais solubles, engrais foliaires, micros \u00e9l\u00e9ments ch\u00e9lates, hydrogels, tourbes et sacs de culture, beaucoup de ces produits \u00e9tant aptes pour l\u2019agriculture \u00e9cologique.<br><\/p>\n","protected":false},"excerpt":{"rendered":"<p>BUR\u00c9S PROFESIONAL est une entreprise qui est n\u00e9e en 1983 et qui se trouve \u00e0&nbsp; Vilablareix (Girona) et se consacre \u00e0 la fabrication de substrats de jardinerie, substrats de culture, engrais min\u00e9raux et engrais organiques, ainsi qu\u2019aux produits pour la biomasse, les carburants et les biofiltres. Les substrats et engrais min\u00e9raux sont commercialis\u00e9s sous les [&hellip;]<\/p>\n","protected":false},"author":1,"featured_media":0,"parent":0,"menu_order":0,"comment_status":"closed","ping_status":"closed","template":"page-conocenos.php","meta":{"_acf_changed":false,"inline_featured_image":false,"footnotes":""},"class_list":["post-13981","page","type-page","status-publish","hentry"],"acf":[],"yoast_head":"<!-- This site is optimized with the Yoast SEO plugin v26.7 - https:\/\/yoast.com\/wordpress\/plugins\/seo\/ -->\n<title>Bur\u00e9s Profesional | Fabrication mati\u00e8res premi\u00e8res agriculture et jardinage<\/title>\n<meta name=\"description\" content=\"Nous fabriquons des mati\u00e8res premi\u00e8res pour la pr\u00e9paration de substrats, des engrais organiques et des engrais pour l&#039;agriculture et le jardinage.\" \/>\n<meta name=\"robots\" content=\"index, follow, max-snippet:-1, max-image-preview:large, max-video-preview:-1\" \/>\n<link rel=\"canonical\" href=\"https:\/\/www.burespro.com\/fr\/entreprise\/\" \/>\n<meta property=\"og:locale\" content=\"fr_FR\" \/>\n<meta property=\"og:type\" content=\"article\" \/>\n<meta property=\"og:title\" content=\"Bur\u00e9s Profesional | Fabrication mati\u00e8res premi\u00e8res agriculture et jardinage\" \/>\n<meta property=\"og:description\" content=\"Nous fabriquons des mati\u00e8res premi\u00e8res pour la pr\u00e9paration de substrats, des engrais organiques et des engrais pour l&#039;agriculture et le jardinage.\" \/>\n<meta property=\"og:url\" content=\"https:\/\/www.burespro.com\/fr\/entreprise\/\" \/>\n<meta property=\"og:site_name\" content=\"Bur\u00e9s Profesional\" \/>\n<meta property=\"article:publisher\" content=\"https:\/\/www.facebook.com\/buresprofesionalsa\" \/>\n<meta property=\"article:modified_time\" content=\"2020-03-24T09:18:59+00:00\" \/>\n<meta name=\"twitter:card\" content=\"summary_large_image\" \/>\n<meta name=\"twitter:label1\" content=\"Dur\u00e9e de lecture estim\u00e9e\" \/>\n\t<meta name=\"twitter:data1\" content=\"1 minute\" \/>\n<script type=\"application\/ld+json\" class=\"yoast-schema-graph\">{\"@context\":\"https:\/\/schema.org\",\"@graph\":[{\"@type\":\"WebPage\",\"@id\":\"https:\/\/www.burespro.com\/fr\/entreprise\/\",\"url\":\"https:\/\/www.burespro.com\/fr\/entreprise\/\",\"name\":\"Bur\u00e9s Profesional | Fabrication mati\u00e8res premi\u00e8res agriculture et jardinage\",\"isPartOf\":{\"@id\":\"https:\/\/www.burespro.com\/#website\"},\"datePublished\":\"2020-03-03T15:31:08+00:00\",\"dateModified\":\"2020-03-24T09:18:59+00:00\",\"description\":\"Nous fabriquons des mati\u00e8res premi\u00e8res pour la pr\u00e9paration de substrats, des engrais organiques et des engrais pour l'agriculture et le jardinage.\",\"breadcrumb\":{\"@id\":\"https:\/\/www.burespro.com\/fr\/entreprise\/#breadcrumb\"},\"inLanguage\":\"fr-FR\",\"potentialAction\":[{\"@type\":\"ReadAction\",\"target\":[\"https:\/\/www.burespro.com\/fr\/entreprise\/\"]}]},{\"@type\":\"BreadcrumbList\",\"@id\":\"https:\/\/www.burespro.com\/fr\/entreprise\/#breadcrumb\",\"itemListElement\":[{\"@type\":\"ListItem\",\"position\":1,\"name\":\"Inici\",\"item\":\"https:\/\/www.burespro.com\/fr\/\"},{\"@type\":\"ListItem\",\"position\":2,\"name\":\"Entreprise\"}]},{\"@type\":\"WebSite\",\"@id\":\"https:\/\/www.burespro.com\/#website\",\"url\":\"https:\/\/www.burespro.com\/\",\"name\":\"Bur\u00e9s Profesional\",\"description\":\"Fabricants de terres, substrats de cultiu, fertilitzants i adobs org\u00e0nics\",\"potentialAction\":[{\"@type\":\"SearchAction\",\"target\":{\"@type\":\"EntryPoint\",\"urlTemplate\":\"https:\/\/www.burespro.com\/?s={search_term_string}\"},\"query-input\":{\"@type\":\"PropertyValueSpecification\",\"valueRequired\":true,\"valueName\":\"search_term_string\"}}],\"inLanguage\":\"fr-FR\"}]}<\/script>\n<!-- \/ Yoast SEO plugin. -->","yoast_head_json":{"title":"Bur\u00e9s Profesional | Fabrication mati\u00e8res premi\u00e8res agriculture et jardinage","description":"Nous fabriquons des mati\u00e8res premi\u00e8res pour la pr\u00e9paration de substrats, des engrais organiques et des engrais pour l'agriculture et le jardinage.","robots":{"index":"index","follow":"follow","max-snippet":"max-snippet:-1","max-image-preview":"max-image-preview:large","max-video-preview":"max-video-preview:-1"},"canonical":"https:\/\/www.burespro.com\/fr\/entreprise\/","og_locale":"fr_FR","og_type":"article","og_title":"Bur\u00e9s Profesional | Fabrication mati\u00e8res premi\u00e8res agriculture et jardinage","og_description":"Nous fabriquons des mati\u00e8res premi\u00e8res pour la pr\u00e9paration de substrats, des engrais organiques et des engrais pour l'agriculture et le jardinage.","og_url":"https:\/\/www.burespro.com\/fr\/entreprise\/","og_site_name":"Bur\u00e9s Profesional","article_publisher":"https:\/\/www.facebook.com\/buresprofesionalsa","article_modified_time":"2020-03-24T09:18:59+00:00","twitter_card":"summary_large_image","twitter_misc":{"Dur\u00e9e de lecture estim\u00e9e":"1 minute"},"schema":{"@context":"https:\/\/schema.org","@graph":[{"@type":"WebPage","@id":"https:\/\/www.burespro.com\/fr\/entreprise\/","url":"https:\/\/www.burespro.com\/fr\/entreprise\/","name":"Bur\u00e9s Profesional | Fabrication mati\u00e8res premi\u00e8res agriculture et jardinage","isPartOf":{"@id":"https:\/\/www.burespro.com\/#website"},"datePublished":"2020-03-03T15:31:08+00:00","dateModified":"2020-03-24T09:18:59+00:00","description":"Nous fabriquons des mati\u00e8res premi\u00e8res pour la pr\u00e9paration de substrats, des engrais organiques et des engrais pour l'agriculture et le jardinage.","breadcrumb":{"@id":"https:\/\/www.burespro.com\/fr\/entreprise\/#breadcrumb"},"inLanguage":"fr-FR","potentialAction":[{"@type":"ReadAction","target":["https:\/\/www.burespro.com\/fr\/entreprise\/"]}]},{"@type":"BreadcrumbList","@id":"https:\/\/www.burespro.com\/fr\/entreprise\/#breadcrumb","itemListElement":[{"@type":"ListItem","position":1,"name":"Inici","item":"https:\/\/www.burespro.com\/fr\/"},{"@type":"ListItem","position":2,"name":"Entreprise"}]},{"@type":"WebSite","@id":"https:\/\/www.burespro.com\/#website","url":"https:\/\/www.burespro.com\/","name":"Bur\u00e9s Profesional","description":"Fabricants de terres, substrats de cultiu, fertilitzants i adobs org\u00e0nics","potentialAction":[{"@type":"SearchAction","target":{"@type":"EntryPoint","urlTemplate":"https:\/\/www.burespro.com\/?s={search_term_string}"},"query-input":{"@type":"PropertyValueSpecification","valueRequired":true,"valueName":"search_term_string"}}],"inLanguage":"fr-FR"}]}},"_links":{"self":[{"href":"https:\/\/www.burespro.com\/fr\/wp-json\/wp\/v2\/pages\/13981","targetHints":{"allow":["GET"]}}],"collection":[{"href":"https:\/\/www.burespro.com\/fr\/wp-json\/wp\/v2\/pages"}],"about":[{"href":"https:\/\/www.burespro.com\/fr\/wp-json\/wp\/v2\/types\/page"}],"author":[{"embeddable":true,"href":"https:\/\/www.burespro.com\/fr\/wp-json\/wp\/v2\/users\/1"}],"replies":[{"embeddable":true,"href":"https:\/\/www.burespro.com\/fr\/wp-json\/wp\/v2\/comments?post=13981"}],"version-history":[{"count":5,"href":"https:\/\/www.burespro.com\/fr\/wp-json\/wp\/v2\/pages\/13981\/revisions"}],"predecessor-version":[{"id":14046,"href":"https:\/\/www.burespro.com\/fr\/wp-json\/wp\/v2\/pages\/13981\/revisions\/14046"}],"wp:attachment":[{"href":"https:\/\/www.burespro.com\/fr\/wp-json\/wp\/v2\/media?parent=13981"}],"curies":[{"name":"wp","href":"https:\/\/api.w.org\/{rel}","templated":true}]}}