{"id":8083,"date":"2020-02-20T14:49:45","date_gmt":"2020-02-20T14:49:45","guid":{"rendered":"https:\/\/burespro.neorgvirtual.com\/actualitat\/"},"modified":"2020-02-20T14:49:45","modified_gmt":"2020-02-20T14:49:45","slug":"actualitat","status":"publish","type":"page","link":"https:\/\/www.burespro.com\/en\/actualitat\/","title":{"rendered":"Actualitat"},"content":{"rendered":"","protected":false},"excerpt":{"rendered":"","protected":false},"author":1,"featured_media":0,"parent":0,"menu_order":0,"comment_status":"closed","ping_status":"closed","template":"","meta":{"_acf_changed":false,"inline_featured_image":false,"footnotes":""},"class_list":["post-8083","page","type-page","status-publish","hentry"],"acf":[],"yoast_head":"<!-- This site is optimized with the Yoast SEO plugin v26.7 - https:\/\/yoast.com\/wordpress\/plugins\/seo\/ -->\n<title>Not\u00edcies i actualitat en substrats, adobs i fertilitzants | Bur\u00e9s Profesional<\/title>\n<meta name=\"description\" content=\"Consulta les \u00faltimes novetats i tend\u00e8ncies de mercat en la fabricaci\u00f3 de mat\u00e8ries primeres per als sectors de l&#039;agricultura ecol\u00f2gica i la jardineria.\" \/>\n<meta name=\"robots\" content=\"index, follow, max-snippet:-1, max-image-preview:large, max-video-preview:-1\" \/>\n<link rel=\"canonical\" href=\"https:\/\/www.burespro.com\/en\/actualitat\/\" \/>\n<meta property=\"og:locale\" content=\"en_US\" \/>\n<meta property=\"og:type\" content=\"article\" \/>\n<meta property=\"og:title\" content=\"Not\u00edcies i actualitat en substrats, adobs i fertilitzants | Bur\u00e9s Profesional\" \/>\n<meta property=\"og:description\" content=\"Consulta les \u00faltimes novetats i tend\u00e8ncies de mercat en la fabricaci\u00f3 de mat\u00e8ries primeres per als sectors de l&#039;agricultura ecol\u00f2gica i la jardineria.\" \/>\n<meta property=\"og:url\" content=\"https:\/\/www.burespro.com\/en\/actualitat\/\" \/>\n<meta property=\"og:site_name\" content=\"Bur\u00e9s Profesional\" \/>\n<meta property=\"article:publisher\" content=\"https:\/\/www.facebook.com\/buresprofesionalsa\" \/>\n<meta name=\"twitter:card\" content=\"summary_large_image\" \/>\n<script type=\"application\/ld+json\" class=\"yoast-schema-graph\">{\"@context\":\"https:\/\/schema.org\",\"@graph\":[{\"@type\":\"WebPage\",\"@id\":\"https:\/\/www.burespro.com\/en\/actualitat\/\",\"url\":\"https:\/\/www.burespro.com\/en\/actualitat\/\",\"name\":\"Not\u00edcies i actualitat en substrats, adobs i fertilitzants | Bur\u00e9s Profesional\",\"isPartOf\":{\"@id\":\"https:\/\/www.burespro.com\/#website\"},\"datePublished\":\"2020-02-20T14:49:45+00:00\",\"description\":\"Consulta les \u00faltimes novetats i tend\u00e8ncies de mercat en la fabricaci\u00f3 de mat\u00e8ries primeres per als sectors de l'agricultura ecol\u00f2gica i la jardineria.\",\"breadcrumb\":{\"@id\":\"https:\/\/www.burespro.com\/en\/actualitat\/#breadcrumb\"},\"inLanguage\":\"en-US\",\"potentialAction\":[{\"@type\":\"ReadAction\",\"target\":[\"https:\/\/www.burespro.com\/en\/actualitat\/\"]}]},{\"@type\":\"BreadcrumbList\",\"@id\":\"https:\/\/www.burespro.com\/en\/actualitat\/#breadcrumb\",\"itemListElement\":[{\"@type\":\"ListItem\",\"position\":1,\"name\":\"Inici\",\"item\":\"https:\/\/www.burespro.com\/en\/\"},{\"@type\":\"ListItem\",\"position\":2,\"name\":\"Actualitat\"}]},{\"@type\":\"WebSite\",\"@id\":\"https:\/\/www.burespro.com\/#website\",\"url\":\"https:\/\/www.burespro.com\/\",\"name\":\"Bur\u00e9s Profesional\",\"description\":\"Fabricants de terres, substrats de cultiu, fertilitzants i adobs org\u00e0nics\",\"potentialAction\":[{\"@type\":\"SearchAction\",\"target\":{\"@type\":\"EntryPoint\",\"urlTemplate\":\"https:\/\/www.burespro.com\/?s={search_term_string}\"},\"query-input\":{\"@type\":\"PropertyValueSpecification\",\"valueRequired\":true,\"valueName\":\"search_term_string\"}}],\"inLanguage\":\"en-US\"}]}<\/script>\n<!-- \/ Yoast SEO plugin. -->","yoast_head_json":{"title":"Not\u00edcies i actualitat en substrats, adobs i fertilitzants | Bur\u00e9s Profesional","description":"Consulta les \u00faltimes novetats i tend\u00e8ncies de mercat en la fabricaci\u00f3 de mat\u00e8ries primeres per als sectors de l'agricultura ecol\u00f2gica i la jardineria.","robots":{"index":"index","follow":"follow","max-snippet":"max-snippet:-1","max-image-preview":"max-image-preview:large","max-video-preview":"max-video-preview:-1"},"canonical":"https:\/\/www.burespro.com\/en\/actualitat\/","og_locale":"en_US","og_type":"article","og_title":"Not\u00edcies i actualitat en substrats, adobs i fertilitzants | Bur\u00e9s Profesional","og_description":"Consulta les \u00faltimes novetats i tend\u00e8ncies de mercat en la fabricaci\u00f3 de mat\u00e8ries primeres per als sectors de l'agricultura ecol\u00f2gica i la jardineria.","og_url":"https:\/\/www.burespro.com\/en\/actualitat\/","og_site_name":"Bur\u00e9s Profesional","article_publisher":"https:\/\/www.facebook.com\/buresprofesionalsa","twitter_card":"summary_large_image","schema":{"@context":"https:\/\/schema.org","@graph":[{"@type":"WebPage","@id":"https:\/\/www.burespro.com\/en\/actualitat\/","url":"https:\/\/www.burespro.com\/en\/actualitat\/","name":"Not\u00edcies i actualitat en substrats, adobs i fertilitzants | Bur\u00e9s Profesional","isPartOf":{"@id":"https:\/\/www.burespro.com\/#website"},"datePublished":"2020-02-20T14:49:45+00:00","description":"Consulta les \u00faltimes novetats i tend\u00e8ncies de mercat en la fabricaci\u00f3 de mat\u00e8ries primeres per als sectors de l'agricultura ecol\u00f2gica i la jardineria.","breadcrumb":{"@id":"https:\/\/www.burespro.com\/en\/actualitat\/#breadcrumb"},"inLanguage":"en-US","potentialAction":[{"@type":"ReadAction","target":["https:\/\/www.burespro.com\/en\/actualitat\/"]}]},{"@type":"BreadcrumbList","@id":"https:\/\/www.burespro.com\/en\/actualitat\/#breadcrumb","itemListElement":[{"@type":"ListItem","position":1,"name":"Inici","item":"https:\/\/www.burespro.com\/en\/"},{"@type":"ListItem","position":2,"name":"Actualitat"}]},{"@type":"WebSite","@id":"https:\/\/www.burespro.com\/#website","url":"https:\/\/www.burespro.com\/","name":"Bur\u00e9s Profesional","description":"Fabricants de terres, substrats de cultiu, fertilitzants i adobs org\u00e0nics","potentialAction":[{"@type":"SearchAction","target":{"@type":"EntryPoint","urlTemplate":"https:\/\/www.burespro.com\/?s={search_term_string}"},"query-input":{"@type":"PropertyValueSpecification","valueRequired":true,"valueName":"search_term_string"}}],"inLanguage":"en-US"}]}},"_links":{"self":[{"href":"https:\/\/www.burespro.com\/en\/wp-json\/wp\/v2\/pages\/8083","targetHints":{"allow":["GET"]}}],"collection":[{"href":"https:\/\/www.burespro.com\/en\/wp-json\/wp\/v2\/pages"}],"about":[{"href":"https:\/\/www.burespro.com\/en\/wp-json\/wp\/v2\/types\/page"}],"author":[{"embeddable":true,"href":"https:\/\/www.burespro.com\/en\/wp-json\/wp\/v2\/users\/1"}],"replies":[{"embeddable":true,"href":"https:\/\/www.burespro.com\/en\/wp-json\/wp\/v2\/comments?post=8083"}],"version-history":[{"count":0,"href":"https:\/\/www.burespro.com\/en\/wp-json\/wp\/v2\/pages\/8083\/revisions"}],"wp:attachment":[{"href":"https:\/\/www.burespro.com\/en\/wp-json\/wp\/v2\/media?parent=8083"}],"curies":[{"name":"wp","href":"https:\/\/api.w.org\/{rel}","templated":true}]}}