{"id":7975,"date":"2020-01-27T16:36:32","date_gmt":"2020-01-27T16:36:32","guid":{"rendered":"https:\/\/burespro.neorgvirtual.com\/politica-privacidad\/"},"modified":"2020-03-26T10:07:13","modified_gmt":"2020-03-26T10:07:13","slug":"politica-privacidad","status":"publish","type":"page","link":"https:\/\/www.burespro.com\/en\/politica-privacidad\/","title":{"rendered":"Privacy Policy"},"content":{"rendered":"\n<p>BUR\u00c9S\nPROFESIONAL, SA, in application of current regulations on the protection of\npersonal data, informs that the personal data collected through the forms of the\nWebsite: www.burespro.com, are included in the automated files specific to\nusers of data protection services.<\/p>\n\n\n\n<p>The\ncollection and automated processing of personal data is intended to maintain\nthe commercial relationship and the performance of information tasks, training,\nadvice and other activities of BUR\u00c9S PROFESIONAL, S.A.<\/p>\n\n\n\n<p>These\ndata will only be transferred to those entities that are necessary with the\nsole purpose of fulfilling the purpose set forth above.<\/p>\n\n\n\n<p>BUR\u00c9S\nPROFESIONAL, S.A. takes the necessary measures to ensure the security,\nintegrity and confidentiality of the data in accordance with the provisions of\nRegulation (EU) 2016\/679 of the European Parliament and of the Council of 27\nApril 2016 on the protection of natural persons with regard to the processing\nof personal data and the free circulation thereof.<\/p>\n\n\n\n<p>The\nuser may at any time exercise the rights of access, opposition, rectification\nand cancellation recognized in the aforementioned Regulation (EU). The exercise\nof these rights can be done by the user through email to: comunicaciones@burespro.com\nor at the address: Puig de Sant Roc Street, 1 &#8211; E-17180 Vilablareix (Girona).<\/p>\n\n\n\n<p>The\nuser states that all data provided by him are true and correct, and agrees to\nkeep them updated, communicating the changes to BUR\u00c9S PROFESIONAL, S.A.<\/p>\n\n\n\n<p><strong>Purpose of the processing of personal\ndata:<\/strong><\/p>\n\n\n\n<p><strong>With what purpose will we treat your\npersonal data?<\/strong><\/p>\n\n\n\n<p>BUR\u00c9S\nPROFESIONAL, S.A., we will treat your personal data collected through the\nWebsite: www.burespro.com, with the following purposes:<\/p>\n\n\n\n<ol class=\"wp-block-list\"><li>In case of contracting the goods and services offered through www.burespro.com, to maintain the contractual relationship, as well as the management, administration, information, provision and improvement of the service.<\/li><li>Sending requested information through the forms provided at www.burespro.com.<\/li><li>Send bulletins (newsletters), as well as commercial communications of promotions and \/ or advertising of BUR\u00c9S PROFESIONAL S.A. and the sector.<\/li><\/ol>\n\n\n\n<p>We\nremind you that you can oppose the sending of commercial communications by any\nmeans and at any time, by sending an email to the address indicated above.<\/p>\n\n\n\n<p>The\nfields of these registries are of obligatory completion, being impossible to\nrealize the expressed purposes if these data are not provided.<\/p>\n\n\n\n<p><strong>How long are the personal data collected\nretained?<\/strong><\/p>\n\n\n\n<p>The\npersonal data provided will be kept as long as the commercial relationship is\nmaintained or you do not request its deletion and during the period for which\nlegal liabilities may arise for the services rendered.<\/p>\n\n\n\n<p><strong>Legitimation:<\/strong><\/p>\n\n\n\n<p>The\ntreatment of your data is done with the following legal bases that legitimize\nit:<\/p>\n\n\n\n<ol class=\"wp-block-list\"><li>The request for information and \/ or the hiring of the services of BUR\u00c9S PROFESIONAL S.A., whose terms and conditions will be made available to you in any case, prior to a possible contracting.<\/li><li>Free, specific, informed and unambiguous consent, as we inform you by making available this privacy policy, which after reading the same, if you agree, you can accept by a statement or clear action affirmative, such as the marking of a box provided for this purpose.<\/li><\/ol>\n\n\n\n<p>In\ncase you do not provide us with your information or you do it in an erroneous\nor incomplete way, we will not be able to meet your request, since it is\nimpossible to provide you with the information requested or to carry out the\ncontracting of the services.<\/p>\n\n\n\n<p><strong>Recipients:<\/strong><\/p>\n\n\n\n<p>The\ndata will not be communicated to any third party outside BUR\u00c9S PROFESIONAL\nS.A., except legal obligation.<\/p>\n\n\n\n<p><strong>Data collected by users of the\nservices<\/strong><\/p>\n\n\n\n<p>In\ncases where the user includes files with personal data on shared hosting\nservers, BUR\u00c9S PROFESIONAL, S.A., is not responsible for the breach by the user\nof the GRDP.<\/p>\n\n\n\n<p>Data\nretention in accordance with the LSIS<\/p>\n\n\n\n<p>BUR\u00c9S\nPROFESIONAL, SA, informs that, as a provider of data hosting service and by\nvirtue of the provisions of Law 34\/2002 of July 11, Services of the Information\nSociety and Electronic Commerce (LSIS), it retains for a maximum period of 12\nmonths the information essential to identify the origin of the data hosted and\nthe moment in which the provision of the service began. The retention of these\ndata does not affect the secrecy of communications and may only be used in the\ncontext of a criminal investigation or for the safeguarding of public safety,\nplacing itself at the disposal of judges and \/ or courts or the Ministry that\nso requires. .<\/p>\n\n\n\n<p>The\ncommunication of data to the Forces and Bodies of the State will be done in\nvirtue of the provisions of the regulations on the protection of personal data.<\/p>\n\n\n\n<p><strong>Intellectual property rights BUR\u00c9S\nPROFESIONAL, S.A.<\/strong><\/p>\n\n\n\n<p>BUR\u00c9S\nPROFESIONAL, SA, is the owner of all the copyright, intellectual property,\nindustrial, &#8220;know how&#8221; and how many other rights are related to the\ncontents of the website www.burespro.com and the services offered therein, as\nwell as of the programs necessary for its implementation and related\ninformation.<\/p>\n\n\n\n<p>The\nreproduction, publication and \/ or non-strictly private use of the contents,\ntotal or partial, of the www.burespro.com website without prior written consent\nis not allowed.<\/p>\n\n\n\n<p><strong>Intellectual property of the software<\/strong><\/p>\n\n\n\n<p>The\nuser must respect the third party programs placed at their disposal by BUR\u00c9S\nPROFESIONAL, S.A., even though they are free and \/ or publicly available.<\/p>\n\n\n\n<p>BUR\u00c9S\nPROFESIONAL, S.A., has the necessary exploitation and intellectual property\nrights for the software.<\/p>\n\n\n\n<p>The\nuser does not acquire any right or license for the service contracted, on the\nsoftware necessary for the provision of the service, nor on the technical\ninformation to monitor the service, except for the rights and licenses\nnecessary for the fulfillment of the services contracted and only during the\nduration of them.<\/p>\n\n\n\n<p>For\nany action that exceeds the fulfillment of the contract, the user will need\nauthorization in writing from BUR\u00c9S PROFESIONAL, SA, being forbidden to the\nuser to access, modify, visualize the configuration, structure and files of the\nservers owned by BUR\u00c9S PROFESIONAL, SA, assuming civil and criminal liability\narising from any incident that may occur in the servers and security systems as\na direct result of negligent or malicious action on their part.<\/p>\n\n\n\n<p><strong>Disclaimer<\/strong><br>\nEl RESPONSABLE se exime de cualquier tipo de responsabilidad derivada de la\ninformaci\u00f3n publicada en su sitio web siempre que esta informaci\u00f3n haya sido\nmanipulada o introducida por un tercero ajeno a este.<\/p>\n\n\n\n<p><strong>Uso de\nCookies<\/strong><br>\nEste sitio web de bote utilizar cookies t\u00e9cnicas (peque\u00f1os archivos de\ninformaci\u00f3n que el servidor env\u00eda al ordenador de quien accede en la p\u00e1gina)\npara llevar a cabo determinadas funciones que son consideradas imprescindibles\npara el correcto funcionamiento y visualizaci\u00f3n del lugar. Las cookies\nutilizadas tienen, en todo caso, car\u00e1cter temporal, con la \u00fanica finalidad de\nhacer m\u00e1s eficaz la navegaci\u00f3n, y desaparecen al acabar la sesi\u00f3n del usuario.\nEn ning\u00fan caso, estas cookies proporcionan por s\u00ed mismos datos de car\u00e1cter\npersonal y no se utilizar\u00e1n para la recogida de estos.<br>\nMediante el uso de cookies tambi\u00e9n es posible que el servidor donde se\nencuentra la web reconozca el navegador utilizado por el usuario con el fin de\nque la navegaci\u00f3n sea m\u00e1s sencilla, permitiendo, por ejemplo, el acceso de los\nusuarios que se hayan registrado previamente a las \u00e1reas, servicios,\npromociones o concursos reservados exclusivamente a ellos sin tener que\nregistrarse en cada visita.<br>\nTambi\u00e9n se pueden utilizar para mesurar la audiencia, par\u00e1metros de tr\u00e1fico,\ncontrolar el progreso y n\u00famero de entradas, etc., siente en estos casos\ngalletas prescindibles t\u00e9cnicamente, pero beneficiosas para el usuario. Este\nsitio web no instalar\u00e1 galletas prescindibles sin el consentimiento previo del\nusuario.<br>\nEl usuario tiene la posibilidad de configurar su navegador para ser alertado de\nla recepci\u00f3n de cookies y para impedir su instalaci\u00f3n en su equipo. Por favor,\nconsulte las instrucciones de su navegador para ampliar esta informaci\u00f3n.<\/p>\n\n\n\n<p><strong>Politician of links<\/strong><br>\nSince the website, is possible that redirect at contents of third websites.\nAttended that the MANAGER cannot control always the contents introduced by the\nthird at his respective websites, does not assume any type of responsibility\nwith regard to these contents. In any event, it will proceed at the immediate\nwithdrawal of any content that could contravene the national or international\nlegislation, the morale or the public order, proceeding at the immediate\nwithdrawal of directs it at this website, posing at ken of the competent\nauthorities the content in question.<br>\nThe MANAGER does not do manager of the information and contents stored, at\ntitle billed, but does not limit, at forums, chats, generators of blogs,\ncomments, social meshes or any one other mode that permit at third publish\ncontents of independent way at the website of the MANAGER. Nevertheless, and at\nfulfilment of the that has at the articles 11 and 16 of the&nbsp;LSSICE, poses\nat the willingness of all the users, authorities and forces of security,\ncollaborating of active way at the withdrawal or, at his case, blockade of all\nthose contents that can affect or contravene the national or international\nlegislation, the royalties of third or the morale and the public order. At case\nthat the user consider that it exists at the website some content that could\nsusceptible being of this classification, prays notify it of immediate way at\nthe administrator of the website.<br>\nThis website has been revised and proved so that it functions properly. In\nprinciple, it can guarantee the correct operation the 365 days of the year, 24\nhours by the day. Nevertheless, the MANAGER does not dismiss the possibility\nthat exist some errors of programming, or that they become causes of main\nforce, natural catastrophes, vague or alike circumstances that do impossible\nthe access at the website.<\/p>\n\n\n\n<p><strong>IP Addresses:<\/strong><\/p>\n\n\n\n<p>The servers of the website will be able to detect of\nautomatic way the address IP and the name of command utilised by the user. An\naddress IP is a number assigned automatically at a computer when this connects\nat Internet. All this information is registered at a file of activity of the\nduly inscribed server that it permits the posterior processing of the data with\nthe purpose to obtain measurements only statistical that permit to meet the\nnumeral of impressions of pages, the numeral of visits realised at the servers\nweb, the order of visits, the point of access, etc.<\/p>\n\n\n\n<p><strong>Intellectual property of hosted\ncontent<\/strong><\/p>\n\n\n\n<p>The\nuse contrary to the legislation on intellectual property of the services\nprovided by BUR\u00c9S PROFESIONAL, S.A. is prohibited. And, in particular:<\/p>\n\n\n\n<ul class=\"wp-block-list\"><li>The use that is contrary to Spanish laws or that infringes the rights of third parties.<\/li><li>The publication or transmission of any content that, in the opinion of BUR\u00c9S PROFESIONAL, S.A., is violent, obscene, abusive, illegal, racial, xenophobic or defamatory.<\/li><li>The cracks, serial numbers of programs or any other content that violates the intellectual property rights of third parties.<\/li><li>The collection and \/ or use of personal data of other users without their express consent or in contravention of the provisions of Regulation (EU) 2016\/679 of the European Parliament and of the Council, of April 27, 2016, regarding the protection of persons with regard to the processing of personal data and the free movement of same.<\/li><li>The use of the mail server of the domain and of the email addresses for the sending of unwanted mass mail.<\/li><\/ul>\n\n\n\n<p>The\nuser has full responsibility for the content of its website, the transmitted\nand stored information, the hypertext links, the claims of third parties and\nthe legal actions in reference to intellectual property, rights of third\nparties and protection of minors.<\/p>\n\n\n\n<p>The\nuser is responsible with respect to the laws and regulations in force and the\nrules that have to do with the operation of the online service, electronic\ncommerce, copyright, maintenance of public order, as well as universal\nprinciples of Internet use.<\/p>\n\n\n\n<p>The\nuser will indemnify BUR\u00c9S PROFESIONAL, S.A. for the expenses generated by the\nimputation of BUR\u00c9S PROFESIONAL, S.A. in any case, whose responsibility was\nattributable to the user, including legal defense fees and expenses, even in\nthe case of a non-final judicial decision.<\/p>\n\n\n\n<p><strong>Protection of hosted information<\/strong><\/p>\n\n\n\n<p>BUR\u00c9S\nPROFESIONAL, S.A. makes backup copies of the content hosted on its servers,\nhowever, is not responsible for the loss or accidental deletion of data by\nusers. Similarly, it does not guarantee the total replacement of data deleted\nby users, since the aforementioned data could have been deleted and \/ or\nmodified during the period of time since the last backup.<\/p>\n\n\n\n<p>The\nservices offered, except the specific backup services, do not include the\nreplacement of the contents preserved in the backup copies made by BUR\u00c9S\nPROFESIONAL, S.A., when this loss is attributable to the user; in this case, a\nrate will be determined according to the complexity and volume of the recovery,\nalways upon user acceptance.<\/p>\n\n\n\n<p>The\nreplacement of deleted data is only included in the price of the service when\nthe loss of content is due to causes attributable to BUR\u00c9S PROFESIONAL, S.A.<\/p>\n\n\n\n<p><strong>Commercial communications<\/strong><\/p>\n\n\n\n<p>In\napplication of the LSIS. BUR\u00c9S PROFESIONAL, S.A. It will not send advertising\nor promotional communications by electronic mail or any other equivalent means\nof electronic communication that previously had not been requested or expressly\nauthorized by the addressees of the same.<\/p>\n\n\n\n<p>In\nthe case of users with whom there is a prior contractual relationship, BUR\u00c9S\nPROFESIONAL, S.A. Yes, you are authorized to send commercial communications\nregarding products or services of BUR\u00c9S PROFESIONAL, S.A. that are similar to\nthose that were initially the object of contracting with the client.<\/p>\n\n\n\n<p>In\nany case, the user, after proving his identity, may request that no more\ncommercial information be sent to him through the Customer Service channels.<\/p>\n","protected":false},"excerpt":{"rendered":"<p>BUR\u00c9S PROFESIONAL, SA, in application of current regulations on the protection of personal data, informs that the personal data collected through the forms of the Website: www.burespro.com, are included in the automated files specific to users of data protection services. The collection and automated processing of personal data is intended to maintain the commercial relationship [&hellip;]<\/p>\n","protected":false},"author":1,"featured_media":0,"parent":0,"menu_order":0,"comment_status":"closed","ping_status":"closed","template":"","meta":{"_acf_changed":false,"inline_featured_image":false,"footnotes":""},"class_list":["post-7975","page","type-page","status-publish","hentry"],"acf":[],"yoast_head":"<!-- This site is optimized with the Yoast SEO plugin v26.7 - https:\/\/yoast.com\/wordpress\/plugins\/seo\/ -->\n<title>Privacy Policy | Bur\u00e9s Profesional<\/title>\n<meta name=\"robots\" content=\"noindex, follow\" \/>\n<meta property=\"og:locale\" content=\"en_US\" \/>\n<meta property=\"og:type\" content=\"article\" \/>\n<meta property=\"og:title\" content=\"Privacy Policy | Bur\u00e9s Profesional\" \/>\n<meta property=\"og:description\" content=\"BUR\u00c9S PROFESIONAL, SA, in application of current regulations on the protection of personal data, informs that the personal data collected through the forms of the Website: www.burespro.com, are included in the automated files specific to users of data protection services. The collection and automated processing of personal data is intended to maintain the commercial relationship [&hellip;]\" \/>\n<meta property=\"og:url\" content=\"https:\/\/www.burespro.com\/en\/politica-privacidad\/\" \/>\n<meta property=\"og:site_name\" content=\"Bur\u00e9s Profesional\" \/>\n<meta property=\"article:publisher\" content=\"https:\/\/www.facebook.com\/buresprofesionalsa\" \/>\n<meta property=\"article:modified_time\" content=\"2020-03-26T10:07:13+00:00\" \/>\n<meta name=\"twitter:card\" content=\"summary_large_image\" \/>\n<meta name=\"twitter:label1\" content=\"Est. reading time\" \/>\n\t<meta name=\"twitter:data1\" content=\"12 minutes\" \/>\n<script type=\"application\/ld+json\" class=\"yoast-schema-graph\">{\"@context\":\"https:\/\/schema.org\",\"@graph\":[{\"@type\":\"WebPage\",\"@id\":\"https:\/\/www.burespro.com\/en\/politica-privacidad\/\",\"url\":\"https:\/\/www.burespro.com\/en\/politica-privacidad\/\",\"name\":\"Privacy Policy | Bur\u00e9s Profesional\",\"isPartOf\":{\"@id\":\"https:\/\/www.burespro.com\/#website\"},\"datePublished\":\"2020-01-27T16:36:32+00:00\",\"dateModified\":\"2020-03-26T10:07:13+00:00\",\"breadcrumb\":{\"@id\":\"https:\/\/www.burespro.com\/en\/politica-privacidad\/#breadcrumb\"},\"inLanguage\":\"en-US\",\"potentialAction\":[{\"@type\":\"ReadAction\",\"target\":[\"https:\/\/www.burespro.com\/en\/politica-privacidad\/\"]}]},{\"@type\":\"BreadcrumbList\",\"@id\":\"https:\/\/www.burespro.com\/en\/politica-privacidad\/#breadcrumb\",\"itemListElement\":[{\"@type\":\"ListItem\",\"position\":1,\"name\":\"Inici\",\"item\":\"https:\/\/www.burespro.com\/en\/\"},{\"@type\":\"ListItem\",\"position\":2,\"name\":\"Privacy Policy\"}]},{\"@type\":\"WebSite\",\"@id\":\"https:\/\/www.burespro.com\/#website\",\"url\":\"https:\/\/www.burespro.com\/\",\"name\":\"Bur\u00e9s Profesional\",\"description\":\"Fabricants de terres, substrats de cultiu, fertilitzants i adobs org\u00e0nics\",\"potentialAction\":[{\"@type\":\"SearchAction\",\"target\":{\"@type\":\"EntryPoint\",\"urlTemplate\":\"https:\/\/www.burespro.com\/?s={search_term_string}\"},\"query-input\":{\"@type\":\"PropertyValueSpecification\",\"valueRequired\":true,\"valueName\":\"search_term_string\"}}],\"inLanguage\":\"en-US\"}]}<\/script>\n<!-- \/ Yoast SEO plugin. -->","yoast_head_json":{"title":"Privacy Policy | Bur\u00e9s Profesional","robots":{"index":"noindex","follow":"follow"},"og_locale":"en_US","og_type":"article","og_title":"Privacy Policy | Bur\u00e9s Profesional","og_description":"BUR\u00c9S PROFESIONAL, SA, in application of current regulations on the protection of personal data, informs that the personal data collected through the forms of the Website: www.burespro.com, are included in the automated files specific to users of data protection services. The collection and automated processing of personal data is intended to maintain the commercial relationship [&hellip;]","og_url":"https:\/\/www.burespro.com\/en\/politica-privacidad\/","og_site_name":"Bur\u00e9s Profesional","article_publisher":"https:\/\/www.facebook.com\/buresprofesionalsa","article_modified_time":"2020-03-26T10:07:13+00:00","twitter_card":"summary_large_image","twitter_misc":{"Est. reading time":"12 minutes"},"schema":{"@context":"https:\/\/schema.org","@graph":[{"@type":"WebPage","@id":"https:\/\/www.burespro.com\/en\/politica-privacidad\/","url":"https:\/\/www.burespro.com\/en\/politica-privacidad\/","name":"Privacy Policy | Bur\u00e9s Profesional","isPartOf":{"@id":"https:\/\/www.burespro.com\/#website"},"datePublished":"2020-01-27T16:36:32+00:00","dateModified":"2020-03-26T10:07:13+00:00","breadcrumb":{"@id":"https:\/\/www.burespro.com\/en\/politica-privacidad\/#breadcrumb"},"inLanguage":"en-US","potentialAction":[{"@type":"ReadAction","target":["https:\/\/www.burespro.com\/en\/politica-privacidad\/"]}]},{"@type":"BreadcrumbList","@id":"https:\/\/www.burespro.com\/en\/politica-privacidad\/#breadcrumb","itemListElement":[{"@type":"ListItem","position":1,"name":"Inici","item":"https:\/\/www.burespro.com\/en\/"},{"@type":"ListItem","position":2,"name":"Privacy Policy"}]},{"@type":"WebSite","@id":"https:\/\/www.burespro.com\/#website","url":"https:\/\/www.burespro.com\/","name":"Bur\u00e9s Profesional","description":"Fabricants de terres, substrats de cultiu, fertilitzants i adobs org\u00e0nics","potentialAction":[{"@type":"SearchAction","target":{"@type":"EntryPoint","urlTemplate":"https:\/\/www.burespro.com\/?s={search_term_string}"},"query-input":{"@type":"PropertyValueSpecification","valueRequired":true,"valueName":"search_term_string"}}],"inLanguage":"en-US"}]}},"_links":{"self":[{"href":"https:\/\/www.burespro.com\/en\/wp-json\/wp\/v2\/pages\/7975","targetHints":{"allow":["GET"]}}],"collection":[{"href":"https:\/\/www.burespro.com\/en\/wp-json\/wp\/v2\/pages"}],"about":[{"href":"https:\/\/www.burespro.com\/en\/wp-json\/wp\/v2\/types\/page"}],"author":[{"embeddable":true,"href":"https:\/\/www.burespro.com\/en\/wp-json\/wp\/v2\/users\/1"}],"replies":[{"embeddable":true,"href":"https:\/\/www.burespro.com\/en\/wp-json\/wp\/v2\/comments?post=7975"}],"version-history":[{"count":7,"href":"https:\/\/www.burespro.com\/en\/wp-json\/wp\/v2\/pages\/7975\/revisions"}],"predecessor-version":[{"id":14257,"href":"https:\/\/www.burespro.com\/en\/wp-json\/wp\/v2\/pages\/7975\/revisions\/14257"}],"wp:attachment":[{"href":"https:\/\/www.burespro.com\/en\/wp-json\/wp\/v2\/media?parent=7975"}],"curies":[{"name":"wp","href":"https:\/\/api.w.org\/{rel}","templated":true}]}}