{"id":9575,"date":"2020-03-10T14:36:19","date_gmt":"2020-03-10T15:47:27","guid":{"rendered":"https:\/\/burespro.neorgvirtual.com\/product\/vigorhumus-pellet-ecologic\/"},"modified":"2020-05-21T10:11:06","modified_gmt":"2020-05-21T08:11:06","slug":"vigorhumus-pellet-ecologic","status":"publish","type":"product","link":"https:\/\/www.burespro.com\/ca\/product\/vigorhumus-pellet-ecologic\/","title":{"rendered":"VIGORHUMUS PELLET ECOL\u00d2GIC"},"content":{"rendered":"<p><strong>VIGORHUMUS PELLET<\/strong> \u00e9s una esmena org\u00e0nica h\u00famica utilitzada per millorar les propietats del s\u00f2l, ja sigui pel sector agr\u00edcola o de la jardineria i el paisatge. L\u2019aportaci\u00f3 d\u2019adob org\u00e0nic en forma d\u2019esmena org\u00e0nica h\u00famica estabilitzada biol\u00f2gicament afavoreix en major mesura la perman\u00e8ncia dels nutrients al s\u00f2l. L\u2019acci\u00f3 de les subst\u00e0ncies pr\u00f2pies de la descomposici\u00f3 de la mat\u00e8ria org\u00e0nica que actuen en els processos f\u00edsico-qu\u00edmiques del terreny. Substitueix l\u2019efecte al s\u00f2l de l\u2019aplicaci\u00f3 de fems i altres elements org\u00e0nics no estabilitzats, que a la llarga presenten alteracions provocades per les subst\u00e0ncies fitot\u00f2xiques dels microorganismes descomponedors.<\/p>\n<p><strong>VIGORHUMUS PELLET<\/strong> est\u00e0 inscrit en el Registre de Fertilitzants segons el Real Decreto 506\/2013 amb el N\u00baF0003060\/2027.<\/p>\n","protected":false},"excerpt":{"rendered":"<p>VIGORHUMUS PELLET \u00e9s una esmena org\u00e0nica h\u00famica utilitzada per millorar les propietats del s\u00f2l, ja sigui pel sector agr\u00edcola o de la jardineria i el paisatge. L\u2019aportaci\u00f3 d\u2019adob org\u00e0nic en forma d\u2019esmena org\u00e0nica h\u00famica estabilitzada biol\u00f2gicament afavoreix en major mesura la perman\u00e8ncia dels nutrients al s\u00f2l. L\u2019acci\u00f3 de les subst\u00e0ncies pr\u00f2pies de la descomposici\u00f3 de [&hellip;]<\/p>\n","protected":false},"featured_media":15357,"comment_status":"closed","ping_status":"closed","template":"","meta":{"_acf_changed":false,"inline_featured_image":false},"product_brand":[],"product_cat":[135,136,167,168],"product_tag":[438,625,439,448,546,429,643,550,437,476,428,450],"sectores":[322,337,343,329,418,330,420,331,339,325,340,326,327,341,342,328],"class_list":{"0":"post-9575","1":"product","2":"type-product","3":"status-publish","4":"has-post-thumbnail","6":"product_cat-abonos-organicos-2","7":"product_cat-abonos-ecologicos-2","8":"product_cat-adobs-organics","9":"product_cat-adobs-ecologics","10":"product_tag-agricultura-ecologica","11":"product_tag-agricultura-ecologica-ca","12":"product_tag-bures-profesional","13":"product_tag-bures-profesional-ca","14":"product_tag-ecologic","15":"product_tag-ecologico","16":"product_tag-fertilitzant-ecologic","17":"product_tag-fertilitzants-per-a-agricultura","18":"product_tag-fertilizante-ecologico","19":"product_tag-fertilizantes-para-agricultura","20":"product_tag-vigorhumus","21":"product_tag-vigorhumus-ca","22":"sectores-viverismo","23":"sectores-viverisme","24":"sectores-fructicultura-i-horticultura","25":"sectores-fruticultura-y-horticultura","26":"sectores-floricultura-ca","27":"sectores-floricultura-es","28":"sectores-viticultura-ca","29":"sectores-viticultura-es","30":"sectores-jardineria-professional-paisatgisme","31":"sectores-jardineria-profesional-paisajismo","32":"sectores-administracions-publiques","33":"sectores-administraciones-publicas","34":"sectores-terrenos-deportivos-profesionales","35":"sectores-terrenys-esportius-professionals","36":"sectores-centres-de-jardineria","37":"sectores-centros-de-jardineria","39":"first","40":"instock","41":"product-type-simple"},"acf":[],"yoast_head":"<!-- This site is optimized with the Yoast SEO plugin v26.7 - https:\/\/yoast.com\/wordpress\/plugins\/seo\/ -->\n<title>VIGORHUMUS PELLET ECOL\u00d2GIC | Bur\u00e9s Profesional<\/title>\n<meta name=\"robots\" content=\"index, follow, max-snippet:-1, max-image-preview:large, max-video-preview:-1\" \/>\n<link rel=\"canonical\" href=\"https:\/\/www.burespro.com\/ca\/product\/vigorhumus-pellet-ecologic\/\" \/>\n<meta property=\"og:locale\" content=\"ca_ES\" \/>\n<meta property=\"og:type\" content=\"article\" \/>\n<meta property=\"og:title\" content=\"VIGORHUMUS PELLET ECOL\u00d2GIC | Bur\u00e9s Profesional\" \/>\n<meta property=\"og:description\" content=\"VIGORHUMUS PELLET \u00e9s una esmena org\u00e0nica h\u00famica utilitzada per millorar les propietats del s\u00f2l, ja sigui pel sector agr\u00edcola o de la jardineria i el paisatge. L\u2019aportaci\u00f3 d\u2019adob org\u00e0nic en forma d\u2019esmena org\u00e0nica h\u00famica estabilitzada biol\u00f2gicament afavoreix en major mesura la perman\u00e8ncia dels nutrients al s\u00f2l. L\u2019acci\u00f3 de les subst\u00e0ncies pr\u00f2pies de la descomposici\u00f3 de [&hellip;]\" \/>\n<meta property=\"og:url\" content=\"https:\/\/www.burespro.com\/ca\/product\/vigorhumus-pellet-ecologic\/\" \/>\n<meta property=\"og:site_name\" content=\"Bur\u00e9s Profesional\" \/>\n<meta property=\"article:publisher\" content=\"https:\/\/www.facebook.com\/buresprofesionalsa\" \/>\n<meta property=\"article:modified_time\" content=\"2020-05-21T08:11:06+00:00\" \/>\n<meta property=\"og:image\" content=\"https:\/\/www.burespro.com\/wp-content\/uploads\/2020\/03\/VIGORHUMUS-PELLET-ECOL\u00d3GICO.png\" \/>\n\t<meta property=\"og:image:width\" content=\"1200\" \/>\n\t<meta property=\"og:image:height\" content=\"666\" \/>\n\t<meta property=\"og:image:type\" content=\"image\/png\" \/>\n<meta name=\"twitter:card\" content=\"summary_large_image\" \/>\n<meta name=\"twitter:label1\" content=\"Temps estimat de lectura\" \/>\n\t<meta name=\"twitter:data1\" content=\"1 minut\" \/>\n<script type=\"application\/ld+json\" class=\"yoast-schema-graph\">{\"@context\":\"https:\/\/schema.org\",\"@graph\":[{\"@type\":\"WebPage\",\"@id\":\"https:\/\/www.burespro.com\/ca\/product\/vigorhumus-pellet-ecologic\/\",\"url\":\"https:\/\/www.burespro.com\/ca\/product\/vigorhumus-pellet-ecologic\/\",\"name\":\"VIGORHUMUS PELLET ECOL\u00d2GIC | Bur\u00e9s Profesional\",\"isPartOf\":{\"@id\":\"https:\/\/www.burespro.com\/#website\"},\"primaryImageOfPage\":{\"@id\":\"https:\/\/www.burespro.com\/ca\/product\/vigorhumus-pellet-ecologic\/#primaryimage\"},\"image\":{\"@id\":\"https:\/\/www.burespro.com\/ca\/product\/vigorhumus-pellet-ecologic\/#primaryimage\"},\"thumbnailUrl\":\"https:\/\/www.burespro.com\/wp-content\/uploads\/2020\/03\/VIGORHUMUS-PELLET-ECOL\u00d3GICO.png\",\"datePublished\":\"2020-03-10T15:47:27+00:00\",\"dateModified\":\"2020-05-21T08:11:06+00:00\",\"breadcrumb\":{\"@id\":\"https:\/\/www.burespro.com\/ca\/product\/vigorhumus-pellet-ecologic\/#breadcrumb\"},\"inLanguage\":\"ca\",\"potentialAction\":[{\"@type\":\"ReadAction\",\"target\":[\"https:\/\/www.burespro.com\/ca\/product\/vigorhumus-pellet-ecologic\/\"]}]},{\"@type\":\"ImageObject\",\"inLanguage\":\"ca\",\"@id\":\"https:\/\/www.burespro.com\/ca\/product\/vigorhumus-pellet-ecologic\/#primaryimage\",\"url\":\"https:\/\/www.burespro.com\/wp-content\/uploads\/2020\/03\/VIGORHUMUS-PELLET-ECOL\u00d3GICO.png\",\"contentUrl\":\"https:\/\/www.burespro.com\/wp-content\/uploads\/2020\/03\/VIGORHUMUS-PELLET-ECOL\u00d3GICO.png\",\"width\":1200,\"height\":666},{\"@type\":\"BreadcrumbList\",\"@id\":\"https:\/\/www.burespro.com\/ca\/product\/vigorhumus-pellet-ecologic\/#breadcrumb\",\"itemListElement\":[{\"@type\":\"ListItem\",\"position\":1,\"name\":\"Inici\",\"item\":\"https:\/\/www.burespro.com\/ca\/\"},{\"@type\":\"ListItem\",\"position\":2,\"name\":\"Productes\",\"item\":\"https:\/\/www.burespro.com\/ca\/adobs-fertilitzants\/\"},{\"@type\":\"ListItem\",\"position\":3,\"name\":\"VIGORHUMUS PELLET ECOL\u00d2GIC\"}]},{\"@type\":\"WebSite\",\"@id\":\"https:\/\/www.burespro.com\/#website\",\"url\":\"https:\/\/www.burespro.com\/\",\"name\":\"Bur\u00e9s Profesional\",\"description\":\"Fabricants de terres, substrats de cultiu, fertilitzants i adobs org\u00e0nics\",\"potentialAction\":[{\"@type\":\"SearchAction\",\"target\":{\"@type\":\"EntryPoint\",\"urlTemplate\":\"https:\/\/www.burespro.com\/?s={search_term_string}\"},\"query-input\":{\"@type\":\"PropertyValueSpecification\",\"valueRequired\":true,\"valueName\":\"search_term_string\"}}],\"inLanguage\":\"ca\"}]}<\/script>\n<!-- \/ Yoast SEO plugin. -->","yoast_head_json":{"title":"VIGORHUMUS PELLET ECOL\u00d2GIC | Bur\u00e9s Profesional","robots":{"index":"index","follow":"follow","max-snippet":"max-snippet:-1","max-image-preview":"max-image-preview:large","max-video-preview":"max-video-preview:-1"},"canonical":"https:\/\/www.burespro.com\/ca\/product\/vigorhumus-pellet-ecologic\/","og_locale":"ca_ES","og_type":"article","og_title":"VIGORHUMUS PELLET ECOL\u00d2GIC | Bur\u00e9s Profesional","og_description":"VIGORHUMUS PELLET \u00e9s una esmena org\u00e0nica h\u00famica utilitzada per millorar les propietats del s\u00f2l, ja sigui pel sector agr\u00edcola o de la jardineria i el paisatge. L\u2019aportaci\u00f3 d\u2019adob org\u00e0nic en forma d\u2019esmena org\u00e0nica h\u00famica estabilitzada biol\u00f2gicament afavoreix en major mesura la perman\u00e8ncia dels nutrients al s\u00f2l. L\u2019acci\u00f3 de les subst\u00e0ncies pr\u00f2pies de la descomposici\u00f3 de [&hellip;]","og_url":"https:\/\/www.burespro.com\/ca\/product\/vigorhumus-pellet-ecologic\/","og_site_name":"Bur\u00e9s Profesional","article_publisher":"https:\/\/www.facebook.com\/buresprofesionalsa","article_modified_time":"2020-05-21T08:11:06+00:00","og_image":[{"width":1200,"height":666,"url":"https:\/\/www.burespro.com\/wp-content\/uploads\/2020\/03\/VIGORHUMUS-PELLET-ECOL\u00d3GICO.png","type":"image\/png"}],"twitter_card":"summary_large_image","twitter_misc":{"Temps estimat de lectura":"1 minut"},"schema":{"@context":"https:\/\/schema.org","@graph":[{"@type":"WebPage","@id":"https:\/\/www.burespro.com\/ca\/product\/vigorhumus-pellet-ecologic\/","url":"https:\/\/www.burespro.com\/ca\/product\/vigorhumus-pellet-ecologic\/","name":"VIGORHUMUS PELLET ECOL\u00d2GIC | Bur\u00e9s Profesional","isPartOf":{"@id":"https:\/\/www.burespro.com\/#website"},"primaryImageOfPage":{"@id":"https:\/\/www.burespro.com\/ca\/product\/vigorhumus-pellet-ecologic\/#primaryimage"},"image":{"@id":"https:\/\/www.burespro.com\/ca\/product\/vigorhumus-pellet-ecologic\/#primaryimage"},"thumbnailUrl":"https:\/\/www.burespro.com\/wp-content\/uploads\/2020\/03\/VIGORHUMUS-PELLET-ECOL\u00d3GICO.png","datePublished":"2020-03-10T15:47:27+00:00","dateModified":"2020-05-21T08:11:06+00:00","breadcrumb":{"@id":"https:\/\/www.burespro.com\/ca\/product\/vigorhumus-pellet-ecologic\/#breadcrumb"},"inLanguage":"ca","potentialAction":[{"@type":"ReadAction","target":["https:\/\/www.burespro.com\/ca\/product\/vigorhumus-pellet-ecologic\/"]}]},{"@type":"ImageObject","inLanguage":"ca","@id":"https:\/\/www.burespro.com\/ca\/product\/vigorhumus-pellet-ecologic\/#primaryimage","url":"https:\/\/www.burespro.com\/wp-content\/uploads\/2020\/03\/VIGORHUMUS-PELLET-ECOL\u00d3GICO.png","contentUrl":"https:\/\/www.burespro.com\/wp-content\/uploads\/2020\/03\/VIGORHUMUS-PELLET-ECOL\u00d3GICO.png","width":1200,"height":666},{"@type":"BreadcrumbList","@id":"https:\/\/www.burespro.com\/ca\/product\/vigorhumus-pellet-ecologic\/#breadcrumb","itemListElement":[{"@type":"ListItem","position":1,"name":"Inici","item":"https:\/\/www.burespro.com\/ca\/"},{"@type":"ListItem","position":2,"name":"Productes","item":"https:\/\/www.burespro.com\/ca\/adobs-fertilitzants\/"},{"@type":"ListItem","position":3,"name":"VIGORHUMUS PELLET ECOL\u00d2GIC"}]},{"@type":"WebSite","@id":"https:\/\/www.burespro.com\/#website","url":"https:\/\/www.burespro.com\/","name":"Bur\u00e9s Profesional","description":"Fabricants de terres, substrats de cultiu, fertilitzants i adobs org\u00e0nics","potentialAction":[{"@type":"SearchAction","target":{"@type":"EntryPoint","urlTemplate":"https:\/\/www.burespro.com\/?s={search_term_string}"},"query-input":{"@type":"PropertyValueSpecification","valueRequired":true,"valueName":"search_term_string"}}],"inLanguage":"ca"}]}},"_links":{"self":[{"href":"https:\/\/www.burespro.com\/ca\/wp-json\/wp\/v2\/product\/9575","targetHints":{"allow":["GET"]}}],"collection":[{"href":"https:\/\/www.burespro.com\/ca\/wp-json\/wp\/v2\/product"}],"about":[{"href":"https:\/\/www.burespro.com\/ca\/wp-json\/wp\/v2\/types\/product"}],"replies":[{"embeddable":true,"href":"https:\/\/www.burespro.com\/ca\/wp-json\/wp\/v2\/comments?post=9575"}],"wp:featuredmedia":[{"embeddable":true,"href":"https:\/\/www.burespro.com\/ca\/wp-json\/wp\/v2\/media\/15357"}],"wp:attachment":[{"href":"https:\/\/www.burespro.com\/ca\/wp-json\/wp\/v2\/media?parent=9575"}],"wp:term":[{"taxonomy":"product_brand","embeddable":true,"href":"https:\/\/www.burespro.com\/ca\/wp-json\/wp\/v2\/product_brand?post=9575"},{"taxonomy":"product_cat","embeddable":true,"href":"https:\/\/www.burespro.com\/ca\/wp-json\/wp\/v2\/product_cat?post=9575"},{"taxonomy":"product_tag","embeddable":true,"href":"https:\/\/www.burespro.com\/ca\/wp-json\/wp\/v2\/product_tag?post=9575"},{"taxonomy":"sectores","embeddable":true,"href":"https:\/\/www.burespro.com\/ca\/wp-json\/wp\/v2\/sectores?post=9575"}],"curies":[{"name":"wp","href":"https:\/\/api.w.org\/{rel}","templated":true}]}}