{"id":9557,"date":"2020-03-10T14:36:19","date_gmt":"2020-03-10T15:47:27","guid":{"rendered":"https:\/\/burespro.neorgvirtual.com\/product\/vigorhumus-h-60-p\/"},"modified":"2020-05-21T10:06:23","modified_gmt":"2020-05-21T08:06:23","slug":"vigorhumus-h-60-p","status":"publish","type":"product","link":"https:\/\/www.burespro.com\/ca\/product\/vigorhumus-h-60-p\/","title":{"rendered":"VIGORHUMUS H-60 P"},"content":{"rendered":"<p><strong>VIGORHUMUS H-60 Pellet<\/strong> \u00e9s un adob organo-mineral especial per agricultura ecol\u00f2gica. Es caracteritza per la riquesa en potassi i micronutrients com el magnesi. Vigorhumus reuneix les millors qualitats del fertilitzant mineral i l\u2019adob org\u00e0nic aportant una relaci\u00f3 NPK (4-6-10). Permet la incorporaci\u00f3 de mat\u00e8ria org\u00e0nica, creant un s\u00f2l por\u00f3s i airejat. El seu contingut elevat amb \u00e0cids h\u00famics i f\u00falvics facilita l\u2019intercanvi cati\u00f2nic s\u00f2l-planta. La part mineral afavoreix l\u2019acc\u00e9s a diferents nutrients, afavorint al creixement natural de la planta.<\/p>\n<p><strong>VIGORHUMUS H-60 Pellet<\/strong> \u00e9s un producte apte per agricultura ecol\u00f2gica conforme al Reglamento (CEE) 834\/2007 del Consejo, del 28 de juny de 2007, sobre producci\u00f3 i etiquetatge dels productes ecol\u00f2gics, amb llic\u00e8ncia de l\u2019Organisme i Certificaci\u00f3 Sohiscert amb el n\u00famero de certificat N\u00baCT71PAE-18.14.<br \/>\n<strong>VIGORHUMUS H-60 Pellet<\/strong> est\u00e0 inscrit al Registre de Productes Fertilitzants segons el Real Decreto 506\/2013 amb el N\u00ba F0003064\/2027.<\/p>\n","protected":false},"excerpt":{"rendered":"<p>VIGORHUMUS H-60 Pellet \u00e9s un adob organo-mineral especial per agricultura ecol\u00f2gica. Es caracteritza per la riquesa en potassi i micronutrients com el magnesi. Vigorhumus reuneix les millors qualitats del fertilitzant mineral i l\u2019adob org\u00e0nic aportant una relaci\u00f3 NPK (4-6-10). Permet la incorporaci\u00f3 de mat\u00e8ria org\u00e0nica, creant un s\u00f2l por\u00f3s i airejat. El seu contingut elevat [&hellip;]<\/p>\n","protected":false},"featured_media":15412,"comment_status":"closed","ping_status":"closed","template":"","meta":{"_acf_changed":false,"inline_featured_image":false},"product_brand":[],"product_cat":[150,136,185,168],"product_tag":[438,625,439,448,546,429,643,550,437,476,428,450],"sectores":[322,337,343,329,418,330,420,331],"class_list":{"0":"post-9557","1":"product","2":"type-product","3":"status-publish","4":"has-post-thumbnail","6":"product_cat-abonos-organo-minerales-2","7":"product_cat-abonos-ecologicos-2","8":"product_cat-adobs-organo-minerals","9":"product_cat-adobs-ecologics","10":"product_tag-agricultura-ecologica","11":"product_tag-agricultura-ecologica-ca","12":"product_tag-bures-profesional","13":"product_tag-bures-profesional-ca","14":"product_tag-ecologic","15":"product_tag-ecologico","16":"product_tag-fertilitzant-ecologic","17":"product_tag-fertilitzants-per-a-agricultura","18":"product_tag-fertilizante-ecologico","19":"product_tag-fertilizantes-para-agricultura","20":"product_tag-vigorhumus","21":"product_tag-vigorhumus-ca","22":"sectores-viverismo","23":"sectores-viverisme","24":"sectores-fructicultura-i-horticultura","25":"sectores-fruticultura-y-horticultura","26":"sectores-floricultura-ca","27":"sectores-floricultura-es","28":"sectores-viticultura-ca","29":"sectores-viticultura-es","31":"first","32":"instock","33":"product-type-simple"},"acf":[],"yoast_head":"<!-- This site is optimized with the Yoast SEO plugin v26.7 - https:\/\/yoast.com\/wordpress\/plugins\/seo\/ -->\n<title>VIGORHUMUS H-60 P | Bur\u00e9s Profesional<\/title>\n<meta name=\"robots\" content=\"index, follow, max-snippet:-1, max-image-preview:large, max-video-preview:-1\" \/>\n<link rel=\"canonical\" href=\"https:\/\/www.burespro.com\/ca\/product\/vigorhumus-h-60-p\/\" \/>\n<meta property=\"og:locale\" content=\"ca_ES\" \/>\n<meta property=\"og:type\" content=\"article\" \/>\n<meta property=\"og:title\" content=\"VIGORHUMUS H-60 P | Bur\u00e9s Profesional\" \/>\n<meta property=\"og:description\" content=\"VIGORHUMUS H-60 Pellet \u00e9s un adob organo-mineral especial per agricultura ecol\u00f2gica. Es caracteritza per la riquesa en potassi i micronutrients com el magnesi. Vigorhumus reuneix les millors qualitats del fertilitzant mineral i l\u2019adob org\u00e0nic aportant una relaci\u00f3 NPK (4-6-10). Permet la incorporaci\u00f3 de mat\u00e8ria org\u00e0nica, creant un s\u00f2l por\u00f3s i airejat. El seu contingut elevat [&hellip;]\" \/>\n<meta property=\"og:url\" content=\"https:\/\/www.burespro.com\/ca\/product\/vigorhumus-h-60-p\/\" \/>\n<meta property=\"og:site_name\" content=\"Bur\u00e9s Profesional\" \/>\n<meta property=\"article:publisher\" content=\"https:\/\/www.facebook.com\/buresprofesionalsa\" \/>\n<meta property=\"article:modified_time\" content=\"2020-05-21T08:06:23+00:00\" \/>\n<meta property=\"og:image\" content=\"https:\/\/www.burespro.com\/wp-content\/uploads\/2020\/03\/VIGORHUMUS-H-60-P-ECO-NPK-4-6-10.png\" \/>\n\t<meta property=\"og:image:width\" content=\"1200\" \/>\n\t<meta property=\"og:image:height\" content=\"666\" \/>\n\t<meta property=\"og:image:type\" content=\"image\/png\" \/>\n<meta name=\"twitter:card\" content=\"summary_large_image\" \/>\n<meta name=\"twitter:label1\" content=\"Temps estimat de lectura\" \/>\n\t<meta name=\"twitter:data1\" content=\"1 minut\" \/>\n<script type=\"application\/ld+json\" class=\"yoast-schema-graph\">{\"@context\":\"https:\/\/schema.org\",\"@graph\":[{\"@type\":\"WebPage\",\"@id\":\"https:\/\/www.burespro.com\/ca\/product\/vigorhumus-h-60-p\/\",\"url\":\"https:\/\/www.burespro.com\/ca\/product\/vigorhumus-h-60-p\/\",\"name\":\"VIGORHUMUS H-60 P | Bur\u00e9s Profesional\",\"isPartOf\":{\"@id\":\"https:\/\/www.burespro.com\/#website\"},\"primaryImageOfPage\":{\"@id\":\"https:\/\/www.burespro.com\/ca\/product\/vigorhumus-h-60-p\/#primaryimage\"},\"image\":{\"@id\":\"https:\/\/www.burespro.com\/ca\/product\/vigorhumus-h-60-p\/#primaryimage\"},\"thumbnailUrl\":\"https:\/\/www.burespro.com\/wp-content\/uploads\/2020\/03\/VIGORHUMUS-H-60-P-ECO-NPK-4-6-10.png\",\"datePublished\":\"2020-03-10T15:47:27+00:00\",\"dateModified\":\"2020-05-21T08:06:23+00:00\",\"breadcrumb\":{\"@id\":\"https:\/\/www.burespro.com\/ca\/product\/vigorhumus-h-60-p\/#breadcrumb\"},\"inLanguage\":\"ca\",\"potentialAction\":[{\"@type\":\"ReadAction\",\"target\":[\"https:\/\/www.burespro.com\/ca\/product\/vigorhumus-h-60-p\/\"]}]},{\"@type\":\"ImageObject\",\"inLanguage\":\"ca\",\"@id\":\"https:\/\/www.burespro.com\/ca\/product\/vigorhumus-h-60-p\/#primaryimage\",\"url\":\"https:\/\/www.burespro.com\/wp-content\/uploads\/2020\/03\/VIGORHUMUS-H-60-P-ECO-NPK-4-6-10.png\",\"contentUrl\":\"https:\/\/www.burespro.com\/wp-content\/uploads\/2020\/03\/VIGORHUMUS-H-60-P-ECO-NPK-4-6-10.png\",\"width\":1200,\"height\":666},{\"@type\":\"BreadcrumbList\",\"@id\":\"https:\/\/www.burespro.com\/ca\/product\/vigorhumus-h-60-p\/#breadcrumb\",\"itemListElement\":[{\"@type\":\"ListItem\",\"position\":1,\"name\":\"Inici\",\"item\":\"https:\/\/www.burespro.com\/ca\/\"},{\"@type\":\"ListItem\",\"position\":2,\"name\":\"Productes\",\"item\":\"https:\/\/www.burespro.com\/ca\/adobs-fertilitzants\/\"},{\"@type\":\"ListItem\",\"position\":3,\"name\":\"VIGORHUMUS H-60 P\"}]},{\"@type\":\"WebSite\",\"@id\":\"https:\/\/www.burespro.com\/#website\",\"url\":\"https:\/\/www.burespro.com\/\",\"name\":\"Bur\u00e9s Profesional\",\"description\":\"Fabricants de terres, substrats de cultiu, fertilitzants i adobs org\u00e0nics\",\"potentialAction\":[{\"@type\":\"SearchAction\",\"target\":{\"@type\":\"EntryPoint\",\"urlTemplate\":\"https:\/\/www.burespro.com\/?s={search_term_string}\"},\"query-input\":{\"@type\":\"PropertyValueSpecification\",\"valueRequired\":true,\"valueName\":\"search_term_string\"}}],\"inLanguage\":\"ca\"}]}<\/script>\n<!-- \/ Yoast SEO plugin. -->","yoast_head_json":{"title":"VIGORHUMUS H-60 P | Bur\u00e9s Profesional","robots":{"index":"index","follow":"follow","max-snippet":"max-snippet:-1","max-image-preview":"max-image-preview:large","max-video-preview":"max-video-preview:-1"},"canonical":"https:\/\/www.burespro.com\/ca\/product\/vigorhumus-h-60-p\/","og_locale":"ca_ES","og_type":"article","og_title":"VIGORHUMUS H-60 P | Bur\u00e9s Profesional","og_description":"VIGORHUMUS H-60 Pellet \u00e9s un adob organo-mineral especial per agricultura ecol\u00f2gica. Es caracteritza per la riquesa en potassi i micronutrients com el magnesi. Vigorhumus reuneix les millors qualitats del fertilitzant mineral i l\u2019adob org\u00e0nic aportant una relaci\u00f3 NPK (4-6-10). Permet la incorporaci\u00f3 de mat\u00e8ria org\u00e0nica, creant un s\u00f2l por\u00f3s i airejat. El seu contingut elevat [&hellip;]","og_url":"https:\/\/www.burespro.com\/ca\/product\/vigorhumus-h-60-p\/","og_site_name":"Bur\u00e9s Profesional","article_publisher":"https:\/\/www.facebook.com\/buresprofesionalsa","article_modified_time":"2020-05-21T08:06:23+00:00","og_image":[{"width":1200,"height":666,"url":"https:\/\/www.burespro.com\/wp-content\/uploads\/2020\/03\/VIGORHUMUS-H-60-P-ECO-NPK-4-6-10.png","type":"image\/png"}],"twitter_card":"summary_large_image","twitter_misc":{"Temps estimat de lectura":"1 minut"},"schema":{"@context":"https:\/\/schema.org","@graph":[{"@type":"WebPage","@id":"https:\/\/www.burespro.com\/ca\/product\/vigorhumus-h-60-p\/","url":"https:\/\/www.burespro.com\/ca\/product\/vigorhumus-h-60-p\/","name":"VIGORHUMUS H-60 P | Bur\u00e9s Profesional","isPartOf":{"@id":"https:\/\/www.burespro.com\/#website"},"primaryImageOfPage":{"@id":"https:\/\/www.burespro.com\/ca\/product\/vigorhumus-h-60-p\/#primaryimage"},"image":{"@id":"https:\/\/www.burespro.com\/ca\/product\/vigorhumus-h-60-p\/#primaryimage"},"thumbnailUrl":"https:\/\/www.burespro.com\/wp-content\/uploads\/2020\/03\/VIGORHUMUS-H-60-P-ECO-NPK-4-6-10.png","datePublished":"2020-03-10T15:47:27+00:00","dateModified":"2020-05-21T08:06:23+00:00","breadcrumb":{"@id":"https:\/\/www.burespro.com\/ca\/product\/vigorhumus-h-60-p\/#breadcrumb"},"inLanguage":"ca","potentialAction":[{"@type":"ReadAction","target":["https:\/\/www.burespro.com\/ca\/product\/vigorhumus-h-60-p\/"]}]},{"@type":"ImageObject","inLanguage":"ca","@id":"https:\/\/www.burespro.com\/ca\/product\/vigorhumus-h-60-p\/#primaryimage","url":"https:\/\/www.burespro.com\/wp-content\/uploads\/2020\/03\/VIGORHUMUS-H-60-P-ECO-NPK-4-6-10.png","contentUrl":"https:\/\/www.burespro.com\/wp-content\/uploads\/2020\/03\/VIGORHUMUS-H-60-P-ECO-NPK-4-6-10.png","width":1200,"height":666},{"@type":"BreadcrumbList","@id":"https:\/\/www.burespro.com\/ca\/product\/vigorhumus-h-60-p\/#breadcrumb","itemListElement":[{"@type":"ListItem","position":1,"name":"Inici","item":"https:\/\/www.burespro.com\/ca\/"},{"@type":"ListItem","position":2,"name":"Productes","item":"https:\/\/www.burespro.com\/ca\/adobs-fertilitzants\/"},{"@type":"ListItem","position":3,"name":"VIGORHUMUS H-60 P"}]},{"@type":"WebSite","@id":"https:\/\/www.burespro.com\/#website","url":"https:\/\/www.burespro.com\/","name":"Bur\u00e9s Profesional","description":"Fabricants de terres, substrats de cultiu, fertilitzants i adobs org\u00e0nics","potentialAction":[{"@type":"SearchAction","target":{"@type":"EntryPoint","urlTemplate":"https:\/\/www.burespro.com\/?s={search_term_string}"},"query-input":{"@type":"PropertyValueSpecification","valueRequired":true,"valueName":"search_term_string"}}],"inLanguage":"ca"}]}},"_links":{"self":[{"href":"https:\/\/www.burespro.com\/ca\/wp-json\/wp\/v2\/product\/9557","targetHints":{"allow":["GET"]}}],"collection":[{"href":"https:\/\/www.burespro.com\/ca\/wp-json\/wp\/v2\/product"}],"about":[{"href":"https:\/\/www.burespro.com\/ca\/wp-json\/wp\/v2\/types\/product"}],"replies":[{"embeddable":true,"href":"https:\/\/www.burespro.com\/ca\/wp-json\/wp\/v2\/comments?post=9557"}],"wp:featuredmedia":[{"embeddable":true,"href":"https:\/\/www.burespro.com\/ca\/wp-json\/wp\/v2\/media\/15412"}],"wp:attachment":[{"href":"https:\/\/www.burespro.com\/ca\/wp-json\/wp\/v2\/media?parent=9557"}],"wp:term":[{"taxonomy":"product_brand","embeddable":true,"href":"https:\/\/www.burespro.com\/ca\/wp-json\/wp\/v2\/product_brand?post=9557"},{"taxonomy":"product_cat","embeddable":true,"href":"https:\/\/www.burespro.com\/ca\/wp-json\/wp\/v2\/product_cat?post=9557"},{"taxonomy":"product_tag","embeddable":true,"href":"https:\/\/www.burespro.com\/ca\/wp-json\/wp\/v2\/product_tag?post=9557"},{"taxonomy":"sectores","embeddable":true,"href":"https:\/\/www.burespro.com\/ca\/wp-json\/wp\/v2\/sectores?post=9557"}],"curies":[{"name":"wp","href":"https:\/\/api.w.org\/{rel}","templated":true}]}}