{"id":9530,"date":"2020-03-10T14:36:19","date_gmt":"2020-03-10T15:47:27","guid":{"rendered":"https:\/\/burespro.neorgvirtual.com\/product\/vigorhumus-h-40-p\/"},"modified":"2020-05-21T09:49:25","modified_gmt":"2020-05-21T07:49:25","slug":"vigorhumus-h-40-p","status":"publish","type":"product","link":"https:\/\/www.burespro.com\/ca\/product\/vigorhumus-h-40-p\/","title":{"rendered":"VIGORHUMUS H-40 P"},"content":{"rendered":"<p><strong>VIGORHUMUS H-40 Pellet<\/strong> \u00e9s un adob organo-mineral NPK 4-3-16 certificat per agricultura ecol\u00f3gica. El seu elevat contingut en f\u00f2sfor i especialment potassi proporciona al cultiu els nutrients adequats en les seves etapes de floraci\u00f3 i fructificaci\u00f3 i en permet un desenvolupament \u00f2ptim. Tamb\u00e9 en destaca el seu contingut en mat\u00e8ria org\u00e0nica.<\/p>\n<p>Producte utilitzable en Agricultura Ecol\u00f2gica d&#8217;acord amb el Reglament (CE) N\u00ba 834\/2007 de Consell, amb certificaci\u00f3 N\u00ba CT71PAE-19.14<\/p>\n","protected":false},"excerpt":{"rendered":"<p>VIGORHUMUS H-40 Pellet \u00e9s un adob organo-mineral NPK 4-3-16 certificat per agricultura ecol\u00f3gica. El seu elevat contingut en f\u00f2sfor i especialment potassi proporciona al cultiu els nutrients adequats en les seves etapes de floraci\u00f3 i fructificaci\u00f3 i en permet un desenvolupament \u00f2ptim. Tamb\u00e9 en destaca el seu contingut en mat\u00e8ria org\u00e0nica. Producte utilitzable en Agricultura [&hellip;]<\/p>\n","protected":false},"featured_media":15398,"comment_status":"closed","ping_status":"closed","template":"","meta":{"_acf_changed":false,"inline_featured_image":false},"product_brand":[],"product_cat":[150,136,185,168],"product_tag":[438,625,439,448,546,429,643,550,437,476,428,450],"sectores":[322,337,343,329,418,330,420,331],"class_list":{"0":"post-9530","1":"product","2":"type-product","3":"status-publish","4":"has-post-thumbnail","6":"product_cat-abonos-organo-minerales-2","7":"product_cat-abonos-ecologicos-2","8":"product_cat-adobs-organo-minerals","9":"product_cat-adobs-ecologics","10":"product_tag-agricultura-ecologica","11":"product_tag-agricultura-ecologica-ca","12":"product_tag-bures-profesional","13":"product_tag-bures-profesional-ca","14":"product_tag-ecologic","15":"product_tag-ecologico","16":"product_tag-fertilitzant-ecologic","17":"product_tag-fertilitzants-per-a-agricultura","18":"product_tag-fertilizante-ecologico","19":"product_tag-fertilizantes-para-agricultura","20":"product_tag-vigorhumus","21":"product_tag-vigorhumus-ca","22":"sectores-viverismo","23":"sectores-viverisme","24":"sectores-fructicultura-i-horticultura","25":"sectores-fruticultura-y-horticultura","26":"sectores-floricultura-ca","27":"sectores-floricultura-es","28":"sectores-viticultura-ca","29":"sectores-viticultura-es","31":"first","32":"instock","33":"product-type-simple"},"acf":[],"yoast_head":"<!-- This site is optimized with the Yoast SEO plugin v26.7 - https:\/\/yoast.com\/wordpress\/plugins\/seo\/ -->\n<title>VIGORHUMUS H-40 P | Bur\u00e9s Profesional<\/title>\n<meta name=\"robots\" content=\"index, follow, max-snippet:-1, max-image-preview:large, max-video-preview:-1\" \/>\n<link rel=\"canonical\" href=\"https:\/\/www.burespro.com\/ca\/product\/vigorhumus-h-40-p\/\" \/>\n<meta property=\"og:locale\" content=\"ca_ES\" \/>\n<meta property=\"og:type\" content=\"article\" \/>\n<meta property=\"og:title\" content=\"VIGORHUMUS H-40 P | Bur\u00e9s Profesional\" \/>\n<meta property=\"og:description\" content=\"VIGORHUMUS H-40 Pellet \u00e9s un adob organo-mineral NPK 4-3-16 certificat per agricultura ecol\u00f3gica. El seu elevat contingut en f\u00f2sfor i especialment potassi proporciona al cultiu els nutrients adequats en les seves etapes de floraci\u00f3 i fructificaci\u00f3 i en permet un desenvolupament \u00f2ptim. Tamb\u00e9 en destaca el seu contingut en mat\u00e8ria org\u00e0nica. Producte utilitzable en Agricultura [&hellip;]\" \/>\n<meta property=\"og:url\" content=\"https:\/\/www.burespro.com\/ca\/product\/vigorhumus-h-40-p\/\" \/>\n<meta property=\"og:site_name\" content=\"Bur\u00e9s Profesional\" \/>\n<meta property=\"article:publisher\" content=\"https:\/\/www.facebook.com\/buresprofesionalsa\" \/>\n<meta property=\"article:modified_time\" content=\"2020-05-21T07:49:25+00:00\" \/>\n<meta property=\"og:image\" content=\"https:\/\/www.burespro.com\/wp-content\/uploads\/2020\/03\/VIGORHUMUS-H-40-P-NPK-4-3-16-PELLET.png\" \/>\n\t<meta property=\"og:image:width\" content=\"1200\" \/>\n\t<meta property=\"og:image:height\" content=\"666\" \/>\n\t<meta property=\"og:image:type\" content=\"image\/png\" \/>\n<meta name=\"twitter:card\" content=\"summary_large_image\" \/>\n<script type=\"application\/ld+json\" class=\"yoast-schema-graph\">{\"@context\":\"https:\/\/schema.org\",\"@graph\":[{\"@type\":\"WebPage\",\"@id\":\"https:\/\/www.burespro.com\/ca\/product\/vigorhumus-h-40-p\/\",\"url\":\"https:\/\/www.burespro.com\/ca\/product\/vigorhumus-h-40-p\/\",\"name\":\"VIGORHUMUS H-40 P | Bur\u00e9s Profesional\",\"isPartOf\":{\"@id\":\"https:\/\/www.burespro.com\/#website\"},\"primaryImageOfPage\":{\"@id\":\"https:\/\/www.burespro.com\/ca\/product\/vigorhumus-h-40-p\/#primaryimage\"},\"image\":{\"@id\":\"https:\/\/www.burespro.com\/ca\/product\/vigorhumus-h-40-p\/#primaryimage\"},\"thumbnailUrl\":\"https:\/\/www.burespro.com\/wp-content\/uploads\/2020\/03\/VIGORHUMUS-H-40-P-NPK-4-3-16-PELLET.png\",\"datePublished\":\"2020-03-10T15:47:27+00:00\",\"dateModified\":\"2020-05-21T07:49:25+00:00\",\"breadcrumb\":{\"@id\":\"https:\/\/www.burespro.com\/ca\/product\/vigorhumus-h-40-p\/#breadcrumb\"},\"inLanguage\":\"ca\",\"potentialAction\":[{\"@type\":\"ReadAction\",\"target\":[\"https:\/\/www.burespro.com\/ca\/product\/vigorhumus-h-40-p\/\"]}]},{\"@type\":\"ImageObject\",\"inLanguage\":\"ca\",\"@id\":\"https:\/\/www.burespro.com\/ca\/product\/vigorhumus-h-40-p\/#primaryimage\",\"url\":\"https:\/\/www.burespro.com\/wp-content\/uploads\/2020\/03\/VIGORHUMUS-H-40-P-NPK-4-3-16-PELLET.png\",\"contentUrl\":\"https:\/\/www.burespro.com\/wp-content\/uploads\/2020\/03\/VIGORHUMUS-H-40-P-NPK-4-3-16-PELLET.png\",\"width\":1200,\"height\":666},{\"@type\":\"BreadcrumbList\",\"@id\":\"https:\/\/www.burespro.com\/ca\/product\/vigorhumus-h-40-p\/#breadcrumb\",\"itemListElement\":[{\"@type\":\"ListItem\",\"position\":1,\"name\":\"Inici\",\"item\":\"https:\/\/www.burespro.com\/ca\/\"},{\"@type\":\"ListItem\",\"position\":2,\"name\":\"Productes\",\"item\":\"https:\/\/www.burespro.com\/ca\/adobs-fertilitzants\/\"},{\"@type\":\"ListItem\",\"position\":3,\"name\":\"VIGORHUMUS H-40 P\"}]},{\"@type\":\"WebSite\",\"@id\":\"https:\/\/www.burespro.com\/#website\",\"url\":\"https:\/\/www.burespro.com\/\",\"name\":\"Bur\u00e9s Profesional\",\"description\":\"Fabricants de terres, substrats de cultiu, fertilitzants i adobs org\u00e0nics\",\"potentialAction\":[{\"@type\":\"SearchAction\",\"target\":{\"@type\":\"EntryPoint\",\"urlTemplate\":\"https:\/\/www.burespro.com\/?s={search_term_string}\"},\"query-input\":{\"@type\":\"PropertyValueSpecification\",\"valueRequired\":true,\"valueName\":\"search_term_string\"}}],\"inLanguage\":\"ca\"}]}<\/script>\n<!-- \/ Yoast SEO plugin. -->","yoast_head_json":{"title":"VIGORHUMUS H-40 P | Bur\u00e9s Profesional","robots":{"index":"index","follow":"follow","max-snippet":"max-snippet:-1","max-image-preview":"max-image-preview:large","max-video-preview":"max-video-preview:-1"},"canonical":"https:\/\/www.burespro.com\/ca\/product\/vigorhumus-h-40-p\/","og_locale":"ca_ES","og_type":"article","og_title":"VIGORHUMUS H-40 P | Bur\u00e9s Profesional","og_description":"VIGORHUMUS H-40 Pellet \u00e9s un adob organo-mineral NPK 4-3-16 certificat per agricultura ecol\u00f3gica. El seu elevat contingut en f\u00f2sfor i especialment potassi proporciona al cultiu els nutrients adequats en les seves etapes de floraci\u00f3 i fructificaci\u00f3 i en permet un desenvolupament \u00f2ptim. Tamb\u00e9 en destaca el seu contingut en mat\u00e8ria org\u00e0nica. Producte utilitzable en Agricultura [&hellip;]","og_url":"https:\/\/www.burespro.com\/ca\/product\/vigorhumus-h-40-p\/","og_site_name":"Bur\u00e9s Profesional","article_publisher":"https:\/\/www.facebook.com\/buresprofesionalsa","article_modified_time":"2020-05-21T07:49:25+00:00","og_image":[{"width":1200,"height":666,"url":"https:\/\/www.burespro.com\/wp-content\/uploads\/2020\/03\/VIGORHUMUS-H-40-P-NPK-4-3-16-PELLET.png","type":"image\/png"}],"twitter_card":"summary_large_image","schema":{"@context":"https:\/\/schema.org","@graph":[{"@type":"WebPage","@id":"https:\/\/www.burespro.com\/ca\/product\/vigorhumus-h-40-p\/","url":"https:\/\/www.burespro.com\/ca\/product\/vigorhumus-h-40-p\/","name":"VIGORHUMUS H-40 P | Bur\u00e9s Profesional","isPartOf":{"@id":"https:\/\/www.burespro.com\/#website"},"primaryImageOfPage":{"@id":"https:\/\/www.burespro.com\/ca\/product\/vigorhumus-h-40-p\/#primaryimage"},"image":{"@id":"https:\/\/www.burespro.com\/ca\/product\/vigorhumus-h-40-p\/#primaryimage"},"thumbnailUrl":"https:\/\/www.burespro.com\/wp-content\/uploads\/2020\/03\/VIGORHUMUS-H-40-P-NPK-4-3-16-PELLET.png","datePublished":"2020-03-10T15:47:27+00:00","dateModified":"2020-05-21T07:49:25+00:00","breadcrumb":{"@id":"https:\/\/www.burespro.com\/ca\/product\/vigorhumus-h-40-p\/#breadcrumb"},"inLanguage":"ca","potentialAction":[{"@type":"ReadAction","target":["https:\/\/www.burespro.com\/ca\/product\/vigorhumus-h-40-p\/"]}]},{"@type":"ImageObject","inLanguage":"ca","@id":"https:\/\/www.burespro.com\/ca\/product\/vigorhumus-h-40-p\/#primaryimage","url":"https:\/\/www.burespro.com\/wp-content\/uploads\/2020\/03\/VIGORHUMUS-H-40-P-NPK-4-3-16-PELLET.png","contentUrl":"https:\/\/www.burespro.com\/wp-content\/uploads\/2020\/03\/VIGORHUMUS-H-40-P-NPK-4-3-16-PELLET.png","width":1200,"height":666},{"@type":"BreadcrumbList","@id":"https:\/\/www.burespro.com\/ca\/product\/vigorhumus-h-40-p\/#breadcrumb","itemListElement":[{"@type":"ListItem","position":1,"name":"Inici","item":"https:\/\/www.burespro.com\/ca\/"},{"@type":"ListItem","position":2,"name":"Productes","item":"https:\/\/www.burespro.com\/ca\/adobs-fertilitzants\/"},{"@type":"ListItem","position":3,"name":"VIGORHUMUS H-40 P"}]},{"@type":"WebSite","@id":"https:\/\/www.burespro.com\/#website","url":"https:\/\/www.burespro.com\/","name":"Bur\u00e9s Profesional","description":"Fabricants de terres, substrats de cultiu, fertilitzants i adobs org\u00e0nics","potentialAction":[{"@type":"SearchAction","target":{"@type":"EntryPoint","urlTemplate":"https:\/\/www.burespro.com\/?s={search_term_string}"},"query-input":{"@type":"PropertyValueSpecification","valueRequired":true,"valueName":"search_term_string"}}],"inLanguage":"ca"}]}},"_links":{"self":[{"href":"https:\/\/www.burespro.com\/ca\/wp-json\/wp\/v2\/product\/9530","targetHints":{"allow":["GET"]}}],"collection":[{"href":"https:\/\/www.burespro.com\/ca\/wp-json\/wp\/v2\/product"}],"about":[{"href":"https:\/\/www.burespro.com\/ca\/wp-json\/wp\/v2\/types\/product"}],"replies":[{"embeddable":true,"href":"https:\/\/www.burespro.com\/ca\/wp-json\/wp\/v2\/comments?post=9530"}],"wp:featuredmedia":[{"embeddable":true,"href":"https:\/\/www.burespro.com\/ca\/wp-json\/wp\/v2\/media\/15398"}],"wp:attachment":[{"href":"https:\/\/www.burespro.com\/ca\/wp-json\/wp\/v2\/media?parent=9530"}],"wp:term":[{"taxonomy":"product_brand","embeddable":true,"href":"https:\/\/www.burespro.com\/ca\/wp-json\/wp\/v2\/product_brand?post=9530"},{"taxonomy":"product_cat","embeddable":true,"href":"https:\/\/www.burespro.com\/ca\/wp-json\/wp\/v2\/product_cat?post=9530"},{"taxonomy":"product_tag","embeddable":true,"href":"https:\/\/www.burespro.com\/ca\/wp-json\/wp\/v2\/product_tag?post=9530"},{"taxonomy":"sectores","embeddable":true,"href":"https:\/\/www.burespro.com\/ca\/wp-json\/wp\/v2\/sectores?post=9530"}],"curies":[{"name":"wp","href":"https:\/\/api.w.org\/{rel}","templated":true}]}}