{"id":9514,"date":"2020-03-10T14:36:19","date_gmt":"2020-03-10T15:46:56","guid":{"rendered":"https:\/\/burespro.neorgvirtual.com\/product\/vigorhumus-h-00\/"},"modified":"2020-05-21T08:41:31","modified_gmt":"2020-05-21T06:41:31","slug":"vigorhumus-h-00","status":"publish","type":"product","link":"https:\/\/www.burespro.com\/ca\/product\/vigorhumus-h-00\/","title":{"rendered":"VIGORHUMUS H-00"},"content":{"rendered":"<p><strong>VIGORHUMUS H00<\/strong> \u00e9s un adob org\u00e0nic elaborat amb materials d&#8217;origen animal i vegetal, i obtingut per compostatge; per la qual cosa \u00e9s un producte estable biol\u00f2gicament i sanit\u00e0riament correcte. Presenta una elevada riquesa de nutrients primaris (nitrogen, f\u00f2sfor, potassi) NPK (1&#8217;81-1&#8217;4-1&#8217;4), micronutrients i mat\u00e8ria org\u00e0nica, aix\u00ed com tamb\u00e9 en \u00e0cids h\u00famics; per la qual cosa millora l&#8217;estructura edafol\u00f2gica de terra i proporciona nutrients a l&#8217;cultiu.<br \/>\nLa seva aptitud per a agricultura ecol\u00f2gica el converteix en el millor fertilitzant org\u00e0nic present actualment al mercat.<\/p>\n<p><strong>VIGORHUMUS H00<\/strong> \u00e9s un producte apte per a agricultura ecol\u00f2gica d&#8217;acord amb el Reglament (CEE) N\u00ba834 \/ 2007 de el Consell, de 28 de juny de 2007, sobre producci\u00f3 i etiquetatge dels productes ecol\u00f2gics, amb el n\u00famero de registre N\u00baCT71PAE-19.2.<\/p>\n<p>&nbsp;<\/p>\n","protected":false},"excerpt":{"rendered":"<p>VIGORHUMUS H00 \u00e9s un adob org\u00e0nic elaborat amb materials d&#8217;origen animal i vegetal, i obtingut per compostatge; per la qual cosa \u00e9s un producte estable biol\u00f2gicament i sanit\u00e0riament correcte. Presenta una elevada riquesa de nutrients primaris (nitrogen, f\u00f2sfor, potassi) NPK (1&#8217;81-1&#8217;4-1&#8217;4), micronutrients i mat\u00e8ria org\u00e0nica, aix\u00ed com tamb\u00e9 en \u00e0cids h\u00famics; per la qual cosa [&hellip;]<\/p>\n","protected":false},"featured_media":15362,"comment_status":"closed","ping_status":"closed","template":"","meta":{"_acf_changed":false,"inline_featured_image":false},"product_brand":[],"product_cat":[135,136,167,168],"product_tag":[438,625,439,448,546,429,643,550,437,476,450,428],"sectores":[322,337,343,329,418,330,420,331,339,325,327,341,342,328],"class_list":{"0":"post-9514","1":"product","2":"type-product","3":"status-publish","4":"has-post-thumbnail","6":"product_cat-abonos-organicos-2","7":"product_cat-abonos-ecologicos-2","8":"product_cat-adobs-organics","9":"product_cat-adobs-ecologics","10":"product_tag-agricultura-ecologica","11":"product_tag-agricultura-ecologica-ca","12":"product_tag-bures-profesional","13":"product_tag-bures-profesional-ca","14":"product_tag-ecologic","15":"product_tag-ecologico","16":"product_tag-fertilitzant-ecologic","17":"product_tag-fertilitzants-per-a-agricultura","18":"product_tag-fertilizante-ecologico","19":"product_tag-fertilizantes-para-agricultura","20":"product_tag-vigorhumus-ca","21":"product_tag-vigorhumus","22":"sectores-viverismo","23":"sectores-viverisme","24":"sectores-fructicultura-i-horticultura","25":"sectores-fruticultura-y-horticultura","26":"sectores-floricultura-ca","27":"sectores-floricultura-es","28":"sectores-viticultura-ca","29":"sectores-viticultura-es","30":"sectores-jardineria-professional-paisatgisme","31":"sectores-jardineria-profesional-paisajismo","32":"sectores-terrenos-deportivos-profesionales","33":"sectores-terrenys-esportius-professionals","34":"sectores-centres-de-jardineria","35":"sectores-centros-de-jardineria","37":"first","38":"instock","39":"product-type-simple"},"acf":[],"yoast_head":"<!-- This site is optimized with the Yoast SEO plugin v26.7 - https:\/\/yoast.com\/wordpress\/plugins\/seo\/ -->\n<title>VIGORHUMUS H-00 | Bur\u00e9s Profesional<\/title>\n<meta name=\"robots\" content=\"index, follow, max-snippet:-1, max-image-preview:large, max-video-preview:-1\" \/>\n<link rel=\"canonical\" href=\"https:\/\/www.burespro.com\/ca\/product\/vigorhumus-h-00\/\" \/>\n<meta property=\"og:locale\" content=\"ca_ES\" \/>\n<meta property=\"og:type\" content=\"article\" \/>\n<meta property=\"og:title\" content=\"VIGORHUMUS H-00 | Bur\u00e9s Profesional\" \/>\n<meta property=\"og:description\" content=\"VIGORHUMUS H00 \u00e9s un adob org\u00e0nic elaborat amb materials d&#8217;origen animal i vegetal, i obtingut per compostatge; per la qual cosa \u00e9s un producte estable biol\u00f2gicament i sanit\u00e0riament correcte. Presenta una elevada riquesa de nutrients primaris (nitrogen, f\u00f2sfor, potassi) NPK (1&#8217;81-1&#8217;4-1&#8217;4), micronutrients i mat\u00e8ria org\u00e0nica, aix\u00ed com tamb\u00e9 en \u00e0cids h\u00famics; per la qual cosa [&hellip;]\" \/>\n<meta property=\"og:url\" content=\"https:\/\/www.burespro.com\/ca\/product\/vigorhumus-h-00\/\" \/>\n<meta property=\"og:site_name\" content=\"Bur\u00e9s Profesional\" \/>\n<meta property=\"article:publisher\" content=\"https:\/\/www.facebook.com\/buresprofesionalsa\" \/>\n<meta property=\"article:modified_time\" content=\"2020-05-21T06:41:31+00:00\" \/>\n<meta property=\"og:image\" content=\"https:\/\/www.burespro.com\/wp-content\/uploads\/2020\/03\/VIGORHUMUS-H00-ECOL\u00d3GICO-NPK-2-15-15-POLVO.png\" \/>\n\t<meta property=\"og:image:width\" content=\"1200\" \/>\n\t<meta property=\"og:image:height\" content=\"666\" \/>\n\t<meta property=\"og:image:type\" content=\"image\/png\" \/>\n<meta name=\"twitter:card\" content=\"summary_large_image\" \/>\n<meta name=\"twitter:label1\" content=\"Temps estimat de lectura\" \/>\n\t<meta name=\"twitter:data1\" content=\"1 minut\" \/>\n<script type=\"application\/ld+json\" class=\"yoast-schema-graph\">{\"@context\":\"https:\/\/schema.org\",\"@graph\":[{\"@type\":\"WebPage\",\"@id\":\"https:\/\/www.burespro.com\/ca\/product\/vigorhumus-h-00\/\",\"url\":\"https:\/\/www.burespro.com\/ca\/product\/vigorhumus-h-00\/\",\"name\":\"VIGORHUMUS H-00 | Bur\u00e9s Profesional\",\"isPartOf\":{\"@id\":\"https:\/\/www.burespro.com\/#website\"},\"primaryImageOfPage\":{\"@id\":\"https:\/\/www.burespro.com\/ca\/product\/vigorhumus-h-00\/#primaryimage\"},\"image\":{\"@id\":\"https:\/\/www.burespro.com\/ca\/product\/vigorhumus-h-00\/#primaryimage\"},\"thumbnailUrl\":\"https:\/\/www.burespro.com\/wp-content\/uploads\/2020\/03\/VIGORHUMUS-H00-ECOL\u00d3GICO-NPK-2-15-15-POLVO.png\",\"datePublished\":\"2020-03-10T15:46:56+00:00\",\"dateModified\":\"2020-05-21T06:41:31+00:00\",\"breadcrumb\":{\"@id\":\"https:\/\/www.burespro.com\/ca\/product\/vigorhumus-h-00\/#breadcrumb\"},\"inLanguage\":\"ca\",\"potentialAction\":[{\"@type\":\"ReadAction\",\"target\":[\"https:\/\/www.burespro.com\/ca\/product\/vigorhumus-h-00\/\"]}]},{\"@type\":\"ImageObject\",\"inLanguage\":\"ca\",\"@id\":\"https:\/\/www.burespro.com\/ca\/product\/vigorhumus-h-00\/#primaryimage\",\"url\":\"https:\/\/www.burespro.com\/wp-content\/uploads\/2020\/03\/VIGORHUMUS-H00-ECOL\u00d3GICO-NPK-2-15-15-POLVO.png\",\"contentUrl\":\"https:\/\/www.burespro.com\/wp-content\/uploads\/2020\/03\/VIGORHUMUS-H00-ECOL\u00d3GICO-NPK-2-15-15-POLVO.png\",\"width\":1200,\"height\":666},{\"@type\":\"BreadcrumbList\",\"@id\":\"https:\/\/www.burespro.com\/ca\/product\/vigorhumus-h-00\/#breadcrumb\",\"itemListElement\":[{\"@type\":\"ListItem\",\"position\":1,\"name\":\"Inici\",\"item\":\"https:\/\/www.burespro.com\/ca\/\"},{\"@type\":\"ListItem\",\"position\":2,\"name\":\"Productes\",\"item\":\"https:\/\/www.burespro.com\/ca\/adobs-fertilitzants\/\"},{\"@type\":\"ListItem\",\"position\":3,\"name\":\"VIGORHUMUS H-00\"}]},{\"@type\":\"WebSite\",\"@id\":\"https:\/\/www.burespro.com\/#website\",\"url\":\"https:\/\/www.burespro.com\/\",\"name\":\"Bur\u00e9s Profesional\",\"description\":\"Fabricants de terres, substrats de cultiu, fertilitzants i adobs org\u00e0nics\",\"potentialAction\":[{\"@type\":\"SearchAction\",\"target\":{\"@type\":\"EntryPoint\",\"urlTemplate\":\"https:\/\/www.burespro.com\/?s={search_term_string}\"},\"query-input\":{\"@type\":\"PropertyValueSpecification\",\"valueRequired\":true,\"valueName\":\"search_term_string\"}}],\"inLanguage\":\"ca\"}]}<\/script>\n<!-- \/ Yoast SEO plugin. -->","yoast_head_json":{"title":"VIGORHUMUS H-00 | Bur\u00e9s Profesional","robots":{"index":"index","follow":"follow","max-snippet":"max-snippet:-1","max-image-preview":"max-image-preview:large","max-video-preview":"max-video-preview:-1"},"canonical":"https:\/\/www.burespro.com\/ca\/product\/vigorhumus-h-00\/","og_locale":"ca_ES","og_type":"article","og_title":"VIGORHUMUS H-00 | Bur\u00e9s Profesional","og_description":"VIGORHUMUS H00 \u00e9s un adob org\u00e0nic elaborat amb materials d&#8217;origen animal i vegetal, i obtingut per compostatge; per la qual cosa \u00e9s un producte estable biol\u00f2gicament i sanit\u00e0riament correcte. Presenta una elevada riquesa de nutrients primaris (nitrogen, f\u00f2sfor, potassi) NPK (1&#8217;81-1&#8217;4-1&#8217;4), micronutrients i mat\u00e8ria org\u00e0nica, aix\u00ed com tamb\u00e9 en \u00e0cids h\u00famics; per la qual cosa [&hellip;]","og_url":"https:\/\/www.burespro.com\/ca\/product\/vigorhumus-h-00\/","og_site_name":"Bur\u00e9s Profesional","article_publisher":"https:\/\/www.facebook.com\/buresprofesionalsa","article_modified_time":"2020-05-21T06:41:31+00:00","og_image":[{"width":1200,"height":666,"url":"https:\/\/www.burespro.com\/wp-content\/uploads\/2020\/03\/VIGORHUMUS-H00-ECOL\u00d3GICO-NPK-2-15-15-POLVO.png","type":"image\/png"}],"twitter_card":"summary_large_image","twitter_misc":{"Temps estimat de lectura":"1 minut"},"schema":{"@context":"https:\/\/schema.org","@graph":[{"@type":"WebPage","@id":"https:\/\/www.burespro.com\/ca\/product\/vigorhumus-h-00\/","url":"https:\/\/www.burespro.com\/ca\/product\/vigorhumus-h-00\/","name":"VIGORHUMUS H-00 | Bur\u00e9s Profesional","isPartOf":{"@id":"https:\/\/www.burespro.com\/#website"},"primaryImageOfPage":{"@id":"https:\/\/www.burespro.com\/ca\/product\/vigorhumus-h-00\/#primaryimage"},"image":{"@id":"https:\/\/www.burespro.com\/ca\/product\/vigorhumus-h-00\/#primaryimage"},"thumbnailUrl":"https:\/\/www.burespro.com\/wp-content\/uploads\/2020\/03\/VIGORHUMUS-H00-ECOL\u00d3GICO-NPK-2-15-15-POLVO.png","datePublished":"2020-03-10T15:46:56+00:00","dateModified":"2020-05-21T06:41:31+00:00","breadcrumb":{"@id":"https:\/\/www.burespro.com\/ca\/product\/vigorhumus-h-00\/#breadcrumb"},"inLanguage":"ca","potentialAction":[{"@type":"ReadAction","target":["https:\/\/www.burespro.com\/ca\/product\/vigorhumus-h-00\/"]}]},{"@type":"ImageObject","inLanguage":"ca","@id":"https:\/\/www.burespro.com\/ca\/product\/vigorhumus-h-00\/#primaryimage","url":"https:\/\/www.burespro.com\/wp-content\/uploads\/2020\/03\/VIGORHUMUS-H00-ECOL\u00d3GICO-NPK-2-15-15-POLVO.png","contentUrl":"https:\/\/www.burespro.com\/wp-content\/uploads\/2020\/03\/VIGORHUMUS-H00-ECOL\u00d3GICO-NPK-2-15-15-POLVO.png","width":1200,"height":666},{"@type":"BreadcrumbList","@id":"https:\/\/www.burespro.com\/ca\/product\/vigorhumus-h-00\/#breadcrumb","itemListElement":[{"@type":"ListItem","position":1,"name":"Inici","item":"https:\/\/www.burespro.com\/ca\/"},{"@type":"ListItem","position":2,"name":"Productes","item":"https:\/\/www.burespro.com\/ca\/adobs-fertilitzants\/"},{"@type":"ListItem","position":3,"name":"VIGORHUMUS H-00"}]},{"@type":"WebSite","@id":"https:\/\/www.burespro.com\/#website","url":"https:\/\/www.burespro.com\/","name":"Bur\u00e9s Profesional","description":"Fabricants de terres, substrats de cultiu, fertilitzants i adobs org\u00e0nics","potentialAction":[{"@type":"SearchAction","target":{"@type":"EntryPoint","urlTemplate":"https:\/\/www.burespro.com\/?s={search_term_string}"},"query-input":{"@type":"PropertyValueSpecification","valueRequired":true,"valueName":"search_term_string"}}],"inLanguage":"ca"}]}},"_links":{"self":[{"href":"https:\/\/www.burespro.com\/ca\/wp-json\/wp\/v2\/product\/9514","targetHints":{"allow":["GET"]}}],"collection":[{"href":"https:\/\/www.burespro.com\/ca\/wp-json\/wp\/v2\/product"}],"about":[{"href":"https:\/\/www.burespro.com\/ca\/wp-json\/wp\/v2\/types\/product"}],"replies":[{"embeddable":true,"href":"https:\/\/www.burespro.com\/ca\/wp-json\/wp\/v2\/comments?post=9514"}],"wp:featuredmedia":[{"embeddable":true,"href":"https:\/\/www.burespro.com\/ca\/wp-json\/wp\/v2\/media\/15362"}],"wp:attachment":[{"href":"https:\/\/www.burespro.com\/ca\/wp-json\/wp\/v2\/media?parent=9514"}],"wp:term":[{"taxonomy":"product_brand","embeddable":true,"href":"https:\/\/www.burespro.com\/ca\/wp-json\/wp\/v2\/product_brand?post=9514"},{"taxonomy":"product_cat","embeddable":true,"href":"https:\/\/www.burespro.com\/ca\/wp-json\/wp\/v2\/product_cat?post=9514"},{"taxonomy":"product_tag","embeddable":true,"href":"https:\/\/www.burespro.com\/ca\/wp-json\/wp\/v2\/product_tag?post=9514"},{"taxonomy":"sectores","embeddable":true,"href":"https:\/\/www.burespro.com\/ca\/wp-json\/wp\/v2\/sectores?post=9514"}],"curies":[{"name":"wp","href":"https:\/\/api.w.org\/{rel}","templated":true}]}}