{"id":9488,"date":"2020-03-10T14:36:19","date_gmt":"2020-03-10T15:46:56","guid":{"rendered":"https:\/\/burespro.neorgvirtual.com\/product\/travessa-eco-enfosquida\/"},"modified":"2020-03-24T11:59:56","modified_gmt":"2020-03-24T11:59:56","slug":"travessa-eco-enfosquida","status":"publish","type":"product","link":"https:\/\/www.burespro.com\/ca\/product\/travessa-eco-enfosquida\/","title":{"rendered":"TRAVESSA ECO ENFOSQUIDA"},"content":{"rendered":"<p>Les travesses s\u00f3n de fusta de pi tractades amb m\u00e8todes ecol\u00f2gics per assegurar la seva resist\u00e8ncia i durabilitat a les inclem\u00e8ncies meteorol\u00f2giques.<br \/>\nPresenten un color fosc a causa d&#8217;un tractament aplicat per tal objectiu.<\/p>\n","protected":false},"excerpt":{"rendered":"<p>Les travesses s\u00f3n de fusta de pi tractades amb m\u00e8todes ecol\u00f2gics per assegurar la seva resist\u00e8ncia i durabilitat a les inclem\u00e8ncies meteorol\u00f2giques. Presenten un color fosc a causa d&#8217;un tractament aplicat per tal objectiu.<\/p>\n","protected":false},"featured_media":15474,"comment_status":"closed","ping_status":"closed","template":"","meta":{"_acf_changed":false,"inline_featured_image":false},"product_brand":[],"product_cat":[169,183],"product_tag":[505,526,556,559,562,565],"sectores":[339,345,340,342],"class_list":{"0":"post-9488","1":"product","2":"type-product","3":"status-publish","4":"has-post-thumbnail","6":"product_cat-decoracio-pel-jardi","7":"product_cat-complements-de-decoracio","8":"product_tag-construccio-de-jardins","9":"product_tag-decoracio-de-jardins-ca","10":"product_tag-jardineria-girona-ca","11":"product_tag-jardineria-professional-ca","12":"product_tag-material-de-jardineria-girona-ca","13":"product_tag-materials-de-jardineria","14":"sectores-jardineria-professional-paisatgisme","15":"sectores-obra-civil-i-publica","16":"sectores-administracions-publiques","17":"sectores-centres-de-jardineria","19":"first","20":"instock","21":"product-type-simple"},"acf":[],"yoast_head":"<!-- This site is optimized with the Yoast SEO plugin v26.7 - https:\/\/yoast.com\/wordpress\/plugins\/seo\/ -->\n<title>TRAVESSA ECO ENFOSQUIDA | Bur\u00e9s Profesional<\/title>\n<meta name=\"robots\" content=\"index, follow, max-snippet:-1, max-image-preview:large, max-video-preview:-1\" \/>\n<link rel=\"canonical\" href=\"https:\/\/www.burespro.com\/ca\/product\/travessa-eco-enfosquida\/\" \/>\n<meta property=\"og:locale\" content=\"ca_ES\" \/>\n<meta property=\"og:type\" content=\"article\" \/>\n<meta property=\"og:title\" content=\"TRAVESSA ECO ENFOSQUIDA | Bur\u00e9s Profesional\" \/>\n<meta property=\"og:description\" content=\"Les travesses s\u00f3n de fusta de pi tractades amb m\u00e8todes ecol\u00f2gics per assegurar la seva resist\u00e8ncia i durabilitat a les inclem\u00e8ncies meteorol\u00f2giques. Presenten un color fosc a causa d&#8217;un tractament aplicat per tal objectiu.\" \/>\n<meta property=\"og:url\" content=\"https:\/\/www.burespro.com\/ca\/product\/travessa-eco-enfosquida\/\" \/>\n<meta property=\"og:site_name\" content=\"Bur\u00e9s Profesional\" \/>\n<meta property=\"article:publisher\" content=\"https:\/\/www.facebook.com\/buresprofesionalsa\" \/>\n<meta property=\"article:modified_time\" content=\"2020-03-24T11:59:56+00:00\" \/>\n<meta property=\"og:image\" content=\"https:\/\/www.burespro.com\/wp-content\/uploads\/2020\/03\/traviesa_fosca.png\" \/>\n\t<meta property=\"og:image:width\" content=\"536\" \/>\n\t<meta property=\"og:image:height\" content=\"800\" \/>\n\t<meta property=\"og:image:type\" content=\"image\/png\" \/>\n<meta name=\"twitter:card\" content=\"summary_large_image\" \/>\n<script type=\"application\/ld+json\" class=\"yoast-schema-graph\">{\"@context\":\"https:\/\/schema.org\",\"@graph\":[{\"@type\":\"WebPage\",\"@id\":\"https:\/\/www.burespro.com\/ca\/product\/travessa-eco-enfosquida\/\",\"url\":\"https:\/\/www.burespro.com\/ca\/product\/travessa-eco-enfosquida\/\",\"name\":\"TRAVESSA ECO ENFOSQUIDA | Bur\u00e9s Profesional\",\"isPartOf\":{\"@id\":\"https:\/\/www.burespro.com\/#website\"},\"primaryImageOfPage\":{\"@id\":\"https:\/\/www.burespro.com\/ca\/product\/travessa-eco-enfosquida\/#primaryimage\"},\"image\":{\"@id\":\"https:\/\/www.burespro.com\/ca\/product\/travessa-eco-enfosquida\/#primaryimage\"},\"thumbnailUrl\":\"https:\/\/www.burespro.com\/wp-content\/uploads\/2020\/03\/traviesa_fosca.png\",\"datePublished\":\"2020-03-10T15:46:56+00:00\",\"dateModified\":\"2020-03-24T11:59:56+00:00\",\"breadcrumb\":{\"@id\":\"https:\/\/www.burespro.com\/ca\/product\/travessa-eco-enfosquida\/#breadcrumb\"},\"inLanguage\":\"ca\",\"potentialAction\":[{\"@type\":\"ReadAction\",\"target\":[\"https:\/\/www.burespro.com\/ca\/product\/travessa-eco-enfosquida\/\"]}]},{\"@type\":\"ImageObject\",\"inLanguage\":\"ca\",\"@id\":\"https:\/\/www.burespro.com\/ca\/product\/travessa-eco-enfosquida\/#primaryimage\",\"url\":\"https:\/\/www.burespro.com\/wp-content\/uploads\/2020\/03\/traviesa_fosca.png\",\"contentUrl\":\"https:\/\/www.burespro.com\/wp-content\/uploads\/2020\/03\/traviesa_fosca.png\",\"width\":536,\"height\":800},{\"@type\":\"BreadcrumbList\",\"@id\":\"https:\/\/www.burespro.com\/ca\/product\/travessa-eco-enfosquida\/#breadcrumb\",\"itemListElement\":[{\"@type\":\"ListItem\",\"position\":1,\"name\":\"Inici\",\"item\":\"https:\/\/www.burespro.com\/ca\/\"},{\"@type\":\"ListItem\",\"position\":2,\"name\":\"Productes\",\"item\":\"https:\/\/www.burespro.com\/ca\/adobs-fertilitzants\/\"},{\"@type\":\"ListItem\",\"position\":3,\"name\":\"TRAVESSA ECO ENFOSQUIDA\"}]},{\"@type\":\"WebSite\",\"@id\":\"https:\/\/www.burespro.com\/#website\",\"url\":\"https:\/\/www.burespro.com\/\",\"name\":\"Bur\u00e9s Profesional\",\"description\":\"Fabricants de terres, substrats de cultiu, fertilitzants i adobs org\u00e0nics\",\"potentialAction\":[{\"@type\":\"SearchAction\",\"target\":{\"@type\":\"EntryPoint\",\"urlTemplate\":\"https:\/\/www.burespro.com\/?s={search_term_string}\"},\"query-input\":{\"@type\":\"PropertyValueSpecification\",\"valueRequired\":true,\"valueName\":\"search_term_string\"}}],\"inLanguage\":\"ca\"}]}<\/script>\n<!-- \/ Yoast SEO plugin. -->","yoast_head_json":{"title":"TRAVESSA ECO ENFOSQUIDA | Bur\u00e9s Profesional","robots":{"index":"index","follow":"follow","max-snippet":"max-snippet:-1","max-image-preview":"max-image-preview:large","max-video-preview":"max-video-preview:-1"},"canonical":"https:\/\/www.burespro.com\/ca\/product\/travessa-eco-enfosquida\/","og_locale":"ca_ES","og_type":"article","og_title":"TRAVESSA ECO ENFOSQUIDA | Bur\u00e9s Profesional","og_description":"Les travesses s\u00f3n de fusta de pi tractades amb m\u00e8todes ecol\u00f2gics per assegurar la seva resist\u00e8ncia i durabilitat a les inclem\u00e8ncies meteorol\u00f2giques. Presenten un color fosc a causa d&#8217;un tractament aplicat per tal objectiu.","og_url":"https:\/\/www.burespro.com\/ca\/product\/travessa-eco-enfosquida\/","og_site_name":"Bur\u00e9s Profesional","article_publisher":"https:\/\/www.facebook.com\/buresprofesionalsa","article_modified_time":"2020-03-24T11:59:56+00:00","og_image":[{"width":536,"height":800,"url":"https:\/\/www.burespro.com\/wp-content\/uploads\/2020\/03\/traviesa_fosca.png","type":"image\/png"}],"twitter_card":"summary_large_image","schema":{"@context":"https:\/\/schema.org","@graph":[{"@type":"WebPage","@id":"https:\/\/www.burespro.com\/ca\/product\/travessa-eco-enfosquida\/","url":"https:\/\/www.burespro.com\/ca\/product\/travessa-eco-enfosquida\/","name":"TRAVESSA ECO ENFOSQUIDA | Bur\u00e9s Profesional","isPartOf":{"@id":"https:\/\/www.burespro.com\/#website"},"primaryImageOfPage":{"@id":"https:\/\/www.burespro.com\/ca\/product\/travessa-eco-enfosquida\/#primaryimage"},"image":{"@id":"https:\/\/www.burespro.com\/ca\/product\/travessa-eco-enfosquida\/#primaryimage"},"thumbnailUrl":"https:\/\/www.burespro.com\/wp-content\/uploads\/2020\/03\/traviesa_fosca.png","datePublished":"2020-03-10T15:46:56+00:00","dateModified":"2020-03-24T11:59:56+00:00","breadcrumb":{"@id":"https:\/\/www.burespro.com\/ca\/product\/travessa-eco-enfosquida\/#breadcrumb"},"inLanguage":"ca","potentialAction":[{"@type":"ReadAction","target":["https:\/\/www.burespro.com\/ca\/product\/travessa-eco-enfosquida\/"]}]},{"@type":"ImageObject","inLanguage":"ca","@id":"https:\/\/www.burespro.com\/ca\/product\/travessa-eco-enfosquida\/#primaryimage","url":"https:\/\/www.burespro.com\/wp-content\/uploads\/2020\/03\/traviesa_fosca.png","contentUrl":"https:\/\/www.burespro.com\/wp-content\/uploads\/2020\/03\/traviesa_fosca.png","width":536,"height":800},{"@type":"BreadcrumbList","@id":"https:\/\/www.burespro.com\/ca\/product\/travessa-eco-enfosquida\/#breadcrumb","itemListElement":[{"@type":"ListItem","position":1,"name":"Inici","item":"https:\/\/www.burespro.com\/ca\/"},{"@type":"ListItem","position":2,"name":"Productes","item":"https:\/\/www.burespro.com\/ca\/adobs-fertilitzants\/"},{"@type":"ListItem","position":3,"name":"TRAVESSA ECO ENFOSQUIDA"}]},{"@type":"WebSite","@id":"https:\/\/www.burespro.com\/#website","url":"https:\/\/www.burespro.com\/","name":"Bur\u00e9s Profesional","description":"Fabricants de terres, substrats de cultiu, fertilitzants i adobs org\u00e0nics","potentialAction":[{"@type":"SearchAction","target":{"@type":"EntryPoint","urlTemplate":"https:\/\/www.burespro.com\/?s={search_term_string}"},"query-input":{"@type":"PropertyValueSpecification","valueRequired":true,"valueName":"search_term_string"}}],"inLanguage":"ca"}]}},"_links":{"self":[{"href":"https:\/\/www.burespro.com\/ca\/wp-json\/wp\/v2\/product\/9488","targetHints":{"allow":["GET"]}}],"collection":[{"href":"https:\/\/www.burespro.com\/ca\/wp-json\/wp\/v2\/product"}],"about":[{"href":"https:\/\/www.burespro.com\/ca\/wp-json\/wp\/v2\/types\/product"}],"replies":[{"embeddable":true,"href":"https:\/\/www.burespro.com\/ca\/wp-json\/wp\/v2\/comments?post=9488"}],"wp:featuredmedia":[{"embeddable":true,"href":"https:\/\/www.burespro.com\/ca\/wp-json\/wp\/v2\/media\/15474"}],"wp:attachment":[{"href":"https:\/\/www.burespro.com\/ca\/wp-json\/wp\/v2\/media?parent=9488"}],"wp:term":[{"taxonomy":"product_brand","embeddable":true,"href":"https:\/\/www.burespro.com\/ca\/wp-json\/wp\/v2\/product_brand?post=9488"},{"taxonomy":"product_cat","embeddable":true,"href":"https:\/\/www.burespro.com\/ca\/wp-json\/wp\/v2\/product_cat?post=9488"},{"taxonomy":"product_tag","embeddable":true,"href":"https:\/\/www.burespro.com\/ca\/wp-json\/wp\/v2\/product_tag?post=9488"},{"taxonomy":"sectores","embeddable":true,"href":"https:\/\/www.burespro.com\/ca\/wp-json\/wp\/v2\/sectores?post=9488"}],"curies":[{"name":"wp","href":"https:\/\/api.w.org\/{rel}","templated":true}]}}