{"id":9434,"date":"2020-03-10T14:35:51","date_gmt":"2020-03-10T15:46:24","guid":{"rendered":"https:\/\/burespro.neorgvirtual.com\/product\/substrat-per-sembrar-planter\/"},"modified":"2020-08-12T13:30:28","modified_gmt":"2020-08-12T11:30:28","slug":"substrat-per-sembrar-planter","status":"publish","type":"product","link":"https:\/\/www.burespro.com\/ca\/product\/substrat-per-sembrar-planter\/","title":{"rendered":"SUBSTRAT PER SEMBRAR (PLANTER)"},"content":{"rendered":"<p>Substrat para sembra, llest per utilitzar com substrat de sembra de plantes joves. Aquest substrat est\u00e0 fabricat amb mat\u00e8ries primeres de gran qualitat. Disposa de la fertilitzaci\u00f3 necess\u00e0ria per proveir a les plantes de tots els nutrients necessaris durant un per\u00edode aproximat de 4 setmanes.<\/p>\n","protected":false},"excerpt":{"rendered":"<p>Substrat para sembra, llest per utilitzar com substrat de sembra de plantes joves. Aquest substrat est\u00e0 fabricat amb mat\u00e8ries primeres de gran qualitat. Disposa de la fertilitzaci\u00f3 necess\u00e0ria per proveir a les plantes de tots els nutrients necessaris durant un per\u00edode aproximat de 4 setmanes.<\/p>\n","protected":false},"featured_media":15260,"comment_status":"closed","ping_status":"closed","template":"","meta":{"_acf_changed":false,"inline_featured_image":false},"product_brand":[],"product_cat":[178,184,377],"product_tag":[540,580,613,610,616],"sectores":[],"class_list":{"0":"post-9434","1":"product","2":"type-product","3":"status-publish","4":"has-post-thumbnail","6":"product_cat-torbes-i-substrats-de-torba","7":"product_cat-substrats-pel-cultiu","8":"product_cat-substrats-pel-jardi-2","9":"product_tag-distribucio-de-turba-espanya","10":"product_tag-plantaflor-espanya","11":"product_tag-turba-de-el-nord","12":"product_tag-turba-del-baltic","13":"product_tag-venda-de-torba","15":"first","16":"instock","17":"product-type-simple"},"acf":[],"yoast_head":"<!-- This site is optimized with the Yoast SEO plugin v26.7 - https:\/\/yoast.com\/wordpress\/plugins\/seo\/ -->\n<title>SUBSTRAT PER SEMBRAR (PLANTER) | Bur\u00e9s Profesional<\/title>\n<meta name=\"robots\" content=\"index, follow, max-snippet:-1, max-image-preview:large, max-video-preview:-1\" \/>\n<link rel=\"canonical\" href=\"https:\/\/www.burespro.com\/ca\/product\/substrat-per-sembrar-planter\/\" \/>\n<meta property=\"og:locale\" content=\"ca_ES\" \/>\n<meta property=\"og:type\" content=\"article\" \/>\n<meta property=\"og:title\" content=\"SUBSTRAT PER SEMBRAR (PLANTER) | Bur\u00e9s Profesional\" \/>\n<meta property=\"og:description\" content=\"Substrat para sembra, llest per utilitzar com substrat de sembra de plantes joves. Aquest substrat est\u00e0 fabricat amb mat\u00e8ries primeres de gran qualitat. Disposa de la fertilitzaci\u00f3 necess\u00e0ria per proveir a les plantes de tots els nutrients necessaris durant un per\u00edode aproximat de 4 setmanes.\" \/>\n<meta property=\"og:url\" content=\"https:\/\/www.burespro.com\/ca\/product\/substrat-per-sembrar-planter\/\" \/>\n<meta property=\"og:site_name\" content=\"Bur\u00e9s Profesional\" \/>\n<meta property=\"article:publisher\" content=\"https:\/\/www.facebook.com\/buresprofesionalsa\" \/>\n<meta property=\"article:modified_time\" content=\"2020-08-12T11:30:28+00:00\" \/>\n<meta property=\"og:image\" content=\"https:\/\/www.burespro.com\/wp-content\/uploads\/2020\/03\/Plantaflor-para-sembrar.1200X670.png\" \/>\n\t<meta property=\"og:image:width\" content=\"1200\" \/>\n\t<meta property=\"og:image:height\" content=\"666\" \/>\n\t<meta property=\"og:image:type\" content=\"image\/png\" \/>\n<meta name=\"twitter:card\" content=\"summary_large_image\" \/>\n<script type=\"application\/ld+json\" class=\"yoast-schema-graph\">{\"@context\":\"https:\/\/schema.org\",\"@graph\":[{\"@type\":\"WebPage\",\"@id\":\"https:\/\/www.burespro.com\/ca\/product\/substrat-per-sembrar-planter\/\",\"url\":\"https:\/\/www.burespro.com\/ca\/product\/substrat-per-sembrar-planter\/\",\"name\":\"SUBSTRAT PER SEMBRAR (PLANTER) | Bur\u00e9s Profesional\",\"isPartOf\":{\"@id\":\"https:\/\/www.burespro.com\/#website\"},\"primaryImageOfPage\":{\"@id\":\"https:\/\/www.burespro.com\/ca\/product\/substrat-per-sembrar-planter\/#primaryimage\"},\"image\":{\"@id\":\"https:\/\/www.burespro.com\/ca\/product\/substrat-per-sembrar-planter\/#primaryimage\"},\"thumbnailUrl\":\"https:\/\/www.burespro.com\/wp-content\/uploads\/2020\/03\/Plantaflor-para-sembrar.1200X670.png\",\"datePublished\":\"2020-03-10T15:46:24+00:00\",\"dateModified\":\"2020-08-12T11:30:28+00:00\",\"breadcrumb\":{\"@id\":\"https:\/\/www.burespro.com\/ca\/product\/substrat-per-sembrar-planter\/#breadcrumb\"},\"inLanguage\":\"ca\",\"potentialAction\":[{\"@type\":\"ReadAction\",\"target\":[\"https:\/\/www.burespro.com\/ca\/product\/substrat-per-sembrar-planter\/\"]}]},{\"@type\":\"ImageObject\",\"inLanguage\":\"ca\",\"@id\":\"https:\/\/www.burespro.com\/ca\/product\/substrat-per-sembrar-planter\/#primaryimage\",\"url\":\"https:\/\/www.burespro.com\/wp-content\/uploads\/2020\/03\/Plantaflor-para-sembrar.1200X670.png\",\"contentUrl\":\"https:\/\/www.burespro.com\/wp-content\/uploads\/2020\/03\/Plantaflor-para-sembrar.1200X670.png\",\"width\":1200,\"height\":666},{\"@type\":\"BreadcrumbList\",\"@id\":\"https:\/\/www.burespro.com\/ca\/product\/substrat-per-sembrar-planter\/#breadcrumb\",\"itemListElement\":[{\"@type\":\"ListItem\",\"position\":1,\"name\":\"Inici\",\"item\":\"https:\/\/www.burespro.com\/ca\/\"},{\"@type\":\"ListItem\",\"position\":2,\"name\":\"Productes\",\"item\":\"https:\/\/www.burespro.com\/ca\/adobs-fertilitzants\/\"},{\"@type\":\"ListItem\",\"position\":3,\"name\":\"SUBSTRAT PER SEMBRAR (PLANTER)\"}]},{\"@type\":\"WebSite\",\"@id\":\"https:\/\/www.burespro.com\/#website\",\"url\":\"https:\/\/www.burespro.com\/\",\"name\":\"Bur\u00e9s Profesional\",\"description\":\"Fabricants de terres, substrats de cultiu, fertilitzants i adobs org\u00e0nics\",\"potentialAction\":[{\"@type\":\"SearchAction\",\"target\":{\"@type\":\"EntryPoint\",\"urlTemplate\":\"https:\/\/www.burespro.com\/?s={search_term_string}\"},\"query-input\":{\"@type\":\"PropertyValueSpecification\",\"valueRequired\":true,\"valueName\":\"search_term_string\"}}],\"inLanguage\":\"ca\"}]}<\/script>\n<!-- \/ Yoast SEO plugin. -->","yoast_head_json":{"title":"SUBSTRAT PER SEMBRAR (PLANTER) | Bur\u00e9s Profesional","robots":{"index":"index","follow":"follow","max-snippet":"max-snippet:-1","max-image-preview":"max-image-preview:large","max-video-preview":"max-video-preview:-1"},"canonical":"https:\/\/www.burespro.com\/ca\/product\/substrat-per-sembrar-planter\/","og_locale":"ca_ES","og_type":"article","og_title":"SUBSTRAT PER SEMBRAR (PLANTER) | Bur\u00e9s Profesional","og_description":"Substrat para sembra, llest per utilitzar com substrat de sembra de plantes joves. Aquest substrat est\u00e0 fabricat amb mat\u00e8ries primeres de gran qualitat. Disposa de la fertilitzaci\u00f3 necess\u00e0ria per proveir a les plantes de tots els nutrients necessaris durant un per\u00edode aproximat de 4 setmanes.","og_url":"https:\/\/www.burespro.com\/ca\/product\/substrat-per-sembrar-planter\/","og_site_name":"Bur\u00e9s Profesional","article_publisher":"https:\/\/www.facebook.com\/buresprofesionalsa","article_modified_time":"2020-08-12T11:30:28+00:00","og_image":[{"width":1200,"height":666,"url":"https:\/\/www.burespro.com\/wp-content\/uploads\/2020\/03\/Plantaflor-para-sembrar.1200X670.png","type":"image\/png"}],"twitter_card":"summary_large_image","schema":{"@context":"https:\/\/schema.org","@graph":[{"@type":"WebPage","@id":"https:\/\/www.burespro.com\/ca\/product\/substrat-per-sembrar-planter\/","url":"https:\/\/www.burespro.com\/ca\/product\/substrat-per-sembrar-planter\/","name":"SUBSTRAT PER SEMBRAR (PLANTER) | Bur\u00e9s Profesional","isPartOf":{"@id":"https:\/\/www.burespro.com\/#website"},"primaryImageOfPage":{"@id":"https:\/\/www.burespro.com\/ca\/product\/substrat-per-sembrar-planter\/#primaryimage"},"image":{"@id":"https:\/\/www.burespro.com\/ca\/product\/substrat-per-sembrar-planter\/#primaryimage"},"thumbnailUrl":"https:\/\/www.burespro.com\/wp-content\/uploads\/2020\/03\/Plantaflor-para-sembrar.1200X670.png","datePublished":"2020-03-10T15:46:24+00:00","dateModified":"2020-08-12T11:30:28+00:00","breadcrumb":{"@id":"https:\/\/www.burespro.com\/ca\/product\/substrat-per-sembrar-planter\/#breadcrumb"},"inLanguage":"ca","potentialAction":[{"@type":"ReadAction","target":["https:\/\/www.burespro.com\/ca\/product\/substrat-per-sembrar-planter\/"]}]},{"@type":"ImageObject","inLanguage":"ca","@id":"https:\/\/www.burespro.com\/ca\/product\/substrat-per-sembrar-planter\/#primaryimage","url":"https:\/\/www.burespro.com\/wp-content\/uploads\/2020\/03\/Plantaflor-para-sembrar.1200X670.png","contentUrl":"https:\/\/www.burespro.com\/wp-content\/uploads\/2020\/03\/Plantaflor-para-sembrar.1200X670.png","width":1200,"height":666},{"@type":"BreadcrumbList","@id":"https:\/\/www.burespro.com\/ca\/product\/substrat-per-sembrar-planter\/#breadcrumb","itemListElement":[{"@type":"ListItem","position":1,"name":"Inici","item":"https:\/\/www.burespro.com\/ca\/"},{"@type":"ListItem","position":2,"name":"Productes","item":"https:\/\/www.burespro.com\/ca\/adobs-fertilitzants\/"},{"@type":"ListItem","position":3,"name":"SUBSTRAT PER SEMBRAR (PLANTER)"}]},{"@type":"WebSite","@id":"https:\/\/www.burespro.com\/#website","url":"https:\/\/www.burespro.com\/","name":"Bur\u00e9s Profesional","description":"Fabricants de terres, substrats de cultiu, fertilitzants i adobs org\u00e0nics","potentialAction":[{"@type":"SearchAction","target":{"@type":"EntryPoint","urlTemplate":"https:\/\/www.burespro.com\/?s={search_term_string}"},"query-input":{"@type":"PropertyValueSpecification","valueRequired":true,"valueName":"search_term_string"}}],"inLanguage":"ca"}]}},"_links":{"self":[{"href":"https:\/\/www.burespro.com\/ca\/wp-json\/wp\/v2\/product\/9434","targetHints":{"allow":["GET"]}}],"collection":[{"href":"https:\/\/www.burespro.com\/ca\/wp-json\/wp\/v2\/product"}],"about":[{"href":"https:\/\/www.burespro.com\/ca\/wp-json\/wp\/v2\/types\/product"}],"replies":[{"embeddable":true,"href":"https:\/\/www.burespro.com\/ca\/wp-json\/wp\/v2\/comments?post=9434"}],"wp:featuredmedia":[{"embeddable":true,"href":"https:\/\/www.burespro.com\/ca\/wp-json\/wp\/v2\/media\/15260"}],"wp:attachment":[{"href":"https:\/\/www.burespro.com\/ca\/wp-json\/wp\/v2\/media?parent=9434"}],"wp:term":[{"taxonomy":"product_brand","embeddable":true,"href":"https:\/\/www.burespro.com\/ca\/wp-json\/wp\/v2\/product_brand?post=9434"},{"taxonomy":"product_cat","embeddable":true,"href":"https:\/\/www.burespro.com\/ca\/wp-json\/wp\/v2\/product_cat?post=9434"},{"taxonomy":"product_tag","embeddable":true,"href":"https:\/\/www.burespro.com\/ca\/wp-json\/wp\/v2\/product_tag?post=9434"},{"taxonomy":"sectores","embeddable":true,"href":"https:\/\/www.burespro.com\/ca\/wp-json\/wp\/v2\/sectores?post=9434"}],"curies":[{"name":"wp","href":"https:\/\/api.w.org\/{rel}","templated":true}]}}