{"id":9433,"date":"2020-03-10T14:35:51","date_gmt":"2020-03-10T15:46:24","guid":{"rendered":"https:\/\/burespro.neorgvirtual.com\/product\/substrat-estructural-per-a-paviments-bss-20-40\/"},"modified":"2021-05-21T08:18:00","modified_gmt":"2021-05-21T06:18:00","slug":"substrat-estructural-per-a-paviments-bss-20-40","status":"publish","type":"product","link":"https:\/\/www.burespro.com\/ca\/product\/substrat-estructural-per-a-paviments-bss-20-40\/","title":{"rendered":"SUBSTRAT ESTRUCTURAL PER A PAVIMENTS BSS 20\/40"},"content":{"rendered":"<p>Els s\u00f2ls estructurals s\u00f3n la soluci\u00f3 a la necessitat de disposar de s\u00f2ls airejats en zones urbanes que permetin un bon desenvolupament de l&#8217;arbratge i tamb\u00e9 mantenir la funci\u00f3 de suport per a estructures fixes com a marquesines, paviments de voreres, cartells, \u2026<br \/>\nLa qualitat agron\u00f2mica del s\u00f2l urb\u00e0: poc f\u00e8rtil, molt compactat i sovint ocupat per instal\u00b7lacions i paviments, no permet una bona proliferaci\u00f3 de les arrels i un sa desenvolupament dels arbres a les ciutats.<br \/>\nEl s\u00f2l estructural \u00e9s una mescla de graves de granulometria gruixuda (que estructura i aireja el mitj\u00e0) i part\u00edcules petites que garanteixen l&#8217;aportaci\u00f3 d&#8217;aigua i nutrients que admeten ser compactats per mitjans mec\u00e0nics mantenint les seves qualitats com a substrat.<\/p>\n<p>Els s\u00f2ls estructurals de\u00a0Bur\u00e9s\u00a0s\u00f3n productes amb les seg\u00fcents caracter\u00edstiques:<br \/>\n\u2713 elevada macro-porositat que influeix en les relacions aire\/aigua del mitj\u00e0 de cultiu.<br \/>\n\u2713 major oxigenaci\u00f3 de les arrels a causa d&#8217;una elevada ventilaci\u00f3, fet que afavoreix la proliferaci\u00f3 d&#8217;arrels m\u00e9s profundes evitant arrelaments compactats i en espais no apropiats per al bon desenvolupament dels arbres.<br \/>\n\u2713 alta velocitat d&#8217;infiltraci\u00f3 de l&#8217;aigua.<br \/>\n\u2713 elevada estabilitat estructural.<br \/>\n\u2713 resistents a la compactaci\u00f3 del s\u00f2l sense afectaci\u00f3 del mitj\u00e0 de desenvolupament radicular.<\/p>\n<p>S\u00d2L ESTRUCTURAL\u00a0BSS-20\/40<br \/>\nSubstrat de mescla altament drenant preparat a base de graves i enriquit en mat\u00e8ria org\u00e0nica i argiles, per a aplicaci\u00f3 com a s\u00f2l estructural.<\/p>\n<p>COMPOSICI\u00d3<br \/>\nEl s\u00f2l estructural\u00a0BSS-20\/40\u00a0est\u00e0 preparat a base de:<br \/>\n-grava de basalt de grand\u00e0ria mitjana a gruix (20 \u2013 40 mm).<br \/>\n-substrat vegetal enriquit en mat\u00e8ria org\u00e0nica.<\/p>\n<p>CARACTER\u00cdSTIQUES<br \/>\nEl\u00a0BSS-20\/40\u00a0\u00e9s un producte d&#8217;elevada macro-porositat que permet un major desenvolupament del sistema radicular en plantacions d&#8217;arbres en zones pavimentades a causa d&#8217;una major capacitat d&#8217;oxigenaci\u00f3 (ventilaci\u00f3) del mitj\u00e0 de cultiu que afavoreix la proliferaci\u00f3 d&#8217;arrels m\u00e9s profundes.<\/p>\n<p>El substrat que incorpora el\u00a0BSS-20\/40\u00a0est\u00e0 elaborat a partir de la mescla d&#8217;humus vegetal, terra natural franca i sorra procedent de granit (saul\u00f3).<br \/>\nBSS-20\/40 \u00e9s un producte preparat per a l&#8217;addici\u00f3 de hidro-retenedors i abonaments d&#8217;alliberament lent segons demanda dels nostres clients.<\/p>\n<p>APLICACIONS<br \/>\nS\u00f2l estructural per a la plantaci\u00f3 d&#8217;arbres en zones pavimentades.<br \/>\n\u2013 Arbres d&#8217;alineaci\u00f3.<br \/>\n\u2013 Zones per als vianants.<br \/>\n\u2013 Parcs p\u00fablics.<br \/>\n\u2013 P\u00e0rquings i rotondes.<\/p>\n<p>AVANTATGES<br \/>\n\u2713 elevada macro-porositat que garanteix l&#8217;oxigenaci\u00f3 radicular.<br \/>\n\u2713 millora la fixaci\u00f3 (ancoratge) en el mitj\u00e0.<br \/>\n\u2713 elevada estabilitat estructural.<\/p>\n<p>CONSELLS D&#8217;APLICACI\u00d3<br \/>\n\u2013 Estendre el producte i incorporar fins a aconseguir una bona distribuci\u00f3 sobre el terreny.<br \/>\nEl producte BSS-20\/40 es comercialitza a granel i en big-bag.<br \/>\nTot el proc\u00e9s de fabricaci\u00f3, aix\u00ed com el producte final, est\u00e0 sotm\u00e8s a un rigor\u00f3s control de qualitat, amb la finalitat de garantir la satisfacci\u00f3 dels nostres clients, aix\u00ed com el respecte pel Medi Ambient en totes les nostres activitats.<br \/>\nEl nostre Departament T\u00e8cnic l&#8217;assessorar\u00e0 en el c\u00e0lcul de les necessitats reals d&#8217;aquest producte, aix\u00ed com qualsevol dubte derivat del seu \u00fas.<\/p>\n","protected":false},"excerpt":{"rendered":"<p>Els s\u00f2ls estructurals s\u00f3n la soluci\u00f3 a la necessitat de disposar de s\u00f2ls airejats en zones urbanes que permetin un bon desenvolupament de l&#8217;arbratge i tamb\u00e9 mantenir la funci\u00f3 de suport per a estructures fixes com a marquesines, paviments de voreres, cartells, \u2026 La qualitat agron\u00f2mica del s\u00f2l urb\u00e0: poc f\u00e8rtil, molt compactat i sovint [&hellip;]<\/p>\n","protected":false},"featured_media":424,"comment_status":"closed","ping_status":"closed","template":"","meta":{"_acf_changed":false,"inline_featured_image":false},"product_brand":[],"product_cat":[180],"product_tag":[448,505,556,559,562,565,604,595,589,607],"sectores":[339,345,340],"class_list":{"0":"post-9433","1":"product","2":"type-product","3":"status-publish","4":"has-post-thumbnail","6":"product_cat-substrats-especials","7":"product_tag-bures-profesional-ca","8":"product_tag-construccio-de-jardins","9":"product_tag-jardineria-girona-ca","10":"product_tag-jardineria-professional-ca","11":"product_tag-material-de-jardineria-girona-ca","12":"product_tag-materials-de-jardineria","13":"product_tag-substrats-de-cultiu","14":"product_tag-substrats-de-jardienria","15":"product_tag-substrats-girona","16":"product_tag-substrats-professionals","17":"sectores-jardineria-professional-paisatgisme","18":"sectores-obra-civil-i-publica","19":"sectores-administracions-publiques","21":"first","22":"instock","23":"product-type-simple"},"acf":[],"yoast_head":"<!-- This site is optimized with the Yoast SEO plugin v26.7 - https:\/\/yoast.com\/wordpress\/plugins\/seo\/ -->\n<title>SUBSTRAT ESTRUCTURAL PER A PAVIMENTS BSS 20\/40 | Bur\u00e9s Profesional<\/title>\n<meta name=\"robots\" content=\"index, follow, max-snippet:-1, max-image-preview:large, max-video-preview:-1\" \/>\n<link rel=\"canonical\" href=\"https:\/\/www.burespro.com\/ca\/product\/substrat-estructural-per-a-paviments-bss-20-40\/\" \/>\n<meta property=\"og:locale\" content=\"ca_ES\" \/>\n<meta property=\"og:type\" content=\"article\" \/>\n<meta property=\"og:title\" content=\"SUBSTRAT ESTRUCTURAL PER A PAVIMENTS BSS 20\/40 | Bur\u00e9s Profesional\" \/>\n<meta property=\"og:description\" content=\"Els s\u00f2ls estructurals s\u00f3n la soluci\u00f3 a la necessitat de disposar de s\u00f2ls airejats en zones urbanes que permetin un bon desenvolupament de l&#8217;arbratge i tamb\u00e9 mantenir la funci\u00f3 de suport per a estructures fixes com a marquesines, paviments de voreres, cartells, \u2026 La qualitat agron\u00f2mica del s\u00f2l urb\u00e0: poc f\u00e8rtil, molt compactat i sovint [&hellip;]\" \/>\n<meta property=\"og:url\" content=\"https:\/\/www.burespro.com\/ca\/product\/substrat-estructural-per-a-paviments-bss-20-40\/\" \/>\n<meta property=\"og:site_name\" content=\"Bur\u00e9s Profesional\" \/>\n<meta property=\"article:publisher\" content=\"https:\/\/www.facebook.com\/buresprofesionalsa\" \/>\n<meta property=\"article:modified_time\" content=\"2021-05-21T06:18:00+00:00\" \/>\n<meta property=\"og:image\" content=\"https:\/\/www.burespro.com\/wp-content\/uploads\/2020\/01\/459_medium.jpg\" \/>\n\t<meta property=\"og:image:width\" content=\"900\" \/>\n\t<meta property=\"og:image:height\" content=\"506\" \/>\n\t<meta property=\"og:image:type\" content=\"image\/jpeg\" \/>\n<meta name=\"twitter:card\" content=\"summary_large_image\" \/>\n<meta name=\"twitter:label1\" content=\"Temps estimat de lectura\" \/>\n\t<meta name=\"twitter:data1\" content=\"2 minuts\" \/>\n<script type=\"application\/ld+json\" class=\"yoast-schema-graph\">{\"@context\":\"https:\/\/schema.org\",\"@graph\":[{\"@type\":\"WebPage\",\"@id\":\"https:\/\/www.burespro.com\/ca\/product\/substrat-estructural-per-a-paviments-bss-20-40\/\",\"url\":\"https:\/\/www.burespro.com\/ca\/product\/substrat-estructural-per-a-paviments-bss-20-40\/\",\"name\":\"SUBSTRAT ESTRUCTURAL PER A PAVIMENTS BSS 20\/40 | Bur\u00e9s Profesional\",\"isPartOf\":{\"@id\":\"https:\/\/www.burespro.com\/#website\"},\"primaryImageOfPage\":{\"@id\":\"https:\/\/www.burespro.com\/ca\/product\/substrat-estructural-per-a-paviments-bss-20-40\/#primaryimage\"},\"image\":{\"@id\":\"https:\/\/www.burespro.com\/ca\/product\/substrat-estructural-per-a-paviments-bss-20-40\/#primaryimage\"},\"thumbnailUrl\":\"https:\/\/www.burespro.com\/wp-content\/uploads\/2020\/01\/459_medium.jpg\",\"datePublished\":\"2020-03-10T15:46:24+00:00\",\"dateModified\":\"2021-05-21T06:18:00+00:00\",\"breadcrumb\":{\"@id\":\"https:\/\/www.burespro.com\/ca\/product\/substrat-estructural-per-a-paviments-bss-20-40\/#breadcrumb\"},\"inLanguage\":\"ca\",\"potentialAction\":[{\"@type\":\"ReadAction\",\"target\":[\"https:\/\/www.burespro.com\/ca\/product\/substrat-estructural-per-a-paviments-bss-20-40\/\"]}]},{\"@type\":\"ImageObject\",\"inLanguage\":\"ca\",\"@id\":\"https:\/\/www.burespro.com\/ca\/product\/substrat-estructural-per-a-paviments-bss-20-40\/#primaryimage\",\"url\":\"https:\/\/www.burespro.com\/wp-content\/uploads\/2020\/01\/459_medium.jpg\",\"contentUrl\":\"https:\/\/www.burespro.com\/wp-content\/uploads\/2020\/01\/459_medium.jpg\",\"width\":900,\"height\":506},{\"@type\":\"BreadcrumbList\",\"@id\":\"https:\/\/www.burespro.com\/ca\/product\/substrat-estructural-per-a-paviments-bss-20-40\/#breadcrumb\",\"itemListElement\":[{\"@type\":\"ListItem\",\"position\":1,\"name\":\"Inici\",\"item\":\"https:\/\/www.burespro.com\/ca\/\"},{\"@type\":\"ListItem\",\"position\":2,\"name\":\"Productes\",\"item\":\"https:\/\/www.burespro.com\/ca\/adobs-fertilitzants\/\"},{\"@type\":\"ListItem\",\"position\":3,\"name\":\"SUBSTRAT ESTRUCTURAL PER A PAVIMENTS BSS 20\/40\"}]},{\"@type\":\"WebSite\",\"@id\":\"https:\/\/www.burespro.com\/#website\",\"url\":\"https:\/\/www.burespro.com\/\",\"name\":\"Bur\u00e9s Profesional\",\"description\":\"Fabricants de terres, substrats de cultiu, fertilitzants i adobs org\u00e0nics\",\"potentialAction\":[{\"@type\":\"SearchAction\",\"target\":{\"@type\":\"EntryPoint\",\"urlTemplate\":\"https:\/\/www.burespro.com\/?s={search_term_string}\"},\"query-input\":{\"@type\":\"PropertyValueSpecification\",\"valueRequired\":true,\"valueName\":\"search_term_string\"}}],\"inLanguage\":\"ca\"}]}<\/script>\n<!-- \/ Yoast SEO plugin. -->","yoast_head_json":{"title":"SUBSTRAT ESTRUCTURAL PER A PAVIMENTS BSS 20\/40 | Bur\u00e9s Profesional","robots":{"index":"index","follow":"follow","max-snippet":"max-snippet:-1","max-image-preview":"max-image-preview:large","max-video-preview":"max-video-preview:-1"},"canonical":"https:\/\/www.burespro.com\/ca\/product\/substrat-estructural-per-a-paviments-bss-20-40\/","og_locale":"ca_ES","og_type":"article","og_title":"SUBSTRAT ESTRUCTURAL PER A PAVIMENTS BSS 20\/40 | Bur\u00e9s Profesional","og_description":"Els s\u00f2ls estructurals s\u00f3n la soluci\u00f3 a la necessitat de disposar de s\u00f2ls airejats en zones urbanes que permetin un bon desenvolupament de l&#8217;arbratge i tamb\u00e9 mantenir la funci\u00f3 de suport per a estructures fixes com a marquesines, paviments de voreres, cartells, \u2026 La qualitat agron\u00f2mica del s\u00f2l urb\u00e0: poc f\u00e8rtil, molt compactat i sovint [&hellip;]","og_url":"https:\/\/www.burespro.com\/ca\/product\/substrat-estructural-per-a-paviments-bss-20-40\/","og_site_name":"Bur\u00e9s Profesional","article_publisher":"https:\/\/www.facebook.com\/buresprofesionalsa","article_modified_time":"2021-05-21T06:18:00+00:00","og_image":[{"width":900,"height":506,"url":"https:\/\/www.burespro.com\/wp-content\/uploads\/2020\/01\/459_medium.jpg","type":"image\/jpeg"}],"twitter_card":"summary_large_image","twitter_misc":{"Temps estimat de lectura":"2 minuts"},"schema":{"@context":"https:\/\/schema.org","@graph":[{"@type":"WebPage","@id":"https:\/\/www.burespro.com\/ca\/product\/substrat-estructural-per-a-paviments-bss-20-40\/","url":"https:\/\/www.burespro.com\/ca\/product\/substrat-estructural-per-a-paviments-bss-20-40\/","name":"SUBSTRAT ESTRUCTURAL PER A PAVIMENTS BSS 20\/40 | Bur\u00e9s Profesional","isPartOf":{"@id":"https:\/\/www.burespro.com\/#website"},"primaryImageOfPage":{"@id":"https:\/\/www.burespro.com\/ca\/product\/substrat-estructural-per-a-paviments-bss-20-40\/#primaryimage"},"image":{"@id":"https:\/\/www.burespro.com\/ca\/product\/substrat-estructural-per-a-paviments-bss-20-40\/#primaryimage"},"thumbnailUrl":"https:\/\/www.burespro.com\/wp-content\/uploads\/2020\/01\/459_medium.jpg","datePublished":"2020-03-10T15:46:24+00:00","dateModified":"2021-05-21T06:18:00+00:00","breadcrumb":{"@id":"https:\/\/www.burespro.com\/ca\/product\/substrat-estructural-per-a-paviments-bss-20-40\/#breadcrumb"},"inLanguage":"ca","potentialAction":[{"@type":"ReadAction","target":["https:\/\/www.burespro.com\/ca\/product\/substrat-estructural-per-a-paviments-bss-20-40\/"]}]},{"@type":"ImageObject","inLanguage":"ca","@id":"https:\/\/www.burespro.com\/ca\/product\/substrat-estructural-per-a-paviments-bss-20-40\/#primaryimage","url":"https:\/\/www.burespro.com\/wp-content\/uploads\/2020\/01\/459_medium.jpg","contentUrl":"https:\/\/www.burespro.com\/wp-content\/uploads\/2020\/01\/459_medium.jpg","width":900,"height":506},{"@type":"BreadcrumbList","@id":"https:\/\/www.burespro.com\/ca\/product\/substrat-estructural-per-a-paviments-bss-20-40\/#breadcrumb","itemListElement":[{"@type":"ListItem","position":1,"name":"Inici","item":"https:\/\/www.burespro.com\/ca\/"},{"@type":"ListItem","position":2,"name":"Productes","item":"https:\/\/www.burespro.com\/ca\/adobs-fertilitzants\/"},{"@type":"ListItem","position":3,"name":"SUBSTRAT ESTRUCTURAL PER A PAVIMENTS BSS 20\/40"}]},{"@type":"WebSite","@id":"https:\/\/www.burespro.com\/#website","url":"https:\/\/www.burespro.com\/","name":"Bur\u00e9s Profesional","description":"Fabricants de terres, substrats de cultiu, fertilitzants i adobs org\u00e0nics","potentialAction":[{"@type":"SearchAction","target":{"@type":"EntryPoint","urlTemplate":"https:\/\/www.burespro.com\/?s={search_term_string}"},"query-input":{"@type":"PropertyValueSpecification","valueRequired":true,"valueName":"search_term_string"}}],"inLanguage":"ca"}]}},"_links":{"self":[{"href":"https:\/\/www.burespro.com\/ca\/wp-json\/wp\/v2\/product\/9433","targetHints":{"allow":["GET"]}}],"collection":[{"href":"https:\/\/www.burespro.com\/ca\/wp-json\/wp\/v2\/product"}],"about":[{"href":"https:\/\/www.burespro.com\/ca\/wp-json\/wp\/v2\/types\/product"}],"replies":[{"embeddable":true,"href":"https:\/\/www.burespro.com\/ca\/wp-json\/wp\/v2\/comments?post=9433"}],"wp:featuredmedia":[{"embeddable":true,"href":"https:\/\/www.burespro.com\/ca\/wp-json\/wp\/v2\/media\/424"}],"wp:attachment":[{"href":"https:\/\/www.burespro.com\/ca\/wp-json\/wp\/v2\/media?parent=9433"}],"wp:term":[{"taxonomy":"product_brand","embeddable":true,"href":"https:\/\/www.burespro.com\/ca\/wp-json\/wp\/v2\/product_brand?post=9433"},{"taxonomy":"product_cat","embeddable":true,"href":"https:\/\/www.burespro.com\/ca\/wp-json\/wp\/v2\/product_cat?post=9433"},{"taxonomy":"product_tag","embeddable":true,"href":"https:\/\/www.burespro.com\/ca\/wp-json\/wp\/v2\/product_tag?post=9433"},{"taxonomy":"sectores","embeddable":true,"href":"https:\/\/www.burespro.com\/ca\/wp-json\/wp\/v2\/sectores?post=9433"}],"curies":[{"name":"wp","href":"https:\/\/api.w.org\/{rel}","templated":true}]}}