{"id":9430,"date":"2020-03-10T14:35:51","date_gmt":"2020-03-10T15:46:24","guid":{"rendered":"https:\/\/burespro.neorgvirtual.com\/product\/sorra-silicica-blanca\/"},"modified":"2020-03-16T12:07:33","modified_gmt":"2020-03-16T12:07:33","slug":"sorra-silicica-blanca","status":"publish","type":"product","link":"https:\/\/www.burespro.com\/ca\/product\/sorra-silicica-blanca\/","title":{"rendered":"SORRA SIL\u00cdCICA BLANCA"},"content":{"rendered":"<p>Sorra sil\u00edcica natural, de color blanc trencat. <\/p>\n<p>Disponible en format &#8220;Big Bag&#8221;.<\/p>\n<p>La sorra sil\u00edcica \u00e9s un element decoratiu molt adequat pels jardins orientals i asi\u00e0tics. A causa de la seva granulometria, d\u00f3na una personalitat diferent al jard\u00ed i permeten crear espais oposats dins un mateix \u00e0mbit. S&#8217;aconsella col\u00b7locar-la sobre elements secs del jard\u00ed, per allargar el seu efecte decoratiu.\t\t<BR><\/p>\n","protected":false},"excerpt":{"rendered":"<p>Sorra sil\u00edcica natural, de color blanc trencat. Disponible en format &#8220;Big Bag&#8221;. La sorra sil\u00edcica \u00e9s un element decoratiu molt adequat pels jardins orientals i asi\u00e0tics. A causa de la seva granulometria, d\u00f3na una personalitat diferent al jard\u00ed i permeten crear espais oposats dins un mateix \u00e0mbit. S&#8217;aconsella col\u00b7locar-la sobre elements secs del jard\u00ed, per [&hellip;]<\/p>\n","protected":false},"featured_media":391,"comment_status":"closed","ping_status":"closed","template":"","meta":{"_acf_changed":false,"inline_featured_image":false},"product_brand":[],"product_cat":[702,169,158],"product_tag":[670,505,526,529,556,559,562,565],"sectores":[338,339,340,341],"class_list":{"0":"post-9430","1":"product","2":"type-product","3":"status-publish","4":"has-post-thumbnail","6":"product_cat-arids-i-pedres","7":"product_cat-decoracio-pel-jardi","8":"product_cat-gespa-artificial","9":"product_tag-arids","10":"product_tag-construccio-de-jardins","11":"product_tag-decoracio-de-jardins-ca","12":"product_tag-decoratius-minerals","13":"product_tag-jardineria-girona-ca","14":"product_tag-jardineria-professional-ca","15":"product_tag-material-de-jardineria-girona-ca","16":"product_tag-materials-de-jardineria","17":"sectores-us-industrial","18":"sectores-jardineria-professional-paisatgisme","19":"sectores-administracions-publiques","20":"sectores-terrenys-esportius-professionals","22":"first","23":"instock","24":"product-type-simple"},"acf":[],"yoast_head":"<!-- This site is optimized with the Yoast SEO plugin v26.7 - https:\/\/yoast.com\/wordpress\/plugins\/seo\/ -->\n<title>SORRA SIL\u00cdCICA BLANCA | Bur\u00e9s Profesional<\/title>\n<meta name=\"robots\" content=\"index, follow, max-snippet:-1, max-image-preview:large, max-video-preview:-1\" \/>\n<link rel=\"canonical\" href=\"https:\/\/www.burespro.com\/ca\/product\/sorra-silicica-blanca\/\" \/>\n<meta property=\"og:locale\" content=\"ca_ES\" \/>\n<meta property=\"og:type\" content=\"article\" \/>\n<meta property=\"og:title\" content=\"SORRA SIL\u00cdCICA BLANCA | Bur\u00e9s Profesional\" \/>\n<meta property=\"og:description\" content=\"Sorra sil\u00edcica natural, de color blanc trencat. Disponible en format &#8220;Big Bag&#8221;. La sorra sil\u00edcica \u00e9s un element decoratiu molt adequat pels jardins orientals i asi\u00e0tics. A causa de la seva granulometria, d\u00f3na una personalitat diferent al jard\u00ed i permeten crear espais oposats dins un mateix \u00e0mbit. S&#8217;aconsella col\u00b7locar-la sobre elements secs del jard\u00ed, per [&hellip;]\" \/>\n<meta property=\"og:url\" content=\"https:\/\/www.burespro.com\/ca\/product\/sorra-silicica-blanca\/\" \/>\n<meta property=\"og:site_name\" content=\"Bur\u00e9s Profesional\" \/>\n<meta property=\"article:publisher\" content=\"https:\/\/www.facebook.com\/buresprofesionalsa\" \/>\n<meta property=\"article:modified_time\" content=\"2020-03-16T12:07:33+00:00\" \/>\n<meta property=\"og:image\" content=\"https:\/\/www.burespro.com\/wp-content\/uploads\/2020\/01\/216_medium.jpg\" \/>\n\t<meta property=\"og:image:width\" content=\"580\" \/>\n\t<meta property=\"og:image:height\" content=\"580\" \/>\n\t<meta property=\"og:image:type\" content=\"image\/jpeg\" \/>\n<meta name=\"twitter:card\" content=\"summary_large_image\" \/>\n<script type=\"application\/ld+json\" class=\"yoast-schema-graph\">{\"@context\":\"https:\/\/schema.org\",\"@graph\":[{\"@type\":\"WebPage\",\"@id\":\"https:\/\/www.burespro.com\/ca\/product\/sorra-silicica-blanca\/\",\"url\":\"https:\/\/www.burespro.com\/ca\/product\/sorra-silicica-blanca\/\",\"name\":\"SORRA SIL\u00cdCICA BLANCA | Bur\u00e9s Profesional\",\"isPartOf\":{\"@id\":\"https:\/\/www.burespro.com\/#website\"},\"primaryImageOfPage\":{\"@id\":\"https:\/\/www.burespro.com\/ca\/product\/sorra-silicica-blanca\/#primaryimage\"},\"image\":{\"@id\":\"https:\/\/www.burespro.com\/ca\/product\/sorra-silicica-blanca\/#primaryimage\"},\"thumbnailUrl\":\"https:\/\/www.burespro.com\/wp-content\/uploads\/2020\/01\/216_medium.jpg\",\"datePublished\":\"2020-03-10T15:46:24+00:00\",\"dateModified\":\"2020-03-16T12:07:33+00:00\",\"breadcrumb\":{\"@id\":\"https:\/\/www.burespro.com\/ca\/product\/sorra-silicica-blanca\/#breadcrumb\"},\"inLanguage\":\"ca\",\"potentialAction\":[{\"@type\":\"ReadAction\",\"target\":[\"https:\/\/www.burespro.com\/ca\/product\/sorra-silicica-blanca\/\"]}]},{\"@type\":\"ImageObject\",\"inLanguage\":\"ca\",\"@id\":\"https:\/\/www.burespro.com\/ca\/product\/sorra-silicica-blanca\/#primaryimage\",\"url\":\"https:\/\/www.burespro.com\/wp-content\/uploads\/2020\/01\/216_medium.jpg\",\"contentUrl\":\"https:\/\/www.burespro.com\/wp-content\/uploads\/2020\/01\/216_medium.jpg\",\"width\":580,\"height\":580},{\"@type\":\"BreadcrumbList\",\"@id\":\"https:\/\/www.burespro.com\/ca\/product\/sorra-silicica-blanca\/#breadcrumb\",\"itemListElement\":[{\"@type\":\"ListItem\",\"position\":1,\"name\":\"Inici\",\"item\":\"https:\/\/www.burespro.com\/ca\/\"},{\"@type\":\"ListItem\",\"position\":2,\"name\":\"Productes\",\"item\":\"https:\/\/www.burespro.com\/ca\/adobs-fertilitzants\/\"},{\"@type\":\"ListItem\",\"position\":3,\"name\":\"SORRA SIL\u00cdCICA BLANCA\"}]},{\"@type\":\"WebSite\",\"@id\":\"https:\/\/www.burespro.com\/#website\",\"url\":\"https:\/\/www.burespro.com\/\",\"name\":\"Bur\u00e9s Profesional\",\"description\":\"Fabricants de terres, substrats de cultiu, fertilitzants i adobs org\u00e0nics\",\"potentialAction\":[{\"@type\":\"SearchAction\",\"target\":{\"@type\":\"EntryPoint\",\"urlTemplate\":\"https:\/\/www.burespro.com\/?s={search_term_string}\"},\"query-input\":{\"@type\":\"PropertyValueSpecification\",\"valueRequired\":true,\"valueName\":\"search_term_string\"}}],\"inLanguage\":\"ca\"}]}<\/script>\n<!-- \/ Yoast SEO plugin. -->","yoast_head_json":{"title":"SORRA SIL\u00cdCICA BLANCA | Bur\u00e9s Profesional","robots":{"index":"index","follow":"follow","max-snippet":"max-snippet:-1","max-image-preview":"max-image-preview:large","max-video-preview":"max-video-preview:-1"},"canonical":"https:\/\/www.burespro.com\/ca\/product\/sorra-silicica-blanca\/","og_locale":"ca_ES","og_type":"article","og_title":"SORRA SIL\u00cdCICA BLANCA | Bur\u00e9s Profesional","og_description":"Sorra sil\u00edcica natural, de color blanc trencat. Disponible en format &#8220;Big Bag&#8221;. La sorra sil\u00edcica \u00e9s un element decoratiu molt adequat pels jardins orientals i asi\u00e0tics. A causa de la seva granulometria, d\u00f3na una personalitat diferent al jard\u00ed i permeten crear espais oposats dins un mateix \u00e0mbit. S&#8217;aconsella col\u00b7locar-la sobre elements secs del jard\u00ed, per [&hellip;]","og_url":"https:\/\/www.burespro.com\/ca\/product\/sorra-silicica-blanca\/","og_site_name":"Bur\u00e9s Profesional","article_publisher":"https:\/\/www.facebook.com\/buresprofesionalsa","article_modified_time":"2020-03-16T12:07:33+00:00","og_image":[{"width":580,"height":580,"url":"https:\/\/www.burespro.com\/wp-content\/uploads\/2020\/01\/216_medium.jpg","type":"image\/jpeg"}],"twitter_card":"summary_large_image","schema":{"@context":"https:\/\/schema.org","@graph":[{"@type":"WebPage","@id":"https:\/\/www.burespro.com\/ca\/product\/sorra-silicica-blanca\/","url":"https:\/\/www.burespro.com\/ca\/product\/sorra-silicica-blanca\/","name":"SORRA SIL\u00cdCICA BLANCA | Bur\u00e9s Profesional","isPartOf":{"@id":"https:\/\/www.burespro.com\/#website"},"primaryImageOfPage":{"@id":"https:\/\/www.burespro.com\/ca\/product\/sorra-silicica-blanca\/#primaryimage"},"image":{"@id":"https:\/\/www.burespro.com\/ca\/product\/sorra-silicica-blanca\/#primaryimage"},"thumbnailUrl":"https:\/\/www.burespro.com\/wp-content\/uploads\/2020\/01\/216_medium.jpg","datePublished":"2020-03-10T15:46:24+00:00","dateModified":"2020-03-16T12:07:33+00:00","breadcrumb":{"@id":"https:\/\/www.burespro.com\/ca\/product\/sorra-silicica-blanca\/#breadcrumb"},"inLanguage":"ca","potentialAction":[{"@type":"ReadAction","target":["https:\/\/www.burespro.com\/ca\/product\/sorra-silicica-blanca\/"]}]},{"@type":"ImageObject","inLanguage":"ca","@id":"https:\/\/www.burespro.com\/ca\/product\/sorra-silicica-blanca\/#primaryimage","url":"https:\/\/www.burespro.com\/wp-content\/uploads\/2020\/01\/216_medium.jpg","contentUrl":"https:\/\/www.burespro.com\/wp-content\/uploads\/2020\/01\/216_medium.jpg","width":580,"height":580},{"@type":"BreadcrumbList","@id":"https:\/\/www.burespro.com\/ca\/product\/sorra-silicica-blanca\/#breadcrumb","itemListElement":[{"@type":"ListItem","position":1,"name":"Inici","item":"https:\/\/www.burespro.com\/ca\/"},{"@type":"ListItem","position":2,"name":"Productes","item":"https:\/\/www.burespro.com\/ca\/adobs-fertilitzants\/"},{"@type":"ListItem","position":3,"name":"SORRA SIL\u00cdCICA BLANCA"}]},{"@type":"WebSite","@id":"https:\/\/www.burespro.com\/#website","url":"https:\/\/www.burespro.com\/","name":"Bur\u00e9s Profesional","description":"Fabricants de terres, substrats de cultiu, fertilitzants i adobs org\u00e0nics","potentialAction":[{"@type":"SearchAction","target":{"@type":"EntryPoint","urlTemplate":"https:\/\/www.burespro.com\/?s={search_term_string}"},"query-input":{"@type":"PropertyValueSpecification","valueRequired":true,"valueName":"search_term_string"}}],"inLanguage":"ca"}]}},"_links":{"self":[{"href":"https:\/\/www.burespro.com\/ca\/wp-json\/wp\/v2\/product\/9430","targetHints":{"allow":["GET"]}}],"collection":[{"href":"https:\/\/www.burespro.com\/ca\/wp-json\/wp\/v2\/product"}],"about":[{"href":"https:\/\/www.burespro.com\/ca\/wp-json\/wp\/v2\/types\/product"}],"replies":[{"embeddable":true,"href":"https:\/\/www.burespro.com\/ca\/wp-json\/wp\/v2\/comments?post=9430"}],"wp:featuredmedia":[{"embeddable":true,"href":"https:\/\/www.burespro.com\/ca\/wp-json\/wp\/v2\/media\/391"}],"wp:attachment":[{"href":"https:\/\/www.burespro.com\/ca\/wp-json\/wp\/v2\/media?parent=9430"}],"wp:term":[{"taxonomy":"product_brand","embeddable":true,"href":"https:\/\/www.burespro.com\/ca\/wp-json\/wp\/v2\/product_brand?post=9430"},{"taxonomy":"product_cat","embeddable":true,"href":"https:\/\/www.burespro.com\/ca\/wp-json\/wp\/v2\/product_cat?post=9430"},{"taxonomy":"product_tag","embeddable":true,"href":"https:\/\/www.burespro.com\/ca\/wp-json\/wp\/v2\/product_tag?post=9430"},{"taxonomy":"sectores","embeddable":true,"href":"https:\/\/www.burespro.com\/ca\/wp-json\/wp\/v2\/sectores?post=9430"}],"curies":[{"name":"wp","href":"https:\/\/api.w.org\/{rel}","templated":true}]}}