{"id":9421,"date":"2020-03-10T14:35:16","date_gmt":"2020-03-10T15:46:09","guid":{"rendered":"https:\/\/burespro.neorgvirtual.com\/product\/soluplant-21-7-21\/"},"modified":"2020-08-18T17:10:41","modified_gmt":"2020-08-18T15:10:41","slug":"soluplant-21-7-21","status":"publish","type":"product","link":"https:\/\/www.burespro.com\/ca\/product\/soluplant-21-7-21\/","title":{"rendered":"SOLUPLANT 21-7-21"},"content":{"rendered":"<p>SOLUPLANT \u00e9s un adob qu\u00edmic especial per a fertirrigaci\u00f3. Els seus compostos permeten una dissoluci\u00f3 del 100% del producte. El seu pH lleugerament \u00e0cid evita possibles obturacions en el sistema de reg, sense necessitat d\u2019afegir \u00e0cid n\u00edtric.<br \/>\nSOLUPLANT \u00e9s la gamma m\u00e9s completa d\u2019adobs de Bur\u00e9s Profesional, oferint un fertilitzant per a cada cultiu i el seu estat.<br \/>\nEls nutrients s\u2019aporten en formes completament solubles i f\u00e0cilment assimilables per la planta. Els microelements es presenten en forma quelatada per evitar la fixaci\u00f3 al s\u00f2l.<br \/>\nNo aporten clor.<\/p>\n<p>&nbsp;<\/p>\n<p>Distribu\u00efdors a tota Espanya.<\/p>\n","protected":false},"excerpt":{"rendered":"<p>SOLUPLANT \u00e9s un adob qu\u00edmic especial per a fertirrigaci\u00f3. Els seus compostos permeten una dissoluci\u00f3 del 100% del producte. El seu pH lleugerament \u00e0cid evita possibles obturacions en el sistema de reg, sense necessitat d\u2019afegir \u00e0cid n\u00edtric. SOLUPLANT \u00e9s la gamma m\u00e9s completa d\u2019adobs de Bur\u00e9s Profesional, oferint un fertilitzant per a cada cultiu i [&hellip;]<\/p>\n","protected":false},"featured_media":15330,"comment_status":"closed","ping_status":"closed","template":"","meta":{"_acf_changed":false,"inline_featured_image":false},"product_brand":[],"product_cat":[163],"product_tag":[],"sectores":[337,343,418,420,339],"class_list":{"0":"post-9421","1":"product","2":"type-product","3":"status-publish","4":"has-post-thumbnail","6":"product_cat-adobs-minerals","7":"sectores-viverisme","8":"sectores-fructicultura-i-horticultura","9":"sectores-floricultura-ca","10":"sectores-viticultura-ca","11":"sectores-jardineria-professional-paisatgisme","13":"first","14":"instock","15":"product-type-simple"},"acf":[],"yoast_head":"<!-- This site is optimized with the Yoast SEO plugin v26.7 - https:\/\/yoast.com\/wordpress\/plugins\/seo\/ -->\n<title>SOLUPLANT 21-7-21 | Bur\u00e9s Profesional<\/title>\n<meta name=\"robots\" content=\"index, follow, max-snippet:-1, max-image-preview:large, max-video-preview:-1\" \/>\n<link rel=\"canonical\" href=\"https:\/\/www.burespro.com\/ca\/product\/soluplant-21-7-21\/\" \/>\n<meta property=\"og:locale\" content=\"ca_ES\" \/>\n<meta property=\"og:type\" content=\"article\" \/>\n<meta property=\"og:title\" content=\"SOLUPLANT 21-7-21 | Bur\u00e9s Profesional\" \/>\n<meta property=\"og:description\" content=\"SOLUPLANT \u00e9s un adob qu\u00edmic especial per a fertirrigaci\u00f3. Els seus compostos permeten una dissoluci\u00f3 del 100% del producte. El seu pH lleugerament \u00e0cid evita possibles obturacions en el sistema de reg, sense necessitat d\u2019afegir \u00e0cid n\u00edtric. SOLUPLANT \u00e9s la gamma m\u00e9s completa d\u2019adobs de Bur\u00e9s Profesional, oferint un fertilitzant per a cada cultiu i [&hellip;]\" \/>\n<meta property=\"og:url\" content=\"https:\/\/www.burespro.com\/ca\/product\/soluplant-21-7-21\/\" \/>\n<meta property=\"og:site_name\" content=\"Bur\u00e9s Profesional\" \/>\n<meta property=\"article:publisher\" content=\"https:\/\/www.facebook.com\/buresprofesionalsa\" \/>\n<meta property=\"article:modified_time\" content=\"2020-08-18T15:10:41+00:00\" \/>\n<meta property=\"og:image\" content=\"https:\/\/www.burespro.com\/wp-content\/uploads\/2020\/03\/Soluplant.1200x670.png\" \/>\n\t<meta property=\"og:image:width\" content=\"1200\" \/>\n\t<meta property=\"og:image:height\" content=\"666\" \/>\n\t<meta property=\"og:image:type\" content=\"image\/png\" \/>\n<meta name=\"twitter:card\" content=\"summary_large_image\" \/>\n<meta name=\"twitter:label1\" content=\"Temps estimat de lectura\" \/>\n\t<meta name=\"twitter:data1\" content=\"1 minut\" \/>\n<script type=\"application\/ld+json\" class=\"yoast-schema-graph\">{\"@context\":\"https:\/\/schema.org\",\"@graph\":[{\"@type\":\"WebPage\",\"@id\":\"https:\/\/www.burespro.com\/ca\/product\/soluplant-21-7-21\/\",\"url\":\"https:\/\/www.burespro.com\/ca\/product\/soluplant-21-7-21\/\",\"name\":\"SOLUPLANT 21-7-21 | Bur\u00e9s Profesional\",\"isPartOf\":{\"@id\":\"https:\/\/www.burespro.com\/#website\"},\"primaryImageOfPage\":{\"@id\":\"https:\/\/www.burespro.com\/ca\/product\/soluplant-21-7-21\/#primaryimage\"},\"image\":{\"@id\":\"https:\/\/www.burespro.com\/ca\/product\/soluplant-21-7-21\/#primaryimage\"},\"thumbnailUrl\":\"https:\/\/www.burespro.com\/wp-content\/uploads\/2020\/03\/Soluplant.1200x670.png\",\"datePublished\":\"2020-03-10T15:46:09+00:00\",\"dateModified\":\"2020-08-18T15:10:41+00:00\",\"breadcrumb\":{\"@id\":\"https:\/\/www.burespro.com\/ca\/product\/soluplant-21-7-21\/#breadcrumb\"},\"inLanguage\":\"ca\",\"potentialAction\":[{\"@type\":\"ReadAction\",\"target\":[\"https:\/\/www.burespro.com\/ca\/product\/soluplant-21-7-21\/\"]}]},{\"@type\":\"ImageObject\",\"inLanguage\":\"ca\",\"@id\":\"https:\/\/www.burespro.com\/ca\/product\/soluplant-21-7-21\/#primaryimage\",\"url\":\"https:\/\/www.burespro.com\/wp-content\/uploads\/2020\/03\/Soluplant.1200x670.png\",\"contentUrl\":\"https:\/\/www.burespro.com\/wp-content\/uploads\/2020\/03\/Soluplant.1200x670.png\",\"width\":1200,\"height\":666},{\"@type\":\"BreadcrumbList\",\"@id\":\"https:\/\/www.burespro.com\/ca\/product\/soluplant-21-7-21\/#breadcrumb\",\"itemListElement\":[{\"@type\":\"ListItem\",\"position\":1,\"name\":\"Inici\",\"item\":\"https:\/\/www.burespro.com\/ca\/\"},{\"@type\":\"ListItem\",\"position\":2,\"name\":\"Productes\",\"item\":\"https:\/\/www.burespro.com\/ca\/adobs-fertilitzants\/\"},{\"@type\":\"ListItem\",\"position\":3,\"name\":\"SOLUPLANT 21-7-21\"}]},{\"@type\":\"WebSite\",\"@id\":\"https:\/\/www.burespro.com\/#website\",\"url\":\"https:\/\/www.burespro.com\/\",\"name\":\"Bur\u00e9s Profesional\",\"description\":\"Fabricants de terres, substrats de cultiu, fertilitzants i adobs org\u00e0nics\",\"potentialAction\":[{\"@type\":\"SearchAction\",\"target\":{\"@type\":\"EntryPoint\",\"urlTemplate\":\"https:\/\/www.burespro.com\/?s={search_term_string}\"},\"query-input\":{\"@type\":\"PropertyValueSpecification\",\"valueRequired\":true,\"valueName\":\"search_term_string\"}}],\"inLanguage\":\"ca\"}]}<\/script>\n<!-- \/ Yoast SEO plugin. -->","yoast_head_json":{"title":"SOLUPLANT 21-7-21 | Bur\u00e9s Profesional","robots":{"index":"index","follow":"follow","max-snippet":"max-snippet:-1","max-image-preview":"max-image-preview:large","max-video-preview":"max-video-preview:-1"},"canonical":"https:\/\/www.burespro.com\/ca\/product\/soluplant-21-7-21\/","og_locale":"ca_ES","og_type":"article","og_title":"SOLUPLANT 21-7-21 | Bur\u00e9s Profesional","og_description":"SOLUPLANT \u00e9s un adob qu\u00edmic especial per a fertirrigaci\u00f3. Els seus compostos permeten una dissoluci\u00f3 del 100% del producte. El seu pH lleugerament \u00e0cid evita possibles obturacions en el sistema de reg, sense necessitat d\u2019afegir \u00e0cid n\u00edtric. SOLUPLANT \u00e9s la gamma m\u00e9s completa d\u2019adobs de Bur\u00e9s Profesional, oferint un fertilitzant per a cada cultiu i [&hellip;]","og_url":"https:\/\/www.burespro.com\/ca\/product\/soluplant-21-7-21\/","og_site_name":"Bur\u00e9s Profesional","article_publisher":"https:\/\/www.facebook.com\/buresprofesionalsa","article_modified_time":"2020-08-18T15:10:41+00:00","og_image":[{"width":1200,"height":666,"url":"https:\/\/www.burespro.com\/wp-content\/uploads\/2020\/03\/Soluplant.1200x670.png","type":"image\/png"}],"twitter_card":"summary_large_image","twitter_misc":{"Temps estimat de lectura":"1 minut"},"schema":{"@context":"https:\/\/schema.org","@graph":[{"@type":"WebPage","@id":"https:\/\/www.burespro.com\/ca\/product\/soluplant-21-7-21\/","url":"https:\/\/www.burespro.com\/ca\/product\/soluplant-21-7-21\/","name":"SOLUPLANT 21-7-21 | Bur\u00e9s Profesional","isPartOf":{"@id":"https:\/\/www.burespro.com\/#website"},"primaryImageOfPage":{"@id":"https:\/\/www.burespro.com\/ca\/product\/soluplant-21-7-21\/#primaryimage"},"image":{"@id":"https:\/\/www.burespro.com\/ca\/product\/soluplant-21-7-21\/#primaryimage"},"thumbnailUrl":"https:\/\/www.burespro.com\/wp-content\/uploads\/2020\/03\/Soluplant.1200x670.png","datePublished":"2020-03-10T15:46:09+00:00","dateModified":"2020-08-18T15:10:41+00:00","breadcrumb":{"@id":"https:\/\/www.burespro.com\/ca\/product\/soluplant-21-7-21\/#breadcrumb"},"inLanguage":"ca","potentialAction":[{"@type":"ReadAction","target":["https:\/\/www.burespro.com\/ca\/product\/soluplant-21-7-21\/"]}]},{"@type":"ImageObject","inLanguage":"ca","@id":"https:\/\/www.burespro.com\/ca\/product\/soluplant-21-7-21\/#primaryimage","url":"https:\/\/www.burespro.com\/wp-content\/uploads\/2020\/03\/Soluplant.1200x670.png","contentUrl":"https:\/\/www.burespro.com\/wp-content\/uploads\/2020\/03\/Soluplant.1200x670.png","width":1200,"height":666},{"@type":"BreadcrumbList","@id":"https:\/\/www.burespro.com\/ca\/product\/soluplant-21-7-21\/#breadcrumb","itemListElement":[{"@type":"ListItem","position":1,"name":"Inici","item":"https:\/\/www.burespro.com\/ca\/"},{"@type":"ListItem","position":2,"name":"Productes","item":"https:\/\/www.burespro.com\/ca\/adobs-fertilitzants\/"},{"@type":"ListItem","position":3,"name":"SOLUPLANT 21-7-21"}]},{"@type":"WebSite","@id":"https:\/\/www.burespro.com\/#website","url":"https:\/\/www.burespro.com\/","name":"Bur\u00e9s Profesional","description":"Fabricants de terres, substrats de cultiu, fertilitzants i adobs org\u00e0nics","potentialAction":[{"@type":"SearchAction","target":{"@type":"EntryPoint","urlTemplate":"https:\/\/www.burespro.com\/?s={search_term_string}"},"query-input":{"@type":"PropertyValueSpecification","valueRequired":true,"valueName":"search_term_string"}}],"inLanguage":"ca"}]}},"_links":{"self":[{"href":"https:\/\/www.burespro.com\/ca\/wp-json\/wp\/v2\/product\/9421","targetHints":{"allow":["GET"]}}],"collection":[{"href":"https:\/\/www.burespro.com\/ca\/wp-json\/wp\/v2\/product"}],"about":[{"href":"https:\/\/www.burespro.com\/ca\/wp-json\/wp\/v2\/types\/product"}],"replies":[{"embeddable":true,"href":"https:\/\/www.burespro.com\/ca\/wp-json\/wp\/v2\/comments?post=9421"}],"wp:featuredmedia":[{"embeddable":true,"href":"https:\/\/www.burespro.com\/ca\/wp-json\/wp\/v2\/media\/15330"}],"wp:attachment":[{"href":"https:\/\/www.burespro.com\/ca\/wp-json\/wp\/v2\/media?parent=9421"}],"wp:term":[{"taxonomy":"product_brand","embeddable":true,"href":"https:\/\/www.burespro.com\/ca\/wp-json\/wp\/v2\/product_brand?post=9421"},{"taxonomy":"product_cat","embeddable":true,"href":"https:\/\/www.burespro.com\/ca\/wp-json\/wp\/v2\/product_cat?post=9421"},{"taxonomy":"product_tag","embeddable":true,"href":"https:\/\/www.burespro.com\/ca\/wp-json\/wp\/v2\/product_tag?post=9421"},{"taxonomy":"sectores","embeddable":true,"href":"https:\/\/www.burespro.com\/ca\/wp-json\/wp\/v2\/sectores?post=9421"}],"curies":[{"name":"wp","href":"https:\/\/api.w.org\/{rel}","templated":true}]}}