{"id":9392,"date":"2020-03-10T14:35:16","date_gmt":"2020-03-10T15:45:35","guid":{"rendered":"https:\/\/burespro.neorgvirtual.com\/product\/prodeasa-tc-3\/"},"modified":"2020-03-16T12:07:13","modified_gmt":"2020-03-16T12:07:13","slug":"prodeasa-tc-3","status":"publish","type":"product","link":"https:\/\/www.burespro.com\/ca\/product\/prodeasa-tc-3\/","title":{"rendered":"PRODEASA TC-3"},"content":{"rendered":"<p>Els substrats PRODEASA es fabriquen a partir de mat\u00e8ries primeres d&#8217;alta qualitat que, barrejades de manera precisa garanteixen l&#8217;efic\u00e0cia del substrat, amb un drenatge i una ventilaci\u00f3 adequats a les necessitats de cada cultiu. Cadascun dels substrats t\u00e9 una composici\u00f3 diferent i un abonat a mida. <br \/>\nTots els substrats es comercialitzen amb el pH corregit (5,5-6,5), i amb un abonament base (NPK) per a l&#8217;inici del cultiu. <br \/>\nEntre els substrats PRODEASA destaquen quatre grans l\u00ednies diferenciades pel que fa a tipus de material i les seves propietats. <\/p>\n<p>L\u00cdNIA STC <br \/>\n<strong> Amb efecte r\u00e0pid d&#8217;arrelament. <\/strong> <br \/>\nSubstrats elaborats amb fibra llarga de coco i torba rossa de Sphagnum per a millora de l&#8217;arrelament de cultiu. <br \/>\nEn aquesta l\u00ednia de substrats poden combinar: torba rossa calibrada o sense calibrar i fibra de coco. <\/p>\n<p>PRODEASA TC-3 <br \/>\nEl substrat TC-3 est\u00e0 elaborat amb torba calibrada, coco i coco superf\u00ed. \u00c9s un substrat d&#8217;alt rendiment que permet obtenir una producci\u00f3 m\u00e0xima de les plantes. Les seves propietats li permeten mantenir una capacitat de ventilaci\u00f3 i drenatge constants durant tot el cultiu. <\/p>\n<p>CARACTER\u00cdSTIQUES <br \/>\nEl substrat elaborat amb torba i 2 varietats de fibra de coco permeten a la planta un germinaci\u00f3 prematura, que es tradueix en un major creixement i unes arrels m\u00e9s forts. <br \/>\nEl substrat TC-3 presenta un abonat de base 15-7-15S + 3MgO per a les primeres setmanes de cultiu. Si el cultiu \u00e9s de cicle mitj\u00e0 o llarg es recomana afegir un abonament d&#8217;alliberament controlat FertiCote. <\/p>\n<p>APLICACI\u00d3 <br \/>\nTC-3 es recomana per a cultius exteriors amb reg controlat o en hivernacle. S&#8217;aconsella en cultius de plantes arbustives de clima mediterrani i c\u00edtric en contenidor. <BR><\/p>\n","protected":false},"excerpt":{"rendered":"<p>Els substrats PRODEASA es fabriquen a partir de mat\u00e8ries primeres d&#8217;alta qualitat que, barrejades de manera precisa garanteixen l&#8217;efic\u00e0cia del substrat, amb un drenatge i una ventilaci\u00f3 adequats a les necessitats de cada cultiu. Cadascun dels substrats t\u00e9 una composici\u00f3 diferent i un abonat a mida. Tots els substrats es comercialitzen amb el pH corregit [&hellip;]<\/p>\n","protected":false},"featured_media":534,"comment_status":"closed","ping_status":"closed","template":"","meta":{"_acf_changed":false,"inline_featured_image":false},"product_brand":[],"product_cat":[179],"product_tag":[448,556,562,565,604,595,589,607],"sectores":[337,418,339],"class_list":{"0":"post-9392","1":"product","2":"type-product","3":"status-publish","4":"has-post-thumbnail","6":"product_cat-substrats-prodeasa","7":"product_tag-bures-profesional-ca","8":"product_tag-jardineria-girona-ca","9":"product_tag-material-de-jardineria-girona-ca","10":"product_tag-materials-de-jardineria","11":"product_tag-substrats-de-cultiu","12":"product_tag-substrats-de-jardienria","13":"product_tag-substrats-girona","14":"product_tag-substrats-professionals","15":"sectores-viverisme","16":"sectores-floricultura-ca","17":"sectores-jardineria-professional-paisatgisme","19":"first","20":"instock","21":"product-type-simple"},"acf":[],"yoast_head":"<!-- This site is optimized with the Yoast SEO plugin v26.7 - https:\/\/yoast.com\/wordpress\/plugins\/seo\/ -->\n<title>PRODEASA TC-3 | Bur\u00e9s Profesional<\/title>\n<meta name=\"robots\" content=\"index, follow, max-snippet:-1, max-image-preview:large, max-video-preview:-1\" \/>\n<link rel=\"canonical\" href=\"https:\/\/www.burespro.com\/ca\/product\/prodeasa-tc-3\/\" \/>\n<meta property=\"og:locale\" content=\"ca_ES\" \/>\n<meta property=\"og:type\" content=\"article\" \/>\n<meta property=\"og:title\" content=\"PRODEASA TC-3 | Bur\u00e9s Profesional\" \/>\n<meta property=\"og:description\" content=\"Els substrats PRODEASA es fabriquen a partir de mat\u00e8ries primeres d&#8217;alta qualitat que, barrejades de manera precisa garanteixen l&#8217;efic\u00e0cia del substrat, amb un drenatge i una ventilaci\u00f3 adequats a les necessitats de cada cultiu. Cadascun dels substrats t\u00e9 una composici\u00f3 diferent i un abonat a mida. Tots els substrats es comercialitzen amb el pH corregit [&hellip;]\" \/>\n<meta property=\"og:url\" content=\"https:\/\/www.burespro.com\/ca\/product\/prodeasa-tc-3\/\" \/>\n<meta property=\"og:site_name\" content=\"Bur\u00e9s Profesional\" \/>\n<meta property=\"article:publisher\" content=\"https:\/\/www.facebook.com\/buresprofesionalsa\" \/>\n<meta property=\"article:modified_time\" content=\"2020-03-16T12:07:13+00:00\" \/>\n<meta property=\"og:image\" content=\"https:\/\/www.burespro.com\/wp-content\/uploads\/2020\/01\/310_medium.jpg\" \/>\n\t<meta property=\"og:image:width\" content=\"800\" \/>\n\t<meta property=\"og:image:height\" content=\"600\" \/>\n\t<meta property=\"og:image:type\" content=\"image\/jpeg\" \/>\n<meta name=\"twitter:card\" content=\"summary_large_image\" \/>\n<meta name=\"twitter:label1\" content=\"Temps estimat de lectura\" \/>\n\t<meta name=\"twitter:data1\" content=\"1 minut\" \/>\n<script type=\"application\/ld+json\" class=\"yoast-schema-graph\">{\"@context\":\"https:\/\/schema.org\",\"@graph\":[{\"@type\":\"WebPage\",\"@id\":\"https:\/\/www.burespro.com\/ca\/product\/prodeasa-tc-3\/\",\"url\":\"https:\/\/www.burespro.com\/ca\/product\/prodeasa-tc-3\/\",\"name\":\"PRODEASA TC-3 | Bur\u00e9s Profesional\",\"isPartOf\":{\"@id\":\"https:\/\/www.burespro.com\/#website\"},\"primaryImageOfPage\":{\"@id\":\"https:\/\/www.burespro.com\/ca\/product\/prodeasa-tc-3\/#primaryimage\"},\"image\":{\"@id\":\"https:\/\/www.burespro.com\/ca\/product\/prodeasa-tc-3\/#primaryimage\"},\"thumbnailUrl\":\"https:\/\/www.burespro.com\/wp-content\/uploads\/2020\/01\/310_medium.jpg\",\"datePublished\":\"2020-03-10T15:45:35+00:00\",\"dateModified\":\"2020-03-16T12:07:13+00:00\",\"breadcrumb\":{\"@id\":\"https:\/\/www.burespro.com\/ca\/product\/prodeasa-tc-3\/#breadcrumb\"},\"inLanguage\":\"ca\",\"potentialAction\":[{\"@type\":\"ReadAction\",\"target\":[\"https:\/\/www.burespro.com\/ca\/product\/prodeasa-tc-3\/\"]}]},{\"@type\":\"ImageObject\",\"inLanguage\":\"ca\",\"@id\":\"https:\/\/www.burespro.com\/ca\/product\/prodeasa-tc-3\/#primaryimage\",\"url\":\"https:\/\/www.burespro.com\/wp-content\/uploads\/2020\/01\/310_medium.jpg\",\"contentUrl\":\"https:\/\/www.burespro.com\/wp-content\/uploads\/2020\/01\/310_medium.jpg\",\"width\":800,\"height\":600},{\"@type\":\"BreadcrumbList\",\"@id\":\"https:\/\/www.burespro.com\/ca\/product\/prodeasa-tc-3\/#breadcrumb\",\"itemListElement\":[{\"@type\":\"ListItem\",\"position\":1,\"name\":\"Inici\",\"item\":\"https:\/\/www.burespro.com\/ca\/\"},{\"@type\":\"ListItem\",\"position\":2,\"name\":\"Productes\",\"item\":\"https:\/\/www.burespro.com\/ca\/adobs-fertilitzants\/\"},{\"@type\":\"ListItem\",\"position\":3,\"name\":\"PRODEASA TC-3\"}]},{\"@type\":\"WebSite\",\"@id\":\"https:\/\/www.burespro.com\/#website\",\"url\":\"https:\/\/www.burespro.com\/\",\"name\":\"Bur\u00e9s Profesional\",\"description\":\"Fabricants de terres, substrats de cultiu, fertilitzants i adobs org\u00e0nics\",\"potentialAction\":[{\"@type\":\"SearchAction\",\"target\":{\"@type\":\"EntryPoint\",\"urlTemplate\":\"https:\/\/www.burespro.com\/?s={search_term_string}\"},\"query-input\":{\"@type\":\"PropertyValueSpecification\",\"valueRequired\":true,\"valueName\":\"search_term_string\"}}],\"inLanguage\":\"ca\"}]}<\/script>\n<!-- \/ Yoast SEO plugin. -->","yoast_head_json":{"title":"PRODEASA TC-3 | Bur\u00e9s Profesional","robots":{"index":"index","follow":"follow","max-snippet":"max-snippet:-1","max-image-preview":"max-image-preview:large","max-video-preview":"max-video-preview:-1"},"canonical":"https:\/\/www.burespro.com\/ca\/product\/prodeasa-tc-3\/","og_locale":"ca_ES","og_type":"article","og_title":"PRODEASA TC-3 | Bur\u00e9s Profesional","og_description":"Els substrats PRODEASA es fabriquen a partir de mat\u00e8ries primeres d&#8217;alta qualitat que, barrejades de manera precisa garanteixen l&#8217;efic\u00e0cia del substrat, amb un drenatge i una ventilaci\u00f3 adequats a les necessitats de cada cultiu. Cadascun dels substrats t\u00e9 una composici\u00f3 diferent i un abonat a mida. Tots els substrats es comercialitzen amb el pH corregit [&hellip;]","og_url":"https:\/\/www.burespro.com\/ca\/product\/prodeasa-tc-3\/","og_site_name":"Bur\u00e9s Profesional","article_publisher":"https:\/\/www.facebook.com\/buresprofesionalsa","article_modified_time":"2020-03-16T12:07:13+00:00","og_image":[{"width":800,"height":600,"url":"https:\/\/www.burespro.com\/wp-content\/uploads\/2020\/01\/310_medium.jpg","type":"image\/jpeg"}],"twitter_card":"summary_large_image","twitter_misc":{"Temps estimat de lectura":"1 minut"},"schema":{"@context":"https:\/\/schema.org","@graph":[{"@type":"WebPage","@id":"https:\/\/www.burespro.com\/ca\/product\/prodeasa-tc-3\/","url":"https:\/\/www.burespro.com\/ca\/product\/prodeasa-tc-3\/","name":"PRODEASA TC-3 | Bur\u00e9s Profesional","isPartOf":{"@id":"https:\/\/www.burespro.com\/#website"},"primaryImageOfPage":{"@id":"https:\/\/www.burespro.com\/ca\/product\/prodeasa-tc-3\/#primaryimage"},"image":{"@id":"https:\/\/www.burespro.com\/ca\/product\/prodeasa-tc-3\/#primaryimage"},"thumbnailUrl":"https:\/\/www.burespro.com\/wp-content\/uploads\/2020\/01\/310_medium.jpg","datePublished":"2020-03-10T15:45:35+00:00","dateModified":"2020-03-16T12:07:13+00:00","breadcrumb":{"@id":"https:\/\/www.burespro.com\/ca\/product\/prodeasa-tc-3\/#breadcrumb"},"inLanguage":"ca","potentialAction":[{"@type":"ReadAction","target":["https:\/\/www.burespro.com\/ca\/product\/prodeasa-tc-3\/"]}]},{"@type":"ImageObject","inLanguage":"ca","@id":"https:\/\/www.burespro.com\/ca\/product\/prodeasa-tc-3\/#primaryimage","url":"https:\/\/www.burespro.com\/wp-content\/uploads\/2020\/01\/310_medium.jpg","contentUrl":"https:\/\/www.burespro.com\/wp-content\/uploads\/2020\/01\/310_medium.jpg","width":800,"height":600},{"@type":"BreadcrumbList","@id":"https:\/\/www.burespro.com\/ca\/product\/prodeasa-tc-3\/#breadcrumb","itemListElement":[{"@type":"ListItem","position":1,"name":"Inici","item":"https:\/\/www.burespro.com\/ca\/"},{"@type":"ListItem","position":2,"name":"Productes","item":"https:\/\/www.burespro.com\/ca\/adobs-fertilitzants\/"},{"@type":"ListItem","position":3,"name":"PRODEASA TC-3"}]},{"@type":"WebSite","@id":"https:\/\/www.burespro.com\/#website","url":"https:\/\/www.burespro.com\/","name":"Bur\u00e9s Profesional","description":"Fabricants de terres, substrats de cultiu, fertilitzants i adobs org\u00e0nics","potentialAction":[{"@type":"SearchAction","target":{"@type":"EntryPoint","urlTemplate":"https:\/\/www.burespro.com\/?s={search_term_string}"},"query-input":{"@type":"PropertyValueSpecification","valueRequired":true,"valueName":"search_term_string"}}],"inLanguage":"ca"}]}},"_links":{"self":[{"href":"https:\/\/www.burespro.com\/ca\/wp-json\/wp\/v2\/product\/9392","targetHints":{"allow":["GET"]}}],"collection":[{"href":"https:\/\/www.burespro.com\/ca\/wp-json\/wp\/v2\/product"}],"about":[{"href":"https:\/\/www.burespro.com\/ca\/wp-json\/wp\/v2\/types\/product"}],"replies":[{"embeddable":true,"href":"https:\/\/www.burespro.com\/ca\/wp-json\/wp\/v2\/comments?post=9392"}],"wp:featuredmedia":[{"embeddable":true,"href":"https:\/\/www.burespro.com\/ca\/wp-json\/wp\/v2\/media\/534"}],"wp:attachment":[{"href":"https:\/\/www.burespro.com\/ca\/wp-json\/wp\/v2\/media?parent=9392"}],"wp:term":[{"taxonomy":"product_brand","embeddable":true,"href":"https:\/\/www.burespro.com\/ca\/wp-json\/wp\/v2\/product_brand?post=9392"},{"taxonomy":"product_cat","embeddable":true,"href":"https:\/\/www.burespro.com\/ca\/wp-json\/wp\/v2\/product_cat?post=9392"},{"taxonomy":"product_tag","embeddable":true,"href":"https:\/\/www.burespro.com\/ca\/wp-json\/wp\/v2\/product_tag?post=9392"},{"taxonomy":"sectores","embeddable":true,"href":"https:\/\/www.burespro.com\/ca\/wp-json\/wp\/v2\/sectores?post=9392"}],"curies":[{"name":"wp","href":"https:\/\/api.w.org\/{rel}","templated":true}]}}