{"id":9377,"date":"2020-03-10T14:35:16","date_gmt":"2020-03-10T15:45:35","guid":{"rendered":"https:\/\/burespro.neorgvirtual.com\/product\/prodeasa-sci-2\/"},"modified":"2020-03-16T12:07:07","modified_gmt":"2020-03-16T12:07:07","slug":"prodeasa-sci-2","status":"publish","type":"product","link":"https:\/\/www.burespro.com\/ca\/product\/prodeasa-sci-2\/","title":{"rendered":"PRODEASA SCI-2"},"content":{"rendered":"<p>El substrat SCI-2 \u00e9s un preparat a partir de torba rossa i fibra de coco llarga. Est\u00e0 especialment dissenyat per a facilitar l\u2019arrelament de la planta i accelerar el seu creixement for\u00e7at.<\/p>\n<p>CARACTER\u00cdSTIQUES:<br \/>\nLa mescla de torba i fibra de coco t\u00e9 unes propietats f\u00edsiques excel\u00b7lents. S\u2019obt\u00e9 un substrat d\u2019una lleugeresa destacable, amb una elevada retenci\u00f3 d\u2019aigua. Els ingredients dels substrats allarguen la vida al substrat, degut a la seva lenta degradaci\u00f3.<br \/>\nSCI-2 presenta un adobat de base 11-12-13 per facilitar el creixement els primers dies de cultiu. Pot afegir-se un adob d\u2019alliberaci\u00f3 controlada Ferticote si es desitja allargar el cicle en el contenidor, i oferir fertilitzant fins l\u2019\u00faltim dia.<\/p>\n<p>APLICACI\u00d3: <br \/>\nEl substrat SCI-2 est\u00e0 especialment indicat pel cultiu de plantes de temporada (Primula, Begonia, Impatiens, Pelargonium) i planta arom\u00e0tica (Thymus, Rosmarinus, Lavandula).<br \/><BR><\/p>\n","protected":false},"excerpt":{"rendered":"<p>El substrat SCI-2 \u00e9s un preparat a partir de torba rossa i fibra de coco llarga. Est\u00e0 especialment dissenyat per a facilitar l\u2019arrelament de la planta i accelerar el seu creixement for\u00e7at. CARACTER\u00cdSTIQUES: La mescla de torba i fibra de coco t\u00e9 unes propietats f\u00edsiques excel\u00b7lents. S\u2019obt\u00e9 un substrat d\u2019una lleugeresa destacable, amb una elevada [&hellip;]<\/p>\n","protected":false},"featured_media":508,"comment_status":"closed","ping_status":"closed","template":"","meta":{"_acf_changed":false,"inline_featured_image":false},"product_brand":[],"product_cat":[179,184],"product_tag":[448,505,556,559,562,565,604,595,589,607],"sectores":[337,418,339],"class_list":{"0":"post-9377","1":"product","2":"type-product","3":"status-publish","4":"has-post-thumbnail","6":"product_cat-substrats-prodeasa","7":"product_cat-substrats-pel-cultiu","8":"product_tag-bures-profesional-ca","9":"product_tag-construccio-de-jardins","10":"product_tag-jardineria-girona-ca","11":"product_tag-jardineria-professional-ca","12":"product_tag-material-de-jardineria-girona-ca","13":"product_tag-materials-de-jardineria","14":"product_tag-substrats-de-cultiu","15":"product_tag-substrats-de-jardienria","16":"product_tag-substrats-girona","17":"product_tag-substrats-professionals","18":"sectores-viverisme","19":"sectores-floricultura-ca","20":"sectores-jardineria-professional-paisatgisme","22":"first","23":"instock","24":"product-type-simple"},"acf":[],"yoast_head":"<!-- This site is optimized with the Yoast SEO plugin v26.7 - https:\/\/yoast.com\/wordpress\/plugins\/seo\/ -->\n<title>PRODEASA SCI-2 | Bur\u00e9s Profesional<\/title>\n<meta name=\"robots\" content=\"index, follow, max-snippet:-1, max-image-preview:large, max-video-preview:-1\" \/>\n<link rel=\"canonical\" href=\"https:\/\/www.burespro.com\/ca\/product\/prodeasa-sci-2\/\" \/>\n<meta property=\"og:locale\" content=\"ca_ES\" \/>\n<meta property=\"og:type\" content=\"article\" \/>\n<meta property=\"og:title\" content=\"PRODEASA SCI-2 | Bur\u00e9s Profesional\" \/>\n<meta property=\"og:description\" content=\"El substrat SCI-2 \u00e9s un preparat a partir de torba rossa i fibra de coco llarga. Est\u00e0 especialment dissenyat per a facilitar l\u2019arrelament de la planta i accelerar el seu creixement for\u00e7at. CARACTER\u00cdSTIQUES: La mescla de torba i fibra de coco t\u00e9 unes propietats f\u00edsiques excel\u00b7lents. S\u2019obt\u00e9 un substrat d\u2019una lleugeresa destacable, amb una elevada [&hellip;]\" \/>\n<meta property=\"og:url\" content=\"https:\/\/www.burespro.com\/ca\/product\/prodeasa-sci-2\/\" \/>\n<meta property=\"og:site_name\" content=\"Bur\u00e9s Profesional\" \/>\n<meta property=\"article:publisher\" content=\"https:\/\/www.facebook.com\/buresprofesionalsa\" \/>\n<meta property=\"article:modified_time\" content=\"2020-03-16T12:07:07+00:00\" \/>\n<meta property=\"og:image\" content=\"https:\/\/www.burespro.com\/wp-content\/uploads\/2020\/01\/314_medium.jpg\" \/>\n\t<meta property=\"og:image:width\" content=\"800\" \/>\n\t<meta property=\"og:image:height\" content=\"600\" \/>\n\t<meta property=\"og:image:type\" content=\"image\/jpeg\" \/>\n<meta name=\"twitter:card\" content=\"summary_large_image\" \/>\n<meta name=\"twitter:label1\" content=\"Temps estimat de lectura\" \/>\n\t<meta name=\"twitter:data1\" content=\"1 minut\" \/>\n<script type=\"application\/ld+json\" class=\"yoast-schema-graph\">{\"@context\":\"https:\/\/schema.org\",\"@graph\":[{\"@type\":\"WebPage\",\"@id\":\"https:\/\/www.burespro.com\/ca\/product\/prodeasa-sci-2\/\",\"url\":\"https:\/\/www.burespro.com\/ca\/product\/prodeasa-sci-2\/\",\"name\":\"PRODEASA SCI-2 | Bur\u00e9s Profesional\",\"isPartOf\":{\"@id\":\"https:\/\/www.burespro.com\/#website\"},\"primaryImageOfPage\":{\"@id\":\"https:\/\/www.burespro.com\/ca\/product\/prodeasa-sci-2\/#primaryimage\"},\"image\":{\"@id\":\"https:\/\/www.burespro.com\/ca\/product\/prodeasa-sci-2\/#primaryimage\"},\"thumbnailUrl\":\"https:\/\/www.burespro.com\/wp-content\/uploads\/2020\/01\/314_medium.jpg\",\"datePublished\":\"2020-03-10T15:45:35+00:00\",\"dateModified\":\"2020-03-16T12:07:07+00:00\",\"breadcrumb\":{\"@id\":\"https:\/\/www.burespro.com\/ca\/product\/prodeasa-sci-2\/#breadcrumb\"},\"inLanguage\":\"ca\",\"potentialAction\":[{\"@type\":\"ReadAction\",\"target\":[\"https:\/\/www.burespro.com\/ca\/product\/prodeasa-sci-2\/\"]}]},{\"@type\":\"ImageObject\",\"inLanguage\":\"ca\",\"@id\":\"https:\/\/www.burespro.com\/ca\/product\/prodeasa-sci-2\/#primaryimage\",\"url\":\"https:\/\/www.burespro.com\/wp-content\/uploads\/2020\/01\/314_medium.jpg\",\"contentUrl\":\"https:\/\/www.burespro.com\/wp-content\/uploads\/2020\/01\/314_medium.jpg\",\"width\":800,\"height\":600},{\"@type\":\"BreadcrumbList\",\"@id\":\"https:\/\/www.burespro.com\/ca\/product\/prodeasa-sci-2\/#breadcrumb\",\"itemListElement\":[{\"@type\":\"ListItem\",\"position\":1,\"name\":\"Inici\",\"item\":\"https:\/\/www.burespro.com\/ca\/\"},{\"@type\":\"ListItem\",\"position\":2,\"name\":\"Productes\",\"item\":\"https:\/\/www.burespro.com\/ca\/adobs-fertilitzants\/\"},{\"@type\":\"ListItem\",\"position\":3,\"name\":\"PRODEASA SCI-2\"}]},{\"@type\":\"WebSite\",\"@id\":\"https:\/\/www.burespro.com\/#website\",\"url\":\"https:\/\/www.burespro.com\/\",\"name\":\"Bur\u00e9s Profesional\",\"description\":\"Fabricants de terres, substrats de cultiu, fertilitzants i adobs org\u00e0nics\",\"potentialAction\":[{\"@type\":\"SearchAction\",\"target\":{\"@type\":\"EntryPoint\",\"urlTemplate\":\"https:\/\/www.burespro.com\/?s={search_term_string}\"},\"query-input\":{\"@type\":\"PropertyValueSpecification\",\"valueRequired\":true,\"valueName\":\"search_term_string\"}}],\"inLanguage\":\"ca\"}]}<\/script>\n<!-- \/ Yoast SEO plugin. -->","yoast_head_json":{"title":"PRODEASA SCI-2 | Bur\u00e9s Profesional","robots":{"index":"index","follow":"follow","max-snippet":"max-snippet:-1","max-image-preview":"max-image-preview:large","max-video-preview":"max-video-preview:-1"},"canonical":"https:\/\/www.burespro.com\/ca\/product\/prodeasa-sci-2\/","og_locale":"ca_ES","og_type":"article","og_title":"PRODEASA SCI-2 | Bur\u00e9s Profesional","og_description":"El substrat SCI-2 \u00e9s un preparat a partir de torba rossa i fibra de coco llarga. Est\u00e0 especialment dissenyat per a facilitar l\u2019arrelament de la planta i accelerar el seu creixement for\u00e7at. CARACTER\u00cdSTIQUES: La mescla de torba i fibra de coco t\u00e9 unes propietats f\u00edsiques excel\u00b7lents. S\u2019obt\u00e9 un substrat d\u2019una lleugeresa destacable, amb una elevada [&hellip;]","og_url":"https:\/\/www.burespro.com\/ca\/product\/prodeasa-sci-2\/","og_site_name":"Bur\u00e9s Profesional","article_publisher":"https:\/\/www.facebook.com\/buresprofesionalsa","article_modified_time":"2020-03-16T12:07:07+00:00","og_image":[{"width":800,"height":600,"url":"https:\/\/www.burespro.com\/wp-content\/uploads\/2020\/01\/314_medium.jpg","type":"image\/jpeg"}],"twitter_card":"summary_large_image","twitter_misc":{"Temps estimat de lectura":"1 minut"},"schema":{"@context":"https:\/\/schema.org","@graph":[{"@type":"WebPage","@id":"https:\/\/www.burespro.com\/ca\/product\/prodeasa-sci-2\/","url":"https:\/\/www.burespro.com\/ca\/product\/prodeasa-sci-2\/","name":"PRODEASA SCI-2 | Bur\u00e9s Profesional","isPartOf":{"@id":"https:\/\/www.burespro.com\/#website"},"primaryImageOfPage":{"@id":"https:\/\/www.burespro.com\/ca\/product\/prodeasa-sci-2\/#primaryimage"},"image":{"@id":"https:\/\/www.burespro.com\/ca\/product\/prodeasa-sci-2\/#primaryimage"},"thumbnailUrl":"https:\/\/www.burespro.com\/wp-content\/uploads\/2020\/01\/314_medium.jpg","datePublished":"2020-03-10T15:45:35+00:00","dateModified":"2020-03-16T12:07:07+00:00","breadcrumb":{"@id":"https:\/\/www.burespro.com\/ca\/product\/prodeasa-sci-2\/#breadcrumb"},"inLanguage":"ca","potentialAction":[{"@type":"ReadAction","target":["https:\/\/www.burespro.com\/ca\/product\/prodeasa-sci-2\/"]}]},{"@type":"ImageObject","inLanguage":"ca","@id":"https:\/\/www.burespro.com\/ca\/product\/prodeasa-sci-2\/#primaryimage","url":"https:\/\/www.burespro.com\/wp-content\/uploads\/2020\/01\/314_medium.jpg","contentUrl":"https:\/\/www.burespro.com\/wp-content\/uploads\/2020\/01\/314_medium.jpg","width":800,"height":600},{"@type":"BreadcrumbList","@id":"https:\/\/www.burespro.com\/ca\/product\/prodeasa-sci-2\/#breadcrumb","itemListElement":[{"@type":"ListItem","position":1,"name":"Inici","item":"https:\/\/www.burespro.com\/ca\/"},{"@type":"ListItem","position":2,"name":"Productes","item":"https:\/\/www.burespro.com\/ca\/adobs-fertilitzants\/"},{"@type":"ListItem","position":3,"name":"PRODEASA SCI-2"}]},{"@type":"WebSite","@id":"https:\/\/www.burespro.com\/#website","url":"https:\/\/www.burespro.com\/","name":"Bur\u00e9s Profesional","description":"Fabricants de terres, substrats de cultiu, fertilitzants i adobs org\u00e0nics","potentialAction":[{"@type":"SearchAction","target":{"@type":"EntryPoint","urlTemplate":"https:\/\/www.burespro.com\/?s={search_term_string}"},"query-input":{"@type":"PropertyValueSpecification","valueRequired":true,"valueName":"search_term_string"}}],"inLanguage":"ca"}]}},"_links":{"self":[{"href":"https:\/\/www.burespro.com\/ca\/wp-json\/wp\/v2\/product\/9377","targetHints":{"allow":["GET"]}}],"collection":[{"href":"https:\/\/www.burespro.com\/ca\/wp-json\/wp\/v2\/product"}],"about":[{"href":"https:\/\/www.burespro.com\/ca\/wp-json\/wp\/v2\/types\/product"}],"replies":[{"embeddable":true,"href":"https:\/\/www.burespro.com\/ca\/wp-json\/wp\/v2\/comments?post=9377"}],"wp:featuredmedia":[{"embeddable":true,"href":"https:\/\/www.burespro.com\/ca\/wp-json\/wp\/v2\/media\/508"}],"wp:attachment":[{"href":"https:\/\/www.burespro.com\/ca\/wp-json\/wp\/v2\/media?parent=9377"}],"wp:term":[{"taxonomy":"product_brand","embeddable":true,"href":"https:\/\/www.burespro.com\/ca\/wp-json\/wp\/v2\/product_brand?post=9377"},{"taxonomy":"product_cat","embeddable":true,"href":"https:\/\/www.burespro.com\/ca\/wp-json\/wp\/v2\/product_cat?post=9377"},{"taxonomy":"product_tag","embeddable":true,"href":"https:\/\/www.burespro.com\/ca\/wp-json\/wp\/v2\/product_tag?post=9377"},{"taxonomy":"sectores","embeddable":true,"href":"https:\/\/www.burespro.com\/ca\/wp-json\/wp\/v2\/sectores?post=9377"}],"curies":[{"name":"wp","href":"https:\/\/api.w.org\/{rel}","templated":true}]}}