{"id":9367,"date":"2020-03-10T14:35:16","date_gmt":"2020-03-10T15:45:35","guid":{"rendered":"https:\/\/burespro.neorgvirtual.com\/product\/prodeasa-rtc35\/"},"modified":"2020-08-13T12:17:58","modified_gmt":"2020-08-13T10:17:58","slug":"prodeasa-rtc35","status":"publish","type":"product","link":"https:\/\/www.burespro.com\/ca\/product\/prodeasa-rtc35\/","title":{"rendered":"PRODEASA RTC35"},"content":{"rendered":"<p>Els substrats PRODEASA es fabriquen a partir de mat\u00e8ries primeres d&#8217;alta qualitat que, barrejades de manera precisa garanteixen l&#8217;efic\u00e0cia del substrat, amb un drenatge i una ventilaci\u00f3 adequats a les necessitats de cada cultiu. Cadascun dels substrats t\u00e9 una composici\u00f3 diferent i un abonat a mida.<br \/>\nTots els substrats es comercialitzen amb el pH corregit (5,5-6,5), i amb un abonament base (NPK) per a l&#8217;inici del cultiu.<br \/>\nEntre els substrats PRODEASA destaquen quatre grans l\u00ednies diferenciades pel que fa a tipus de material i les seves propietats.<\/p>\n<p>L\u00cdNIA RT \/ RTC<br \/>\n<strong> Amb efecte supressor de malalties. <\/strong><br \/>\nSubstrats elaborats amb Rold\u00f3 compostat i calibrat que presenten un important efecte supressor de malalties de coll i arrel i alhora un efecte estimulant del creixement vegetal.<br \/>\nL\u00ednia de productes que destaquen per les seves propietats de drenatge i ventilaci\u00f3, aix\u00ed com per la seva estabilitat a llarg termini.<br \/>\nLa seva formulaci\u00f3 inclou torba rossa de Sphagnum i fibra llarga de coco per a la gamma RTC.<\/p>\n<p><strong>PRODEASA RTC35<\/strong><br \/>\nPRODEASA RTC35 es un substrat equilibrat, ideal para el cultivo en viver d\u2019esp\u00e8cies de cicle llarg. Els seus components aporten un substrat d\u2019alta qualitat que mant\u00e9 les seves propietats durant tot el cicle de cultiu.<\/p>\n","protected":false},"excerpt":{"rendered":"<p>Els substrats PRODEASA es fabriquen a partir de mat\u00e8ries primeres d&#8217;alta qualitat que, barrejades de manera precisa garanteixen l&#8217;efic\u00e0cia del substrat, amb un drenatge i una ventilaci\u00f3 adequats a les necessitats de cada cultiu. Cadascun dels substrats t\u00e9 una composici\u00f3 diferent i un abonat a mida. Tots els substrats es comercialitzen amb el pH corregit [&hellip;]<\/p>\n","protected":false},"featured_media":554,"comment_status":"closed","ping_status":"closed","template":"","meta":{"_acf_changed":false,"inline_featured_image":false},"product_brand":[],"product_cat":[179,184],"product_tag":[448,505,556,559,562,565,604,595,589,607],"sectores":[337,418,339,345,340],"class_list":{"0":"post-9367","1":"product","2":"type-product","3":"status-publish","4":"has-post-thumbnail","6":"product_cat-substrats-prodeasa","7":"product_cat-substrats-pel-cultiu","8":"product_tag-bures-profesional-ca","9":"product_tag-construccio-de-jardins","10":"product_tag-jardineria-girona-ca","11":"product_tag-jardineria-professional-ca","12":"product_tag-material-de-jardineria-girona-ca","13":"product_tag-materials-de-jardineria","14":"product_tag-substrats-de-cultiu","15":"product_tag-substrats-de-jardienria","16":"product_tag-substrats-girona","17":"product_tag-substrats-professionals","18":"sectores-viverisme","19":"sectores-floricultura-ca","20":"sectores-jardineria-professional-paisatgisme","21":"sectores-obra-civil-i-publica","22":"sectores-administracions-publiques","24":"first","25":"instock","26":"product-type-simple"},"acf":[],"yoast_head":"<!-- This site is optimized with the Yoast SEO plugin v26.7 - https:\/\/yoast.com\/wordpress\/plugins\/seo\/ -->\n<title>PRODEASA RTC35 | Bur\u00e9s Profesional<\/title>\n<meta name=\"robots\" content=\"index, follow, max-snippet:-1, max-image-preview:large, max-video-preview:-1\" \/>\n<link rel=\"canonical\" href=\"https:\/\/www.burespro.com\/ca\/product\/prodeasa-rtc35\/\" \/>\n<meta property=\"og:locale\" content=\"ca_ES\" \/>\n<meta property=\"og:type\" content=\"article\" \/>\n<meta property=\"og:title\" content=\"PRODEASA RTC35 | Bur\u00e9s Profesional\" \/>\n<meta property=\"og:description\" content=\"Els substrats PRODEASA es fabriquen a partir de mat\u00e8ries primeres d&#8217;alta qualitat que, barrejades de manera precisa garanteixen l&#8217;efic\u00e0cia del substrat, amb un drenatge i una ventilaci\u00f3 adequats a les necessitats de cada cultiu. Cadascun dels substrats t\u00e9 una composici\u00f3 diferent i un abonat a mida. Tots els substrats es comercialitzen amb el pH corregit [&hellip;]\" \/>\n<meta property=\"og:url\" content=\"https:\/\/www.burespro.com\/ca\/product\/prodeasa-rtc35\/\" \/>\n<meta property=\"og:site_name\" content=\"Bur\u00e9s Profesional\" \/>\n<meta property=\"article:publisher\" content=\"https:\/\/www.facebook.com\/buresprofesionalsa\" \/>\n<meta property=\"article:modified_time\" content=\"2020-08-13T10:17:58+00:00\" \/>\n<meta property=\"og:image\" content=\"https:\/\/www.burespro.com\/wp-content\/uploads\/2020\/01\/319_medium.jpg\" \/>\n\t<meta property=\"og:image:width\" content=\"800\" \/>\n\t<meta property=\"og:image:height\" content=\"600\" \/>\n\t<meta property=\"og:image:type\" content=\"image\/jpeg\" \/>\n<meta name=\"twitter:card\" content=\"summary_large_image\" \/>\n<meta name=\"twitter:label1\" content=\"Temps estimat de lectura\" \/>\n\t<meta name=\"twitter:data1\" content=\"1 minut\" \/>\n<script type=\"application\/ld+json\" class=\"yoast-schema-graph\">{\"@context\":\"https:\/\/schema.org\",\"@graph\":[{\"@type\":\"WebPage\",\"@id\":\"https:\/\/www.burespro.com\/ca\/product\/prodeasa-rtc35\/\",\"url\":\"https:\/\/www.burespro.com\/ca\/product\/prodeasa-rtc35\/\",\"name\":\"PRODEASA RTC35 | Bur\u00e9s Profesional\",\"isPartOf\":{\"@id\":\"https:\/\/www.burespro.com\/#website\"},\"primaryImageOfPage\":{\"@id\":\"https:\/\/www.burespro.com\/ca\/product\/prodeasa-rtc35\/#primaryimage\"},\"image\":{\"@id\":\"https:\/\/www.burespro.com\/ca\/product\/prodeasa-rtc35\/#primaryimage\"},\"thumbnailUrl\":\"https:\/\/www.burespro.com\/wp-content\/uploads\/2020\/01\/319_medium.jpg\",\"datePublished\":\"2020-03-10T15:45:35+00:00\",\"dateModified\":\"2020-08-13T10:17:58+00:00\",\"breadcrumb\":{\"@id\":\"https:\/\/www.burespro.com\/ca\/product\/prodeasa-rtc35\/#breadcrumb\"},\"inLanguage\":\"ca\",\"potentialAction\":[{\"@type\":\"ReadAction\",\"target\":[\"https:\/\/www.burespro.com\/ca\/product\/prodeasa-rtc35\/\"]}]},{\"@type\":\"ImageObject\",\"inLanguage\":\"ca\",\"@id\":\"https:\/\/www.burespro.com\/ca\/product\/prodeasa-rtc35\/#primaryimage\",\"url\":\"https:\/\/www.burespro.com\/wp-content\/uploads\/2020\/01\/319_medium.jpg\",\"contentUrl\":\"https:\/\/www.burespro.com\/wp-content\/uploads\/2020\/01\/319_medium.jpg\",\"width\":800,\"height\":600},{\"@type\":\"BreadcrumbList\",\"@id\":\"https:\/\/www.burespro.com\/ca\/product\/prodeasa-rtc35\/#breadcrumb\",\"itemListElement\":[{\"@type\":\"ListItem\",\"position\":1,\"name\":\"Inici\",\"item\":\"https:\/\/www.burespro.com\/ca\/\"},{\"@type\":\"ListItem\",\"position\":2,\"name\":\"Productes\",\"item\":\"https:\/\/www.burespro.com\/ca\/adobs-fertilitzants\/\"},{\"@type\":\"ListItem\",\"position\":3,\"name\":\"PRODEASA RTC35\"}]},{\"@type\":\"WebSite\",\"@id\":\"https:\/\/www.burespro.com\/#website\",\"url\":\"https:\/\/www.burespro.com\/\",\"name\":\"Bur\u00e9s Profesional\",\"description\":\"Fabricants de terres, substrats de cultiu, fertilitzants i adobs org\u00e0nics\",\"potentialAction\":[{\"@type\":\"SearchAction\",\"target\":{\"@type\":\"EntryPoint\",\"urlTemplate\":\"https:\/\/www.burespro.com\/?s={search_term_string}\"},\"query-input\":{\"@type\":\"PropertyValueSpecification\",\"valueRequired\":true,\"valueName\":\"search_term_string\"}}],\"inLanguage\":\"ca\"}]}<\/script>\n<!-- \/ Yoast SEO plugin. -->","yoast_head_json":{"title":"PRODEASA RTC35 | Bur\u00e9s Profesional","robots":{"index":"index","follow":"follow","max-snippet":"max-snippet:-1","max-image-preview":"max-image-preview:large","max-video-preview":"max-video-preview:-1"},"canonical":"https:\/\/www.burespro.com\/ca\/product\/prodeasa-rtc35\/","og_locale":"ca_ES","og_type":"article","og_title":"PRODEASA RTC35 | Bur\u00e9s Profesional","og_description":"Els substrats PRODEASA es fabriquen a partir de mat\u00e8ries primeres d&#8217;alta qualitat que, barrejades de manera precisa garanteixen l&#8217;efic\u00e0cia del substrat, amb un drenatge i una ventilaci\u00f3 adequats a les necessitats de cada cultiu. Cadascun dels substrats t\u00e9 una composici\u00f3 diferent i un abonat a mida. Tots els substrats es comercialitzen amb el pH corregit [&hellip;]","og_url":"https:\/\/www.burespro.com\/ca\/product\/prodeasa-rtc35\/","og_site_name":"Bur\u00e9s Profesional","article_publisher":"https:\/\/www.facebook.com\/buresprofesionalsa","article_modified_time":"2020-08-13T10:17:58+00:00","og_image":[{"width":800,"height":600,"url":"https:\/\/www.burespro.com\/wp-content\/uploads\/2020\/01\/319_medium.jpg","type":"image\/jpeg"}],"twitter_card":"summary_large_image","twitter_misc":{"Temps estimat de lectura":"1 minut"},"schema":{"@context":"https:\/\/schema.org","@graph":[{"@type":"WebPage","@id":"https:\/\/www.burespro.com\/ca\/product\/prodeasa-rtc35\/","url":"https:\/\/www.burespro.com\/ca\/product\/prodeasa-rtc35\/","name":"PRODEASA RTC35 | Bur\u00e9s Profesional","isPartOf":{"@id":"https:\/\/www.burespro.com\/#website"},"primaryImageOfPage":{"@id":"https:\/\/www.burespro.com\/ca\/product\/prodeasa-rtc35\/#primaryimage"},"image":{"@id":"https:\/\/www.burespro.com\/ca\/product\/prodeasa-rtc35\/#primaryimage"},"thumbnailUrl":"https:\/\/www.burespro.com\/wp-content\/uploads\/2020\/01\/319_medium.jpg","datePublished":"2020-03-10T15:45:35+00:00","dateModified":"2020-08-13T10:17:58+00:00","breadcrumb":{"@id":"https:\/\/www.burespro.com\/ca\/product\/prodeasa-rtc35\/#breadcrumb"},"inLanguage":"ca","potentialAction":[{"@type":"ReadAction","target":["https:\/\/www.burespro.com\/ca\/product\/prodeasa-rtc35\/"]}]},{"@type":"ImageObject","inLanguage":"ca","@id":"https:\/\/www.burespro.com\/ca\/product\/prodeasa-rtc35\/#primaryimage","url":"https:\/\/www.burespro.com\/wp-content\/uploads\/2020\/01\/319_medium.jpg","contentUrl":"https:\/\/www.burespro.com\/wp-content\/uploads\/2020\/01\/319_medium.jpg","width":800,"height":600},{"@type":"BreadcrumbList","@id":"https:\/\/www.burespro.com\/ca\/product\/prodeasa-rtc35\/#breadcrumb","itemListElement":[{"@type":"ListItem","position":1,"name":"Inici","item":"https:\/\/www.burespro.com\/ca\/"},{"@type":"ListItem","position":2,"name":"Productes","item":"https:\/\/www.burespro.com\/ca\/adobs-fertilitzants\/"},{"@type":"ListItem","position":3,"name":"PRODEASA RTC35"}]},{"@type":"WebSite","@id":"https:\/\/www.burespro.com\/#website","url":"https:\/\/www.burespro.com\/","name":"Bur\u00e9s Profesional","description":"Fabricants de terres, substrats de cultiu, fertilitzants i adobs org\u00e0nics","potentialAction":[{"@type":"SearchAction","target":{"@type":"EntryPoint","urlTemplate":"https:\/\/www.burespro.com\/?s={search_term_string}"},"query-input":{"@type":"PropertyValueSpecification","valueRequired":true,"valueName":"search_term_string"}}],"inLanguage":"ca"}]}},"_links":{"self":[{"href":"https:\/\/www.burespro.com\/ca\/wp-json\/wp\/v2\/product\/9367","targetHints":{"allow":["GET"]}}],"collection":[{"href":"https:\/\/www.burespro.com\/ca\/wp-json\/wp\/v2\/product"}],"about":[{"href":"https:\/\/www.burespro.com\/ca\/wp-json\/wp\/v2\/types\/product"}],"replies":[{"embeddable":true,"href":"https:\/\/www.burespro.com\/ca\/wp-json\/wp\/v2\/comments?post=9367"}],"wp:featuredmedia":[{"embeddable":true,"href":"https:\/\/www.burespro.com\/ca\/wp-json\/wp\/v2\/media\/554"}],"wp:attachment":[{"href":"https:\/\/www.burespro.com\/ca\/wp-json\/wp\/v2\/media?parent=9367"}],"wp:term":[{"taxonomy":"product_brand","embeddable":true,"href":"https:\/\/www.burespro.com\/ca\/wp-json\/wp\/v2\/product_brand?post=9367"},{"taxonomy":"product_cat","embeddable":true,"href":"https:\/\/www.burespro.com\/ca\/wp-json\/wp\/v2\/product_cat?post=9367"},{"taxonomy":"product_tag","embeddable":true,"href":"https:\/\/www.burespro.com\/ca\/wp-json\/wp\/v2\/product_tag?post=9367"},{"taxonomy":"sectores","embeddable":true,"href":"https:\/\/www.burespro.com\/ca\/wp-json\/wp\/v2\/sectores?post=9367"}],"curies":[{"name":"wp","href":"https:\/\/api.w.org\/{rel}","templated":true}]}}