{"id":9360,"date":"2020-03-10T14:35:16","date_gmt":"2020-03-10T15:45:35","guid":{"rendered":"https:\/\/burespro.neorgvirtual.com\/product\/prodeasa-rt50-ecologic\/"},"modified":"2023-02-27T12:40:48","modified_gmt":"2023-02-27T11:40:48","slug":"prodeasa-rt50-ecologic","status":"publish","type":"product","link":"https:\/\/www.burespro.com\/ca\/product\/prodeasa-rt50-ecologic\/","title":{"rendered":"PRODEASA RT50 ECOL\u00d2GIC"},"content":{"rendered":"<p>Els substrats PRODEASA es fabriquen a partir de mat\u00e8ries primeres d&#8217;alta qualitat que, barrejades de manera precisa garanteixen l&#8217;efic\u00e0cia del substrat, amb un drenatge i una ventilaci\u00f3 adequats a les necessitats de cada cultiu. Cadascun dels substrats t\u00e9 una composici\u00f3 diferent i un abonat a mida.<br \/>\nTots els substrats es comercialitzen amb el pH corregit (5,5-6,5), i amb un abonament base (NPK) per a l&#8217;inici del cultiu.<br \/>\nEntre els substrats PRODEASA destaquen quatre grans l\u00ednies diferenciades pel que fa a tipus de material i les seves propietats.<\/p>\n<p>L\u00cdNIA RT \/ RTC<br \/>\n<strong> Amb efecte supressor de malalties. <\/strong><br \/>\nSubstrats elaborats amb Rold\u00f3 compostat i calibrat que presenten un important efecte supressor de malalties de coll i arrel i alhora un efecte estimulant del creixement vegetal.<br \/>\nL\u00ednia de productes que destaquen per les seves propietats de drenatge i aireaci\u00f3, aix\u00ed com per la seva estabilitat a llarg termini.<br \/>\nLa seva formulaci\u00f3 inclou torba rossa de Sphagnum i fibra llarga de coco per a la gamma RTC.<\/p>\n<p><strong>PRODEASA RT50<\/strong><br \/>\nEl substrat RT50 \u00e9s una combinaci\u00f3 de torba rossa Sphagnum i escor\u00e7a calibrada compostada i adob org\u00e0nic ecol\u00f2gic. Aporta una barreja ecol\u00f2gica d&#8217;adob org\u00e0nic Vigorhumus H00 i una proporci\u00f3 de 4 kg\/m\u00b3.<\/p>\n<p><strong>Producte aplicable per a Agricultura ecol\u00f2gica d&#8217;acord amb el Reglament (CE) N\u00ba834 \/ 2007 del Consell, de 28 de juny de 2007, sobre producci\u00f3 i etiquetatge dels productes ecol\u00f2gics amb la Certificaci\u00f3 N\u00baCT71PAE-18.6 realitzada per Sohiscert.<\/strong><\/p>\n","protected":false},"excerpt":{"rendered":"<p>Els substrats PRODEASA es fabriquen a partir de mat\u00e8ries primeres d&#8217;alta qualitat que, barrejades de manera precisa garanteixen l&#8217;efic\u00e0cia del substrat, amb un drenatge i una ventilaci\u00f3 adequats a les necessitats de cada cultiu. Cadascun dels substrats t\u00e9 una composici\u00f3 diferent i un abonat a mida. Tots els substrats es comercialitzen amb el pH corregit [&hellip;]<\/p>\n","protected":false},"featured_media":402,"comment_status":"closed","ping_status":"closed","template":"","meta":{"_acf_changed":false,"inline_featured_image":false},"product_brand":[],"product_cat":[179,181,184,377,177],"product_tag":[448,505,556,559,562,565,604,595,589,607],"sectores":[337,343,418,339,345,340,342],"class_list":{"0":"post-9360","1":"product","2":"type-product","3":"status-publish","4":"has-post-thumbnail","6":"product_cat-substrats-prodeasa","7":"product_cat-substrats-ecologics","8":"product_cat-substrats-pel-cultiu","9":"product_cat-substrats-pel-jardi-2","10":"product_cat-substrats-de-jardineria","11":"product_tag-bures-profesional-ca","12":"product_tag-construccio-de-jardins","13":"product_tag-jardineria-girona-ca","14":"product_tag-jardineria-professional-ca","15":"product_tag-material-de-jardineria-girona-ca","16":"product_tag-materials-de-jardineria","17":"product_tag-substrats-de-cultiu","18":"product_tag-substrats-de-jardienria","19":"product_tag-substrats-girona","20":"product_tag-substrats-professionals","21":"sectores-viverisme","22":"sectores-fructicultura-i-horticultura","23":"sectores-floricultura-ca","24":"sectores-jardineria-professional-paisatgisme","25":"sectores-obra-civil-i-publica","26":"sectores-administracions-publiques","27":"sectores-centres-de-jardineria","29":"first","30":"instock","31":"product-type-simple"},"acf":[],"yoast_head":"<!-- This site is optimized with the Yoast SEO plugin v26.7 - https:\/\/yoast.com\/wordpress\/plugins\/seo\/ -->\n<title>PRODEASA RT50 ECOL\u00d2GIC | Bur\u00e9s Profesional<\/title>\n<meta name=\"description\" content=\"El substrat RT50 \u00e9s una combinaci\u00f3 de torba rossa Sphagnum i escor\u00e7a calibrada compostada i adob org\u00e0nic ecol\u00f2gic. Amb efecte supressor de malalties.\" \/>\n<meta name=\"robots\" content=\"index, follow, max-snippet:-1, max-image-preview:large, max-video-preview:-1\" \/>\n<link rel=\"canonical\" href=\"https:\/\/www.burespro.com\/ca\/product\/prodeasa-rt50-ecologic\/\" \/>\n<meta property=\"og:locale\" content=\"ca_ES\" \/>\n<meta property=\"og:type\" content=\"article\" \/>\n<meta property=\"og:title\" content=\"PRODEASA RT50 ECOL\u00d2GIC | Bur\u00e9s Profesional\" \/>\n<meta property=\"og:description\" content=\"El substrat RT50 \u00e9s una combinaci\u00f3 de torba rossa Sphagnum i escor\u00e7a calibrada compostada i adob org\u00e0nic ecol\u00f2gic. Amb efecte supressor de malalties.\" \/>\n<meta property=\"og:url\" content=\"https:\/\/www.burespro.com\/ca\/product\/prodeasa-rt50-ecologic\/\" \/>\n<meta property=\"og:site_name\" content=\"Bur\u00e9s Profesional\" \/>\n<meta property=\"article:publisher\" content=\"https:\/\/www.facebook.com\/buresprofesionalsa\" \/>\n<meta property=\"article:modified_time\" content=\"2023-02-27T11:40:48+00:00\" \/>\n<meta property=\"og:image\" content=\"https:\/\/www.burespro.com\/wp-content\/uploads\/2020\/01\/302_medium.jpg\" \/>\n\t<meta property=\"og:image:width\" content=\"800\" \/>\n\t<meta property=\"og:image:height\" content=\"600\" \/>\n\t<meta property=\"og:image:type\" content=\"image\/jpeg\" \/>\n<meta name=\"twitter:card\" content=\"summary_large_image\" \/>\n<meta name=\"twitter:label1\" content=\"Temps estimat de lectura\" \/>\n\t<meta name=\"twitter:data1\" content=\"2 minuts\" \/>\n<script type=\"application\/ld+json\" class=\"yoast-schema-graph\">{\"@context\":\"https:\/\/schema.org\",\"@graph\":[{\"@type\":\"WebPage\",\"@id\":\"https:\/\/www.burespro.com\/ca\/product\/prodeasa-rt50-ecologic\/\",\"url\":\"https:\/\/www.burespro.com\/ca\/product\/prodeasa-rt50-ecologic\/\",\"name\":\"PRODEASA RT50 ECOL\u00d2GIC | Bur\u00e9s Profesional\",\"isPartOf\":{\"@id\":\"https:\/\/www.burespro.com\/#website\"},\"primaryImageOfPage\":{\"@id\":\"https:\/\/www.burespro.com\/ca\/product\/prodeasa-rt50-ecologic\/#primaryimage\"},\"image\":{\"@id\":\"https:\/\/www.burespro.com\/ca\/product\/prodeasa-rt50-ecologic\/#primaryimage\"},\"thumbnailUrl\":\"https:\/\/www.burespro.com\/wp-content\/uploads\/2020\/01\/302_medium.jpg\",\"datePublished\":\"2020-03-10T15:45:35+00:00\",\"dateModified\":\"2023-02-27T11:40:48+00:00\",\"description\":\"El substrat RT50 \u00e9s una combinaci\u00f3 de torba rossa Sphagnum i escor\u00e7a calibrada compostada i adob org\u00e0nic ecol\u00f2gic. Amb efecte supressor de malalties.\",\"breadcrumb\":{\"@id\":\"https:\/\/www.burespro.com\/ca\/product\/prodeasa-rt50-ecologic\/#breadcrumb\"},\"inLanguage\":\"ca\",\"potentialAction\":[{\"@type\":\"ReadAction\",\"target\":[\"https:\/\/www.burespro.com\/ca\/product\/prodeasa-rt50-ecologic\/\"]}]},{\"@type\":\"ImageObject\",\"inLanguage\":\"ca\",\"@id\":\"https:\/\/www.burespro.com\/ca\/product\/prodeasa-rt50-ecologic\/#primaryimage\",\"url\":\"https:\/\/www.burespro.com\/wp-content\/uploads\/2020\/01\/302_medium.jpg\",\"contentUrl\":\"https:\/\/www.burespro.com\/wp-content\/uploads\/2020\/01\/302_medium.jpg\",\"width\":800,\"height\":600},{\"@type\":\"BreadcrumbList\",\"@id\":\"https:\/\/www.burespro.com\/ca\/product\/prodeasa-rt50-ecologic\/#breadcrumb\",\"itemListElement\":[{\"@type\":\"ListItem\",\"position\":1,\"name\":\"Inici\",\"item\":\"https:\/\/www.burespro.com\/ca\/\"},{\"@type\":\"ListItem\",\"position\":2,\"name\":\"Productes\",\"item\":\"https:\/\/www.burespro.com\/ca\/adobs-fertilitzants\/\"},{\"@type\":\"ListItem\",\"position\":3,\"name\":\"PRODEASA RT50 ECOL\u00d2GIC\"}]},{\"@type\":\"WebSite\",\"@id\":\"https:\/\/www.burespro.com\/#website\",\"url\":\"https:\/\/www.burespro.com\/\",\"name\":\"Bur\u00e9s Profesional\",\"description\":\"Fabricants de terres, substrats de cultiu, fertilitzants i adobs org\u00e0nics\",\"potentialAction\":[{\"@type\":\"SearchAction\",\"target\":{\"@type\":\"EntryPoint\",\"urlTemplate\":\"https:\/\/www.burespro.com\/?s={search_term_string}\"},\"query-input\":{\"@type\":\"PropertyValueSpecification\",\"valueRequired\":true,\"valueName\":\"search_term_string\"}}],\"inLanguage\":\"ca\"}]}<\/script>\n<!-- \/ Yoast SEO plugin. -->","yoast_head_json":{"title":"PRODEASA RT50 ECOL\u00d2GIC | Bur\u00e9s Profesional","description":"El substrat RT50 \u00e9s una combinaci\u00f3 de torba rossa Sphagnum i escor\u00e7a calibrada compostada i adob org\u00e0nic ecol\u00f2gic. Amb efecte supressor de malalties.","robots":{"index":"index","follow":"follow","max-snippet":"max-snippet:-1","max-image-preview":"max-image-preview:large","max-video-preview":"max-video-preview:-1"},"canonical":"https:\/\/www.burespro.com\/ca\/product\/prodeasa-rt50-ecologic\/","og_locale":"ca_ES","og_type":"article","og_title":"PRODEASA RT50 ECOL\u00d2GIC | Bur\u00e9s Profesional","og_description":"El substrat RT50 \u00e9s una combinaci\u00f3 de torba rossa Sphagnum i escor\u00e7a calibrada compostada i adob org\u00e0nic ecol\u00f2gic. Amb efecte supressor de malalties.","og_url":"https:\/\/www.burespro.com\/ca\/product\/prodeasa-rt50-ecologic\/","og_site_name":"Bur\u00e9s Profesional","article_publisher":"https:\/\/www.facebook.com\/buresprofesionalsa","article_modified_time":"2023-02-27T11:40:48+00:00","og_image":[{"width":800,"height":600,"url":"https:\/\/www.burespro.com\/wp-content\/uploads\/2020\/01\/302_medium.jpg","type":"image\/jpeg"}],"twitter_card":"summary_large_image","twitter_misc":{"Temps estimat de lectura":"2 minuts"},"schema":{"@context":"https:\/\/schema.org","@graph":[{"@type":"WebPage","@id":"https:\/\/www.burespro.com\/ca\/product\/prodeasa-rt50-ecologic\/","url":"https:\/\/www.burespro.com\/ca\/product\/prodeasa-rt50-ecologic\/","name":"PRODEASA RT50 ECOL\u00d2GIC | Bur\u00e9s Profesional","isPartOf":{"@id":"https:\/\/www.burespro.com\/#website"},"primaryImageOfPage":{"@id":"https:\/\/www.burespro.com\/ca\/product\/prodeasa-rt50-ecologic\/#primaryimage"},"image":{"@id":"https:\/\/www.burespro.com\/ca\/product\/prodeasa-rt50-ecologic\/#primaryimage"},"thumbnailUrl":"https:\/\/www.burespro.com\/wp-content\/uploads\/2020\/01\/302_medium.jpg","datePublished":"2020-03-10T15:45:35+00:00","dateModified":"2023-02-27T11:40:48+00:00","description":"El substrat RT50 \u00e9s una combinaci\u00f3 de torba rossa Sphagnum i escor\u00e7a calibrada compostada i adob org\u00e0nic ecol\u00f2gic. Amb efecte supressor de malalties.","breadcrumb":{"@id":"https:\/\/www.burespro.com\/ca\/product\/prodeasa-rt50-ecologic\/#breadcrumb"},"inLanguage":"ca","potentialAction":[{"@type":"ReadAction","target":["https:\/\/www.burespro.com\/ca\/product\/prodeasa-rt50-ecologic\/"]}]},{"@type":"ImageObject","inLanguage":"ca","@id":"https:\/\/www.burespro.com\/ca\/product\/prodeasa-rt50-ecologic\/#primaryimage","url":"https:\/\/www.burespro.com\/wp-content\/uploads\/2020\/01\/302_medium.jpg","contentUrl":"https:\/\/www.burespro.com\/wp-content\/uploads\/2020\/01\/302_medium.jpg","width":800,"height":600},{"@type":"BreadcrumbList","@id":"https:\/\/www.burespro.com\/ca\/product\/prodeasa-rt50-ecologic\/#breadcrumb","itemListElement":[{"@type":"ListItem","position":1,"name":"Inici","item":"https:\/\/www.burespro.com\/ca\/"},{"@type":"ListItem","position":2,"name":"Productes","item":"https:\/\/www.burespro.com\/ca\/adobs-fertilitzants\/"},{"@type":"ListItem","position":3,"name":"PRODEASA RT50 ECOL\u00d2GIC"}]},{"@type":"WebSite","@id":"https:\/\/www.burespro.com\/#website","url":"https:\/\/www.burespro.com\/","name":"Bur\u00e9s Profesional","description":"Fabricants de terres, substrats de cultiu, fertilitzants i adobs org\u00e0nics","potentialAction":[{"@type":"SearchAction","target":{"@type":"EntryPoint","urlTemplate":"https:\/\/www.burespro.com\/?s={search_term_string}"},"query-input":{"@type":"PropertyValueSpecification","valueRequired":true,"valueName":"search_term_string"}}],"inLanguage":"ca"}]}},"_links":{"self":[{"href":"https:\/\/www.burespro.com\/ca\/wp-json\/wp\/v2\/product\/9360","targetHints":{"allow":["GET"]}}],"collection":[{"href":"https:\/\/www.burespro.com\/ca\/wp-json\/wp\/v2\/product"}],"about":[{"href":"https:\/\/www.burespro.com\/ca\/wp-json\/wp\/v2\/types\/product"}],"replies":[{"embeddable":true,"href":"https:\/\/www.burespro.com\/ca\/wp-json\/wp\/v2\/comments?post=9360"}],"wp:featuredmedia":[{"embeddable":true,"href":"https:\/\/www.burespro.com\/ca\/wp-json\/wp\/v2\/media\/402"}],"wp:attachment":[{"href":"https:\/\/www.burespro.com\/ca\/wp-json\/wp\/v2\/media?parent=9360"}],"wp:term":[{"taxonomy":"product_brand","embeddable":true,"href":"https:\/\/www.burespro.com\/ca\/wp-json\/wp\/v2\/product_brand?post=9360"},{"taxonomy":"product_cat","embeddable":true,"href":"https:\/\/www.burespro.com\/ca\/wp-json\/wp\/v2\/product_cat?post=9360"},{"taxonomy":"product_tag","embeddable":true,"href":"https:\/\/www.burespro.com\/ca\/wp-json\/wp\/v2\/product_tag?post=9360"},{"taxonomy":"sectores","embeddable":true,"href":"https:\/\/www.burespro.com\/ca\/wp-json\/wp\/v2\/sectores?post=9360"}],"curies":[{"name":"wp","href":"https:\/\/api.w.org\/{rel}","templated":true}]}}