{"id":9350,"date":"2020-03-10T14:34:27","date_gmt":"2020-03-10T15:45:13","guid":{"rendered":"https:\/\/burespro.neorgvirtual.com\/product\/prodeasa-bvu\/"},"modified":"2020-08-12T16:44:17","modified_gmt":"2020-08-12T14:44:17","slug":"prodeasa-bvu","status":"publish","type":"product","link":"https:\/\/www.burespro.com\/ca\/product\/prodeasa-bvu\/","title":{"rendered":"PRODEASA BVU"},"content":{"rendered":"<p>Els substrats PRODEASA es fabriquen a partir de mat\u00e8ries primeres d&#8217;alta qualitat que, barrejades de manera precisa garanteixen l&#8217;efic\u00e0cia del substrat, amb un drenatge i una ventilaci\u00f3 adequats a les necessitats de cada cultiu. Cadascun dels substrats t\u00e9 una composici\u00f3 diferent i un abonat a mida.<br \/>\nTots els substrats es comercialitzen amb el pH corregit (5,5-6,5), i amb un abonament base (NPK) per a l&#8217;inici del cultiu.<br \/>\nEntre els substrats PRODEASA destaquen quatre grans l\u00ednies diferenciades pel que fa a tipus de material i les seves propietats.<\/p>\n<p>L\u00cdNIA BV<br \/>\nSubstrats elaborats amb ECOBOSC que permeten obtenir cultius m\u00e9s resistents i que suporten millor el trasplantament a terra.<br \/>\n\u00c9s l&#8217;alternativa perfecta a la torba, ja que la pres\u00e8ncia natural de microorganismes beneficiosos en el compost, t\u00e9 efectes favorables per al creixement de les plantes i la seva toler\u00e0ncia a condicions adverses. En la seva formulaci\u00f3 tamb\u00e9 s&#8217;inclou putzolana volc\u00e0nica (per facilitar el drenatge i mantenir l&#8217;estructura del substrat) i un 35% de torba rossa de Sphagnum.<br \/>\n<strong>Amb efecte enduridor de les plantes.<\/strong><\/p>\n<p><strong>PRODEASA BVU<\/strong><br \/>\nEl substrat PRODEASA BVU est\u00e0 pensat pel cultiu for\u00e7at en viver, fent possible el reg d&#8217;alta freq\u00fc\u00e8ncia.<\/p>\n<p>El substrat PRODEASA BVU \u00e9s una substrat de barreja preparat a base de torba El substrat BVU \u00e9s un substrat polivalent que es caracteritza per un rendiment equilibrat entre la retenci\u00f3 d\u2019aigua i l\u2019aeraci\u00f3. BVU \u00e9s el resultat d\u2019anys d\u2019estudi per obtenir un bon substrat.<br \/>\nBVU s\u2019elabora a partir de torba rossa Sphagnum, Ecobosc i terra volc\u00e0nica de primera qualitat. El substrat \u00e9s un producte totalment vegetal, al que se li afegeix adob especial per a les primeres setmanes amb una relaci\u00f3 NPK 20-10-5.<\/p>\n","protected":false},"excerpt":{"rendered":"<p>Els substrats PRODEASA es fabriquen a partir de mat\u00e8ries primeres d&#8217;alta qualitat que, barrejades de manera precisa garanteixen l&#8217;efic\u00e0cia del substrat, amb un drenatge i una ventilaci\u00f3 adequats a les necessitats de cada cultiu. Cadascun dels substrats t\u00e9 una composici\u00f3 diferent i un abonat a mida. Tots els substrats es comercialitzen amb el pH corregit [&hellip;]<\/p>\n","protected":false},"featured_media":540,"comment_status":"closed","ping_status":"closed","template":"","meta":{"_acf_changed":false,"inline_featured_image":false},"product_brand":[],"product_cat":[179],"product_tag":[505,556,559,562,565,604,595,589,607],"sectores":[337,418,339,345,340],"class_list":{"0":"post-9350","1":"product","2":"type-product","3":"status-publish","4":"has-post-thumbnail","6":"product_cat-substrats-prodeasa","7":"product_tag-construccio-de-jardins","8":"product_tag-jardineria-girona-ca","9":"product_tag-jardineria-professional-ca","10":"product_tag-material-de-jardineria-girona-ca","11":"product_tag-materials-de-jardineria","12":"product_tag-substrats-de-cultiu","13":"product_tag-substrats-de-jardienria","14":"product_tag-substrats-girona","15":"product_tag-substrats-professionals","16":"sectores-viverisme","17":"sectores-floricultura-ca","18":"sectores-jardineria-professional-paisatgisme","19":"sectores-obra-civil-i-publica","20":"sectores-administracions-publiques","22":"first","23":"instock","24":"product-type-simple"},"acf":[],"yoast_head":"<!-- This site is optimized with the Yoast SEO plugin v26.7 - https:\/\/yoast.com\/wordpress\/plugins\/seo\/ -->\n<title>PRODEASA BVU | Bur\u00e9s Profesional<\/title>\n<meta name=\"robots\" content=\"index, follow, max-snippet:-1, max-image-preview:large, max-video-preview:-1\" \/>\n<link rel=\"canonical\" href=\"https:\/\/www.burespro.com\/ca\/product\/prodeasa-bvu\/\" \/>\n<meta property=\"og:locale\" content=\"ca_ES\" \/>\n<meta property=\"og:type\" content=\"article\" \/>\n<meta property=\"og:title\" content=\"PRODEASA BVU | Bur\u00e9s Profesional\" \/>\n<meta property=\"og:description\" content=\"Els substrats PRODEASA es fabriquen a partir de mat\u00e8ries primeres d&#8217;alta qualitat que, barrejades de manera precisa garanteixen l&#8217;efic\u00e0cia del substrat, amb un drenatge i una ventilaci\u00f3 adequats a les necessitats de cada cultiu. Cadascun dels substrats t\u00e9 una composici\u00f3 diferent i un abonat a mida. Tots els substrats es comercialitzen amb el pH corregit [&hellip;]\" \/>\n<meta property=\"og:url\" content=\"https:\/\/www.burespro.com\/ca\/product\/prodeasa-bvu\/\" \/>\n<meta property=\"og:site_name\" content=\"Bur\u00e9s Profesional\" \/>\n<meta property=\"article:publisher\" content=\"https:\/\/www.facebook.com\/buresprofesionalsa\" \/>\n<meta property=\"article:modified_time\" content=\"2020-08-12T14:44:17+00:00\" \/>\n<meta property=\"og:image\" content=\"https:\/\/www.burespro.com\/wp-content\/uploads\/2020\/01\/324_medium.jpg\" \/>\n\t<meta property=\"og:image:width\" content=\"900\" \/>\n\t<meta property=\"og:image:height\" content=\"506\" \/>\n\t<meta property=\"og:image:type\" content=\"image\/jpeg\" \/>\n<meta name=\"twitter:card\" content=\"summary_large_image\" \/>\n<meta name=\"twitter:label1\" content=\"Temps estimat de lectura\" \/>\n\t<meta name=\"twitter:data1\" content=\"1 minut\" \/>\n<script type=\"application\/ld+json\" class=\"yoast-schema-graph\">{\"@context\":\"https:\/\/schema.org\",\"@graph\":[{\"@type\":\"WebPage\",\"@id\":\"https:\/\/www.burespro.com\/ca\/product\/prodeasa-bvu\/\",\"url\":\"https:\/\/www.burespro.com\/ca\/product\/prodeasa-bvu\/\",\"name\":\"PRODEASA BVU | Bur\u00e9s Profesional\",\"isPartOf\":{\"@id\":\"https:\/\/www.burespro.com\/#website\"},\"primaryImageOfPage\":{\"@id\":\"https:\/\/www.burespro.com\/ca\/product\/prodeasa-bvu\/#primaryimage\"},\"image\":{\"@id\":\"https:\/\/www.burespro.com\/ca\/product\/prodeasa-bvu\/#primaryimage\"},\"thumbnailUrl\":\"https:\/\/www.burespro.com\/wp-content\/uploads\/2020\/01\/324_medium.jpg\",\"datePublished\":\"2020-03-10T15:45:13+00:00\",\"dateModified\":\"2020-08-12T14:44:17+00:00\",\"breadcrumb\":{\"@id\":\"https:\/\/www.burespro.com\/ca\/product\/prodeasa-bvu\/#breadcrumb\"},\"inLanguage\":\"ca\",\"potentialAction\":[{\"@type\":\"ReadAction\",\"target\":[\"https:\/\/www.burespro.com\/ca\/product\/prodeasa-bvu\/\"]}]},{\"@type\":\"ImageObject\",\"inLanguage\":\"ca\",\"@id\":\"https:\/\/www.burespro.com\/ca\/product\/prodeasa-bvu\/#primaryimage\",\"url\":\"https:\/\/www.burespro.com\/wp-content\/uploads\/2020\/01\/324_medium.jpg\",\"contentUrl\":\"https:\/\/www.burespro.com\/wp-content\/uploads\/2020\/01\/324_medium.jpg\",\"width\":900,\"height\":506},{\"@type\":\"BreadcrumbList\",\"@id\":\"https:\/\/www.burespro.com\/ca\/product\/prodeasa-bvu\/#breadcrumb\",\"itemListElement\":[{\"@type\":\"ListItem\",\"position\":1,\"name\":\"Inici\",\"item\":\"https:\/\/www.burespro.com\/ca\/\"},{\"@type\":\"ListItem\",\"position\":2,\"name\":\"Productes\",\"item\":\"https:\/\/www.burespro.com\/ca\/adobs-fertilitzants\/\"},{\"@type\":\"ListItem\",\"position\":3,\"name\":\"PRODEASA BVU\"}]},{\"@type\":\"WebSite\",\"@id\":\"https:\/\/www.burespro.com\/#website\",\"url\":\"https:\/\/www.burespro.com\/\",\"name\":\"Bur\u00e9s Profesional\",\"description\":\"Fabricants de terres, substrats de cultiu, fertilitzants i adobs org\u00e0nics\",\"potentialAction\":[{\"@type\":\"SearchAction\",\"target\":{\"@type\":\"EntryPoint\",\"urlTemplate\":\"https:\/\/www.burespro.com\/?s={search_term_string}\"},\"query-input\":{\"@type\":\"PropertyValueSpecification\",\"valueRequired\":true,\"valueName\":\"search_term_string\"}}],\"inLanguage\":\"ca\"}]}<\/script>\n<!-- \/ Yoast SEO plugin. -->","yoast_head_json":{"title":"PRODEASA BVU | Bur\u00e9s Profesional","robots":{"index":"index","follow":"follow","max-snippet":"max-snippet:-1","max-image-preview":"max-image-preview:large","max-video-preview":"max-video-preview:-1"},"canonical":"https:\/\/www.burespro.com\/ca\/product\/prodeasa-bvu\/","og_locale":"ca_ES","og_type":"article","og_title":"PRODEASA BVU | Bur\u00e9s Profesional","og_description":"Els substrats PRODEASA es fabriquen a partir de mat\u00e8ries primeres d&#8217;alta qualitat que, barrejades de manera precisa garanteixen l&#8217;efic\u00e0cia del substrat, amb un drenatge i una ventilaci\u00f3 adequats a les necessitats de cada cultiu. Cadascun dels substrats t\u00e9 una composici\u00f3 diferent i un abonat a mida. Tots els substrats es comercialitzen amb el pH corregit [&hellip;]","og_url":"https:\/\/www.burespro.com\/ca\/product\/prodeasa-bvu\/","og_site_name":"Bur\u00e9s Profesional","article_publisher":"https:\/\/www.facebook.com\/buresprofesionalsa","article_modified_time":"2020-08-12T14:44:17+00:00","og_image":[{"width":900,"height":506,"url":"https:\/\/www.burespro.com\/wp-content\/uploads\/2020\/01\/324_medium.jpg","type":"image\/jpeg"}],"twitter_card":"summary_large_image","twitter_misc":{"Temps estimat de lectura":"1 minut"},"schema":{"@context":"https:\/\/schema.org","@graph":[{"@type":"WebPage","@id":"https:\/\/www.burespro.com\/ca\/product\/prodeasa-bvu\/","url":"https:\/\/www.burespro.com\/ca\/product\/prodeasa-bvu\/","name":"PRODEASA BVU | Bur\u00e9s Profesional","isPartOf":{"@id":"https:\/\/www.burespro.com\/#website"},"primaryImageOfPage":{"@id":"https:\/\/www.burespro.com\/ca\/product\/prodeasa-bvu\/#primaryimage"},"image":{"@id":"https:\/\/www.burespro.com\/ca\/product\/prodeasa-bvu\/#primaryimage"},"thumbnailUrl":"https:\/\/www.burespro.com\/wp-content\/uploads\/2020\/01\/324_medium.jpg","datePublished":"2020-03-10T15:45:13+00:00","dateModified":"2020-08-12T14:44:17+00:00","breadcrumb":{"@id":"https:\/\/www.burespro.com\/ca\/product\/prodeasa-bvu\/#breadcrumb"},"inLanguage":"ca","potentialAction":[{"@type":"ReadAction","target":["https:\/\/www.burespro.com\/ca\/product\/prodeasa-bvu\/"]}]},{"@type":"ImageObject","inLanguage":"ca","@id":"https:\/\/www.burespro.com\/ca\/product\/prodeasa-bvu\/#primaryimage","url":"https:\/\/www.burespro.com\/wp-content\/uploads\/2020\/01\/324_medium.jpg","contentUrl":"https:\/\/www.burespro.com\/wp-content\/uploads\/2020\/01\/324_medium.jpg","width":900,"height":506},{"@type":"BreadcrumbList","@id":"https:\/\/www.burespro.com\/ca\/product\/prodeasa-bvu\/#breadcrumb","itemListElement":[{"@type":"ListItem","position":1,"name":"Inici","item":"https:\/\/www.burespro.com\/ca\/"},{"@type":"ListItem","position":2,"name":"Productes","item":"https:\/\/www.burespro.com\/ca\/adobs-fertilitzants\/"},{"@type":"ListItem","position":3,"name":"PRODEASA BVU"}]},{"@type":"WebSite","@id":"https:\/\/www.burespro.com\/#website","url":"https:\/\/www.burespro.com\/","name":"Bur\u00e9s Profesional","description":"Fabricants de terres, substrats de cultiu, fertilitzants i adobs org\u00e0nics","potentialAction":[{"@type":"SearchAction","target":{"@type":"EntryPoint","urlTemplate":"https:\/\/www.burespro.com\/?s={search_term_string}"},"query-input":{"@type":"PropertyValueSpecification","valueRequired":true,"valueName":"search_term_string"}}],"inLanguage":"ca"}]}},"_links":{"self":[{"href":"https:\/\/www.burespro.com\/ca\/wp-json\/wp\/v2\/product\/9350","targetHints":{"allow":["GET"]}}],"collection":[{"href":"https:\/\/www.burespro.com\/ca\/wp-json\/wp\/v2\/product"}],"about":[{"href":"https:\/\/www.burespro.com\/ca\/wp-json\/wp\/v2\/types\/product"}],"replies":[{"embeddable":true,"href":"https:\/\/www.burespro.com\/ca\/wp-json\/wp\/v2\/comments?post=9350"}],"wp:featuredmedia":[{"embeddable":true,"href":"https:\/\/www.burespro.com\/ca\/wp-json\/wp\/v2\/media\/540"}],"wp:attachment":[{"href":"https:\/\/www.burespro.com\/ca\/wp-json\/wp\/v2\/media?parent=9350"}],"wp:term":[{"taxonomy":"product_brand","embeddable":true,"href":"https:\/\/www.burespro.com\/ca\/wp-json\/wp\/v2\/product_brand?post=9350"},{"taxonomy":"product_cat","embeddable":true,"href":"https:\/\/www.burespro.com\/ca\/wp-json\/wp\/v2\/product_cat?post=9350"},{"taxonomy":"product_tag","embeddable":true,"href":"https:\/\/www.burespro.com\/ca\/wp-json\/wp\/v2\/product_tag?post=9350"},{"taxonomy":"sectores","embeddable":true,"href":"https:\/\/www.burespro.com\/ca\/wp-json\/wp\/v2\/sectores?post=9350"}],"curies":[{"name":"wp","href":"https:\/\/api.w.org\/{rel}","templated":true}]}}