{"id":9340,"date":"2020-03-10T14:34:27","date_gmt":"2020-03-10T15:45:13","guid":{"rendered":"https:\/\/burespro.neorgvirtual.com\/product\/prodeasa-bvm-2-especial-cobertes-ecologiques\/"},"modified":"2020-09-10T11:24:01","modified_gmt":"2020-09-10T09:24:01","slug":"prodeasa-bvm-2-especial-cobertes-ecologiques","status":"publish","type":"product","link":"https:\/\/www.burespro.com\/ca\/product\/prodeasa-bvm-2-especial-cobertes-ecologiques\/","title":{"rendered":"PRODEASA BVM-2 ESPECIAL COBERTES ECOL\u00d2GIQUES"},"content":{"rendered":"<p>Les noves \u00e0rees residencials, aix\u00ed com les noves infraestructures de transport, posen de manifest la necessitat de recuperar espais verds per millorar la salut del nostre entorn, aix\u00ed com el nostre benestar.<\/p>\n<p>El <strong>substrat BVM-2<\/strong> per a cobertes enjardinades, est\u00e0 formulat majorit\u00e0riament a partir de sorra volc\u00e0nica de granulometria 0-6 mm (&gt; 80% en pes), procedent de les pr\u00f2pies pedreres de l&#8217;empresa BUR\u00c9S PROFESSIONAL, SA, amb un petit percentatge de fracci\u00f3 org\u00e0nica vegetal.<br \/>\nEl compost vegetal aporta totes les qualitats d&#8217;una esmena org\u00e0nica; la pres\u00e8ncia de la mat\u00e8ria org\u00e0nica ajuda a la retenci\u00f3 d&#8217;aigua a m\u00e9s de mantenir l&#8217;estructura del substrat a llarg termini, allibera nutrients en dosis petites de manera gradual.<br \/>\nD&#8217;altra banda, del material volc\u00e0nic destaca la seva bona ventilaci\u00f3 (porositat), la in\u00e8rcia qu\u00edmica i l&#8217;estabilitat de la seva estructura.<br \/>\nLa barreja precisa dels seus components, garanteix l&#8217;efic\u00e0cia del substrat, amb un drenatge i una ventilaci\u00f3 adequada a les necessitats del revestiment vegetal.<\/p>\n<p>Cal destacar que el contingut elevat en mat\u00e8ria mineral del substrat permet que aquest no acabi desapareixent per l&#8217;acci\u00f3 del vent o l&#8217;aigua (erosi\u00f3), no es compacti amb el temps a m\u00e9s afavoreix al no creixement de males herbes, assegurant per tant un baix manteniment.<\/p>\n<p>El <strong>substrat BVM-2<\/strong> t\u00e9 una bona aptitud agron\u00f2mica, per\u00f2 sobretot destaca per la seva elevada estabilitat el temps i per oferir una bona relaci\u00f3 d&#8217;intercanvi aigua\/aire.<br \/>\nA causa de les caracter\u00edstiques fisicoqu\u00edmiques d&#8217;aquest producte (elevada porositat i r\u00e0pid drenatge del substrat) \u00e9s aconsellable instal\u00b7laci\u00f3 d&#8217;un programa de reg, per garantir el bon estat de la coberta verda durant per\u00edodes de baixa pluviometria i\/o sequera estival.<\/p>\n<p><strong>Avantatges del producte:<\/strong><br \/>\n\u2022 R\u00e0pid drenatge i elevada estabilitat<br \/>\n\u2022 Substrat molt por\u00f3s<br \/>\n\u2022 Molt bon control en l&#8217;aparici\u00f3 d&#8217;herbes advent\u00edcies (males herbes).<br \/>\nD&#8217;altra banda, el compostatge previ del seu fracci\u00f3 org\u00e0nica ens permet assegurar que es tracta d&#8217;un substrat lliure de pat\u00f2gens vegetals i llavors de plantes advent\u00edcies.<\/p>\n<p>Tot el proc\u00e9s de fabricaci\u00f3, aix\u00ed com el nostre producte final, est\u00e0 sotm\u00e8s a uns estrictes controls de qualitat basats en les normatives ISO 9001 i 14001.<\/p>\n","protected":false},"excerpt":{"rendered":"<p>Les noves \u00e0rees residencials, aix\u00ed com les noves infraestructures de transport, posen de manifest la necessitat de recuperar espais verds per millorar la salut del nostre entorn, aix\u00ed com el nostre benestar. El substrat BVM-2 per a cobertes enjardinades, est\u00e0 formulat majorit\u00e0riament a partir de sorra volc\u00e0nica de granulometria 0-6 mm (&gt; 80% en pes), [&hellip;]<\/p>\n","protected":false},"featured_media":417,"comment_status":"closed","ping_status":"closed","template":"","meta":{"_acf_changed":false,"inline_featured_image":false},"product_brand":[],"product_cat":[180,678],"product_tag":[448,510,513,505,556,559,562,565,604,595,589,607],"sectores":[339,345,340],"class_list":{"0":"post-9340","1":"product","2":"type-product","3":"status-publish","4":"has-post-thumbnail","6":"product_cat-substrats-especials","7":"product_cat-substrats-per-a-cobertes-enjardinades","8":"product_tag-bures-profesional-ca","9":"product_tag-cobertes-vegetals","10":"product_tag-cobertes-verdes","11":"product_tag-construccio-de-jardins","12":"product_tag-jardineria-girona-ca","13":"product_tag-jardineria-professional-ca","14":"product_tag-material-de-jardineria-girona-ca","15":"product_tag-materials-de-jardineria","16":"product_tag-substrats-de-cultiu","17":"product_tag-substrats-de-jardienria","18":"product_tag-substrats-girona","19":"product_tag-substrats-professionals","20":"sectores-jardineria-professional-paisatgisme","21":"sectores-obra-civil-i-publica","22":"sectores-administracions-publiques","24":"first","25":"instock","26":"product-type-simple"},"acf":[],"yoast_head":"<!-- This site is optimized with the Yoast SEO plugin v26.7 - https:\/\/yoast.com\/wordpress\/plugins\/seo\/ -->\n<title>PRODEASA BVM-2 ESPECIAL COBERTES ECOL\u00d2GIQUES | Bur\u00e9s Profesional<\/title>\n<meta name=\"robots\" content=\"index, follow, max-snippet:-1, max-image-preview:large, max-video-preview:-1\" \/>\n<link rel=\"canonical\" href=\"https:\/\/www.burespro.com\/ca\/product\/prodeasa-bvm-2-especial-cobertes-ecologiques\/\" \/>\n<meta property=\"og:locale\" content=\"ca_ES\" \/>\n<meta property=\"og:type\" content=\"article\" \/>\n<meta property=\"og:title\" content=\"PRODEASA BVM-2 ESPECIAL COBERTES ECOL\u00d2GIQUES | Bur\u00e9s Profesional\" \/>\n<meta property=\"og:description\" content=\"Les noves \u00e0rees residencials, aix\u00ed com les noves infraestructures de transport, posen de manifest la necessitat de recuperar espais verds per millorar la salut del nostre entorn, aix\u00ed com el nostre benestar. El substrat BVM-2 per a cobertes enjardinades, est\u00e0 formulat majorit\u00e0riament a partir de sorra volc\u00e0nica de granulometria 0-6 mm (&gt; 80% en pes), [&hellip;]\" \/>\n<meta property=\"og:url\" content=\"https:\/\/www.burespro.com\/ca\/product\/prodeasa-bvm-2-especial-cobertes-ecologiques\/\" \/>\n<meta property=\"og:site_name\" content=\"Bur\u00e9s Profesional\" \/>\n<meta property=\"article:publisher\" content=\"https:\/\/www.facebook.com\/buresprofesionalsa\" \/>\n<meta property=\"article:modified_time\" content=\"2020-09-10T09:24:01+00:00\" \/>\n<meta property=\"og:image\" content=\"https:\/\/www.burespro.com\/wp-content\/uploads\/2020\/01\/380_medium.jpg\" \/>\n\t<meta property=\"og:image:width\" content=\"800\" \/>\n\t<meta property=\"og:image:height\" content=\"600\" \/>\n\t<meta property=\"og:image:type\" content=\"image\/jpeg\" \/>\n<meta name=\"twitter:card\" content=\"summary_large_image\" \/>\n<meta name=\"twitter:label1\" content=\"Temps estimat de lectura\" \/>\n\t<meta name=\"twitter:data1\" content=\"2 minuts\" \/>\n<script type=\"application\/ld+json\" class=\"yoast-schema-graph\">{\"@context\":\"https:\/\/schema.org\",\"@graph\":[{\"@type\":\"WebPage\",\"@id\":\"https:\/\/www.burespro.com\/ca\/product\/prodeasa-bvm-2-especial-cobertes-ecologiques\/\",\"url\":\"https:\/\/www.burespro.com\/ca\/product\/prodeasa-bvm-2-especial-cobertes-ecologiques\/\",\"name\":\"PRODEASA BVM-2 ESPECIAL COBERTES ECOL\u00d2GIQUES | Bur\u00e9s Profesional\",\"isPartOf\":{\"@id\":\"https:\/\/www.burespro.com\/#website\"},\"primaryImageOfPage\":{\"@id\":\"https:\/\/www.burespro.com\/ca\/product\/prodeasa-bvm-2-especial-cobertes-ecologiques\/#primaryimage\"},\"image\":{\"@id\":\"https:\/\/www.burespro.com\/ca\/product\/prodeasa-bvm-2-especial-cobertes-ecologiques\/#primaryimage\"},\"thumbnailUrl\":\"https:\/\/www.burespro.com\/wp-content\/uploads\/2020\/01\/380_medium.jpg\",\"datePublished\":\"2020-03-10T15:45:13+00:00\",\"dateModified\":\"2020-09-10T09:24:01+00:00\",\"breadcrumb\":{\"@id\":\"https:\/\/www.burespro.com\/ca\/product\/prodeasa-bvm-2-especial-cobertes-ecologiques\/#breadcrumb\"},\"inLanguage\":\"ca\",\"potentialAction\":[{\"@type\":\"ReadAction\",\"target\":[\"https:\/\/www.burespro.com\/ca\/product\/prodeasa-bvm-2-especial-cobertes-ecologiques\/\"]}]},{\"@type\":\"ImageObject\",\"inLanguage\":\"ca\",\"@id\":\"https:\/\/www.burespro.com\/ca\/product\/prodeasa-bvm-2-especial-cobertes-ecologiques\/#primaryimage\",\"url\":\"https:\/\/www.burespro.com\/wp-content\/uploads\/2020\/01\/380_medium.jpg\",\"contentUrl\":\"https:\/\/www.burespro.com\/wp-content\/uploads\/2020\/01\/380_medium.jpg\",\"width\":800,\"height\":600},{\"@type\":\"BreadcrumbList\",\"@id\":\"https:\/\/www.burespro.com\/ca\/product\/prodeasa-bvm-2-especial-cobertes-ecologiques\/#breadcrumb\",\"itemListElement\":[{\"@type\":\"ListItem\",\"position\":1,\"name\":\"Inici\",\"item\":\"https:\/\/www.burespro.com\/ca\/\"},{\"@type\":\"ListItem\",\"position\":2,\"name\":\"Productes\",\"item\":\"https:\/\/www.burespro.com\/ca\/adobs-fertilitzants\/\"},{\"@type\":\"ListItem\",\"position\":3,\"name\":\"PRODEASA BVM-2 ESPECIAL COBERTES ECOL\u00d2GIQUES\"}]},{\"@type\":\"WebSite\",\"@id\":\"https:\/\/www.burespro.com\/#website\",\"url\":\"https:\/\/www.burespro.com\/\",\"name\":\"Bur\u00e9s Profesional\",\"description\":\"Fabricants de terres, substrats de cultiu, fertilitzants i adobs org\u00e0nics\",\"potentialAction\":[{\"@type\":\"SearchAction\",\"target\":{\"@type\":\"EntryPoint\",\"urlTemplate\":\"https:\/\/www.burespro.com\/?s={search_term_string}\"},\"query-input\":{\"@type\":\"PropertyValueSpecification\",\"valueRequired\":true,\"valueName\":\"search_term_string\"}}],\"inLanguage\":\"ca\"}]}<\/script>\n<!-- \/ Yoast SEO plugin. -->","yoast_head_json":{"title":"PRODEASA BVM-2 ESPECIAL COBERTES ECOL\u00d2GIQUES | Bur\u00e9s Profesional","robots":{"index":"index","follow":"follow","max-snippet":"max-snippet:-1","max-image-preview":"max-image-preview:large","max-video-preview":"max-video-preview:-1"},"canonical":"https:\/\/www.burespro.com\/ca\/product\/prodeasa-bvm-2-especial-cobertes-ecologiques\/","og_locale":"ca_ES","og_type":"article","og_title":"PRODEASA BVM-2 ESPECIAL COBERTES ECOL\u00d2GIQUES | Bur\u00e9s Profesional","og_description":"Les noves \u00e0rees residencials, aix\u00ed com les noves infraestructures de transport, posen de manifest la necessitat de recuperar espais verds per millorar la salut del nostre entorn, aix\u00ed com el nostre benestar. El substrat BVM-2 per a cobertes enjardinades, est\u00e0 formulat majorit\u00e0riament a partir de sorra volc\u00e0nica de granulometria 0-6 mm (&gt; 80% en pes), [&hellip;]","og_url":"https:\/\/www.burespro.com\/ca\/product\/prodeasa-bvm-2-especial-cobertes-ecologiques\/","og_site_name":"Bur\u00e9s Profesional","article_publisher":"https:\/\/www.facebook.com\/buresprofesionalsa","article_modified_time":"2020-09-10T09:24:01+00:00","og_image":[{"width":800,"height":600,"url":"https:\/\/www.burespro.com\/wp-content\/uploads\/2020\/01\/380_medium.jpg","type":"image\/jpeg"}],"twitter_card":"summary_large_image","twitter_misc":{"Temps estimat de lectura":"2 minuts"},"schema":{"@context":"https:\/\/schema.org","@graph":[{"@type":"WebPage","@id":"https:\/\/www.burespro.com\/ca\/product\/prodeasa-bvm-2-especial-cobertes-ecologiques\/","url":"https:\/\/www.burespro.com\/ca\/product\/prodeasa-bvm-2-especial-cobertes-ecologiques\/","name":"PRODEASA BVM-2 ESPECIAL COBERTES ECOL\u00d2GIQUES | Bur\u00e9s Profesional","isPartOf":{"@id":"https:\/\/www.burespro.com\/#website"},"primaryImageOfPage":{"@id":"https:\/\/www.burespro.com\/ca\/product\/prodeasa-bvm-2-especial-cobertes-ecologiques\/#primaryimage"},"image":{"@id":"https:\/\/www.burespro.com\/ca\/product\/prodeasa-bvm-2-especial-cobertes-ecologiques\/#primaryimage"},"thumbnailUrl":"https:\/\/www.burespro.com\/wp-content\/uploads\/2020\/01\/380_medium.jpg","datePublished":"2020-03-10T15:45:13+00:00","dateModified":"2020-09-10T09:24:01+00:00","breadcrumb":{"@id":"https:\/\/www.burespro.com\/ca\/product\/prodeasa-bvm-2-especial-cobertes-ecologiques\/#breadcrumb"},"inLanguage":"ca","potentialAction":[{"@type":"ReadAction","target":["https:\/\/www.burespro.com\/ca\/product\/prodeasa-bvm-2-especial-cobertes-ecologiques\/"]}]},{"@type":"ImageObject","inLanguage":"ca","@id":"https:\/\/www.burespro.com\/ca\/product\/prodeasa-bvm-2-especial-cobertes-ecologiques\/#primaryimage","url":"https:\/\/www.burespro.com\/wp-content\/uploads\/2020\/01\/380_medium.jpg","contentUrl":"https:\/\/www.burespro.com\/wp-content\/uploads\/2020\/01\/380_medium.jpg","width":800,"height":600},{"@type":"BreadcrumbList","@id":"https:\/\/www.burespro.com\/ca\/product\/prodeasa-bvm-2-especial-cobertes-ecologiques\/#breadcrumb","itemListElement":[{"@type":"ListItem","position":1,"name":"Inici","item":"https:\/\/www.burespro.com\/ca\/"},{"@type":"ListItem","position":2,"name":"Productes","item":"https:\/\/www.burespro.com\/ca\/adobs-fertilitzants\/"},{"@type":"ListItem","position":3,"name":"PRODEASA BVM-2 ESPECIAL COBERTES ECOL\u00d2GIQUES"}]},{"@type":"WebSite","@id":"https:\/\/www.burespro.com\/#website","url":"https:\/\/www.burespro.com\/","name":"Bur\u00e9s Profesional","description":"Fabricants de terres, substrats de cultiu, fertilitzants i adobs org\u00e0nics","potentialAction":[{"@type":"SearchAction","target":{"@type":"EntryPoint","urlTemplate":"https:\/\/www.burespro.com\/?s={search_term_string}"},"query-input":{"@type":"PropertyValueSpecification","valueRequired":true,"valueName":"search_term_string"}}],"inLanguage":"ca"}]}},"_links":{"self":[{"href":"https:\/\/www.burespro.com\/ca\/wp-json\/wp\/v2\/product\/9340","targetHints":{"allow":["GET"]}}],"collection":[{"href":"https:\/\/www.burespro.com\/ca\/wp-json\/wp\/v2\/product"}],"about":[{"href":"https:\/\/www.burespro.com\/ca\/wp-json\/wp\/v2\/types\/product"}],"replies":[{"embeddable":true,"href":"https:\/\/www.burespro.com\/ca\/wp-json\/wp\/v2\/comments?post=9340"}],"wp:featuredmedia":[{"embeddable":true,"href":"https:\/\/www.burespro.com\/ca\/wp-json\/wp\/v2\/media\/417"}],"wp:attachment":[{"href":"https:\/\/www.burespro.com\/ca\/wp-json\/wp\/v2\/media?parent=9340"}],"wp:term":[{"taxonomy":"product_brand","embeddable":true,"href":"https:\/\/www.burespro.com\/ca\/wp-json\/wp\/v2\/product_brand?post=9340"},{"taxonomy":"product_cat","embeddable":true,"href":"https:\/\/www.burespro.com\/ca\/wp-json\/wp\/v2\/product_cat?post=9340"},{"taxonomy":"product_tag","embeddable":true,"href":"https:\/\/www.burespro.com\/ca\/wp-json\/wp\/v2\/product_tag?post=9340"},{"taxonomy":"sectores","embeddable":true,"href":"https:\/\/www.burespro.com\/ca\/wp-json\/wp\/v2\/sectores?post=9340"}],"curies":[{"name":"wp","href":"https:\/\/api.w.org\/{rel}","templated":true}]}}