{"id":9335,"date":"2020-03-10T14:34:27","date_gmt":"2020-03-10T15:45:13","guid":{"rendered":"https:\/\/burespro.neorgvirtual.com\/product\/prodeasa-bvm-1-especial-cobertes-ecologiques\/"},"modified":"2020-09-10T10:34:52","modified_gmt":"2020-09-10T08:34:52","slug":"prodeasa-bvm-1-especial-cobertes-ecologiques","status":"publish","type":"product","link":"https:\/\/www.burespro.com\/ca\/product\/prodeasa-bvm-1-especial-cobertes-ecologiques\/","title":{"rendered":"PRODEASA BVM-1 ESPECIAL COBERTES ECOL\u00d2GIQUES"},"content":{"rendered":"<p>Les noves \u00e0rees residencials, aix\u00ed com les noves infraestructures de transport, posen de manifest la necessitat de recuperar espais verds per millorar la salut del nostre entorn, aix\u00ed com el nostre benestar.<\/p>\n<p>El <strong>substrat BVM-1<\/strong> est\u00e0 formulat a partir d&#8217;humus vegetal procedent de compostatge i sorra volc\u00e0nica de granulometria 0-6 mm.<br \/>\nEl compost vegetal aporta totes les qualitats d&#8217;una esmena org\u00e0nica; la pres\u00e8ncia de la mat\u00e8ria org\u00e0nica ajuda a la retenci\u00f3 d&#8217;aigua, a m\u00e9s de mantenir l&#8217;estructura del substrat i a llarg termini, allibera nutrients en dosis petites i de manera gradual.<br \/>\nD&#8217;altra banda, del material volc\u00e0nic es destaca la seva bona ventilaci\u00f3, la in\u00e8rcia qu\u00edmica i l&#8217;estabilitat de la seva estructura.<br \/>\nA m\u00e9s, el substrat BVM-1 per a cobertes enjardinades, inclou en la seva formulaci\u00f3 un abonament de fons per facilitar l&#8217;arrelament i inici del cultiu.<\/p>\n<p><strong>Avantatges del producte:<\/strong><br \/>\n\u2022 Alta capacitat de retenci\u00f3 d&#8217;aigua.<br \/>\n\u2022 Excel\u00b7lent drenatge.<br \/>\n\u2022 Elevada porositat.<br \/>\n\u2022 Baixa densitat aparent.<br \/>\n\u2022 Alta capacitat de cobertura i formaci\u00f3 de tap\u00eds verd (reducci\u00f3 de l&#8217;aparici\u00f3 de males herbes).<\/p>\n<p>Tot el proc\u00e9s de fabricaci\u00f3, aix\u00ed com el producte final, est\u00e0 sotm\u00e8s als nostres rigorosos controls de qualitat basats en les normes ISO-9001 i 14001, amb la finalitat de garantir la satisfacci\u00f3 dels nostres clients, aix\u00ed com el respecte pel Medi Ambient a totes les nostres activitats.<\/p>\n","protected":false},"excerpt":{"rendered":"<p>Les noves \u00e0rees residencials, aix\u00ed com les noves infraestructures de transport, posen de manifest la necessitat de recuperar espais verds per millorar la salut del nostre entorn, aix\u00ed com el nostre benestar. El substrat BVM-1 est\u00e0 formulat a partir d&#8217;humus vegetal procedent de compostatge i sorra volc\u00e0nica de granulometria 0-6 mm. El compost vegetal aporta [&hellip;]<\/p>\n","protected":false},"featured_media":411,"comment_status":"closed","ping_status":"closed","template":"","meta":{"_acf_changed":false,"inline_featured_image":false},"product_brand":[],"product_cat":[180,678],"product_tag":[448,510,513,505,556,559,562,565,604,595,589,607],"sectores":[339,345,340],"class_list":{"0":"post-9335","1":"product","2":"type-product","3":"status-publish","4":"has-post-thumbnail","6":"product_cat-substrats-especials","7":"product_cat-substrats-per-a-cobertes-enjardinades","8":"product_tag-bures-profesional-ca","9":"product_tag-cobertes-vegetals","10":"product_tag-cobertes-verdes","11":"product_tag-construccio-de-jardins","12":"product_tag-jardineria-girona-ca","13":"product_tag-jardineria-professional-ca","14":"product_tag-material-de-jardineria-girona-ca","15":"product_tag-materials-de-jardineria","16":"product_tag-substrats-de-cultiu","17":"product_tag-substrats-de-jardienria","18":"product_tag-substrats-girona","19":"product_tag-substrats-professionals","20":"sectores-jardineria-professional-paisatgisme","21":"sectores-obra-civil-i-publica","22":"sectores-administracions-publiques","24":"first","25":"instock","26":"product-type-simple"},"acf":[],"yoast_head":"<!-- This site is optimized with the Yoast SEO plugin v26.7 - https:\/\/yoast.com\/wordpress\/plugins\/seo\/ -->\n<title>PRODEASA BVM-1 ESPECIAL COBERTES ECOL\u00d2GIQUES | Bur\u00e9s Profesional<\/title>\n<meta name=\"description\" content=\"Substrat PRODEASA BVM-1 especial cobertes ecol\u00f2giques ajardinades.\" \/>\n<meta name=\"robots\" content=\"index, follow, max-snippet:-1, max-image-preview:large, max-video-preview:-1\" \/>\n<link rel=\"canonical\" href=\"https:\/\/www.burespro.com\/ca\/product\/prodeasa-bvm-1-especial-cobertes-ecologiques\/\" \/>\n<meta property=\"og:locale\" content=\"ca_ES\" \/>\n<meta property=\"og:type\" content=\"article\" \/>\n<meta property=\"og:title\" content=\"PRODEASA BVM-1 ESPECIAL COBERTES ECOL\u00d2GIQUES | Bur\u00e9s Profesional\" \/>\n<meta property=\"og:description\" content=\"Substrat PRODEASA BVM-1 especial cobertes ecol\u00f2giques ajardinades.\" \/>\n<meta property=\"og:url\" content=\"https:\/\/www.burespro.com\/ca\/product\/prodeasa-bvm-1-especial-cobertes-ecologiques\/\" \/>\n<meta property=\"og:site_name\" content=\"Bur\u00e9s Profesional\" \/>\n<meta property=\"article:publisher\" content=\"https:\/\/www.facebook.com\/buresprofesionalsa\" \/>\n<meta property=\"article:modified_time\" content=\"2020-09-10T08:34:52+00:00\" \/>\n<meta property=\"og:image\" content=\"https:\/\/www.burespro.com\/wp-content\/uploads\/2020\/01\/378_medium.jpg\" \/>\n\t<meta property=\"og:image:width\" content=\"800\" \/>\n\t<meta property=\"og:image:height\" content=\"600\" \/>\n\t<meta property=\"og:image:type\" content=\"image\/jpeg\" \/>\n<meta name=\"twitter:card\" content=\"summary_large_image\" \/>\n<meta name=\"twitter:label1\" content=\"Temps estimat de lectura\" \/>\n\t<meta name=\"twitter:data1\" content=\"1 minut\" \/>\n<script type=\"application\/ld+json\" class=\"yoast-schema-graph\">{\"@context\":\"https:\/\/schema.org\",\"@graph\":[{\"@type\":\"WebPage\",\"@id\":\"https:\/\/www.burespro.com\/ca\/product\/prodeasa-bvm-1-especial-cobertes-ecologiques\/\",\"url\":\"https:\/\/www.burespro.com\/ca\/product\/prodeasa-bvm-1-especial-cobertes-ecologiques\/\",\"name\":\"PRODEASA BVM-1 ESPECIAL COBERTES ECOL\u00d2GIQUES | Bur\u00e9s Profesional\",\"isPartOf\":{\"@id\":\"https:\/\/www.burespro.com\/#website\"},\"primaryImageOfPage\":{\"@id\":\"https:\/\/www.burespro.com\/ca\/product\/prodeasa-bvm-1-especial-cobertes-ecologiques\/#primaryimage\"},\"image\":{\"@id\":\"https:\/\/www.burespro.com\/ca\/product\/prodeasa-bvm-1-especial-cobertes-ecologiques\/#primaryimage\"},\"thumbnailUrl\":\"https:\/\/www.burespro.com\/wp-content\/uploads\/2020\/01\/378_medium.jpg\",\"datePublished\":\"2020-03-10T15:45:13+00:00\",\"dateModified\":\"2020-09-10T08:34:52+00:00\",\"description\":\"Substrat PRODEASA BVM-1 especial cobertes ecol\u00f2giques ajardinades.\",\"breadcrumb\":{\"@id\":\"https:\/\/www.burespro.com\/ca\/product\/prodeasa-bvm-1-especial-cobertes-ecologiques\/#breadcrumb\"},\"inLanguage\":\"ca\",\"potentialAction\":[{\"@type\":\"ReadAction\",\"target\":[\"https:\/\/www.burespro.com\/ca\/product\/prodeasa-bvm-1-especial-cobertes-ecologiques\/\"]}]},{\"@type\":\"ImageObject\",\"inLanguage\":\"ca\",\"@id\":\"https:\/\/www.burespro.com\/ca\/product\/prodeasa-bvm-1-especial-cobertes-ecologiques\/#primaryimage\",\"url\":\"https:\/\/www.burespro.com\/wp-content\/uploads\/2020\/01\/378_medium.jpg\",\"contentUrl\":\"https:\/\/www.burespro.com\/wp-content\/uploads\/2020\/01\/378_medium.jpg\",\"width\":800,\"height\":600},{\"@type\":\"BreadcrumbList\",\"@id\":\"https:\/\/www.burespro.com\/ca\/product\/prodeasa-bvm-1-especial-cobertes-ecologiques\/#breadcrumb\",\"itemListElement\":[{\"@type\":\"ListItem\",\"position\":1,\"name\":\"Inici\",\"item\":\"https:\/\/www.burespro.com\/ca\/\"},{\"@type\":\"ListItem\",\"position\":2,\"name\":\"Productes\",\"item\":\"https:\/\/www.burespro.com\/ca\/adobs-fertilitzants\/\"},{\"@type\":\"ListItem\",\"position\":3,\"name\":\"PRODEASA BVM-1 ESPECIAL COBERTES ECOL\u00d2GIQUES\"}]},{\"@type\":\"WebSite\",\"@id\":\"https:\/\/www.burespro.com\/#website\",\"url\":\"https:\/\/www.burespro.com\/\",\"name\":\"Bur\u00e9s Profesional\",\"description\":\"Fabricants de terres, substrats de cultiu, fertilitzants i adobs org\u00e0nics\",\"potentialAction\":[{\"@type\":\"SearchAction\",\"target\":{\"@type\":\"EntryPoint\",\"urlTemplate\":\"https:\/\/www.burespro.com\/?s={search_term_string}\"},\"query-input\":{\"@type\":\"PropertyValueSpecification\",\"valueRequired\":true,\"valueName\":\"search_term_string\"}}],\"inLanguage\":\"ca\"}]}<\/script>\n<!-- \/ Yoast SEO plugin. -->","yoast_head_json":{"title":"PRODEASA BVM-1 ESPECIAL COBERTES ECOL\u00d2GIQUES | Bur\u00e9s Profesional","description":"Substrat PRODEASA BVM-1 especial cobertes ecol\u00f2giques ajardinades.","robots":{"index":"index","follow":"follow","max-snippet":"max-snippet:-1","max-image-preview":"max-image-preview:large","max-video-preview":"max-video-preview:-1"},"canonical":"https:\/\/www.burespro.com\/ca\/product\/prodeasa-bvm-1-especial-cobertes-ecologiques\/","og_locale":"ca_ES","og_type":"article","og_title":"PRODEASA BVM-1 ESPECIAL COBERTES ECOL\u00d2GIQUES | Bur\u00e9s Profesional","og_description":"Substrat PRODEASA BVM-1 especial cobertes ecol\u00f2giques ajardinades.","og_url":"https:\/\/www.burespro.com\/ca\/product\/prodeasa-bvm-1-especial-cobertes-ecologiques\/","og_site_name":"Bur\u00e9s Profesional","article_publisher":"https:\/\/www.facebook.com\/buresprofesionalsa","article_modified_time":"2020-09-10T08:34:52+00:00","og_image":[{"width":800,"height":600,"url":"https:\/\/www.burespro.com\/wp-content\/uploads\/2020\/01\/378_medium.jpg","type":"image\/jpeg"}],"twitter_card":"summary_large_image","twitter_misc":{"Temps estimat de lectura":"1 minut"},"schema":{"@context":"https:\/\/schema.org","@graph":[{"@type":"WebPage","@id":"https:\/\/www.burespro.com\/ca\/product\/prodeasa-bvm-1-especial-cobertes-ecologiques\/","url":"https:\/\/www.burespro.com\/ca\/product\/prodeasa-bvm-1-especial-cobertes-ecologiques\/","name":"PRODEASA BVM-1 ESPECIAL COBERTES ECOL\u00d2GIQUES | Bur\u00e9s Profesional","isPartOf":{"@id":"https:\/\/www.burespro.com\/#website"},"primaryImageOfPage":{"@id":"https:\/\/www.burespro.com\/ca\/product\/prodeasa-bvm-1-especial-cobertes-ecologiques\/#primaryimage"},"image":{"@id":"https:\/\/www.burespro.com\/ca\/product\/prodeasa-bvm-1-especial-cobertes-ecologiques\/#primaryimage"},"thumbnailUrl":"https:\/\/www.burespro.com\/wp-content\/uploads\/2020\/01\/378_medium.jpg","datePublished":"2020-03-10T15:45:13+00:00","dateModified":"2020-09-10T08:34:52+00:00","description":"Substrat PRODEASA BVM-1 especial cobertes ecol\u00f2giques ajardinades.","breadcrumb":{"@id":"https:\/\/www.burespro.com\/ca\/product\/prodeasa-bvm-1-especial-cobertes-ecologiques\/#breadcrumb"},"inLanguage":"ca","potentialAction":[{"@type":"ReadAction","target":["https:\/\/www.burespro.com\/ca\/product\/prodeasa-bvm-1-especial-cobertes-ecologiques\/"]}]},{"@type":"ImageObject","inLanguage":"ca","@id":"https:\/\/www.burespro.com\/ca\/product\/prodeasa-bvm-1-especial-cobertes-ecologiques\/#primaryimage","url":"https:\/\/www.burespro.com\/wp-content\/uploads\/2020\/01\/378_medium.jpg","contentUrl":"https:\/\/www.burespro.com\/wp-content\/uploads\/2020\/01\/378_medium.jpg","width":800,"height":600},{"@type":"BreadcrumbList","@id":"https:\/\/www.burespro.com\/ca\/product\/prodeasa-bvm-1-especial-cobertes-ecologiques\/#breadcrumb","itemListElement":[{"@type":"ListItem","position":1,"name":"Inici","item":"https:\/\/www.burespro.com\/ca\/"},{"@type":"ListItem","position":2,"name":"Productes","item":"https:\/\/www.burespro.com\/ca\/adobs-fertilitzants\/"},{"@type":"ListItem","position":3,"name":"PRODEASA BVM-1 ESPECIAL COBERTES ECOL\u00d2GIQUES"}]},{"@type":"WebSite","@id":"https:\/\/www.burespro.com\/#website","url":"https:\/\/www.burespro.com\/","name":"Bur\u00e9s Profesional","description":"Fabricants de terres, substrats de cultiu, fertilitzants i adobs org\u00e0nics","potentialAction":[{"@type":"SearchAction","target":{"@type":"EntryPoint","urlTemplate":"https:\/\/www.burespro.com\/?s={search_term_string}"},"query-input":{"@type":"PropertyValueSpecification","valueRequired":true,"valueName":"search_term_string"}}],"inLanguage":"ca"}]}},"_links":{"self":[{"href":"https:\/\/www.burespro.com\/ca\/wp-json\/wp\/v2\/product\/9335","targetHints":{"allow":["GET"]}}],"collection":[{"href":"https:\/\/www.burespro.com\/ca\/wp-json\/wp\/v2\/product"}],"about":[{"href":"https:\/\/www.burespro.com\/ca\/wp-json\/wp\/v2\/types\/product"}],"replies":[{"embeddable":true,"href":"https:\/\/www.burespro.com\/ca\/wp-json\/wp\/v2\/comments?post=9335"}],"wp:featuredmedia":[{"embeddable":true,"href":"https:\/\/www.burespro.com\/ca\/wp-json\/wp\/v2\/media\/411"}],"wp:attachment":[{"href":"https:\/\/www.burespro.com\/ca\/wp-json\/wp\/v2\/media?parent=9335"}],"wp:term":[{"taxonomy":"product_brand","embeddable":true,"href":"https:\/\/www.burespro.com\/ca\/wp-json\/wp\/v2\/product_brand?post=9335"},{"taxonomy":"product_cat","embeddable":true,"href":"https:\/\/www.burespro.com\/ca\/wp-json\/wp\/v2\/product_cat?post=9335"},{"taxonomy":"product_tag","embeddable":true,"href":"https:\/\/www.burespro.com\/ca\/wp-json\/wp\/v2\/product_tag?post=9335"},{"taxonomy":"sectores","embeddable":true,"href":"https:\/\/www.burespro.com\/ca\/wp-json\/wp\/v2\/sectores?post=9335"}],"curies":[{"name":"wp","href":"https:\/\/api.w.org\/{rel}","templated":true}]}}