{"id":9333,"date":"2020-03-10T14:34:27","date_gmt":"2020-03-10T15:45:13","guid":{"rendered":"https:\/\/burespro.neorgvirtual.com\/product\/plantobalt-substrat-2\/"},"modified":"2020-03-16T12:06:51","modified_gmt":"2020-03-16T12:06:51","slug":"plantobalt-substrat-2","status":"publish","type":"product","link":"https:\/\/www.burespro.com\/ca\/product\/plantobalt-substrat-2\/","title":{"rendered":"PLANTOBALT SUBSTRAT 2"},"content":{"rendered":"<p>Substrat de torba rossa  Sphagnum 100% procedent de les torberes de Lituania.  Incorpora 1&#8217;6kg adob i agents humectants per millorar la retenci\u00f3 d&#8217;aigua. Cribat per a obtenir una granulometria gruixuda apte per a planta de temporada. <\/p>\n<p>CARACTERISTIQUES:<br \/>\nEl substrat per a plantes de temporada est\u00e0 preparat per als cultius que no tenen toler\u00e0ncia a la sal. La granulometria gruixuda permet que les plantes arrelin r\u00e0pidament.<\/p>\n<p>S36267  Bala de 250L<br \/>\nS36277  Big bala de 4\u20195m\u00b3<\/p>\n<p>APLICACI\u00d3:<br \/>\nEl substrat Plantobalt Substrat 2 \u00e9s adequat pel cultiu de plantes de temporada i gerberes en contenidor de di\u00e0metre superior a 11cm. \t\t<BR><\/p>\n","protected":false},"excerpt":{"rendered":"<p>Substrat de torba rossa Sphagnum 100% procedent de les torberes de Lituania. Incorpora 1&#8217;6kg adob i agents humectants per millorar la retenci\u00f3 d&#8217;aigua. Cribat per a obtenir una granulometria gruixuda apte per a planta de temporada. CARACTERISTIQUES: El substrat per a plantes de temporada est\u00e0 preparat per als cultius que no tenen toler\u00e0ncia a la [&hellip;]<\/p>\n","protected":false},"featured_media":15293,"comment_status":"closed","ping_status":"closed","template":"","meta":{"_acf_changed":false,"inline_featured_image":false},"product_brand":[],"product_cat":[178],"product_tag":[540,580,613,610,616],"sectores":[],"class_list":{"0":"post-9333","1":"product","2":"type-product","3":"status-publish","4":"has-post-thumbnail","6":"product_cat-torbes-i-substrats-de-torba","7":"product_tag-distribucio-de-turba-espanya","8":"product_tag-plantaflor-espanya","9":"product_tag-turba-de-el-nord","10":"product_tag-turba-del-baltic","11":"product_tag-venda-de-torba","13":"first","14":"instock","15":"product-type-simple"},"acf":[],"yoast_head":"<!-- This site is optimized with the Yoast SEO plugin v26.7 - https:\/\/yoast.com\/wordpress\/plugins\/seo\/ -->\n<title>PLANTOBALT SUBSTRAT 2 | Bur\u00e9s Profesional<\/title>\n<meta name=\"robots\" content=\"index, follow, max-snippet:-1, max-image-preview:large, max-video-preview:-1\" \/>\n<link rel=\"canonical\" href=\"https:\/\/www.burespro.com\/ca\/product\/plantobalt-substrat-2\/\" \/>\n<meta property=\"og:locale\" content=\"ca_ES\" \/>\n<meta property=\"og:type\" content=\"article\" \/>\n<meta property=\"og:title\" content=\"PLANTOBALT SUBSTRAT 2 | Bur\u00e9s Profesional\" \/>\n<meta property=\"og:description\" content=\"Substrat de torba rossa Sphagnum 100% procedent de les torberes de Lituania. Incorpora 1&#8217;6kg adob i agents humectants per millorar la retenci\u00f3 d&#8217;aigua. Cribat per a obtenir una granulometria gruixuda apte per a planta de temporada. CARACTERISTIQUES: El substrat per a plantes de temporada est\u00e0 preparat per als cultius que no tenen toler\u00e0ncia a la [&hellip;]\" \/>\n<meta property=\"og:url\" content=\"https:\/\/www.burespro.com\/ca\/product\/plantobalt-substrat-2\/\" \/>\n<meta property=\"og:site_name\" content=\"Bur\u00e9s Profesional\" \/>\n<meta property=\"article:publisher\" content=\"https:\/\/www.facebook.com\/buresprofesionalsa\" \/>\n<meta property=\"article:modified_time\" content=\"2020-03-16T12:06:51+00:00\" \/>\n<meta property=\"og:image\" content=\"https:\/\/www.burespro.com\/wp-content\/uploads\/2020\/03\/Sustrato-plantobalt-0-1-2.-1200x670-1.png\" \/>\n\t<meta property=\"og:image:width\" content=\"1200\" \/>\n\t<meta property=\"og:image:height\" content=\"666\" \/>\n\t<meta property=\"og:image:type\" content=\"image\/png\" \/>\n<meta name=\"twitter:card\" content=\"summary_large_image\" \/>\n<script type=\"application\/ld+json\" class=\"yoast-schema-graph\">{\"@context\":\"https:\/\/schema.org\",\"@graph\":[{\"@type\":\"WebPage\",\"@id\":\"https:\/\/www.burespro.com\/ca\/product\/plantobalt-substrat-2\/\",\"url\":\"https:\/\/www.burespro.com\/ca\/product\/plantobalt-substrat-2\/\",\"name\":\"PLANTOBALT SUBSTRAT 2 | Bur\u00e9s Profesional\",\"isPartOf\":{\"@id\":\"https:\/\/www.burespro.com\/#website\"},\"primaryImageOfPage\":{\"@id\":\"https:\/\/www.burespro.com\/ca\/product\/plantobalt-substrat-2\/#primaryimage\"},\"image\":{\"@id\":\"https:\/\/www.burespro.com\/ca\/product\/plantobalt-substrat-2\/#primaryimage\"},\"thumbnailUrl\":\"https:\/\/www.burespro.com\/wp-content\/uploads\/2020\/03\/Sustrato-plantobalt-0-1-2.-1200x670-1.png\",\"datePublished\":\"2020-03-10T15:45:13+00:00\",\"dateModified\":\"2020-03-16T12:06:51+00:00\",\"breadcrumb\":{\"@id\":\"https:\/\/www.burespro.com\/ca\/product\/plantobalt-substrat-2\/#breadcrumb\"},\"inLanguage\":\"ca\",\"potentialAction\":[{\"@type\":\"ReadAction\",\"target\":[\"https:\/\/www.burespro.com\/ca\/product\/plantobalt-substrat-2\/\"]}]},{\"@type\":\"ImageObject\",\"inLanguage\":\"ca\",\"@id\":\"https:\/\/www.burespro.com\/ca\/product\/plantobalt-substrat-2\/#primaryimage\",\"url\":\"https:\/\/www.burespro.com\/wp-content\/uploads\/2020\/03\/Sustrato-plantobalt-0-1-2.-1200x670-1.png\",\"contentUrl\":\"https:\/\/www.burespro.com\/wp-content\/uploads\/2020\/03\/Sustrato-plantobalt-0-1-2.-1200x670-1.png\",\"width\":1200,\"height\":666},{\"@type\":\"BreadcrumbList\",\"@id\":\"https:\/\/www.burespro.com\/ca\/product\/plantobalt-substrat-2\/#breadcrumb\",\"itemListElement\":[{\"@type\":\"ListItem\",\"position\":1,\"name\":\"Inici\",\"item\":\"https:\/\/www.burespro.com\/ca\/\"},{\"@type\":\"ListItem\",\"position\":2,\"name\":\"Productes\",\"item\":\"https:\/\/www.burespro.com\/ca\/adobs-fertilitzants\/\"},{\"@type\":\"ListItem\",\"position\":3,\"name\":\"PLANTOBALT SUBSTRAT 2\"}]},{\"@type\":\"WebSite\",\"@id\":\"https:\/\/www.burespro.com\/#website\",\"url\":\"https:\/\/www.burespro.com\/\",\"name\":\"Bur\u00e9s Profesional\",\"description\":\"Fabricants de terres, substrats de cultiu, fertilitzants i adobs org\u00e0nics\",\"potentialAction\":[{\"@type\":\"SearchAction\",\"target\":{\"@type\":\"EntryPoint\",\"urlTemplate\":\"https:\/\/www.burespro.com\/?s={search_term_string}\"},\"query-input\":{\"@type\":\"PropertyValueSpecification\",\"valueRequired\":true,\"valueName\":\"search_term_string\"}}],\"inLanguage\":\"ca\"}]}<\/script>\n<!-- \/ Yoast SEO plugin. -->","yoast_head_json":{"title":"PLANTOBALT SUBSTRAT 2 | Bur\u00e9s Profesional","robots":{"index":"index","follow":"follow","max-snippet":"max-snippet:-1","max-image-preview":"max-image-preview:large","max-video-preview":"max-video-preview:-1"},"canonical":"https:\/\/www.burespro.com\/ca\/product\/plantobalt-substrat-2\/","og_locale":"ca_ES","og_type":"article","og_title":"PLANTOBALT SUBSTRAT 2 | Bur\u00e9s Profesional","og_description":"Substrat de torba rossa Sphagnum 100% procedent de les torberes de Lituania. Incorpora 1&#8217;6kg adob i agents humectants per millorar la retenci\u00f3 d&#8217;aigua. Cribat per a obtenir una granulometria gruixuda apte per a planta de temporada. CARACTERISTIQUES: El substrat per a plantes de temporada est\u00e0 preparat per als cultius que no tenen toler\u00e0ncia a la [&hellip;]","og_url":"https:\/\/www.burespro.com\/ca\/product\/plantobalt-substrat-2\/","og_site_name":"Bur\u00e9s Profesional","article_publisher":"https:\/\/www.facebook.com\/buresprofesionalsa","article_modified_time":"2020-03-16T12:06:51+00:00","og_image":[{"width":1200,"height":666,"url":"https:\/\/www.burespro.com\/wp-content\/uploads\/2020\/03\/Sustrato-plantobalt-0-1-2.-1200x670-1.png","type":"image\/png"}],"twitter_card":"summary_large_image","schema":{"@context":"https:\/\/schema.org","@graph":[{"@type":"WebPage","@id":"https:\/\/www.burespro.com\/ca\/product\/plantobalt-substrat-2\/","url":"https:\/\/www.burespro.com\/ca\/product\/plantobalt-substrat-2\/","name":"PLANTOBALT SUBSTRAT 2 | Bur\u00e9s Profesional","isPartOf":{"@id":"https:\/\/www.burespro.com\/#website"},"primaryImageOfPage":{"@id":"https:\/\/www.burespro.com\/ca\/product\/plantobalt-substrat-2\/#primaryimage"},"image":{"@id":"https:\/\/www.burespro.com\/ca\/product\/plantobalt-substrat-2\/#primaryimage"},"thumbnailUrl":"https:\/\/www.burespro.com\/wp-content\/uploads\/2020\/03\/Sustrato-plantobalt-0-1-2.-1200x670-1.png","datePublished":"2020-03-10T15:45:13+00:00","dateModified":"2020-03-16T12:06:51+00:00","breadcrumb":{"@id":"https:\/\/www.burespro.com\/ca\/product\/plantobalt-substrat-2\/#breadcrumb"},"inLanguage":"ca","potentialAction":[{"@type":"ReadAction","target":["https:\/\/www.burespro.com\/ca\/product\/plantobalt-substrat-2\/"]}]},{"@type":"ImageObject","inLanguage":"ca","@id":"https:\/\/www.burespro.com\/ca\/product\/plantobalt-substrat-2\/#primaryimage","url":"https:\/\/www.burespro.com\/wp-content\/uploads\/2020\/03\/Sustrato-plantobalt-0-1-2.-1200x670-1.png","contentUrl":"https:\/\/www.burespro.com\/wp-content\/uploads\/2020\/03\/Sustrato-plantobalt-0-1-2.-1200x670-1.png","width":1200,"height":666},{"@type":"BreadcrumbList","@id":"https:\/\/www.burespro.com\/ca\/product\/plantobalt-substrat-2\/#breadcrumb","itemListElement":[{"@type":"ListItem","position":1,"name":"Inici","item":"https:\/\/www.burespro.com\/ca\/"},{"@type":"ListItem","position":2,"name":"Productes","item":"https:\/\/www.burespro.com\/ca\/adobs-fertilitzants\/"},{"@type":"ListItem","position":3,"name":"PLANTOBALT SUBSTRAT 2"}]},{"@type":"WebSite","@id":"https:\/\/www.burespro.com\/#website","url":"https:\/\/www.burespro.com\/","name":"Bur\u00e9s Profesional","description":"Fabricants de terres, substrats de cultiu, fertilitzants i adobs org\u00e0nics","potentialAction":[{"@type":"SearchAction","target":{"@type":"EntryPoint","urlTemplate":"https:\/\/www.burespro.com\/?s={search_term_string}"},"query-input":{"@type":"PropertyValueSpecification","valueRequired":true,"valueName":"search_term_string"}}],"inLanguage":"ca"}]}},"_links":{"self":[{"href":"https:\/\/www.burespro.com\/ca\/wp-json\/wp\/v2\/product\/9333","targetHints":{"allow":["GET"]}}],"collection":[{"href":"https:\/\/www.burespro.com\/ca\/wp-json\/wp\/v2\/product"}],"about":[{"href":"https:\/\/www.burespro.com\/ca\/wp-json\/wp\/v2\/types\/product"}],"replies":[{"embeddable":true,"href":"https:\/\/www.burespro.com\/ca\/wp-json\/wp\/v2\/comments?post=9333"}],"wp:featuredmedia":[{"embeddable":true,"href":"https:\/\/www.burespro.com\/ca\/wp-json\/wp\/v2\/media\/15293"}],"wp:attachment":[{"href":"https:\/\/www.burespro.com\/ca\/wp-json\/wp\/v2\/media?parent=9333"}],"wp:term":[{"taxonomy":"product_brand","embeddable":true,"href":"https:\/\/www.burespro.com\/ca\/wp-json\/wp\/v2\/product_brand?post=9333"},{"taxonomy":"product_cat","embeddable":true,"href":"https:\/\/www.burespro.com\/ca\/wp-json\/wp\/v2\/product_cat?post=9333"},{"taxonomy":"product_tag","embeddable":true,"href":"https:\/\/www.burespro.com\/ca\/wp-json\/wp\/v2\/product_tag?post=9333"},{"taxonomy":"sectores","embeddable":true,"href":"https:\/\/www.burespro.com\/ca\/wp-json\/wp\/v2\/sectores?post=9333"}],"curies":[{"name":"wp","href":"https:\/\/api.w.org\/{rel}","templated":true}]}}