{"id":9314,"date":"2020-03-10T14:34:27","date_gmt":"2020-03-10T15:44:43","guid":{"rendered":"https:\/\/burespro.neorgvirtual.com\/product\/perlita\/"},"modified":"2020-03-16T12:06:44","modified_gmt":"2020-03-16T12:06:44","slug":"perlita","status":"publish","type":"product","link":"https:\/\/www.burespro.com\/ca\/product\/perlita\/","title":{"rendered":"PERLITA"},"content":{"rendered":"<p>Mineral de silicat expandit molt por\u00f3s. En horticultura s&#8217;utilitza per millorar la permeabilitat del terreny i per millorar la seva aireaci\u00f3. En horts hurbans s&#8217;utilitza com a complement del substrat. En jardineria tamb\u00e9 s&#8217;utilitza per a millorar les caracter\u00edstiques de retenci\u00f3 d&#8217;aire i aigua.<\/p>\n<p>CARACTER\u00cdSTIQUES:<br \/>\nLa perlita \u00e9s un material que t\u00e9 or\u00edgen en una roca volc\u00e0nica silicatada. Aquesta pedra molta es fa passar per unes flames qa alta temperatura, provocant l&#8217;explosi\u00f3 del material. El resultat d&#8217;aquest proc\u00e9s \u00e9s una pedra blanca ultralleugera, amb molt\u00edssima porositat.<\/p>\n<p>Aquesta pedra incorporada a un substrat augmenta la oxigenaci\u00f3 del s\u00f2l, alhora que augmenta la retenci\u00f3 d&#8217;aigua. La perlita \u00e9s un material inert, i t\u00e9 un pH neutre (proper a 7).<\/p>\n<p>PERLITA A-13<br \/>\nS88607  Sac 100L<br \/>\nS86609  Big-bag 1&#8217;2m\u00b3<\/p>\n<p>PERLITA B-10<br \/>\nS86606  Sac 100L<\/p>\n<p>PERLITA B-12<br \/>\nS86612  Sac 100L<\/p>\n<p>APLICACI\u00d3:<br \/>\nLa perlita es pot utilitzar en cultius d&#8217;hidroponia o mesclat en substrats de jardineria i viverisme. La utilitzaci\u00f3 de perlita no altera les propietats de la fibra de coco, la torba, o el compost.<\/p>\n<p><BR><\/p>\n","protected":false},"excerpt":{"rendered":"<p>Mineral de silicat expandit molt por\u00f3s. En horticultura s&#8217;utilitza per millorar la permeabilitat del terreny i per millorar la seva aireaci\u00f3. En horts hurbans s&#8217;utilitza com a complement del substrat. En jardineria tamb\u00e9 s&#8217;utilitza per a millorar les caracter\u00edstiques de retenci\u00f3 d&#8217;aire i aigua. CARACTER\u00cdSTIQUES: La perlita \u00e9s un material que t\u00e9 or\u00edgen en una [&hellip;]<\/p>\n","protected":false},"featured_media":216,"comment_status":"closed","ping_status":"closed","template":"","meta":{"_acf_changed":false,"inline_featured_image":false},"product_brand":[],"product_cat":[176],"product_tag":[658,639],"sectores":[337,343,418,420],"class_list":{"0":"post-9314","1":"product","2":"type-product","3":"status-publish","4":"has-post-thumbnail","6":"product_cat-complements-pel-cultiu","7":"product_tag-barreja-de-substrat","8":"product_tag-cultiu-hidroponic","9":"sectores-viverisme","10":"sectores-fructicultura-i-horticultura","11":"sectores-floricultura-ca","12":"sectores-viticultura-ca","14":"first","15":"instock","16":"product-type-simple"},"acf":[],"yoast_head":"<!-- This site is optimized with the Yoast SEO plugin v26.7 - https:\/\/yoast.com\/wordpress\/plugins\/seo\/ -->\n<title>PERLITA | Bur\u00e9s Profesional<\/title>\n<meta name=\"robots\" content=\"index, follow, max-snippet:-1, max-image-preview:large, max-video-preview:-1\" \/>\n<link rel=\"canonical\" href=\"https:\/\/www.burespro.com\/ca\/product\/perlita\/\" \/>\n<meta property=\"og:locale\" content=\"ca_ES\" \/>\n<meta property=\"og:type\" content=\"article\" \/>\n<meta property=\"og:title\" content=\"PERLITA | Bur\u00e9s Profesional\" \/>\n<meta property=\"og:description\" content=\"Mineral de silicat expandit molt por\u00f3s. En horticultura s&#8217;utilitza per millorar la permeabilitat del terreny i per millorar la seva aireaci\u00f3. En horts hurbans s&#8217;utilitza com a complement del substrat. En jardineria tamb\u00e9 s&#8217;utilitza per a millorar les caracter\u00edstiques de retenci\u00f3 d&#8217;aire i aigua. CARACTER\u00cdSTIQUES: La perlita \u00e9s un material que t\u00e9 or\u00edgen en una [&hellip;]\" \/>\n<meta property=\"og:url\" content=\"https:\/\/www.burespro.com\/ca\/product\/perlita\/\" \/>\n<meta property=\"og:site_name\" content=\"Bur\u00e9s Profesional\" \/>\n<meta property=\"article:publisher\" content=\"https:\/\/www.facebook.com\/buresprofesionalsa\" \/>\n<meta property=\"article:modified_time\" content=\"2020-03-16T12:06:44+00:00\" \/>\n<meta property=\"og:image\" content=\"https:\/\/www.burespro.com\/wp-content\/uploads\/2020\/01\/376_medium.jpg\" \/>\n\t<meta property=\"og:image:width\" content=\"800\" \/>\n\t<meta property=\"og:image:height\" content=\"600\" \/>\n\t<meta property=\"og:image:type\" content=\"image\/jpeg\" \/>\n<meta name=\"twitter:card\" content=\"summary_large_image\" \/>\n<meta name=\"twitter:label1\" content=\"Temps estimat de lectura\" \/>\n\t<meta name=\"twitter:data1\" content=\"1 minut\" \/>\n<script type=\"application\/ld+json\" class=\"yoast-schema-graph\">{\"@context\":\"https:\/\/schema.org\",\"@graph\":[{\"@type\":\"WebPage\",\"@id\":\"https:\/\/www.burespro.com\/ca\/product\/perlita\/\",\"url\":\"https:\/\/www.burespro.com\/ca\/product\/perlita\/\",\"name\":\"PERLITA | Bur\u00e9s Profesional\",\"isPartOf\":{\"@id\":\"https:\/\/www.burespro.com\/#website\"},\"primaryImageOfPage\":{\"@id\":\"https:\/\/www.burespro.com\/ca\/product\/perlita\/#primaryimage\"},\"image\":{\"@id\":\"https:\/\/www.burespro.com\/ca\/product\/perlita\/#primaryimage\"},\"thumbnailUrl\":\"https:\/\/www.burespro.com\/wp-content\/uploads\/2020\/01\/376_medium.jpg\",\"datePublished\":\"2020-03-10T15:44:43+00:00\",\"dateModified\":\"2020-03-16T12:06:44+00:00\",\"breadcrumb\":{\"@id\":\"https:\/\/www.burespro.com\/ca\/product\/perlita\/#breadcrumb\"},\"inLanguage\":\"ca\",\"potentialAction\":[{\"@type\":\"ReadAction\",\"target\":[\"https:\/\/www.burespro.com\/ca\/product\/perlita\/\"]}]},{\"@type\":\"ImageObject\",\"inLanguage\":\"ca\",\"@id\":\"https:\/\/www.burespro.com\/ca\/product\/perlita\/#primaryimage\",\"url\":\"https:\/\/www.burespro.com\/wp-content\/uploads\/2020\/01\/376_medium.jpg\",\"contentUrl\":\"https:\/\/www.burespro.com\/wp-content\/uploads\/2020\/01\/376_medium.jpg\",\"width\":800,\"height\":600},{\"@type\":\"BreadcrumbList\",\"@id\":\"https:\/\/www.burespro.com\/ca\/product\/perlita\/#breadcrumb\",\"itemListElement\":[{\"@type\":\"ListItem\",\"position\":1,\"name\":\"Inici\",\"item\":\"https:\/\/www.burespro.com\/ca\/\"},{\"@type\":\"ListItem\",\"position\":2,\"name\":\"Productes\",\"item\":\"https:\/\/www.burespro.com\/ca\/adobs-fertilitzants\/\"},{\"@type\":\"ListItem\",\"position\":3,\"name\":\"PERLITA\"}]},{\"@type\":\"WebSite\",\"@id\":\"https:\/\/www.burespro.com\/#website\",\"url\":\"https:\/\/www.burespro.com\/\",\"name\":\"Bur\u00e9s Profesional\",\"description\":\"Fabricants de terres, substrats de cultiu, fertilitzants i adobs org\u00e0nics\",\"potentialAction\":[{\"@type\":\"SearchAction\",\"target\":{\"@type\":\"EntryPoint\",\"urlTemplate\":\"https:\/\/www.burespro.com\/?s={search_term_string}\"},\"query-input\":{\"@type\":\"PropertyValueSpecification\",\"valueRequired\":true,\"valueName\":\"search_term_string\"}}],\"inLanguage\":\"ca\"}]}<\/script>\n<!-- \/ Yoast SEO plugin. -->","yoast_head_json":{"title":"PERLITA | Bur\u00e9s Profesional","robots":{"index":"index","follow":"follow","max-snippet":"max-snippet:-1","max-image-preview":"max-image-preview:large","max-video-preview":"max-video-preview:-1"},"canonical":"https:\/\/www.burespro.com\/ca\/product\/perlita\/","og_locale":"ca_ES","og_type":"article","og_title":"PERLITA | Bur\u00e9s Profesional","og_description":"Mineral de silicat expandit molt por\u00f3s. En horticultura s&#8217;utilitza per millorar la permeabilitat del terreny i per millorar la seva aireaci\u00f3. En horts hurbans s&#8217;utilitza com a complement del substrat. En jardineria tamb\u00e9 s&#8217;utilitza per a millorar les caracter\u00edstiques de retenci\u00f3 d&#8217;aire i aigua. CARACTER\u00cdSTIQUES: La perlita \u00e9s un material que t\u00e9 or\u00edgen en una [&hellip;]","og_url":"https:\/\/www.burespro.com\/ca\/product\/perlita\/","og_site_name":"Bur\u00e9s Profesional","article_publisher":"https:\/\/www.facebook.com\/buresprofesionalsa","article_modified_time":"2020-03-16T12:06:44+00:00","og_image":[{"width":800,"height":600,"url":"https:\/\/www.burespro.com\/wp-content\/uploads\/2020\/01\/376_medium.jpg","type":"image\/jpeg"}],"twitter_card":"summary_large_image","twitter_misc":{"Temps estimat de lectura":"1 minut"},"schema":{"@context":"https:\/\/schema.org","@graph":[{"@type":"WebPage","@id":"https:\/\/www.burespro.com\/ca\/product\/perlita\/","url":"https:\/\/www.burespro.com\/ca\/product\/perlita\/","name":"PERLITA | Bur\u00e9s Profesional","isPartOf":{"@id":"https:\/\/www.burespro.com\/#website"},"primaryImageOfPage":{"@id":"https:\/\/www.burespro.com\/ca\/product\/perlita\/#primaryimage"},"image":{"@id":"https:\/\/www.burespro.com\/ca\/product\/perlita\/#primaryimage"},"thumbnailUrl":"https:\/\/www.burespro.com\/wp-content\/uploads\/2020\/01\/376_medium.jpg","datePublished":"2020-03-10T15:44:43+00:00","dateModified":"2020-03-16T12:06:44+00:00","breadcrumb":{"@id":"https:\/\/www.burespro.com\/ca\/product\/perlita\/#breadcrumb"},"inLanguage":"ca","potentialAction":[{"@type":"ReadAction","target":["https:\/\/www.burespro.com\/ca\/product\/perlita\/"]}]},{"@type":"ImageObject","inLanguage":"ca","@id":"https:\/\/www.burespro.com\/ca\/product\/perlita\/#primaryimage","url":"https:\/\/www.burespro.com\/wp-content\/uploads\/2020\/01\/376_medium.jpg","contentUrl":"https:\/\/www.burespro.com\/wp-content\/uploads\/2020\/01\/376_medium.jpg","width":800,"height":600},{"@type":"BreadcrumbList","@id":"https:\/\/www.burespro.com\/ca\/product\/perlita\/#breadcrumb","itemListElement":[{"@type":"ListItem","position":1,"name":"Inici","item":"https:\/\/www.burespro.com\/ca\/"},{"@type":"ListItem","position":2,"name":"Productes","item":"https:\/\/www.burespro.com\/ca\/adobs-fertilitzants\/"},{"@type":"ListItem","position":3,"name":"PERLITA"}]},{"@type":"WebSite","@id":"https:\/\/www.burespro.com\/#website","url":"https:\/\/www.burespro.com\/","name":"Bur\u00e9s Profesional","description":"Fabricants de terres, substrats de cultiu, fertilitzants i adobs org\u00e0nics","potentialAction":[{"@type":"SearchAction","target":{"@type":"EntryPoint","urlTemplate":"https:\/\/www.burespro.com\/?s={search_term_string}"},"query-input":{"@type":"PropertyValueSpecification","valueRequired":true,"valueName":"search_term_string"}}],"inLanguage":"ca"}]}},"_links":{"self":[{"href":"https:\/\/www.burespro.com\/ca\/wp-json\/wp\/v2\/product\/9314","targetHints":{"allow":["GET"]}}],"collection":[{"href":"https:\/\/www.burespro.com\/ca\/wp-json\/wp\/v2\/product"}],"about":[{"href":"https:\/\/www.burespro.com\/ca\/wp-json\/wp\/v2\/types\/product"}],"replies":[{"embeddable":true,"href":"https:\/\/www.burespro.com\/ca\/wp-json\/wp\/v2\/comments?post=9314"}],"wp:featuredmedia":[{"embeddable":true,"href":"https:\/\/www.burespro.com\/ca\/wp-json\/wp\/v2\/media\/216"}],"wp:attachment":[{"href":"https:\/\/www.burespro.com\/ca\/wp-json\/wp\/v2\/media?parent=9314"}],"wp:term":[{"taxonomy":"product_brand","embeddable":true,"href":"https:\/\/www.burespro.com\/ca\/wp-json\/wp\/v2\/product_brand?post=9314"},{"taxonomy":"product_cat","embeddable":true,"href":"https:\/\/www.burespro.com\/ca\/wp-json\/wp\/v2\/product_cat?post=9314"},{"taxonomy":"product_tag","embeddable":true,"href":"https:\/\/www.burespro.com\/ca\/wp-json\/wp\/v2\/product_tag?post=9314"},{"taxonomy":"sectores","embeddable":true,"href":"https:\/\/www.burespro.com\/ca\/wp-json\/wp\/v2\/sectores?post=9314"}],"curies":[{"name":"wp","href":"https:\/\/api.w.org\/{rel}","templated":true}]}}