{"id":9297,"date":"2020-03-10T14:34:27","date_gmt":"2020-03-10T15:44:43","guid":{"rendered":"https:\/\/burespro.neorgvirtual.com\/product\/marro-de-cafe-esmena-organica\/"},"modified":"2020-03-16T12:06:41","modified_gmt":"2020-03-16T12:06:41","slug":"marro-de-cafe-esmena-organica","status":"publish","type":"product","link":"https:\/\/www.burespro.com\/ca\/product\/marro-de-cafe-esmena-organica\/","title":{"rendered":"MARRO DE CAF\u00c8 (ESMENA ORG\u00c0NICA)"},"content":{"rendered":"<p>El MARRO DE CAF\u00c8 \u00e9s un producte amb una important riquesa org\u00e0nica i fertilitzant, especialment indicat en el sector de l&#8217;agricultura, la fructicultura, el paisatgisme i les grans zones verdes. <br \/>\nAquest producte suposa una alternativa econ\u00f2mica i de qualitat a les esmenes org\u00e0niques actualment existents en el mercat. <\/p>\n<p>COMPOSICI\u00d3 <br \/>\nEl MARRO DE CAF\u00c8 s&#8217;obt\u00e9 de la fabricaci\u00f3 de caf\u00e8 soluble, a la fase d&#8217;extracci\u00f3 l\u00edquida de el caf\u00e8 mitjan\u00e7ant pressi\u00f3 i temperatura. <br \/>\n\u00c9s un producte 100% vegetal amb un elevat potencial de rendiment h\u00famic. <br \/>\nEl seu contingut en mat\u00e8ria org\u00e0nica d&#8217;un ordre> 99% s.m.s millora en l&#8217;estructura i en la capacitat de retenci\u00f3 d&#8217;aigua de terra, aix\u00ed com en la seva capacitat d&#8217;intercanvi cati\u00f2nic. <br \/>\nDe l&#8217;aportaci\u00f3 de MARRO DE CAF\u00c8, destaca la seva elevada fracci\u00f3 h\u00famica total (al voltant de l&#8217;22%), de la qual el 12,7% correspondrien a \u00e0cids h\u00famics. <br \/>\nEl MARRO DE CAF\u00c8, millora sensiblement la fertilitat i l&#8217;estructura de terra a qu\u00e8 s&#8217;incorpora, compactant els sorrencs i disgregant els argilosos. <br \/>\nD&#8217;altra banda, <br \/>\n\u2022 Incrementa la capacitat de retenci\u00f3 d&#8217;aigua. <br \/>\n\u2022 Activa la flora microbiana. <br \/>\n\u2022 Afavoreix l&#8217;assimilaci\u00f3 dels elements nutritius com el F\u00f2sfor i micronutrients. <br \/>\n\u2022 Millora el rendiment de l&#8217;abonat qu\u00edmic. <br \/>\n\u00c9s per aix\u00f2 que MARRO DE CAF\u00c8, arriba a les exig\u00e8ncies demandades pel registre de fertilitzants, per classificar-se com a esmena org\u00e0nica h\u00famica. <\/p>\n<p>CARACTER\u00cdSTIQUES <br \/>\nMARRO DE CAF\u00c8 s&#8217;utilitza com a esmena org\u00e0nica de terra. S&#8217;aplica barrejant-lo amb la terra en la qual est\u00e0 previst realitzar la plantaci\u00f3 o millorar la seva estructura. <\/p>\n<p>FORMAT I APLICACI\u00d3 <br \/>\nEl MARRO DE CAF\u00c8, es presenta en format granel, triturat de manera que s&#8217;obt\u00e9 un producte granulat fi i no pulverulent, la qual cosa facilita el seu transport i manipulaci\u00f3 fins i tot mitjan\u00e7ant sistemes pneum\u00e0tics. <br \/>\nPassades unes 3-5 setmanes, es pot realitzar la plantaci\u00f3 de l&#8217;cultiu. <br \/>\nEl nostre Departament T\u00e8cnic l&#8217;assessorar\u00e0 en el c\u00e0lcul de les necessitats reals de mat\u00e8ria org\u00e0nica de la seva parcel\u00b7la, aix\u00ed com en el c\u00e0lcul i realitzaci\u00f3 d&#8217;un programa d&#8217;enriquiment. <\/p>\n<p>RECOMANACIONS <br \/>\nRecomanem MARRO DE CAF\u00c8 per un nombr\u00f3s i variat tipus d&#8217;aplicacions, entre les quals podem destacar. <br \/>\n\u2022 Agricultura extensiva: cereals, farratges. <br \/>\n\u2022 Plantacions forestals, viticultura, fruiters i ornamentals. <br \/>\n\u2022 Revegetaci\u00f3 de talussos propers a vies de comunicaci\u00f3, despr\u00e9s de realitzar obres de construcci\u00f3 i recuperaci\u00f3 de terres de mala qualitat procedents de rebaixos. <br \/>\n\u2022 Restauraci\u00f3 d&#8217;espais degradats com pedreres i terrenys industrials. <br \/>\n\u2022 Per al seu \u00fas com a component de terres per a jardineria i substrats. <br \/>\n\u2022 Agricultura, horticultura, floricultura: terrenys d&#8217;explotaci\u00f3 intensiva. <br \/>\n\u2022 Descontaminaci\u00f3 de s\u00f2ls. <\/p>\n<p>MARRO DE CAF\u00c8 est\u00e0 inscrit al Registre de Fertilitzants segons Reial Decret 824\/2005 (RD506 \/ 2013), amb el n\u00fam. F0001465 \/ 2020. <\/p>\n<p>Producte utilitzable en Agricultura Ecol\u00f2gica d&#8217;acord amb el Reglament (CE) N\u00ba 834\/2007 <BR><\/p>\n","protected":false},"excerpt":{"rendered":"<p>El MARRO DE CAF\u00c8 \u00e9s un producte amb una important riquesa org\u00e0nica i fertilitzant, especialment indicat en el sector de l&#8217;agricultura, la fructicultura, el paisatgisme i les grans zones verdes. Aquest producte suposa una alternativa econ\u00f2mica i de qualitat a les esmenes org\u00e0niques actualment existents en el mercat. COMPOSICI\u00d3 El MARRO DE CAF\u00c8 s&#8217;obt\u00e9 de [&hellip;]<\/p>\n","protected":false},"featured_media":46,"comment_status":"closed","ping_status":"open","template":"","meta":{"_acf_changed":false,"inline_featured_image":false},"product_brand":[],"product_cat":[168,152],"product_tag":[],"sectores":[337,343,418,420],"class_list":{"0":"post-9297","1":"product","2":"type-product","3":"status-publish","4":"has-post-thumbnail","6":"product_cat-adobs-ecologics","7":"product_cat-materies-primeres","8":"sectores-viverisme","9":"sectores-fructicultura-i-horticultura","10":"sectores-floricultura-ca","11":"sectores-viticultura-ca","13":"first","14":"instock","15":"product-type-simple"},"acf":[],"yoast_head":"<!-- This site is optimized with the Yoast SEO plugin v26.7 - https:\/\/yoast.com\/wordpress\/plugins\/seo\/ -->\n<title>MARRO DE CAF\u00c8 (ESMENA ORG\u00c0NICA) | Bur\u00e9s Profesional<\/title>\n<meta name=\"robots\" content=\"index, follow, max-snippet:-1, max-image-preview:large, max-video-preview:-1\" \/>\n<link rel=\"canonical\" href=\"https:\/\/www.burespro.com\/ca\/product\/marro-de-cafe-esmena-organica\/\" \/>\n<meta property=\"og:locale\" content=\"ca_ES\" \/>\n<meta property=\"og:type\" content=\"article\" \/>\n<meta property=\"og:title\" content=\"MARRO DE CAF\u00c8 (ESMENA ORG\u00c0NICA) | Bur\u00e9s Profesional\" \/>\n<meta property=\"og:description\" content=\"El MARRO DE CAF\u00c8 \u00e9s un producte amb una important riquesa org\u00e0nica i fertilitzant, especialment indicat en el sector de l&#8217;agricultura, la fructicultura, el paisatgisme i les grans zones verdes. Aquest producte suposa una alternativa econ\u00f2mica i de qualitat a les esmenes org\u00e0niques actualment existents en el mercat. COMPOSICI\u00d3 El MARRO DE CAF\u00c8 s&#8217;obt\u00e9 de [&hellip;]\" \/>\n<meta property=\"og:url\" content=\"https:\/\/www.burespro.com\/ca\/product\/marro-de-cafe-esmena-organica\/\" \/>\n<meta property=\"og:site_name\" content=\"Bur\u00e9s Profesional\" \/>\n<meta property=\"article:publisher\" content=\"https:\/\/www.facebook.com\/buresprofesionalsa\" \/>\n<meta property=\"article:modified_time\" content=\"2020-03-16T12:06:41+00:00\" \/>\n<meta property=\"og:image\" content=\"https:\/\/www.burespro.com\/wp-content\/uploads\/2020\/01\/257_medium.png\" \/>\n\t<meta property=\"og:image:width\" content=\"755\" \/>\n\t<meta property=\"og:image:height\" content=\"568\" \/>\n\t<meta property=\"og:image:type\" content=\"image\/jpeg\" \/>\n<meta name=\"twitter:card\" content=\"summary_large_image\" \/>\n<meta name=\"twitter:label1\" content=\"Temps estimat de lectura\" \/>\n\t<meta name=\"twitter:data1\" content=\"2 minuts\" \/>\n<script type=\"application\/ld+json\" class=\"yoast-schema-graph\">{\"@context\":\"https:\/\/schema.org\",\"@graph\":[{\"@type\":\"WebPage\",\"@id\":\"https:\/\/www.burespro.com\/ca\/product\/marro-de-cafe-esmena-organica\/\",\"url\":\"https:\/\/www.burespro.com\/ca\/product\/marro-de-cafe-esmena-organica\/\",\"name\":\"MARRO DE CAF\u00c8 (ESMENA ORG\u00c0NICA) | Bur\u00e9s Profesional\",\"isPartOf\":{\"@id\":\"https:\/\/www.burespro.com\/#website\"},\"primaryImageOfPage\":{\"@id\":\"https:\/\/www.burespro.com\/ca\/product\/marro-de-cafe-esmena-organica\/#primaryimage\"},\"image\":{\"@id\":\"https:\/\/www.burespro.com\/ca\/product\/marro-de-cafe-esmena-organica\/#primaryimage\"},\"thumbnailUrl\":\"https:\/\/www.burespro.com\/wp-content\/uploads\/2020\/01\/257_medium.png\",\"datePublished\":\"2020-03-10T15:44:43+00:00\",\"dateModified\":\"2020-03-16T12:06:41+00:00\",\"breadcrumb\":{\"@id\":\"https:\/\/www.burespro.com\/ca\/product\/marro-de-cafe-esmena-organica\/#breadcrumb\"},\"inLanguage\":\"ca\",\"potentialAction\":[{\"@type\":\"ReadAction\",\"target\":[\"https:\/\/www.burespro.com\/ca\/product\/marro-de-cafe-esmena-organica\/\"]}]},{\"@type\":\"ImageObject\",\"inLanguage\":\"ca\",\"@id\":\"https:\/\/www.burespro.com\/ca\/product\/marro-de-cafe-esmena-organica\/#primaryimage\",\"url\":\"https:\/\/www.burespro.com\/wp-content\/uploads\/2020\/01\/257_medium.png\",\"contentUrl\":\"https:\/\/www.burespro.com\/wp-content\/uploads\/2020\/01\/257_medium.png\",\"width\":755,\"height\":568},{\"@type\":\"BreadcrumbList\",\"@id\":\"https:\/\/www.burespro.com\/ca\/product\/marro-de-cafe-esmena-organica\/#breadcrumb\",\"itemListElement\":[{\"@type\":\"ListItem\",\"position\":1,\"name\":\"Inici\",\"item\":\"https:\/\/www.burespro.com\/ca\/\"},{\"@type\":\"ListItem\",\"position\":2,\"name\":\"Productes\",\"item\":\"https:\/\/www.burespro.com\/ca\/adobs-fertilitzants\/\"},{\"@type\":\"ListItem\",\"position\":3,\"name\":\"MARRO DE CAF\u00c8 (ESMENA ORG\u00c0NICA)\"}]},{\"@type\":\"WebSite\",\"@id\":\"https:\/\/www.burespro.com\/#website\",\"url\":\"https:\/\/www.burespro.com\/\",\"name\":\"Bur\u00e9s Profesional\",\"description\":\"Fabricants de terres, substrats de cultiu, fertilitzants i adobs org\u00e0nics\",\"potentialAction\":[{\"@type\":\"SearchAction\",\"target\":{\"@type\":\"EntryPoint\",\"urlTemplate\":\"https:\/\/www.burespro.com\/?s={search_term_string}\"},\"query-input\":{\"@type\":\"PropertyValueSpecification\",\"valueRequired\":true,\"valueName\":\"search_term_string\"}}],\"inLanguage\":\"ca\"}]}<\/script>\n<!-- \/ Yoast SEO plugin. -->","yoast_head_json":{"title":"MARRO DE CAF\u00c8 (ESMENA ORG\u00c0NICA) | Bur\u00e9s Profesional","robots":{"index":"index","follow":"follow","max-snippet":"max-snippet:-1","max-image-preview":"max-image-preview:large","max-video-preview":"max-video-preview:-1"},"canonical":"https:\/\/www.burespro.com\/ca\/product\/marro-de-cafe-esmena-organica\/","og_locale":"ca_ES","og_type":"article","og_title":"MARRO DE CAF\u00c8 (ESMENA ORG\u00c0NICA) | Bur\u00e9s Profesional","og_description":"El MARRO DE CAF\u00c8 \u00e9s un producte amb una important riquesa org\u00e0nica i fertilitzant, especialment indicat en el sector de l&#8217;agricultura, la fructicultura, el paisatgisme i les grans zones verdes. Aquest producte suposa una alternativa econ\u00f2mica i de qualitat a les esmenes org\u00e0niques actualment existents en el mercat. COMPOSICI\u00d3 El MARRO DE CAF\u00c8 s&#8217;obt\u00e9 de [&hellip;]","og_url":"https:\/\/www.burespro.com\/ca\/product\/marro-de-cafe-esmena-organica\/","og_site_name":"Bur\u00e9s Profesional","article_publisher":"https:\/\/www.facebook.com\/buresprofesionalsa","article_modified_time":"2020-03-16T12:06:41+00:00","og_image":[{"width":755,"height":568,"url":"https:\/\/www.burespro.com\/wp-content\/uploads\/2020\/01\/257_medium.png","type":"image\/jpeg"}],"twitter_card":"summary_large_image","twitter_misc":{"Temps estimat de lectura":"2 minuts"},"schema":{"@context":"https:\/\/schema.org","@graph":[{"@type":"WebPage","@id":"https:\/\/www.burespro.com\/ca\/product\/marro-de-cafe-esmena-organica\/","url":"https:\/\/www.burespro.com\/ca\/product\/marro-de-cafe-esmena-organica\/","name":"MARRO DE CAF\u00c8 (ESMENA ORG\u00c0NICA) | Bur\u00e9s Profesional","isPartOf":{"@id":"https:\/\/www.burespro.com\/#website"},"primaryImageOfPage":{"@id":"https:\/\/www.burespro.com\/ca\/product\/marro-de-cafe-esmena-organica\/#primaryimage"},"image":{"@id":"https:\/\/www.burespro.com\/ca\/product\/marro-de-cafe-esmena-organica\/#primaryimage"},"thumbnailUrl":"https:\/\/www.burespro.com\/wp-content\/uploads\/2020\/01\/257_medium.png","datePublished":"2020-03-10T15:44:43+00:00","dateModified":"2020-03-16T12:06:41+00:00","breadcrumb":{"@id":"https:\/\/www.burespro.com\/ca\/product\/marro-de-cafe-esmena-organica\/#breadcrumb"},"inLanguage":"ca","potentialAction":[{"@type":"ReadAction","target":["https:\/\/www.burespro.com\/ca\/product\/marro-de-cafe-esmena-organica\/"]}]},{"@type":"ImageObject","inLanguage":"ca","@id":"https:\/\/www.burespro.com\/ca\/product\/marro-de-cafe-esmena-organica\/#primaryimage","url":"https:\/\/www.burespro.com\/wp-content\/uploads\/2020\/01\/257_medium.png","contentUrl":"https:\/\/www.burespro.com\/wp-content\/uploads\/2020\/01\/257_medium.png","width":755,"height":568},{"@type":"BreadcrumbList","@id":"https:\/\/www.burespro.com\/ca\/product\/marro-de-cafe-esmena-organica\/#breadcrumb","itemListElement":[{"@type":"ListItem","position":1,"name":"Inici","item":"https:\/\/www.burespro.com\/ca\/"},{"@type":"ListItem","position":2,"name":"Productes","item":"https:\/\/www.burespro.com\/ca\/adobs-fertilitzants\/"},{"@type":"ListItem","position":3,"name":"MARRO DE CAF\u00c8 (ESMENA ORG\u00c0NICA)"}]},{"@type":"WebSite","@id":"https:\/\/www.burespro.com\/#website","url":"https:\/\/www.burespro.com\/","name":"Bur\u00e9s Profesional","description":"Fabricants de terres, substrats de cultiu, fertilitzants i adobs org\u00e0nics","potentialAction":[{"@type":"SearchAction","target":{"@type":"EntryPoint","urlTemplate":"https:\/\/www.burespro.com\/?s={search_term_string}"},"query-input":{"@type":"PropertyValueSpecification","valueRequired":true,"valueName":"search_term_string"}}],"inLanguage":"ca"}]}},"_links":{"self":[{"href":"https:\/\/www.burespro.com\/ca\/wp-json\/wp\/v2\/product\/9297","targetHints":{"allow":["GET"]}}],"collection":[{"href":"https:\/\/www.burespro.com\/ca\/wp-json\/wp\/v2\/product"}],"about":[{"href":"https:\/\/www.burespro.com\/ca\/wp-json\/wp\/v2\/types\/product"}],"replies":[{"embeddable":true,"href":"https:\/\/www.burespro.com\/ca\/wp-json\/wp\/v2\/comments?post=9297"}],"wp:featuredmedia":[{"embeddable":true,"href":"https:\/\/www.burespro.com\/ca\/wp-json\/wp\/v2\/media\/46"}],"wp:attachment":[{"href":"https:\/\/www.burespro.com\/ca\/wp-json\/wp\/v2\/media?parent=9297"}],"wp:term":[{"taxonomy":"product_brand","embeddable":true,"href":"https:\/\/www.burespro.com\/ca\/wp-json\/wp\/v2\/product_brand?post=9297"},{"taxonomy":"product_cat","embeddable":true,"href":"https:\/\/www.burespro.com\/ca\/wp-json\/wp\/v2\/product_cat?post=9297"},{"taxonomy":"product_tag","embeddable":true,"href":"https:\/\/www.burespro.com\/ca\/wp-json\/wp\/v2\/product_tag?post=9297"},{"taxonomy":"sectores","embeddable":true,"href":"https:\/\/www.burespro.com\/ca\/wp-json\/wp\/v2\/sectores?post=9297"}],"curies":[{"name":"wp","href":"https:\/\/api.w.org\/{rel}","templated":true}]}}