{"id":9286,"date":"2020-03-10T14:34:27","date_gmt":"2020-03-10T15:44:43","guid":{"rendered":"https:\/\/burespro.neorgvirtual.com\/product\/malla-antiherba-bures\/"},"modified":"2020-03-16T12:06:37","modified_gmt":"2020-03-16T12:06:37","slug":"malla-antiherba-bures","status":"publish","type":"product","link":"https:\/\/www.burespro.com\/ca\/product\/malla-antiherba-bures\/","title":{"rendered":"MALLA ANTIHERBA BURES"},"content":{"rendered":"<p>La malla antiherba de BUR\u00c9S \u00e9s un tela porosa de polietil\u00e8 apte per col\u00b7locar al s\u00f2l. La seva flexibilitat i durabilitat la fa id\u00f2nia per jardins i hivernacles. Permet donar un acabat polit al jard\u00ed, sobretot en parterres i zones on els \u00e0rids s\u00f3n els protagonistes. Tamb\u00e9 s&#8217;utilitza en hivernacles per disminuir la compet\u00e8ncia de la flora advent\u00edcia cap al cultiu.<\/p>\n<p>La malla antiherba BUR\u00c9S es ven en rotlles de 2&#8217;10 cm d&#8217;amplada i 100 m de llargada.\t\t<BR><\/p>\n","protected":false},"excerpt":{"rendered":"<p>La malla antiherba de BUR\u00c9S \u00e9s un tela porosa de polietil\u00e8 apte per col\u00b7locar al s\u00f2l. La seva flexibilitat i durabilitat la fa id\u00f2nia per jardins i hivernacles. Permet donar un acabat polit al jard\u00ed, sobretot en parterres i zones on els \u00e0rids s\u00f3n els protagonistes. Tamb\u00e9 s&#8217;utilitza en hivernacles per disminuir la compet\u00e8ncia de [&hellip;]<\/p>\n","protected":false},"featured_media":300,"comment_status":"closed","ping_status":"closed","template":"","meta":{"_acf_changed":false,"inline_featured_image":false},"product_brand":[],"product_cat":[702,158],"product_tag":[520,523,655,568,661],"sectores":[343,339,345,340,341,342],"class_list":{"0":"post-9286","1":"product","2":"type-product","3":"status-publish","4":"has-post-thumbnail","6":"product_cat-arids-i-pedres","7":"product_cat-gespa-artificial","8":"product_tag-gespa-artificial","9":"product_tag-gespa-artificial-girona","10":"product_tag-malla-per-a-cultius","11":"product_tag-muntatge-gespa-artificial","12":"product_tag-proteccio-del-cultiu","13":"sectores-fructicultura-i-horticultura","14":"sectores-jardineria-professional-paisatgisme","15":"sectores-obra-civil-i-publica","16":"sectores-administracions-publiques","17":"sectores-terrenys-esportius-professionals","18":"sectores-centres-de-jardineria","20":"first","21":"instock","22":"product-type-simple"},"acf":[],"yoast_head":"<!-- This site is optimized with the Yoast SEO plugin v26.7 - https:\/\/yoast.com\/wordpress\/plugins\/seo\/ -->\n<title>MALLA ANTIHERBA BURES | Bur\u00e9s Profesional<\/title>\n<meta name=\"robots\" content=\"index, follow, max-snippet:-1, max-image-preview:large, max-video-preview:-1\" \/>\n<link rel=\"canonical\" href=\"https:\/\/www.burespro.com\/ca\/product\/malla-antiherba-bures\/\" \/>\n<meta property=\"og:locale\" content=\"ca_ES\" \/>\n<meta property=\"og:type\" content=\"article\" \/>\n<meta property=\"og:title\" content=\"MALLA ANTIHERBA BURES | Bur\u00e9s Profesional\" \/>\n<meta property=\"og:description\" content=\"La malla antiherba de BUR\u00c9S \u00e9s un tela porosa de polietil\u00e8 apte per col\u00b7locar al s\u00f2l. La seva flexibilitat i durabilitat la fa id\u00f2nia per jardins i hivernacles. Permet donar un acabat polit al jard\u00ed, sobretot en parterres i zones on els \u00e0rids s\u00f3n els protagonistes. Tamb\u00e9 s&#8217;utilitza en hivernacles per disminuir la compet\u00e8ncia de [&hellip;]\" \/>\n<meta property=\"og:url\" content=\"https:\/\/www.burespro.com\/ca\/product\/malla-antiherba-bures\/\" \/>\n<meta property=\"og:site_name\" content=\"Bur\u00e9s Profesional\" \/>\n<meta property=\"article:publisher\" content=\"https:\/\/www.facebook.com\/buresprofesionalsa\" \/>\n<meta property=\"article:modified_time\" content=\"2020-03-16T12:06:37+00:00\" \/>\n<meta property=\"og:image\" content=\"https:\/\/www.burespro.com\/wp-content\/uploads\/2020\/01\/374_medium.jpg\" \/>\n\t<meta property=\"og:image:width\" content=\"800\" \/>\n\t<meta property=\"og:image:height\" content=\"600\" \/>\n\t<meta property=\"og:image:type\" content=\"image\/jpeg\" \/>\n<meta name=\"twitter:card\" content=\"summary_large_image\" \/>\n<script type=\"application\/ld+json\" class=\"yoast-schema-graph\">{\"@context\":\"https:\/\/schema.org\",\"@graph\":[{\"@type\":\"WebPage\",\"@id\":\"https:\/\/www.burespro.com\/ca\/product\/malla-antiherba-bures\/\",\"url\":\"https:\/\/www.burespro.com\/ca\/product\/malla-antiherba-bures\/\",\"name\":\"MALLA ANTIHERBA BURES | Bur\u00e9s Profesional\",\"isPartOf\":{\"@id\":\"https:\/\/www.burespro.com\/#website\"},\"primaryImageOfPage\":{\"@id\":\"https:\/\/www.burespro.com\/ca\/product\/malla-antiherba-bures\/#primaryimage\"},\"image\":{\"@id\":\"https:\/\/www.burespro.com\/ca\/product\/malla-antiherba-bures\/#primaryimage\"},\"thumbnailUrl\":\"https:\/\/www.burespro.com\/wp-content\/uploads\/2020\/01\/374_medium.jpg\",\"datePublished\":\"2020-03-10T15:44:43+00:00\",\"dateModified\":\"2020-03-16T12:06:37+00:00\",\"breadcrumb\":{\"@id\":\"https:\/\/www.burespro.com\/ca\/product\/malla-antiherba-bures\/#breadcrumb\"},\"inLanguage\":\"ca\",\"potentialAction\":[{\"@type\":\"ReadAction\",\"target\":[\"https:\/\/www.burespro.com\/ca\/product\/malla-antiherba-bures\/\"]}]},{\"@type\":\"ImageObject\",\"inLanguage\":\"ca\",\"@id\":\"https:\/\/www.burespro.com\/ca\/product\/malla-antiherba-bures\/#primaryimage\",\"url\":\"https:\/\/www.burespro.com\/wp-content\/uploads\/2020\/01\/374_medium.jpg\",\"contentUrl\":\"https:\/\/www.burespro.com\/wp-content\/uploads\/2020\/01\/374_medium.jpg\",\"width\":800,\"height\":600},{\"@type\":\"BreadcrumbList\",\"@id\":\"https:\/\/www.burespro.com\/ca\/product\/malla-antiherba-bures\/#breadcrumb\",\"itemListElement\":[{\"@type\":\"ListItem\",\"position\":1,\"name\":\"Inici\",\"item\":\"https:\/\/www.burespro.com\/ca\/\"},{\"@type\":\"ListItem\",\"position\":2,\"name\":\"Productes\",\"item\":\"https:\/\/www.burespro.com\/ca\/adobs-fertilitzants\/\"},{\"@type\":\"ListItem\",\"position\":3,\"name\":\"MALLA ANTIHERBA BURES\"}]},{\"@type\":\"WebSite\",\"@id\":\"https:\/\/www.burespro.com\/#website\",\"url\":\"https:\/\/www.burespro.com\/\",\"name\":\"Bur\u00e9s Profesional\",\"description\":\"Fabricants de terres, substrats de cultiu, fertilitzants i adobs org\u00e0nics\",\"potentialAction\":[{\"@type\":\"SearchAction\",\"target\":{\"@type\":\"EntryPoint\",\"urlTemplate\":\"https:\/\/www.burespro.com\/?s={search_term_string}\"},\"query-input\":{\"@type\":\"PropertyValueSpecification\",\"valueRequired\":true,\"valueName\":\"search_term_string\"}}],\"inLanguage\":\"ca\"}]}<\/script>\n<!-- \/ Yoast SEO plugin. -->","yoast_head_json":{"title":"MALLA ANTIHERBA BURES | Bur\u00e9s Profesional","robots":{"index":"index","follow":"follow","max-snippet":"max-snippet:-1","max-image-preview":"max-image-preview:large","max-video-preview":"max-video-preview:-1"},"canonical":"https:\/\/www.burespro.com\/ca\/product\/malla-antiherba-bures\/","og_locale":"ca_ES","og_type":"article","og_title":"MALLA ANTIHERBA BURES | Bur\u00e9s Profesional","og_description":"La malla antiherba de BUR\u00c9S \u00e9s un tela porosa de polietil\u00e8 apte per col\u00b7locar al s\u00f2l. La seva flexibilitat i durabilitat la fa id\u00f2nia per jardins i hivernacles. Permet donar un acabat polit al jard\u00ed, sobretot en parterres i zones on els \u00e0rids s\u00f3n els protagonistes. Tamb\u00e9 s&#8217;utilitza en hivernacles per disminuir la compet\u00e8ncia de [&hellip;]","og_url":"https:\/\/www.burespro.com\/ca\/product\/malla-antiherba-bures\/","og_site_name":"Bur\u00e9s Profesional","article_publisher":"https:\/\/www.facebook.com\/buresprofesionalsa","article_modified_time":"2020-03-16T12:06:37+00:00","og_image":[{"width":800,"height":600,"url":"https:\/\/www.burespro.com\/wp-content\/uploads\/2020\/01\/374_medium.jpg","type":"image\/jpeg"}],"twitter_card":"summary_large_image","schema":{"@context":"https:\/\/schema.org","@graph":[{"@type":"WebPage","@id":"https:\/\/www.burespro.com\/ca\/product\/malla-antiherba-bures\/","url":"https:\/\/www.burespro.com\/ca\/product\/malla-antiherba-bures\/","name":"MALLA ANTIHERBA BURES | Bur\u00e9s Profesional","isPartOf":{"@id":"https:\/\/www.burespro.com\/#website"},"primaryImageOfPage":{"@id":"https:\/\/www.burespro.com\/ca\/product\/malla-antiherba-bures\/#primaryimage"},"image":{"@id":"https:\/\/www.burespro.com\/ca\/product\/malla-antiherba-bures\/#primaryimage"},"thumbnailUrl":"https:\/\/www.burespro.com\/wp-content\/uploads\/2020\/01\/374_medium.jpg","datePublished":"2020-03-10T15:44:43+00:00","dateModified":"2020-03-16T12:06:37+00:00","breadcrumb":{"@id":"https:\/\/www.burespro.com\/ca\/product\/malla-antiherba-bures\/#breadcrumb"},"inLanguage":"ca","potentialAction":[{"@type":"ReadAction","target":["https:\/\/www.burespro.com\/ca\/product\/malla-antiherba-bures\/"]}]},{"@type":"ImageObject","inLanguage":"ca","@id":"https:\/\/www.burespro.com\/ca\/product\/malla-antiherba-bures\/#primaryimage","url":"https:\/\/www.burespro.com\/wp-content\/uploads\/2020\/01\/374_medium.jpg","contentUrl":"https:\/\/www.burespro.com\/wp-content\/uploads\/2020\/01\/374_medium.jpg","width":800,"height":600},{"@type":"BreadcrumbList","@id":"https:\/\/www.burespro.com\/ca\/product\/malla-antiherba-bures\/#breadcrumb","itemListElement":[{"@type":"ListItem","position":1,"name":"Inici","item":"https:\/\/www.burespro.com\/ca\/"},{"@type":"ListItem","position":2,"name":"Productes","item":"https:\/\/www.burespro.com\/ca\/adobs-fertilitzants\/"},{"@type":"ListItem","position":3,"name":"MALLA ANTIHERBA BURES"}]},{"@type":"WebSite","@id":"https:\/\/www.burespro.com\/#website","url":"https:\/\/www.burespro.com\/","name":"Bur\u00e9s Profesional","description":"Fabricants de terres, substrats de cultiu, fertilitzants i adobs org\u00e0nics","potentialAction":[{"@type":"SearchAction","target":{"@type":"EntryPoint","urlTemplate":"https:\/\/www.burespro.com\/?s={search_term_string}"},"query-input":{"@type":"PropertyValueSpecification","valueRequired":true,"valueName":"search_term_string"}}],"inLanguage":"ca"}]}},"_links":{"self":[{"href":"https:\/\/www.burespro.com\/ca\/wp-json\/wp\/v2\/product\/9286","targetHints":{"allow":["GET"]}}],"collection":[{"href":"https:\/\/www.burespro.com\/ca\/wp-json\/wp\/v2\/product"}],"about":[{"href":"https:\/\/www.burespro.com\/ca\/wp-json\/wp\/v2\/types\/product"}],"replies":[{"embeddable":true,"href":"https:\/\/www.burespro.com\/ca\/wp-json\/wp\/v2\/comments?post=9286"}],"wp:featuredmedia":[{"embeddable":true,"href":"https:\/\/www.burespro.com\/ca\/wp-json\/wp\/v2\/media\/300"}],"wp:attachment":[{"href":"https:\/\/www.burespro.com\/ca\/wp-json\/wp\/v2\/media?parent=9286"}],"wp:term":[{"taxonomy":"product_brand","embeddable":true,"href":"https:\/\/www.burespro.com\/ca\/wp-json\/wp\/v2\/product_brand?post=9286"},{"taxonomy":"product_cat","embeddable":true,"href":"https:\/\/www.burespro.com\/ca\/wp-json\/wp\/v2\/product_cat?post=9286"},{"taxonomy":"product_tag","embeddable":true,"href":"https:\/\/www.burespro.com\/ca\/wp-json\/wp\/v2\/product_tag?post=9286"},{"taxonomy":"sectores","embeddable":true,"href":"https:\/\/www.burespro.com\/ca\/wp-json\/wp\/v2\/sectores?post=9286"}],"curies":[{"name":"wp","href":"https:\/\/api.w.org\/{rel}","templated":true}]}}