{"id":9283,"date":"2020-03-10T14:34:12","date_gmt":"2020-03-10T15:44:32","guid":{"rendered":"https:\/\/burespro.neorgvirtual.com\/product\/kelamix-fe-elite\/"},"modified":"2020-12-16T08:51:12","modified_gmt":"2020-12-16T07:51:12","slug":"kelamix-elite","status":"publish","type":"product","link":"https:\/\/www.burespro.com\/ca\/product\/kelamix-elite\/","title":{"rendered":"KELAMIX Elite"},"content":{"rendered":"<div class=\"tlid-input input\">\n<div class=\"source-wrap\">\n<div class=\"input-full-height-wrapper tlid-input-full-height-wrapper\">\n<div class=\"source-input\">\n<div class=\"source-footer-wrap source-or-target-footer\">\n<div class=\"character-count tlid-character-count\"><\/div>\n<div class=\"source-footer\">\n<div class=\"speech-wrap source-or-target-footer-button left-positioned\">\n<div id=\"gt-speech\" class=\"speech-button goog-toolbar-button\" tabindex=\"0\" role=\"button\" aria-label=\"Activar la entrada de voz\" data-tooltip-align=\"t,c\" aria-pressed=\"false\" aria-disabled=\"false\" data-tooltip=\"Activar la entrada de voz\">KELAMIX ELITE \u00e9s un quelat de ferro 6% Fe-EDDHA, microgranilado i totalment soluble en aigua. Cont\u00e9 4,8% de ferro al is\u00f3metro orto-orto, que \u00e9s la forma m\u00e9s efectiva i disponible per a les plantes.<\/div>\n<\/div>\n<\/div>\n<\/div>\n<\/div>\n<\/div>\n<\/div>\n<\/div>\n<div class=\"tlid-results-container results-container\">\n<div class=\"tlid-result result-dict-wrapper\">\n<div class=\"result tlid-copy-target\">\n<div class=\"text-wrap tlid-copy-target\">\n<div class=\"result-shield-container tlid-copy-target\" tabindex=\"0\"><span class=\"tlid-translation translation\" lang=\"ca\"><br \/>\nLa seva extrema puresa i alta solubilitat permeten obtenir produccions d&#8217;alta qualitat i un immillorable rendiment. La seva alta solubilitat assegura la penetraci\u00f3 a terra fins a la zona radicular de forma r\u00e0pida i efectiva, garantint la uniformitat de tractaments.<\/span><\/div>\n<\/div>\n<\/div>\n<\/div>\n<\/div>\n","protected":false},"excerpt":{"rendered":"<p>KELAMIX ELITE \u00e9s un quelat de ferro 6% Fe-EDDHA, microgranilado i totalment soluble en aigua. Cont\u00e9 4,8% de ferro al is\u00f3metro orto-orto, que \u00e9s la forma m\u00e9s efectiva i disponible per a les plantes. La seva extrema puresa i alta solubilitat permeten obtenir produccions d&#8217;alta qualitat i un immillorable rendiment. La seva alta solubilitat assegura [&hellip;]<\/p>\n","protected":false},"featured_media":15429,"comment_status":"closed","ping_status":"closed","template":"","meta":{"_acf_changed":false,"inline_featured_image":false},"product_brand":[],"product_cat":[175],"product_tag":[],"sectores":[337,343,418,420,339,342],"class_list":{"0":"post-9283","1":"product","2":"type-product","3":"status-publish","4":"has-post-thumbnail","6":"product_cat-correctors-de-carencies","7":"sectores-viverisme","8":"sectores-fructicultura-i-horticultura","9":"sectores-floricultura-ca","10":"sectores-viticultura-ca","11":"sectores-jardineria-professional-paisatgisme","12":"sectores-centres-de-jardineria","14":"first","15":"instock","16":"product-type-simple"},"acf":[],"yoast_head":"<!-- This site is optimized with the Yoast SEO plugin v26.7 - https:\/\/yoast.com\/wordpress\/plugins\/seo\/ -->\n<title>KELAMIX Elite | Bur\u00e9s Profesional<\/title>\n<meta name=\"robots\" content=\"index, follow, max-snippet:-1, max-image-preview:large, max-video-preview:-1\" \/>\n<link rel=\"canonical\" href=\"https:\/\/www.burespro.com\/ca\/product\/kelamix-elite\/\" \/>\n<meta property=\"og:locale\" content=\"ca_ES\" \/>\n<meta property=\"og:type\" content=\"article\" \/>\n<meta property=\"og:title\" content=\"KELAMIX Elite | Bur\u00e9s Profesional\" \/>\n<meta property=\"og:description\" content=\"KELAMIX ELITE \u00e9s un quelat de ferro 6% Fe-EDDHA, microgranilado i totalment soluble en aigua. Cont\u00e9 4,8% de ferro al is\u00f3metro orto-orto, que \u00e9s la forma m\u00e9s efectiva i disponible per a les plantes. La seva extrema puresa i alta solubilitat permeten obtenir produccions d&#8217;alta qualitat i un immillorable rendiment. La seva alta solubilitat assegura [&hellip;]\" \/>\n<meta property=\"og:url\" content=\"https:\/\/www.burespro.com\/ca\/product\/kelamix-elite\/\" \/>\n<meta property=\"og:site_name\" content=\"Bur\u00e9s Profesional\" \/>\n<meta property=\"article:publisher\" content=\"https:\/\/www.facebook.com\/buresprofesionalsa\" \/>\n<meta property=\"article:modified_time\" content=\"2020-12-16T07:51:12+00:00\" \/>\n<meta property=\"og:image\" content=\"https:\/\/www.burespro.com\/wp-content\/uploads\/2020\/03\/KELAMIX-Fe.png\" \/>\n\t<meta property=\"og:image:width\" content=\"1200\" \/>\n\t<meta property=\"og:image:height\" content=\"666\" \/>\n\t<meta property=\"og:image:type\" content=\"image\/png\" \/>\n<meta name=\"twitter:card\" content=\"summary_large_image\" \/>\n<script type=\"application\/ld+json\" class=\"yoast-schema-graph\">{\"@context\":\"https:\/\/schema.org\",\"@graph\":[{\"@type\":\"WebPage\",\"@id\":\"https:\/\/www.burespro.com\/ca\/product\/kelamix-elite\/\",\"url\":\"https:\/\/www.burespro.com\/ca\/product\/kelamix-elite\/\",\"name\":\"KELAMIX Elite | Bur\u00e9s Profesional\",\"isPartOf\":{\"@id\":\"https:\/\/www.burespro.com\/#website\"},\"primaryImageOfPage\":{\"@id\":\"https:\/\/www.burespro.com\/ca\/product\/kelamix-elite\/#primaryimage\"},\"image\":{\"@id\":\"https:\/\/www.burespro.com\/ca\/product\/kelamix-elite\/#primaryimage\"},\"thumbnailUrl\":\"https:\/\/www.burespro.com\/wp-content\/uploads\/2020\/03\/KELAMIX-Fe.png\",\"datePublished\":\"2020-03-10T15:44:32+00:00\",\"dateModified\":\"2020-12-16T07:51:12+00:00\",\"breadcrumb\":{\"@id\":\"https:\/\/www.burespro.com\/ca\/product\/kelamix-elite\/#breadcrumb\"},\"inLanguage\":\"ca\",\"potentialAction\":[{\"@type\":\"ReadAction\",\"target\":[\"https:\/\/www.burespro.com\/ca\/product\/kelamix-elite\/\"]}]},{\"@type\":\"ImageObject\",\"inLanguage\":\"ca\",\"@id\":\"https:\/\/www.burespro.com\/ca\/product\/kelamix-elite\/#primaryimage\",\"url\":\"https:\/\/www.burespro.com\/wp-content\/uploads\/2020\/03\/KELAMIX-Fe.png\",\"contentUrl\":\"https:\/\/www.burespro.com\/wp-content\/uploads\/2020\/03\/KELAMIX-Fe.png\",\"width\":1200,\"height\":666},{\"@type\":\"BreadcrumbList\",\"@id\":\"https:\/\/www.burespro.com\/ca\/product\/kelamix-elite\/#breadcrumb\",\"itemListElement\":[{\"@type\":\"ListItem\",\"position\":1,\"name\":\"Inici\",\"item\":\"https:\/\/www.burespro.com\/ca\/\"},{\"@type\":\"ListItem\",\"position\":2,\"name\":\"Productes\",\"item\":\"https:\/\/www.burespro.com\/ca\/adobs-fertilitzants\/\"},{\"@type\":\"ListItem\",\"position\":3,\"name\":\"KELAMIX Elite\"}]},{\"@type\":\"WebSite\",\"@id\":\"https:\/\/www.burespro.com\/#website\",\"url\":\"https:\/\/www.burespro.com\/\",\"name\":\"Bur\u00e9s Profesional\",\"description\":\"Fabricants de terres, substrats de cultiu, fertilitzants i adobs org\u00e0nics\",\"potentialAction\":[{\"@type\":\"SearchAction\",\"target\":{\"@type\":\"EntryPoint\",\"urlTemplate\":\"https:\/\/www.burespro.com\/?s={search_term_string}\"},\"query-input\":{\"@type\":\"PropertyValueSpecification\",\"valueRequired\":true,\"valueName\":\"search_term_string\"}}],\"inLanguage\":\"ca\"}]}<\/script>\n<!-- \/ Yoast SEO plugin. -->","yoast_head_json":{"title":"KELAMIX Elite | Bur\u00e9s Profesional","robots":{"index":"index","follow":"follow","max-snippet":"max-snippet:-1","max-image-preview":"max-image-preview:large","max-video-preview":"max-video-preview:-1"},"canonical":"https:\/\/www.burespro.com\/ca\/product\/kelamix-elite\/","og_locale":"ca_ES","og_type":"article","og_title":"KELAMIX Elite | Bur\u00e9s Profesional","og_description":"KELAMIX ELITE \u00e9s un quelat de ferro 6% Fe-EDDHA, microgranilado i totalment soluble en aigua. Cont\u00e9 4,8% de ferro al is\u00f3metro orto-orto, que \u00e9s la forma m\u00e9s efectiva i disponible per a les plantes. La seva extrema puresa i alta solubilitat permeten obtenir produccions d&#8217;alta qualitat i un immillorable rendiment. La seva alta solubilitat assegura [&hellip;]","og_url":"https:\/\/www.burespro.com\/ca\/product\/kelamix-elite\/","og_site_name":"Bur\u00e9s Profesional","article_publisher":"https:\/\/www.facebook.com\/buresprofesionalsa","article_modified_time":"2020-12-16T07:51:12+00:00","og_image":[{"width":1200,"height":666,"url":"https:\/\/www.burespro.com\/wp-content\/uploads\/2020\/03\/KELAMIX-Fe.png","type":"image\/png"}],"twitter_card":"summary_large_image","schema":{"@context":"https:\/\/schema.org","@graph":[{"@type":"WebPage","@id":"https:\/\/www.burespro.com\/ca\/product\/kelamix-elite\/","url":"https:\/\/www.burespro.com\/ca\/product\/kelamix-elite\/","name":"KELAMIX Elite | Bur\u00e9s Profesional","isPartOf":{"@id":"https:\/\/www.burespro.com\/#website"},"primaryImageOfPage":{"@id":"https:\/\/www.burespro.com\/ca\/product\/kelamix-elite\/#primaryimage"},"image":{"@id":"https:\/\/www.burespro.com\/ca\/product\/kelamix-elite\/#primaryimage"},"thumbnailUrl":"https:\/\/www.burespro.com\/wp-content\/uploads\/2020\/03\/KELAMIX-Fe.png","datePublished":"2020-03-10T15:44:32+00:00","dateModified":"2020-12-16T07:51:12+00:00","breadcrumb":{"@id":"https:\/\/www.burespro.com\/ca\/product\/kelamix-elite\/#breadcrumb"},"inLanguage":"ca","potentialAction":[{"@type":"ReadAction","target":["https:\/\/www.burespro.com\/ca\/product\/kelamix-elite\/"]}]},{"@type":"ImageObject","inLanguage":"ca","@id":"https:\/\/www.burespro.com\/ca\/product\/kelamix-elite\/#primaryimage","url":"https:\/\/www.burespro.com\/wp-content\/uploads\/2020\/03\/KELAMIX-Fe.png","contentUrl":"https:\/\/www.burespro.com\/wp-content\/uploads\/2020\/03\/KELAMIX-Fe.png","width":1200,"height":666},{"@type":"BreadcrumbList","@id":"https:\/\/www.burespro.com\/ca\/product\/kelamix-elite\/#breadcrumb","itemListElement":[{"@type":"ListItem","position":1,"name":"Inici","item":"https:\/\/www.burespro.com\/ca\/"},{"@type":"ListItem","position":2,"name":"Productes","item":"https:\/\/www.burespro.com\/ca\/adobs-fertilitzants\/"},{"@type":"ListItem","position":3,"name":"KELAMIX Elite"}]},{"@type":"WebSite","@id":"https:\/\/www.burespro.com\/#website","url":"https:\/\/www.burespro.com\/","name":"Bur\u00e9s Profesional","description":"Fabricants de terres, substrats de cultiu, fertilitzants i adobs org\u00e0nics","potentialAction":[{"@type":"SearchAction","target":{"@type":"EntryPoint","urlTemplate":"https:\/\/www.burespro.com\/?s={search_term_string}"},"query-input":{"@type":"PropertyValueSpecification","valueRequired":true,"valueName":"search_term_string"}}],"inLanguage":"ca"}]}},"_links":{"self":[{"href":"https:\/\/www.burespro.com\/ca\/wp-json\/wp\/v2\/product\/9283","targetHints":{"allow":["GET"]}}],"collection":[{"href":"https:\/\/www.burespro.com\/ca\/wp-json\/wp\/v2\/product"}],"about":[{"href":"https:\/\/www.burespro.com\/ca\/wp-json\/wp\/v2\/types\/product"}],"replies":[{"embeddable":true,"href":"https:\/\/www.burespro.com\/ca\/wp-json\/wp\/v2\/comments?post=9283"}],"wp:featuredmedia":[{"embeddable":true,"href":"https:\/\/www.burespro.com\/ca\/wp-json\/wp\/v2\/media\/15429"}],"wp:attachment":[{"href":"https:\/\/www.burespro.com\/ca\/wp-json\/wp\/v2\/media?parent=9283"}],"wp:term":[{"taxonomy":"product_brand","embeddable":true,"href":"https:\/\/www.burespro.com\/ca\/wp-json\/wp\/v2\/product_brand?post=9283"},{"taxonomy":"product_cat","embeddable":true,"href":"https:\/\/www.burespro.com\/ca\/wp-json\/wp\/v2\/product_cat?post=9283"},{"taxonomy":"product_tag","embeddable":true,"href":"https:\/\/www.burespro.com\/ca\/wp-json\/wp\/v2\/product_tag?post=9283"},{"taxonomy":"sectores","embeddable":true,"href":"https:\/\/www.burespro.com\/ca\/wp-json\/wp\/v2\/sectores?post=9283"}],"curies":[{"name":"wp","href":"https:\/\/api.w.org\/{rel}","templated":true}]}}