{"id":9252,"date":"2020-03-10T14:34:12","date_gmt":"2020-03-10T15:44:23","guid":{"rendered":"https:\/\/burespro.neorgvirtual.com\/product\/forton\/"},"modified":"2020-03-16T12:06:25","modified_gmt":"2020-03-16T12:06:25","slug":"forton","status":"publish","type":"product","link":"https:\/\/www.burespro.com\/ca\/product\/forton\/","title":{"rendered":"FORTON"},"content":{"rendered":"<p>Forton \u00e9s un adob org\u00e0nic NPK 2,0-2,1-2,5, procedent \u00fanicament del compostatge vegetal  i de fems de bov\u00ed. Aporta una gran riquesa en macronutrients principals com el f\u00f2sfor (P) i el potassi (K) i micronutrients. El seu origen org\u00e0nic millora les propietats ed\u00e0fiques, donant porositat als s\u00f2ls argilosos i disgregant els s\u00f2ls arenosos.<\/p>\n<p>CARACTER\u00cdSTIQUES:<br \/>\nEn tractar-se d&#8217;un compost org\u00e0nic procedent de mat\u00e8ria animal, adquireix una alta riquesa en \u00e0cids h\u00famics i f\u00falvics.<br \/>\nL&#8217;aplicaci\u00f3 de mat\u00e8ria org\u00e0nica afavoreix l&#8217;intercanvi cati\u00f2nic, per tant, l&#8217;assimilaci\u00f3 de nutrients per part de la planta.<br \/>\nLa seva alta concentraci\u00f3 en f\u00f2sfor (P) i potassi (K) proporciona a la planta una facilitat de creixement natural. Aquests elements participen en molts processos cel\u00b7lulars dels vegetals, i actuen en la descomposici\u00f3 de la mat\u00e8ria org\u00e0nica del s\u00f2l.<\/p>\n<p>APLICACI\u00d3:<br \/>\nEl producte es pot aplicar com a abonat de fons o de cobertura per a tot tipus de cultius hort\u00edcoles, fruiters i vinya. Tamb\u00e9 pot aplicar-se de forma localitzada en cultius llenyosos.<\/p>\n<p>PRESENTACI\u00d3:<br \/>\nAmb els seus formats pols i pellet, es pot aplicar de diverses formes. El format pols permet realitzar una escombrada amb tractor, i el seu format pellet permet l&#8217;aplicaci\u00f3 localitzada.<\/p>\n<p>Forton \u00e9s un fertilitzant inscrit al Registre de Productes Fertilitzants amb el n\u00famero d&#8217;expedient F0002996 \/ 2027, segons el Reial Decret 506\/2013 de productes fertilitzants.<\/p>\n<p>Distribu\u00efdors a tot Espanya.\t\t<BR><\/p>\n","protected":false},"excerpt":{"rendered":"<p>Forton \u00e9s un adob org\u00e0nic NPK 2,0-2,1-2,5, procedent \u00fanicament del compostatge vegetal i de fems de bov\u00ed. Aporta una gran riquesa en macronutrients principals com el f\u00f2sfor (P) i el potassi (K) i micronutrients. El seu origen org\u00e0nic millora les propietats ed\u00e0fiques, donant porositat als s\u00f2ls argilosos i disgregant els s\u00f2ls arenosos. CARACTER\u00cdSTIQUES: En tractar-se [&hellip;]<\/p>\n","protected":false},"featured_media":15374,"comment_status":"closed","ping_status":"closed","template":"","meta":{"_acf_changed":false,"inline_featured_image":false},"product_brand":[],"product_cat":[167],"product_tag":[442,622,445,448,550],"sectores":[337,343,418,420],"class_list":{"0":"post-9252","1":"product","2":"type-product","3":"status-publish","4":"has-post-thumbnail","6":"product_cat-adobs-organics","7":"product_tag-abotrans-ca","8":"product_tag-agricultura-ca","9":"product_tag-biorcamp-ca","10":"product_tag-bures-profesional-ca","11":"product_tag-fertilitzants-per-a-agricultura","12":"sectores-viverisme","13":"sectores-fructicultura-i-horticultura","14":"sectores-floricultura-ca","15":"sectores-viticultura-ca","17":"first","18":"instock","19":"product-type-simple"},"acf":[],"yoast_head":"<!-- This site is optimized with the Yoast SEO plugin v26.7 - https:\/\/yoast.com\/wordpress\/plugins\/seo\/ -->\n<title>FORTON | Bur\u00e9s Profesional<\/title>\n<meta name=\"robots\" content=\"index, follow, max-snippet:-1, max-image-preview:large, max-video-preview:-1\" \/>\n<link rel=\"canonical\" href=\"https:\/\/www.burespro.com\/ca\/product\/forton\/\" \/>\n<meta property=\"og:locale\" content=\"ca_ES\" \/>\n<meta property=\"og:type\" content=\"article\" \/>\n<meta property=\"og:title\" content=\"FORTON | Bur\u00e9s Profesional\" \/>\n<meta property=\"og:description\" content=\"Forton \u00e9s un adob org\u00e0nic NPK 2,0-2,1-2,5, procedent \u00fanicament del compostatge vegetal i de fems de bov\u00ed. Aporta una gran riquesa en macronutrients principals com el f\u00f2sfor (P) i el potassi (K) i micronutrients. El seu origen org\u00e0nic millora les propietats ed\u00e0fiques, donant porositat als s\u00f2ls argilosos i disgregant els s\u00f2ls arenosos. CARACTER\u00cdSTIQUES: En tractar-se [&hellip;]\" \/>\n<meta property=\"og:url\" content=\"https:\/\/www.burespro.com\/ca\/product\/forton\/\" \/>\n<meta property=\"og:site_name\" content=\"Bur\u00e9s Profesional\" \/>\n<meta property=\"article:publisher\" content=\"https:\/\/www.facebook.com\/buresprofesionalsa\" \/>\n<meta property=\"article:modified_time\" content=\"2020-03-16T12:06:25+00:00\" \/>\n<meta property=\"og:image\" content=\"https:\/\/www.burespro.com\/wp-content\/uploads\/2020\/03\/FORTON.png\" \/>\n\t<meta property=\"og:image:width\" content=\"1200\" \/>\n\t<meta property=\"og:image:height\" content=\"666\" \/>\n\t<meta property=\"og:image:type\" content=\"image\/png\" \/>\n<meta name=\"twitter:card\" content=\"summary_large_image\" \/>\n<meta name=\"twitter:label1\" content=\"Temps estimat de lectura\" \/>\n\t<meta name=\"twitter:data1\" content=\"1 minut\" \/>\n<script type=\"application\/ld+json\" class=\"yoast-schema-graph\">{\"@context\":\"https:\/\/schema.org\",\"@graph\":[{\"@type\":\"WebPage\",\"@id\":\"https:\/\/www.burespro.com\/ca\/product\/forton\/\",\"url\":\"https:\/\/www.burespro.com\/ca\/product\/forton\/\",\"name\":\"FORTON | Bur\u00e9s Profesional\",\"isPartOf\":{\"@id\":\"https:\/\/www.burespro.com\/#website\"},\"primaryImageOfPage\":{\"@id\":\"https:\/\/www.burespro.com\/ca\/product\/forton\/#primaryimage\"},\"image\":{\"@id\":\"https:\/\/www.burespro.com\/ca\/product\/forton\/#primaryimage\"},\"thumbnailUrl\":\"https:\/\/www.burespro.com\/wp-content\/uploads\/2020\/03\/FORTON.png\",\"datePublished\":\"2020-03-10T15:44:23+00:00\",\"dateModified\":\"2020-03-16T12:06:25+00:00\",\"breadcrumb\":{\"@id\":\"https:\/\/www.burespro.com\/ca\/product\/forton\/#breadcrumb\"},\"inLanguage\":\"ca\",\"potentialAction\":[{\"@type\":\"ReadAction\",\"target\":[\"https:\/\/www.burespro.com\/ca\/product\/forton\/\"]}]},{\"@type\":\"ImageObject\",\"inLanguage\":\"ca\",\"@id\":\"https:\/\/www.burespro.com\/ca\/product\/forton\/#primaryimage\",\"url\":\"https:\/\/www.burespro.com\/wp-content\/uploads\/2020\/03\/FORTON.png\",\"contentUrl\":\"https:\/\/www.burespro.com\/wp-content\/uploads\/2020\/03\/FORTON.png\",\"width\":1200,\"height\":666},{\"@type\":\"BreadcrumbList\",\"@id\":\"https:\/\/www.burespro.com\/ca\/product\/forton\/#breadcrumb\",\"itemListElement\":[{\"@type\":\"ListItem\",\"position\":1,\"name\":\"Inici\",\"item\":\"https:\/\/www.burespro.com\/ca\/\"},{\"@type\":\"ListItem\",\"position\":2,\"name\":\"Productes\",\"item\":\"https:\/\/www.burespro.com\/ca\/adobs-fertilitzants\/\"},{\"@type\":\"ListItem\",\"position\":3,\"name\":\"FORTON\"}]},{\"@type\":\"WebSite\",\"@id\":\"https:\/\/www.burespro.com\/#website\",\"url\":\"https:\/\/www.burespro.com\/\",\"name\":\"Bur\u00e9s Profesional\",\"description\":\"Fabricants de terres, substrats de cultiu, fertilitzants i adobs org\u00e0nics\",\"potentialAction\":[{\"@type\":\"SearchAction\",\"target\":{\"@type\":\"EntryPoint\",\"urlTemplate\":\"https:\/\/www.burespro.com\/?s={search_term_string}\"},\"query-input\":{\"@type\":\"PropertyValueSpecification\",\"valueRequired\":true,\"valueName\":\"search_term_string\"}}],\"inLanguage\":\"ca\"}]}<\/script>\n<!-- \/ Yoast SEO plugin. -->","yoast_head_json":{"title":"FORTON | Bur\u00e9s Profesional","robots":{"index":"index","follow":"follow","max-snippet":"max-snippet:-1","max-image-preview":"max-image-preview:large","max-video-preview":"max-video-preview:-1"},"canonical":"https:\/\/www.burespro.com\/ca\/product\/forton\/","og_locale":"ca_ES","og_type":"article","og_title":"FORTON | Bur\u00e9s Profesional","og_description":"Forton \u00e9s un adob org\u00e0nic NPK 2,0-2,1-2,5, procedent \u00fanicament del compostatge vegetal i de fems de bov\u00ed. Aporta una gran riquesa en macronutrients principals com el f\u00f2sfor (P) i el potassi (K) i micronutrients. El seu origen org\u00e0nic millora les propietats ed\u00e0fiques, donant porositat als s\u00f2ls argilosos i disgregant els s\u00f2ls arenosos. CARACTER\u00cdSTIQUES: En tractar-se [&hellip;]","og_url":"https:\/\/www.burespro.com\/ca\/product\/forton\/","og_site_name":"Bur\u00e9s Profesional","article_publisher":"https:\/\/www.facebook.com\/buresprofesionalsa","article_modified_time":"2020-03-16T12:06:25+00:00","og_image":[{"width":1200,"height":666,"url":"https:\/\/www.burespro.com\/wp-content\/uploads\/2020\/03\/FORTON.png","type":"image\/png"}],"twitter_card":"summary_large_image","twitter_misc":{"Temps estimat de lectura":"1 minut"},"schema":{"@context":"https:\/\/schema.org","@graph":[{"@type":"WebPage","@id":"https:\/\/www.burespro.com\/ca\/product\/forton\/","url":"https:\/\/www.burespro.com\/ca\/product\/forton\/","name":"FORTON | Bur\u00e9s Profesional","isPartOf":{"@id":"https:\/\/www.burespro.com\/#website"},"primaryImageOfPage":{"@id":"https:\/\/www.burespro.com\/ca\/product\/forton\/#primaryimage"},"image":{"@id":"https:\/\/www.burespro.com\/ca\/product\/forton\/#primaryimage"},"thumbnailUrl":"https:\/\/www.burespro.com\/wp-content\/uploads\/2020\/03\/FORTON.png","datePublished":"2020-03-10T15:44:23+00:00","dateModified":"2020-03-16T12:06:25+00:00","breadcrumb":{"@id":"https:\/\/www.burespro.com\/ca\/product\/forton\/#breadcrumb"},"inLanguage":"ca","potentialAction":[{"@type":"ReadAction","target":["https:\/\/www.burespro.com\/ca\/product\/forton\/"]}]},{"@type":"ImageObject","inLanguage":"ca","@id":"https:\/\/www.burespro.com\/ca\/product\/forton\/#primaryimage","url":"https:\/\/www.burespro.com\/wp-content\/uploads\/2020\/03\/FORTON.png","contentUrl":"https:\/\/www.burespro.com\/wp-content\/uploads\/2020\/03\/FORTON.png","width":1200,"height":666},{"@type":"BreadcrumbList","@id":"https:\/\/www.burespro.com\/ca\/product\/forton\/#breadcrumb","itemListElement":[{"@type":"ListItem","position":1,"name":"Inici","item":"https:\/\/www.burespro.com\/ca\/"},{"@type":"ListItem","position":2,"name":"Productes","item":"https:\/\/www.burespro.com\/ca\/adobs-fertilitzants\/"},{"@type":"ListItem","position":3,"name":"FORTON"}]},{"@type":"WebSite","@id":"https:\/\/www.burespro.com\/#website","url":"https:\/\/www.burespro.com\/","name":"Bur\u00e9s Profesional","description":"Fabricants de terres, substrats de cultiu, fertilitzants i adobs org\u00e0nics","potentialAction":[{"@type":"SearchAction","target":{"@type":"EntryPoint","urlTemplate":"https:\/\/www.burespro.com\/?s={search_term_string}"},"query-input":{"@type":"PropertyValueSpecification","valueRequired":true,"valueName":"search_term_string"}}],"inLanguage":"ca"}]}},"_links":{"self":[{"href":"https:\/\/www.burespro.com\/ca\/wp-json\/wp\/v2\/product\/9252","targetHints":{"allow":["GET"]}}],"collection":[{"href":"https:\/\/www.burespro.com\/ca\/wp-json\/wp\/v2\/product"}],"about":[{"href":"https:\/\/www.burespro.com\/ca\/wp-json\/wp\/v2\/types\/product"}],"replies":[{"embeddable":true,"href":"https:\/\/www.burespro.com\/ca\/wp-json\/wp\/v2\/comments?post=9252"}],"wp:featuredmedia":[{"embeddable":true,"href":"https:\/\/www.burespro.com\/ca\/wp-json\/wp\/v2\/media\/15374"}],"wp:attachment":[{"href":"https:\/\/www.burespro.com\/ca\/wp-json\/wp\/v2\/media?parent=9252"}],"wp:term":[{"taxonomy":"product_brand","embeddable":true,"href":"https:\/\/www.burespro.com\/ca\/wp-json\/wp\/v2\/product_brand?post=9252"},{"taxonomy":"product_cat","embeddable":true,"href":"https:\/\/www.burespro.com\/ca\/wp-json\/wp\/v2\/product_cat?post=9252"},{"taxonomy":"product_tag","embeddable":true,"href":"https:\/\/www.burespro.com\/ca\/wp-json\/wp\/v2\/product_tag?post=9252"},{"taxonomy":"sectores","embeddable":true,"href":"https:\/\/www.burespro.com\/ca\/wp-json\/wp\/v2\/sectores?post=9252"}],"curies":[{"name":"wp","href":"https:\/\/api.w.org\/{rel}","templated":true}]}}