{"id":9242,"date":"2020-03-10T14:32:59","date_gmt":"2020-03-10T15:43:45","guid":{"rendered":"https:\/\/burespro.neorgvirtual.com\/product\/fertigreen-resistent\/"},"modified":"2020-05-22T11:26:26","modified_gmt":"2020-05-22T09:26:26","slug":"fertigreen-resistent","status":"publish","type":"product","link":"https:\/\/www.burespro.com\/ca\/product\/fertigreen-resistent\/","title":{"rendered":"FERTIGREEN RESISTENT"},"content":{"rendered":"<p><strong>FertiGreen <\/strong>pertany a la gamma d&#8217;abonaments per a jardineria, paisatgisme i per a tot tipus de gespes de BUR\u00c9S PROFESSIONAL.<\/p>\n<p>Totes les plantes, siguin del tipus que siguin, necessiten les aportacions correctes de nitrogen, f\u00f2sfor i potassi, aix\u00ed com altres microelements. La manca de nutrients o una proporci\u00f3 equivocada poden provocar un deteriorament de la gespa. <strong>FertiGreen<\/strong> \u00e9s ideal per a parcs i jardins, \u00e0rees verdes, jardins p\u00fablics i plantes en contenidor &#8230;<br \/>\nEls abonaments d&#8217;alliberament lent <strong>FertiGreen<\/strong> estan formulats en base d&#8217;urea-metil\u00e8 i UFFLEX \u2122, un inhibidor de la nitrificaci\u00f3 amb urea. La fertilitzaci\u00f3 racional contribueix a la conservaci\u00f3 del medi ambient, evitant la contaminaci\u00f3 del s\u00f2l. <strong>FertiGreen <\/strong>optimitza el flux de nutrients, desprenent en la mesura adequada, evitant les p\u00e8rdues excessives per rentat, lixiviat o per descomposici\u00f3.<br \/>\nCom a norma general les \u00e0rees verdes necessiten una aportaci\u00f3 de NPK amb una relaci\u00f3 3-1-2.<\/p>\n","protected":false},"excerpt":{"rendered":"<p>FertiGreen pertany a la gamma d&#8217;abonaments per a jardineria, paisatgisme i per a tot tipus de gespes de BUR\u00c9S PROFESSIONAL. Totes les plantes, siguin del tipus que siguin, necessiten les aportacions correctes de nitrogen, f\u00f2sfor i potassi, aix\u00ed com altres microelements. La manca de nutrients o una proporci\u00f3 equivocada poden provocar un deteriorament de la [&hellip;]<\/p>\n","protected":false},"featured_media":15314,"comment_status":"closed","ping_status":"closed","template":"","meta":{"_acf_changed":false,"inline_featured_image":false},"product_brand":[],"product_cat":[163],"product_tag":[],"sectores":[337,339,340,341],"class_list":{"0":"post-9242","1":"product","2":"type-product","3":"status-publish","4":"has-post-thumbnail","6":"product_cat-adobs-minerals","7":"sectores-viverisme","8":"sectores-jardineria-professional-paisatgisme","9":"sectores-administracions-publiques","10":"sectores-terrenys-esportius-professionals","12":"first","13":"instock","14":"product-type-simple"},"acf":[],"yoast_head":"<!-- This site is optimized with the Yoast SEO plugin v26.7 - https:\/\/yoast.com\/wordpress\/plugins\/seo\/ -->\n<title>FERTIGREEN RESISTENT | Bur\u00e9s Profesional<\/title>\n<meta name=\"robots\" content=\"index, follow, max-snippet:-1, max-image-preview:large, max-video-preview:-1\" \/>\n<link rel=\"canonical\" href=\"https:\/\/www.burespro.com\/ca\/product\/fertigreen-resistent\/\" \/>\n<meta property=\"og:locale\" content=\"ca_ES\" \/>\n<meta property=\"og:type\" content=\"article\" \/>\n<meta property=\"og:title\" content=\"FERTIGREEN RESISTENT | Bur\u00e9s Profesional\" \/>\n<meta property=\"og:description\" content=\"FertiGreen pertany a la gamma d&#8217;abonaments per a jardineria, paisatgisme i per a tot tipus de gespes de BUR\u00c9S PROFESSIONAL. Totes les plantes, siguin del tipus que siguin, necessiten les aportacions correctes de nitrogen, f\u00f2sfor i potassi, aix\u00ed com altres microelements. La manca de nutrients o una proporci\u00f3 equivocada poden provocar un deteriorament de la [&hellip;]\" \/>\n<meta property=\"og:url\" content=\"https:\/\/www.burespro.com\/ca\/product\/fertigreen-resistent\/\" \/>\n<meta property=\"og:site_name\" content=\"Bur\u00e9s Profesional\" \/>\n<meta property=\"article:publisher\" content=\"https:\/\/www.facebook.com\/buresprofesionalsa\" \/>\n<meta property=\"article:modified_time\" content=\"2020-05-22T09:26:26+00:00\" \/>\n<meta property=\"og:image\" content=\"https:\/\/www.burespro.com\/wp-content\/uploads\/2020\/03\/fertigreen.1200x670.png\" \/>\n\t<meta property=\"og:image:width\" content=\"1200\" \/>\n\t<meta property=\"og:image:height\" content=\"666\" \/>\n\t<meta property=\"og:image:type\" content=\"image\/png\" \/>\n<meta name=\"twitter:card\" content=\"summary_large_image\" \/>\n<meta name=\"twitter:label1\" content=\"Temps estimat de lectura\" \/>\n\t<meta name=\"twitter:data1\" content=\"1 minut\" \/>\n<script type=\"application\/ld+json\" class=\"yoast-schema-graph\">{\"@context\":\"https:\/\/schema.org\",\"@graph\":[{\"@type\":\"WebPage\",\"@id\":\"https:\/\/www.burespro.com\/ca\/product\/fertigreen-resistent\/\",\"url\":\"https:\/\/www.burespro.com\/ca\/product\/fertigreen-resistent\/\",\"name\":\"FERTIGREEN RESISTENT | Bur\u00e9s Profesional\",\"isPartOf\":{\"@id\":\"https:\/\/www.burespro.com\/#website\"},\"primaryImageOfPage\":{\"@id\":\"https:\/\/www.burespro.com\/ca\/product\/fertigreen-resistent\/#primaryimage\"},\"image\":{\"@id\":\"https:\/\/www.burespro.com\/ca\/product\/fertigreen-resistent\/#primaryimage\"},\"thumbnailUrl\":\"https:\/\/www.burespro.com\/wp-content\/uploads\/2020\/03\/fertigreen.1200x670.png\",\"datePublished\":\"2020-03-10T15:43:45+00:00\",\"dateModified\":\"2020-05-22T09:26:26+00:00\",\"breadcrumb\":{\"@id\":\"https:\/\/www.burespro.com\/ca\/product\/fertigreen-resistent\/#breadcrumb\"},\"inLanguage\":\"ca\",\"potentialAction\":[{\"@type\":\"ReadAction\",\"target\":[\"https:\/\/www.burespro.com\/ca\/product\/fertigreen-resistent\/\"]}]},{\"@type\":\"ImageObject\",\"inLanguage\":\"ca\",\"@id\":\"https:\/\/www.burespro.com\/ca\/product\/fertigreen-resistent\/#primaryimage\",\"url\":\"https:\/\/www.burespro.com\/wp-content\/uploads\/2020\/03\/fertigreen.1200x670.png\",\"contentUrl\":\"https:\/\/www.burespro.com\/wp-content\/uploads\/2020\/03\/fertigreen.1200x670.png\",\"width\":1200,\"height\":666,\"caption\":\"FertiGreen\"},{\"@type\":\"BreadcrumbList\",\"@id\":\"https:\/\/www.burespro.com\/ca\/product\/fertigreen-resistent\/#breadcrumb\",\"itemListElement\":[{\"@type\":\"ListItem\",\"position\":1,\"name\":\"Inici\",\"item\":\"https:\/\/www.burespro.com\/ca\/\"},{\"@type\":\"ListItem\",\"position\":2,\"name\":\"Productes\",\"item\":\"https:\/\/www.burespro.com\/ca\/adobs-fertilitzants\/\"},{\"@type\":\"ListItem\",\"position\":3,\"name\":\"FERTIGREEN RESISTENT\"}]},{\"@type\":\"WebSite\",\"@id\":\"https:\/\/www.burespro.com\/#website\",\"url\":\"https:\/\/www.burespro.com\/\",\"name\":\"Bur\u00e9s Profesional\",\"description\":\"Fabricants de terres, substrats de cultiu, fertilitzants i adobs org\u00e0nics\",\"potentialAction\":[{\"@type\":\"SearchAction\",\"target\":{\"@type\":\"EntryPoint\",\"urlTemplate\":\"https:\/\/www.burespro.com\/?s={search_term_string}\"},\"query-input\":{\"@type\":\"PropertyValueSpecification\",\"valueRequired\":true,\"valueName\":\"search_term_string\"}}],\"inLanguage\":\"ca\"}]}<\/script>\n<!-- \/ Yoast SEO plugin. -->","yoast_head_json":{"title":"FERTIGREEN RESISTENT | Bur\u00e9s Profesional","robots":{"index":"index","follow":"follow","max-snippet":"max-snippet:-1","max-image-preview":"max-image-preview:large","max-video-preview":"max-video-preview:-1"},"canonical":"https:\/\/www.burespro.com\/ca\/product\/fertigreen-resistent\/","og_locale":"ca_ES","og_type":"article","og_title":"FERTIGREEN RESISTENT | Bur\u00e9s Profesional","og_description":"FertiGreen pertany a la gamma d&#8217;abonaments per a jardineria, paisatgisme i per a tot tipus de gespes de BUR\u00c9S PROFESSIONAL. Totes les plantes, siguin del tipus que siguin, necessiten les aportacions correctes de nitrogen, f\u00f2sfor i potassi, aix\u00ed com altres microelements. La manca de nutrients o una proporci\u00f3 equivocada poden provocar un deteriorament de la [&hellip;]","og_url":"https:\/\/www.burespro.com\/ca\/product\/fertigreen-resistent\/","og_site_name":"Bur\u00e9s Profesional","article_publisher":"https:\/\/www.facebook.com\/buresprofesionalsa","article_modified_time":"2020-05-22T09:26:26+00:00","og_image":[{"width":1200,"height":666,"url":"https:\/\/www.burespro.com\/wp-content\/uploads\/2020\/03\/fertigreen.1200x670.png","type":"image\/png"}],"twitter_card":"summary_large_image","twitter_misc":{"Temps estimat de lectura":"1 minut"},"schema":{"@context":"https:\/\/schema.org","@graph":[{"@type":"WebPage","@id":"https:\/\/www.burespro.com\/ca\/product\/fertigreen-resistent\/","url":"https:\/\/www.burespro.com\/ca\/product\/fertigreen-resistent\/","name":"FERTIGREEN RESISTENT | Bur\u00e9s Profesional","isPartOf":{"@id":"https:\/\/www.burespro.com\/#website"},"primaryImageOfPage":{"@id":"https:\/\/www.burespro.com\/ca\/product\/fertigreen-resistent\/#primaryimage"},"image":{"@id":"https:\/\/www.burespro.com\/ca\/product\/fertigreen-resistent\/#primaryimage"},"thumbnailUrl":"https:\/\/www.burespro.com\/wp-content\/uploads\/2020\/03\/fertigreen.1200x670.png","datePublished":"2020-03-10T15:43:45+00:00","dateModified":"2020-05-22T09:26:26+00:00","breadcrumb":{"@id":"https:\/\/www.burespro.com\/ca\/product\/fertigreen-resistent\/#breadcrumb"},"inLanguage":"ca","potentialAction":[{"@type":"ReadAction","target":["https:\/\/www.burespro.com\/ca\/product\/fertigreen-resistent\/"]}]},{"@type":"ImageObject","inLanguage":"ca","@id":"https:\/\/www.burespro.com\/ca\/product\/fertigreen-resistent\/#primaryimage","url":"https:\/\/www.burespro.com\/wp-content\/uploads\/2020\/03\/fertigreen.1200x670.png","contentUrl":"https:\/\/www.burespro.com\/wp-content\/uploads\/2020\/03\/fertigreen.1200x670.png","width":1200,"height":666,"caption":"FertiGreen"},{"@type":"BreadcrumbList","@id":"https:\/\/www.burespro.com\/ca\/product\/fertigreen-resistent\/#breadcrumb","itemListElement":[{"@type":"ListItem","position":1,"name":"Inici","item":"https:\/\/www.burespro.com\/ca\/"},{"@type":"ListItem","position":2,"name":"Productes","item":"https:\/\/www.burespro.com\/ca\/adobs-fertilitzants\/"},{"@type":"ListItem","position":3,"name":"FERTIGREEN RESISTENT"}]},{"@type":"WebSite","@id":"https:\/\/www.burespro.com\/#website","url":"https:\/\/www.burespro.com\/","name":"Bur\u00e9s Profesional","description":"Fabricants de terres, substrats de cultiu, fertilitzants i adobs org\u00e0nics","potentialAction":[{"@type":"SearchAction","target":{"@type":"EntryPoint","urlTemplate":"https:\/\/www.burespro.com\/?s={search_term_string}"},"query-input":{"@type":"PropertyValueSpecification","valueRequired":true,"valueName":"search_term_string"}}],"inLanguage":"ca"}]}},"_links":{"self":[{"href":"https:\/\/www.burespro.com\/ca\/wp-json\/wp\/v2\/product\/9242","targetHints":{"allow":["GET"]}}],"collection":[{"href":"https:\/\/www.burespro.com\/ca\/wp-json\/wp\/v2\/product"}],"about":[{"href":"https:\/\/www.burespro.com\/ca\/wp-json\/wp\/v2\/types\/product"}],"replies":[{"embeddable":true,"href":"https:\/\/www.burespro.com\/ca\/wp-json\/wp\/v2\/comments?post=9242"}],"wp:featuredmedia":[{"embeddable":true,"href":"https:\/\/www.burespro.com\/ca\/wp-json\/wp\/v2\/media\/15314"}],"wp:attachment":[{"href":"https:\/\/www.burespro.com\/ca\/wp-json\/wp\/v2\/media?parent=9242"}],"wp:term":[{"taxonomy":"product_brand","embeddable":true,"href":"https:\/\/www.burespro.com\/ca\/wp-json\/wp\/v2\/product_brand?post=9242"},{"taxonomy":"product_cat","embeddable":true,"href":"https:\/\/www.burespro.com\/ca\/wp-json\/wp\/v2\/product_cat?post=9242"},{"taxonomy":"product_tag","embeddable":true,"href":"https:\/\/www.burespro.com\/ca\/wp-json\/wp\/v2\/product_tag?post=9242"},{"taxonomy":"sectores","embeddable":true,"href":"https:\/\/www.burespro.com\/ca\/wp-json\/wp\/v2\/sectores?post=9242"}],"curies":[{"name":"wp","href":"https:\/\/api.w.org\/{rel}","templated":true}]}}