{"id":9220,"date":"2020-03-10T14:32:59","date_gmt":"2020-03-10T15:43:45","guid":{"rendered":"https:\/\/burespro.neorgvirtual.com\/product\/escorca-de-pi-de-decoracio\/"},"modified":"2020-08-13T09:18:38","modified_gmt":"2020-08-13T07:18:38","slug":"escorca-de-pi-de-decoracio","status":"publish","type":"product","link":"https:\/\/www.burespro.com\/ca\/product\/escorca-de-pi-de-decoracio\/","title":{"rendered":"ESCOR\u00c7A DE PI DE DECORACI\u00d3"},"content":{"rendered":"<p><strong>Escor\u00e7a de Pi de Decoraci\u00f3<\/strong>, producte 100% natural. Calibrat en diferents granulometries.<\/p>\n<p>Els Cubresuelos de Bur\u00e9s s\u00f3n productes que provoquen un vincle emocional amb la natura. Les diferents combinacions de formes, textures, colors i aromes d&#8217;aquests materials ofereixen calidesa i harmonia en la seva aplicaci\u00f3 en jardins i jardineres. Els Cubresuelos s\u00f3n productes org\u00e0nics, 100% naturals, adequats per a la millora de les condicions de cultiu en jardins, testos i jardineres. La seva aplicaci\u00f3 afavoreix l&#8217;estalvi d&#8217;aigua de reg evitant la seva p\u00e8rdua en superf\u00edcie, regula la temperatura de terra i disminueix l&#8217;emerg\u00e8ncia de males herbes. Les caracter\u00edstiques d&#8217;aquests materials els fan aptes per a ser utilitzats en zones de pas: mulching transitable.<\/p>\n","protected":false},"excerpt":{"rendered":"<p>Escor\u00e7a de Pi de Decoraci\u00f3, producte 100% natural. Calibrat en diferents granulometries. Els Cubresuelos de Bur\u00e9s s\u00f3n productes que provoquen un vincle emocional amb la natura. Les diferents combinacions de formes, textures, colors i aromes d&#8217;aquests materials ofereixen calidesa i harmonia en la seva aplicaci\u00f3 en jardins i jardineres. Els Cubresuelos s\u00f3n productes org\u00e0nics, 100% [&hellip;]<\/p>\n","protected":false},"featured_media":15155,"comment_status":"closed","ping_status":"closed","template":"","meta":{"_acf_changed":false,"inline_featured_image":false},"product_brand":[],"product_cat":[706,169],"product_tag":[628,505,526,532,619,556,559,562,565,571],"sectores":[339,345,340,342],"class_list":{"0":"post-9220","1":"product","2":"type-product","3":"status-publish","4":"has-post-thumbnail","6":"product_cat-encoixinats-mulching","7":"product_cat-decoracio-pel-jardi","8":"product_tag-cobresols","9":"product_tag-construccio-de-jardins","10":"product_tag-decoracio-de-jardins-ca","11":"product_tag-decoratius-organics","12":"product_tag-encoixinats-naturals","13":"product_tag-jardineria-girona-ca","14":"product_tag-jardineria-professional-ca","15":"product_tag-material-de-jardineria-girona-ca","16":"product_tag-materials-de-jardineria","17":"product_tag-mulching-ca","18":"sectores-jardineria-professional-paisatgisme","19":"sectores-obra-civil-i-publica","20":"sectores-administracions-publiques","21":"sectores-centres-de-jardineria","23":"first","24":"instock","25":"product-type-simple"},"acf":[],"yoast_head":"<!-- This site is optimized with the Yoast SEO plugin v26.7 - https:\/\/yoast.com\/wordpress\/plugins\/seo\/ -->\n<title>ESCOR\u00c7A DE PI DE DECORACI\u00d3 | Bur\u00e9s Profesional<\/title>\n<meta name=\"robots\" content=\"index, follow, max-snippet:-1, max-image-preview:large, max-video-preview:-1\" \/>\n<link rel=\"canonical\" href=\"https:\/\/www.burespro.com\/ca\/product\/escorca-de-pi-de-decoracio\/\" \/>\n<meta property=\"og:locale\" content=\"ca_ES\" \/>\n<meta property=\"og:type\" content=\"article\" \/>\n<meta property=\"og:title\" content=\"ESCOR\u00c7A DE PI DE DECORACI\u00d3 | Bur\u00e9s Profesional\" \/>\n<meta property=\"og:description\" content=\"Escor\u00e7a de Pi de Decoraci\u00f3, producte 100% natural. Calibrat en diferents granulometries. Els Cubresuelos de Bur\u00e9s s\u00f3n productes que provoquen un vincle emocional amb la natura. Les diferents combinacions de formes, textures, colors i aromes d&#8217;aquests materials ofereixen calidesa i harmonia en la seva aplicaci\u00f3 en jardins i jardineres. Els Cubresuelos s\u00f3n productes org\u00e0nics, 100% [&hellip;]\" \/>\n<meta property=\"og:url\" content=\"https:\/\/www.burespro.com\/ca\/product\/escorca-de-pi-de-decoracio\/\" \/>\n<meta property=\"og:site_name\" content=\"Bur\u00e9s Profesional\" \/>\n<meta property=\"article:publisher\" content=\"https:\/\/www.facebook.com\/buresprofesionalsa\" \/>\n<meta property=\"article:modified_time\" content=\"2020-08-13T07:18:38+00:00\" \/>\n<meta property=\"og:image\" content=\"https:\/\/www.burespro.com\/wp-content\/uploads\/2020\/03\/corteza-de-pino-decoracion.jpg\" \/>\n\t<meta property=\"og:image:width\" content=\"1200\" \/>\n\t<meta property=\"og:image:height\" content=\"804\" \/>\n\t<meta property=\"og:image:type\" content=\"image\/jpeg\" \/>\n<meta name=\"twitter:card\" content=\"summary_large_image\" \/>\n<meta name=\"twitter:label1\" content=\"Temps estimat de lectura\" \/>\n\t<meta name=\"twitter:data1\" content=\"1 minut\" \/>\n<script type=\"application\/ld+json\" class=\"yoast-schema-graph\">{\"@context\":\"https:\/\/schema.org\",\"@graph\":[{\"@type\":\"WebPage\",\"@id\":\"https:\/\/www.burespro.com\/ca\/product\/escorca-de-pi-de-decoracio\/\",\"url\":\"https:\/\/www.burespro.com\/ca\/product\/escorca-de-pi-de-decoracio\/\",\"name\":\"ESCOR\u00c7A DE PI DE DECORACI\u00d3 | Bur\u00e9s Profesional\",\"isPartOf\":{\"@id\":\"https:\/\/www.burespro.com\/#website\"},\"primaryImageOfPage\":{\"@id\":\"https:\/\/www.burespro.com\/ca\/product\/escorca-de-pi-de-decoracio\/#primaryimage\"},\"image\":{\"@id\":\"https:\/\/www.burespro.com\/ca\/product\/escorca-de-pi-de-decoracio\/#primaryimage\"},\"thumbnailUrl\":\"https:\/\/www.burespro.com\/wp-content\/uploads\/2020\/03\/corteza-de-pino-decoracion.jpg\",\"datePublished\":\"2020-03-10T15:43:45+00:00\",\"dateModified\":\"2020-08-13T07:18:38+00:00\",\"breadcrumb\":{\"@id\":\"https:\/\/www.burespro.com\/ca\/product\/escorca-de-pi-de-decoracio\/#breadcrumb\"},\"inLanguage\":\"ca\",\"potentialAction\":[{\"@type\":\"ReadAction\",\"target\":[\"https:\/\/www.burespro.com\/ca\/product\/escorca-de-pi-de-decoracio\/\"]}]},{\"@type\":\"ImageObject\",\"inLanguage\":\"ca\",\"@id\":\"https:\/\/www.burespro.com\/ca\/product\/escorca-de-pi-de-decoracio\/#primaryimage\",\"url\":\"https:\/\/www.burespro.com\/wp-content\/uploads\/2020\/03\/corteza-de-pino-decoracion.jpg\",\"contentUrl\":\"https:\/\/www.burespro.com\/wp-content\/uploads\/2020\/03\/corteza-de-pino-decoracion.jpg\",\"width\":1200,\"height\":804,\"caption\":\"Corteza de pino Bur\u00e9s\"},{\"@type\":\"BreadcrumbList\",\"@id\":\"https:\/\/www.burespro.com\/ca\/product\/escorca-de-pi-de-decoracio\/#breadcrumb\",\"itemListElement\":[{\"@type\":\"ListItem\",\"position\":1,\"name\":\"Inici\",\"item\":\"https:\/\/www.burespro.com\/ca\/\"},{\"@type\":\"ListItem\",\"position\":2,\"name\":\"Productes\",\"item\":\"https:\/\/www.burespro.com\/ca\/adobs-fertilitzants\/\"},{\"@type\":\"ListItem\",\"position\":3,\"name\":\"ESCOR\u00c7A DE PI DE DECORACI\u00d3\"}]},{\"@type\":\"WebSite\",\"@id\":\"https:\/\/www.burespro.com\/#website\",\"url\":\"https:\/\/www.burespro.com\/\",\"name\":\"Bur\u00e9s Profesional\",\"description\":\"Fabricants de terres, substrats de cultiu, fertilitzants i adobs org\u00e0nics\",\"potentialAction\":[{\"@type\":\"SearchAction\",\"target\":{\"@type\":\"EntryPoint\",\"urlTemplate\":\"https:\/\/www.burespro.com\/?s={search_term_string}\"},\"query-input\":{\"@type\":\"PropertyValueSpecification\",\"valueRequired\":true,\"valueName\":\"search_term_string\"}}],\"inLanguage\":\"ca\"}]}<\/script>\n<!-- \/ Yoast SEO plugin. -->","yoast_head_json":{"title":"ESCOR\u00c7A DE PI DE DECORACI\u00d3 | Bur\u00e9s Profesional","robots":{"index":"index","follow":"follow","max-snippet":"max-snippet:-1","max-image-preview":"max-image-preview:large","max-video-preview":"max-video-preview:-1"},"canonical":"https:\/\/www.burespro.com\/ca\/product\/escorca-de-pi-de-decoracio\/","og_locale":"ca_ES","og_type":"article","og_title":"ESCOR\u00c7A DE PI DE DECORACI\u00d3 | Bur\u00e9s Profesional","og_description":"Escor\u00e7a de Pi de Decoraci\u00f3, producte 100% natural. Calibrat en diferents granulometries. Els Cubresuelos de Bur\u00e9s s\u00f3n productes que provoquen un vincle emocional amb la natura. Les diferents combinacions de formes, textures, colors i aromes d&#8217;aquests materials ofereixen calidesa i harmonia en la seva aplicaci\u00f3 en jardins i jardineres. Els Cubresuelos s\u00f3n productes org\u00e0nics, 100% [&hellip;]","og_url":"https:\/\/www.burespro.com\/ca\/product\/escorca-de-pi-de-decoracio\/","og_site_name":"Bur\u00e9s Profesional","article_publisher":"https:\/\/www.facebook.com\/buresprofesionalsa","article_modified_time":"2020-08-13T07:18:38+00:00","og_image":[{"width":1200,"height":804,"url":"https:\/\/www.burespro.com\/wp-content\/uploads\/2020\/03\/corteza-de-pino-decoracion.jpg","type":"image\/jpeg"}],"twitter_card":"summary_large_image","twitter_misc":{"Temps estimat de lectura":"1 minut"},"schema":{"@context":"https:\/\/schema.org","@graph":[{"@type":"WebPage","@id":"https:\/\/www.burespro.com\/ca\/product\/escorca-de-pi-de-decoracio\/","url":"https:\/\/www.burespro.com\/ca\/product\/escorca-de-pi-de-decoracio\/","name":"ESCOR\u00c7A DE PI DE DECORACI\u00d3 | Bur\u00e9s Profesional","isPartOf":{"@id":"https:\/\/www.burespro.com\/#website"},"primaryImageOfPage":{"@id":"https:\/\/www.burespro.com\/ca\/product\/escorca-de-pi-de-decoracio\/#primaryimage"},"image":{"@id":"https:\/\/www.burespro.com\/ca\/product\/escorca-de-pi-de-decoracio\/#primaryimage"},"thumbnailUrl":"https:\/\/www.burespro.com\/wp-content\/uploads\/2020\/03\/corteza-de-pino-decoracion.jpg","datePublished":"2020-03-10T15:43:45+00:00","dateModified":"2020-08-13T07:18:38+00:00","breadcrumb":{"@id":"https:\/\/www.burespro.com\/ca\/product\/escorca-de-pi-de-decoracio\/#breadcrumb"},"inLanguage":"ca","potentialAction":[{"@type":"ReadAction","target":["https:\/\/www.burespro.com\/ca\/product\/escorca-de-pi-de-decoracio\/"]}]},{"@type":"ImageObject","inLanguage":"ca","@id":"https:\/\/www.burespro.com\/ca\/product\/escorca-de-pi-de-decoracio\/#primaryimage","url":"https:\/\/www.burespro.com\/wp-content\/uploads\/2020\/03\/corteza-de-pino-decoracion.jpg","contentUrl":"https:\/\/www.burespro.com\/wp-content\/uploads\/2020\/03\/corteza-de-pino-decoracion.jpg","width":1200,"height":804,"caption":"Corteza de pino Bur\u00e9s"},{"@type":"BreadcrumbList","@id":"https:\/\/www.burespro.com\/ca\/product\/escorca-de-pi-de-decoracio\/#breadcrumb","itemListElement":[{"@type":"ListItem","position":1,"name":"Inici","item":"https:\/\/www.burespro.com\/ca\/"},{"@type":"ListItem","position":2,"name":"Productes","item":"https:\/\/www.burespro.com\/ca\/adobs-fertilitzants\/"},{"@type":"ListItem","position":3,"name":"ESCOR\u00c7A DE PI DE DECORACI\u00d3"}]},{"@type":"WebSite","@id":"https:\/\/www.burespro.com\/#website","url":"https:\/\/www.burespro.com\/","name":"Bur\u00e9s Profesional","description":"Fabricants de terres, substrats de cultiu, fertilitzants i adobs org\u00e0nics","potentialAction":[{"@type":"SearchAction","target":{"@type":"EntryPoint","urlTemplate":"https:\/\/www.burespro.com\/?s={search_term_string}"},"query-input":{"@type":"PropertyValueSpecification","valueRequired":true,"valueName":"search_term_string"}}],"inLanguage":"ca"}]}},"_links":{"self":[{"href":"https:\/\/www.burespro.com\/ca\/wp-json\/wp\/v2\/product\/9220","targetHints":{"allow":["GET"]}}],"collection":[{"href":"https:\/\/www.burespro.com\/ca\/wp-json\/wp\/v2\/product"}],"about":[{"href":"https:\/\/www.burespro.com\/ca\/wp-json\/wp\/v2\/types\/product"}],"replies":[{"embeddable":true,"href":"https:\/\/www.burespro.com\/ca\/wp-json\/wp\/v2\/comments?post=9220"}],"wp:featuredmedia":[{"embeddable":true,"href":"https:\/\/www.burespro.com\/ca\/wp-json\/wp\/v2\/media\/15155"}],"wp:attachment":[{"href":"https:\/\/www.burespro.com\/ca\/wp-json\/wp\/v2\/media?parent=9220"}],"wp:term":[{"taxonomy":"product_brand","embeddable":true,"href":"https:\/\/www.burespro.com\/ca\/wp-json\/wp\/v2\/product_brand?post=9220"},{"taxonomy":"product_cat","embeddable":true,"href":"https:\/\/www.burespro.com\/ca\/wp-json\/wp\/v2\/product_cat?post=9220"},{"taxonomy":"product_tag","embeddable":true,"href":"https:\/\/www.burespro.com\/ca\/wp-json\/wp\/v2\/product_tag?post=9220"},{"taxonomy":"sectores","embeddable":true,"href":"https:\/\/www.burespro.com\/ca\/wp-json\/wp\/v2\/sectores?post=9220"}],"curies":[{"name":"wp","href":"https:\/\/api.w.org\/{rel}","templated":true}]}}