{"id":9208,"date":"2020-03-10T14:32:59","date_gmt":"2020-03-10T15:43:45","guid":{"rendered":"https:\/\/burespro.neorgvirtual.com\/product\/ecorgan\/"},"modified":"2020-05-22T10:29:24","modified_gmt":"2020-05-22T08:29:24","slug":"ecorgan","status":"publish","type":"product","link":"https:\/\/www.burespro.com\/ca\/product\/ecorgan\/","title":{"rendered":"ECORGAN"},"content":{"rendered":"<p>L\u2019esmena org\u00e0nica h\u00famica <strong>ECORGAN<\/strong> \u00e9s un producte amb elevada quantitat de mat\u00e8ria org\u00e0nica i extracte h\u00famic total. Millora l\u2019estructura del s\u00f2ls, participant en els processos f\u00edsico-qu\u00edmiques i proporcionant una nutrici\u00f3 adequada al cultiu. Aquest compost dissenyat per a us extensiu, substitueix l\u2019aportaci\u00f3 de purins i fems millorant l\u2019estabilitat dels elements del terreny, evitant els desperfectes provocats pels microorganismes, les fitotoxines i les alteracions nutricionals del s\u00f2l, mantenint els nivells de nitrogen.<\/p>\n","protected":false},"excerpt":{"rendered":"<p>L\u2019esmena org\u00e0nica h\u00famica ECORGAN \u00e9s un producte amb elevada quantitat de mat\u00e8ria org\u00e0nica i extracte h\u00famic total. Millora l\u2019estructura del s\u00f2ls, participant en els processos f\u00edsico-qu\u00edmiques i proporcionant una nutrici\u00f3 adequada al cultiu. Aquest compost dissenyat per a us extensiu, substitueix l\u2019aportaci\u00f3 de purins i fems millorant l\u2019estabilitat dels elements del terreny, evitant els desperfectes [&hellip;]<\/p>\n","protected":false},"featured_media":204,"comment_status":"closed","ping_status":"closed","template":"","meta":{"_acf_changed":false,"inline_featured_image":false},"product_brand":[],"product_cat":[167,152],"product_tag":[],"sectores":[337,343,420],"class_list":{"0":"post-9208","1":"product","2":"type-product","3":"status-publish","4":"has-post-thumbnail","6":"product_cat-adobs-organics","7":"product_cat-materies-primeres","8":"sectores-viverisme","9":"sectores-fructicultura-i-horticultura","10":"sectores-viticultura-ca","12":"first","13":"instock","14":"product-type-simple"},"acf":[],"yoast_head":"<!-- This site is optimized with the Yoast SEO plugin v26.7 - https:\/\/yoast.com\/wordpress\/plugins\/seo\/ -->\n<title>ECORGAN | Bur\u00e9s Profesional<\/title>\n<meta name=\"robots\" content=\"index, follow, max-snippet:-1, max-image-preview:large, max-video-preview:-1\" \/>\n<link rel=\"canonical\" href=\"https:\/\/www.burespro.com\/ca\/product\/ecorgan\/\" \/>\n<meta property=\"og:locale\" content=\"ca_ES\" \/>\n<meta property=\"og:type\" content=\"article\" \/>\n<meta property=\"og:title\" content=\"ECORGAN | Bur\u00e9s Profesional\" \/>\n<meta property=\"og:description\" content=\"L\u2019esmena org\u00e0nica h\u00famica ECORGAN \u00e9s un producte amb elevada quantitat de mat\u00e8ria org\u00e0nica i extracte h\u00famic total. Millora l\u2019estructura del s\u00f2ls, participant en els processos f\u00edsico-qu\u00edmiques i proporcionant una nutrici\u00f3 adequada al cultiu. Aquest compost dissenyat per a us extensiu, substitueix l\u2019aportaci\u00f3 de purins i fems millorant l\u2019estabilitat dels elements del terreny, evitant els desperfectes [&hellip;]\" \/>\n<meta property=\"og:url\" content=\"https:\/\/www.burespro.com\/ca\/product\/ecorgan\/\" \/>\n<meta property=\"og:site_name\" content=\"Bur\u00e9s Profesional\" \/>\n<meta property=\"article:publisher\" content=\"https:\/\/www.facebook.com\/buresprofesionalsa\" \/>\n<meta property=\"article:modified_time\" content=\"2020-05-22T08:29:24+00:00\" \/>\n<meta property=\"og:image\" content=\"https:\/\/www.burespro.com\/wp-content\/uploads\/2020\/01\/465_medium.jpg\" \/>\n\t<meta property=\"og:image:width\" content=\"900\" \/>\n\t<meta property=\"og:image:height\" content=\"506\" \/>\n\t<meta property=\"og:image:type\" content=\"image\/jpeg\" \/>\n<meta name=\"twitter:card\" content=\"summary_large_image\" \/>\n<script type=\"application\/ld+json\" class=\"yoast-schema-graph\">{\"@context\":\"https:\/\/schema.org\",\"@graph\":[{\"@type\":\"WebPage\",\"@id\":\"https:\/\/www.burespro.com\/ca\/product\/ecorgan\/\",\"url\":\"https:\/\/www.burespro.com\/ca\/product\/ecorgan\/\",\"name\":\"ECORGAN | Bur\u00e9s Profesional\",\"isPartOf\":{\"@id\":\"https:\/\/www.burespro.com\/#website\"},\"primaryImageOfPage\":{\"@id\":\"https:\/\/www.burespro.com\/ca\/product\/ecorgan\/#primaryimage\"},\"image\":{\"@id\":\"https:\/\/www.burespro.com\/ca\/product\/ecorgan\/#primaryimage\"},\"thumbnailUrl\":\"https:\/\/www.burespro.com\/wp-content\/uploads\/2020\/01\/465_medium.jpg\",\"datePublished\":\"2020-03-10T15:43:45+00:00\",\"dateModified\":\"2020-05-22T08:29:24+00:00\",\"breadcrumb\":{\"@id\":\"https:\/\/www.burespro.com\/ca\/product\/ecorgan\/#breadcrumb\"},\"inLanguage\":\"ca\",\"potentialAction\":[{\"@type\":\"ReadAction\",\"target\":[\"https:\/\/www.burespro.com\/ca\/product\/ecorgan\/\"]}]},{\"@type\":\"ImageObject\",\"inLanguage\":\"ca\",\"@id\":\"https:\/\/www.burespro.com\/ca\/product\/ecorgan\/#primaryimage\",\"url\":\"https:\/\/www.burespro.com\/wp-content\/uploads\/2020\/01\/465_medium.jpg\",\"contentUrl\":\"https:\/\/www.burespro.com\/wp-content\/uploads\/2020\/01\/465_medium.jpg\",\"width\":900,\"height\":506},{\"@type\":\"BreadcrumbList\",\"@id\":\"https:\/\/www.burespro.com\/ca\/product\/ecorgan\/#breadcrumb\",\"itemListElement\":[{\"@type\":\"ListItem\",\"position\":1,\"name\":\"Inici\",\"item\":\"https:\/\/www.burespro.com\/ca\/\"},{\"@type\":\"ListItem\",\"position\":2,\"name\":\"Productes\",\"item\":\"https:\/\/www.burespro.com\/ca\/adobs-fertilitzants\/\"},{\"@type\":\"ListItem\",\"position\":3,\"name\":\"ECORGAN\"}]},{\"@type\":\"WebSite\",\"@id\":\"https:\/\/www.burespro.com\/#website\",\"url\":\"https:\/\/www.burespro.com\/\",\"name\":\"Bur\u00e9s Profesional\",\"description\":\"Fabricants de terres, substrats de cultiu, fertilitzants i adobs org\u00e0nics\",\"potentialAction\":[{\"@type\":\"SearchAction\",\"target\":{\"@type\":\"EntryPoint\",\"urlTemplate\":\"https:\/\/www.burespro.com\/?s={search_term_string}\"},\"query-input\":{\"@type\":\"PropertyValueSpecification\",\"valueRequired\":true,\"valueName\":\"search_term_string\"}}],\"inLanguage\":\"ca\"}]}<\/script>\n<!-- \/ Yoast SEO plugin. -->","yoast_head_json":{"title":"ECORGAN | Bur\u00e9s Profesional","robots":{"index":"index","follow":"follow","max-snippet":"max-snippet:-1","max-image-preview":"max-image-preview:large","max-video-preview":"max-video-preview:-1"},"canonical":"https:\/\/www.burespro.com\/ca\/product\/ecorgan\/","og_locale":"ca_ES","og_type":"article","og_title":"ECORGAN | Bur\u00e9s Profesional","og_description":"L\u2019esmena org\u00e0nica h\u00famica ECORGAN \u00e9s un producte amb elevada quantitat de mat\u00e8ria org\u00e0nica i extracte h\u00famic total. Millora l\u2019estructura del s\u00f2ls, participant en els processos f\u00edsico-qu\u00edmiques i proporcionant una nutrici\u00f3 adequada al cultiu. Aquest compost dissenyat per a us extensiu, substitueix l\u2019aportaci\u00f3 de purins i fems millorant l\u2019estabilitat dels elements del terreny, evitant els desperfectes [&hellip;]","og_url":"https:\/\/www.burespro.com\/ca\/product\/ecorgan\/","og_site_name":"Bur\u00e9s Profesional","article_publisher":"https:\/\/www.facebook.com\/buresprofesionalsa","article_modified_time":"2020-05-22T08:29:24+00:00","og_image":[{"width":900,"height":506,"url":"https:\/\/www.burespro.com\/wp-content\/uploads\/2020\/01\/465_medium.jpg","type":"image\/jpeg"}],"twitter_card":"summary_large_image","schema":{"@context":"https:\/\/schema.org","@graph":[{"@type":"WebPage","@id":"https:\/\/www.burespro.com\/ca\/product\/ecorgan\/","url":"https:\/\/www.burespro.com\/ca\/product\/ecorgan\/","name":"ECORGAN | Bur\u00e9s Profesional","isPartOf":{"@id":"https:\/\/www.burespro.com\/#website"},"primaryImageOfPage":{"@id":"https:\/\/www.burespro.com\/ca\/product\/ecorgan\/#primaryimage"},"image":{"@id":"https:\/\/www.burespro.com\/ca\/product\/ecorgan\/#primaryimage"},"thumbnailUrl":"https:\/\/www.burespro.com\/wp-content\/uploads\/2020\/01\/465_medium.jpg","datePublished":"2020-03-10T15:43:45+00:00","dateModified":"2020-05-22T08:29:24+00:00","breadcrumb":{"@id":"https:\/\/www.burespro.com\/ca\/product\/ecorgan\/#breadcrumb"},"inLanguage":"ca","potentialAction":[{"@type":"ReadAction","target":["https:\/\/www.burespro.com\/ca\/product\/ecorgan\/"]}]},{"@type":"ImageObject","inLanguage":"ca","@id":"https:\/\/www.burespro.com\/ca\/product\/ecorgan\/#primaryimage","url":"https:\/\/www.burespro.com\/wp-content\/uploads\/2020\/01\/465_medium.jpg","contentUrl":"https:\/\/www.burespro.com\/wp-content\/uploads\/2020\/01\/465_medium.jpg","width":900,"height":506},{"@type":"BreadcrumbList","@id":"https:\/\/www.burespro.com\/ca\/product\/ecorgan\/#breadcrumb","itemListElement":[{"@type":"ListItem","position":1,"name":"Inici","item":"https:\/\/www.burespro.com\/ca\/"},{"@type":"ListItem","position":2,"name":"Productes","item":"https:\/\/www.burespro.com\/ca\/adobs-fertilitzants\/"},{"@type":"ListItem","position":3,"name":"ECORGAN"}]},{"@type":"WebSite","@id":"https:\/\/www.burespro.com\/#website","url":"https:\/\/www.burespro.com\/","name":"Bur\u00e9s Profesional","description":"Fabricants de terres, substrats de cultiu, fertilitzants i adobs org\u00e0nics","potentialAction":[{"@type":"SearchAction","target":{"@type":"EntryPoint","urlTemplate":"https:\/\/www.burespro.com\/?s={search_term_string}"},"query-input":{"@type":"PropertyValueSpecification","valueRequired":true,"valueName":"search_term_string"}}],"inLanguage":"ca"}]}},"_links":{"self":[{"href":"https:\/\/www.burespro.com\/ca\/wp-json\/wp\/v2\/product\/9208","targetHints":{"allow":["GET"]}}],"collection":[{"href":"https:\/\/www.burespro.com\/ca\/wp-json\/wp\/v2\/product"}],"about":[{"href":"https:\/\/www.burespro.com\/ca\/wp-json\/wp\/v2\/types\/product"}],"replies":[{"embeddable":true,"href":"https:\/\/www.burespro.com\/ca\/wp-json\/wp\/v2\/comments?post=9208"}],"wp:featuredmedia":[{"embeddable":true,"href":"https:\/\/www.burespro.com\/ca\/wp-json\/wp\/v2\/media\/204"}],"wp:attachment":[{"href":"https:\/\/www.burespro.com\/ca\/wp-json\/wp\/v2\/media?parent=9208"}],"wp:term":[{"taxonomy":"product_brand","embeddable":true,"href":"https:\/\/www.burespro.com\/ca\/wp-json\/wp\/v2\/product_brand?post=9208"},{"taxonomy":"product_cat","embeddable":true,"href":"https:\/\/www.burespro.com\/ca\/wp-json\/wp\/v2\/product_cat?post=9208"},{"taxonomy":"product_tag","embeddable":true,"href":"https:\/\/www.burespro.com\/ca\/wp-json\/wp\/v2\/product_tag?post=9208"},{"taxonomy":"sectores","embeddable":true,"href":"https:\/\/www.burespro.com\/ca\/wp-json\/wp\/v2\/sectores?post=9208"}],"curies":[{"name":"wp","href":"https:\/\/api.w.org\/{rel}","templated":true}]}}