{"id":9198,"date":"2020-03-10T14:32:59","date_gmt":"2020-03-10T15:43:45","guid":{"rendered":"https:\/\/burespro.neorgvirtual.com\/product\/enceball-per-gespa\/"},"modified":"2020-04-21T11:23:23","modified_gmt":"2020-04-21T09:23:23","slug":"enceball-per-gespa","status":"publish","type":"product","link":"https:\/\/www.burespro.com\/ca\/product\/enceball-per-gespa\/","title":{"rendered":"ENCEBALL PER GESPA"},"content":{"rendered":"<p>L\u2019enceball \u00e9s una barreja de compostos vegetals i materials sorrencs que s\u2019aplica despr\u00e9s d\u2019una escarificaci\u00f3 de la gespa. L\u2019escarificaci\u00f3 \u00e9s un proc\u00e9s que acostuma a fer-se a la primavera o a la tardor. Al escarificar es trenca la capa superior del jard\u00ed per desfer la palla de la gespa i la capa d\u2019humus. Despr\u00e9s d\u2019aquest proc\u00e9s \u00e9s convenient aplicar l\u2019enceball, per provocar que la gespa cre\u00ef nous brots i sigui m\u00e9s espessa.<\/p>\n","protected":false},"excerpt":{"rendered":"<p>L\u2019enceball \u00e9s una barreja de compostos vegetals i materials sorrencs que s\u2019aplica despr\u00e9s d\u2019una escarificaci\u00f3 de la gespa. L\u2019escarificaci\u00f3 \u00e9s un proc\u00e9s que acostuma a fer-se a la primavera o a la tardor. Al escarificar es trenca la capa superior del jard\u00ed per desfer la palla de la gespa i la capa d\u2019humus. Despr\u00e9s d\u2019aquest [&hellip;]<\/p>\n","protected":false},"featured_media":14966,"comment_status":"closed","ping_status":"closed","template":"","meta":{"_acf_changed":false,"inline_featured_image":false},"product_brand":[],"product_cat":[177],"product_tag":[589],"sectores":[339,345,340,341],"class_list":{"0":"post-9198","1":"product","2":"type-product","3":"status-publish","4":"has-post-thumbnail","6":"product_cat-substrats-de-jardineria","7":"product_tag-substrats-girona","8":"sectores-jardineria-professional-paisatgisme","9":"sectores-obra-civil-i-publica","10":"sectores-administracions-publiques","11":"sectores-terrenys-esportius-professionals","13":"first","14":"instock","15":"product-type-simple"},"acf":[],"yoast_head":"<!-- This site is optimized with the Yoast SEO plugin v26.7 - https:\/\/yoast.com\/wordpress\/plugins\/seo\/ -->\n<title>ENCEBALL PER GESPA | Bur\u00e9s Profesional<\/title>\n<meta name=\"robots\" content=\"index, follow, max-snippet:-1, max-image-preview:large, max-video-preview:-1\" \/>\n<link rel=\"canonical\" href=\"https:\/\/www.burespro.com\/ca\/product\/enceball-per-gespa\/\" \/>\n<meta property=\"og:locale\" content=\"ca_ES\" \/>\n<meta property=\"og:type\" content=\"article\" \/>\n<meta property=\"og:title\" content=\"ENCEBALL PER GESPA | Bur\u00e9s Profesional\" \/>\n<meta property=\"og:description\" content=\"L\u2019enceball \u00e9s una barreja de compostos vegetals i materials sorrencs que s\u2019aplica despr\u00e9s d\u2019una escarificaci\u00f3 de la gespa. L\u2019escarificaci\u00f3 \u00e9s un proc\u00e9s que acostuma a fer-se a la primavera o a la tardor. Al escarificar es trenca la capa superior del jard\u00ed per desfer la palla de la gespa i la capa d\u2019humus. Despr\u00e9s d\u2019aquest [&hellip;]\" \/>\n<meta property=\"og:url\" content=\"https:\/\/www.burespro.com\/ca\/product\/enceball-per-gespa\/\" \/>\n<meta property=\"og:site_name\" content=\"Bur\u00e9s Profesional\" \/>\n<meta property=\"article:publisher\" content=\"https:\/\/www.facebook.com\/buresprofesionalsa\" \/>\n<meta property=\"article:modified_time\" content=\"2020-04-21T09:23:23+00:00\" \/>\n<meta property=\"og:image\" content=\"https:\/\/www.burespro.com\/wp-content\/uploads\/2020\/03\/Recebo-para-cesped-bures.jpg\" \/>\n\t<meta property=\"og:image:width\" content=\"600\" \/>\n\t<meta property=\"og:image:height\" content=\"600\" \/>\n\t<meta property=\"og:image:type\" content=\"image\/jpeg\" \/>\n<meta name=\"twitter:card\" content=\"summary_large_image\" \/>\n<script type=\"application\/ld+json\" class=\"yoast-schema-graph\">{\"@context\":\"https:\/\/schema.org\",\"@graph\":[{\"@type\":\"WebPage\",\"@id\":\"https:\/\/www.burespro.com\/ca\/product\/enceball-per-gespa\/\",\"url\":\"https:\/\/www.burespro.com\/ca\/product\/enceball-per-gespa\/\",\"name\":\"ENCEBALL PER GESPA | Bur\u00e9s Profesional\",\"isPartOf\":{\"@id\":\"https:\/\/www.burespro.com\/#website\"},\"primaryImageOfPage\":{\"@id\":\"https:\/\/www.burespro.com\/ca\/product\/enceball-per-gespa\/#primaryimage\"},\"image\":{\"@id\":\"https:\/\/www.burespro.com\/ca\/product\/enceball-per-gespa\/#primaryimage\"},\"thumbnailUrl\":\"https:\/\/www.burespro.com\/wp-content\/uploads\/2020\/03\/Recebo-para-cesped-bures.jpg\",\"datePublished\":\"2020-03-10T15:43:45+00:00\",\"dateModified\":\"2020-04-21T09:23:23+00:00\",\"breadcrumb\":{\"@id\":\"https:\/\/www.burespro.com\/ca\/product\/enceball-per-gespa\/#breadcrumb\"},\"inLanguage\":\"ca\",\"potentialAction\":[{\"@type\":\"ReadAction\",\"target\":[\"https:\/\/www.burespro.com\/ca\/product\/enceball-per-gespa\/\"]}]},{\"@type\":\"ImageObject\",\"inLanguage\":\"ca\",\"@id\":\"https:\/\/www.burespro.com\/ca\/product\/enceball-per-gespa\/#primaryimage\",\"url\":\"https:\/\/www.burespro.com\/wp-content\/uploads\/2020\/03\/Recebo-para-cesped-bures.jpg\",\"contentUrl\":\"https:\/\/www.burespro.com\/wp-content\/uploads\/2020\/03\/Recebo-para-cesped-bures.jpg\",\"width\":600,\"height\":600},{\"@type\":\"BreadcrumbList\",\"@id\":\"https:\/\/www.burespro.com\/ca\/product\/enceball-per-gespa\/#breadcrumb\",\"itemListElement\":[{\"@type\":\"ListItem\",\"position\":1,\"name\":\"Inici\",\"item\":\"https:\/\/www.burespro.com\/ca\/\"},{\"@type\":\"ListItem\",\"position\":2,\"name\":\"Productes\",\"item\":\"https:\/\/www.burespro.com\/ca\/adobs-fertilitzants\/\"},{\"@type\":\"ListItem\",\"position\":3,\"name\":\"ENCEBALL PER GESPA\"}]},{\"@type\":\"WebSite\",\"@id\":\"https:\/\/www.burespro.com\/#website\",\"url\":\"https:\/\/www.burespro.com\/\",\"name\":\"Bur\u00e9s Profesional\",\"description\":\"Fabricants de terres, substrats de cultiu, fertilitzants i adobs org\u00e0nics\",\"potentialAction\":[{\"@type\":\"SearchAction\",\"target\":{\"@type\":\"EntryPoint\",\"urlTemplate\":\"https:\/\/www.burespro.com\/?s={search_term_string}\"},\"query-input\":{\"@type\":\"PropertyValueSpecification\",\"valueRequired\":true,\"valueName\":\"search_term_string\"}}],\"inLanguage\":\"ca\"}]}<\/script>\n<!-- \/ Yoast SEO plugin. -->","yoast_head_json":{"title":"ENCEBALL PER GESPA | Bur\u00e9s Profesional","robots":{"index":"index","follow":"follow","max-snippet":"max-snippet:-1","max-image-preview":"max-image-preview:large","max-video-preview":"max-video-preview:-1"},"canonical":"https:\/\/www.burespro.com\/ca\/product\/enceball-per-gespa\/","og_locale":"ca_ES","og_type":"article","og_title":"ENCEBALL PER GESPA | Bur\u00e9s Profesional","og_description":"L\u2019enceball \u00e9s una barreja de compostos vegetals i materials sorrencs que s\u2019aplica despr\u00e9s d\u2019una escarificaci\u00f3 de la gespa. L\u2019escarificaci\u00f3 \u00e9s un proc\u00e9s que acostuma a fer-se a la primavera o a la tardor. Al escarificar es trenca la capa superior del jard\u00ed per desfer la palla de la gespa i la capa d\u2019humus. Despr\u00e9s d\u2019aquest [&hellip;]","og_url":"https:\/\/www.burespro.com\/ca\/product\/enceball-per-gespa\/","og_site_name":"Bur\u00e9s Profesional","article_publisher":"https:\/\/www.facebook.com\/buresprofesionalsa","article_modified_time":"2020-04-21T09:23:23+00:00","og_image":[{"width":600,"height":600,"url":"https:\/\/www.burespro.com\/wp-content\/uploads\/2020\/03\/Recebo-para-cesped-bures.jpg","type":"image\/jpeg"}],"twitter_card":"summary_large_image","schema":{"@context":"https:\/\/schema.org","@graph":[{"@type":"WebPage","@id":"https:\/\/www.burespro.com\/ca\/product\/enceball-per-gespa\/","url":"https:\/\/www.burespro.com\/ca\/product\/enceball-per-gespa\/","name":"ENCEBALL PER GESPA | Bur\u00e9s Profesional","isPartOf":{"@id":"https:\/\/www.burespro.com\/#website"},"primaryImageOfPage":{"@id":"https:\/\/www.burespro.com\/ca\/product\/enceball-per-gespa\/#primaryimage"},"image":{"@id":"https:\/\/www.burespro.com\/ca\/product\/enceball-per-gespa\/#primaryimage"},"thumbnailUrl":"https:\/\/www.burespro.com\/wp-content\/uploads\/2020\/03\/Recebo-para-cesped-bures.jpg","datePublished":"2020-03-10T15:43:45+00:00","dateModified":"2020-04-21T09:23:23+00:00","breadcrumb":{"@id":"https:\/\/www.burespro.com\/ca\/product\/enceball-per-gespa\/#breadcrumb"},"inLanguage":"ca","potentialAction":[{"@type":"ReadAction","target":["https:\/\/www.burespro.com\/ca\/product\/enceball-per-gespa\/"]}]},{"@type":"ImageObject","inLanguage":"ca","@id":"https:\/\/www.burespro.com\/ca\/product\/enceball-per-gespa\/#primaryimage","url":"https:\/\/www.burespro.com\/wp-content\/uploads\/2020\/03\/Recebo-para-cesped-bures.jpg","contentUrl":"https:\/\/www.burespro.com\/wp-content\/uploads\/2020\/03\/Recebo-para-cesped-bures.jpg","width":600,"height":600},{"@type":"BreadcrumbList","@id":"https:\/\/www.burespro.com\/ca\/product\/enceball-per-gespa\/#breadcrumb","itemListElement":[{"@type":"ListItem","position":1,"name":"Inici","item":"https:\/\/www.burespro.com\/ca\/"},{"@type":"ListItem","position":2,"name":"Productes","item":"https:\/\/www.burespro.com\/ca\/adobs-fertilitzants\/"},{"@type":"ListItem","position":3,"name":"ENCEBALL PER GESPA"}]},{"@type":"WebSite","@id":"https:\/\/www.burespro.com\/#website","url":"https:\/\/www.burespro.com\/","name":"Bur\u00e9s Profesional","description":"Fabricants de terres, substrats de cultiu, fertilitzants i adobs org\u00e0nics","potentialAction":[{"@type":"SearchAction","target":{"@type":"EntryPoint","urlTemplate":"https:\/\/www.burespro.com\/?s={search_term_string}"},"query-input":{"@type":"PropertyValueSpecification","valueRequired":true,"valueName":"search_term_string"}}],"inLanguage":"ca"}]}},"_links":{"self":[{"href":"https:\/\/www.burespro.com\/ca\/wp-json\/wp\/v2\/product\/9198","targetHints":{"allow":["GET"]}}],"collection":[{"href":"https:\/\/www.burespro.com\/ca\/wp-json\/wp\/v2\/product"}],"about":[{"href":"https:\/\/www.burespro.com\/ca\/wp-json\/wp\/v2\/types\/product"}],"replies":[{"embeddable":true,"href":"https:\/\/www.burespro.com\/ca\/wp-json\/wp\/v2\/comments?post=9198"}],"wp:featuredmedia":[{"embeddable":true,"href":"https:\/\/www.burespro.com\/ca\/wp-json\/wp\/v2\/media\/14966"}],"wp:attachment":[{"href":"https:\/\/www.burespro.com\/ca\/wp-json\/wp\/v2\/media?parent=9198"}],"wp:term":[{"taxonomy":"product_brand","embeddable":true,"href":"https:\/\/www.burespro.com\/ca\/wp-json\/wp\/v2\/product_brand?post=9198"},{"taxonomy":"product_cat","embeddable":true,"href":"https:\/\/www.burespro.com\/ca\/wp-json\/wp\/v2\/product_cat?post=9198"},{"taxonomy":"product_tag","embeddable":true,"href":"https:\/\/www.burespro.com\/ca\/wp-json\/wp\/v2\/product_tag?post=9198"},{"taxonomy":"sectores","embeddable":true,"href":"https:\/\/www.burespro.com\/ca\/wp-json\/wp\/v2\/sectores?post=9198"}],"curies":[{"name":"wp","href":"https:\/\/api.w.org\/{rel}","templated":true}]}}