{"id":9149,"date":"2020-03-10T14:32:05","date_gmt":"2020-03-10T15:42:14","guid":{"rendered":"https:\/\/burespro.neorgvirtual.com\/product\/codol-de-marbre-blanc-neu\/"},"modified":"2020-08-13T17:31:00","modified_gmt":"2020-08-13T15:31:00","slug":"codol-de-marbre-blanc-neu","status":"publish","type":"product","link":"https:\/\/www.burespro.com\/ca\/product\/codol-de-marbre-blanc-neu\/","title":{"rendered":"BOLO DE MARBRE BLANC NEU"},"content":{"rendered":"<p>Pedra rodada (c\u00f2dol) de marbre de color blanc intens, d&#8217;aqu\u00ed l&#8217;adjectiu nevat.<\/p>\n<p>Es presenta en dos formats: &#8220;Big Bag&#8221; i ensacat. El format &#8220;Big Bag&#8221; est\u00e0 disponible en les mides 12-18, 20-40, 40-60 i 60-90 mm de di\u00e0metre. El format ensacat es presenta en sacs de 20 kg i en les granulometries 12-18, 20-40 i 40-60 mm de di\u00e0metre.<\/p>\n","protected":false},"excerpt":{"rendered":"<p>Pedra rodada (c\u00f2dol) de marbre de color blanc intens, d&#8217;aqu\u00ed l&#8217;adjectiu nevat. Es presenta en dos formats: &#8220;Big Bag&#8221; i ensacat. El format &#8220;Big Bag&#8221; est\u00e0 disponible en les mides 12-18, 20-40, 40-60 i 60-90 mm de di\u00e0metre. El format ensacat es presenta en sacs de 20 kg i en les granulometries 12-18, 20-40 i [&hellip;]<\/p>\n","protected":false},"featured_media":14928,"comment_status":"closed","ping_status":"closed","template":"","meta":{"_acf_changed":false,"inline_featured_image":false},"product_brand":[],"product_cat":[702,169],"product_tag":[670,505,526,529,556,559,562,565],"sectores":[339,345,340],"class_list":{"0":"post-9149","1":"product","2":"type-product","3":"status-publish","4":"has-post-thumbnail","6":"product_cat-arids-i-pedres","7":"product_cat-decoracio-pel-jardi","8":"product_tag-arids","9":"product_tag-construccio-de-jardins","10":"product_tag-decoracio-de-jardins-ca","11":"product_tag-decoratius-minerals","12":"product_tag-jardineria-girona-ca","13":"product_tag-jardineria-professional-ca","14":"product_tag-material-de-jardineria-girona-ca","15":"product_tag-materials-de-jardineria","16":"sectores-jardineria-professional-paisatgisme","17":"sectores-obra-civil-i-publica","18":"sectores-administracions-publiques","20":"first","21":"instock","22":"product-type-simple"},"acf":[],"yoast_head":"<!-- This site is optimized with the Yoast SEO plugin v26.7 - https:\/\/yoast.com\/wordpress\/plugins\/seo\/ -->\n<title>BOLO DE MARBRE BLANC NEU | Bur\u00e9s Profesional<\/title>\n<meta name=\"robots\" content=\"index, follow, max-snippet:-1, max-image-preview:large, max-video-preview:-1\" \/>\n<link rel=\"canonical\" href=\"https:\/\/www.burespro.com\/ca\/product\/codol-de-marbre-blanc-neu\/\" \/>\n<meta property=\"og:locale\" content=\"ca_ES\" \/>\n<meta property=\"og:type\" content=\"article\" \/>\n<meta property=\"og:title\" content=\"BOLO DE MARBRE BLANC NEU | Bur\u00e9s Profesional\" \/>\n<meta property=\"og:description\" content=\"Pedra rodada (c\u00f2dol) de marbre de color blanc intens, d&#8217;aqu\u00ed l&#8217;adjectiu nevat. Es presenta en dos formats: &#8220;Big Bag&#8221; i ensacat. El format &#8220;Big Bag&#8221; est\u00e0 disponible en les mides 12-18, 20-40, 40-60 i 60-90 mm de di\u00e0metre. El format ensacat es presenta en sacs de 20 kg i en les granulometries 12-18, 20-40 i [&hellip;]\" \/>\n<meta property=\"og:url\" content=\"https:\/\/www.burespro.com\/ca\/product\/codol-de-marbre-blanc-neu\/\" \/>\n<meta property=\"og:site_name\" content=\"Bur\u00e9s Profesional\" \/>\n<meta property=\"article:publisher\" content=\"https:\/\/www.facebook.com\/buresprofesionalsa\" \/>\n<meta property=\"article:modified_time\" content=\"2020-08-13T15:31:00+00:00\" \/>\n<meta property=\"og:image\" content=\"https:\/\/www.burespro.com\/wp-content\/uploads\/2020\/03\/BOLO-BLANCO-NIEVE-1.jpg\" \/>\n\t<meta property=\"og:image:width\" content=\"600\" \/>\n\t<meta property=\"og:image:height\" content=\"600\" \/>\n\t<meta property=\"og:image:type\" content=\"image\/jpeg\" \/>\n<meta name=\"twitter:card\" content=\"summary_large_image\" \/>\n<script type=\"application\/ld+json\" class=\"yoast-schema-graph\">{\"@context\":\"https:\/\/schema.org\",\"@graph\":[{\"@type\":\"WebPage\",\"@id\":\"https:\/\/www.burespro.com\/ca\/product\/codol-de-marbre-blanc-neu\/\",\"url\":\"https:\/\/www.burespro.com\/ca\/product\/codol-de-marbre-blanc-neu\/\",\"name\":\"BOLO DE MARBRE BLANC NEU | Bur\u00e9s Profesional\",\"isPartOf\":{\"@id\":\"https:\/\/www.burespro.com\/#website\"},\"primaryImageOfPage\":{\"@id\":\"https:\/\/www.burespro.com\/ca\/product\/codol-de-marbre-blanc-neu\/#primaryimage\"},\"image\":{\"@id\":\"https:\/\/www.burespro.com\/ca\/product\/codol-de-marbre-blanc-neu\/#primaryimage\"},\"thumbnailUrl\":\"https:\/\/www.burespro.com\/wp-content\/uploads\/2020\/03\/BOLO-BLANCO-NIEVE-1.jpg\",\"datePublished\":\"2020-03-10T15:42:14+00:00\",\"dateModified\":\"2020-08-13T15:31:00+00:00\",\"breadcrumb\":{\"@id\":\"https:\/\/www.burespro.com\/ca\/product\/codol-de-marbre-blanc-neu\/#breadcrumb\"},\"inLanguage\":\"ca\",\"potentialAction\":[{\"@type\":\"ReadAction\",\"target\":[\"https:\/\/www.burespro.com\/ca\/product\/codol-de-marbre-blanc-neu\/\"]}]},{\"@type\":\"ImageObject\",\"inLanguage\":\"ca\",\"@id\":\"https:\/\/www.burespro.com\/ca\/product\/codol-de-marbre-blanc-neu\/#primaryimage\",\"url\":\"https:\/\/www.burespro.com\/wp-content\/uploads\/2020\/03\/BOLO-BLANCO-NIEVE-1.jpg\",\"contentUrl\":\"https:\/\/www.burespro.com\/wp-content\/uploads\/2020\/03\/BOLO-BLANCO-NIEVE-1.jpg\",\"width\":600,\"height\":600},{\"@type\":\"BreadcrumbList\",\"@id\":\"https:\/\/www.burespro.com\/ca\/product\/codol-de-marbre-blanc-neu\/#breadcrumb\",\"itemListElement\":[{\"@type\":\"ListItem\",\"position\":1,\"name\":\"Inici\",\"item\":\"https:\/\/www.burespro.com\/ca\/\"},{\"@type\":\"ListItem\",\"position\":2,\"name\":\"Productes\",\"item\":\"https:\/\/www.burespro.com\/ca\/adobs-fertilitzants\/\"},{\"@type\":\"ListItem\",\"position\":3,\"name\":\"BOLO DE MARBRE BLANC NEU\"}]},{\"@type\":\"WebSite\",\"@id\":\"https:\/\/www.burespro.com\/#website\",\"url\":\"https:\/\/www.burespro.com\/\",\"name\":\"Bur\u00e9s Profesional\",\"description\":\"Fabricants de terres, substrats de cultiu, fertilitzants i adobs org\u00e0nics\",\"potentialAction\":[{\"@type\":\"SearchAction\",\"target\":{\"@type\":\"EntryPoint\",\"urlTemplate\":\"https:\/\/www.burespro.com\/?s={search_term_string}\"},\"query-input\":{\"@type\":\"PropertyValueSpecification\",\"valueRequired\":true,\"valueName\":\"search_term_string\"}}],\"inLanguage\":\"ca\"}]}<\/script>\n<!-- \/ Yoast SEO plugin. -->","yoast_head_json":{"title":"BOLO DE MARBRE BLANC NEU | Bur\u00e9s Profesional","robots":{"index":"index","follow":"follow","max-snippet":"max-snippet:-1","max-image-preview":"max-image-preview:large","max-video-preview":"max-video-preview:-1"},"canonical":"https:\/\/www.burespro.com\/ca\/product\/codol-de-marbre-blanc-neu\/","og_locale":"ca_ES","og_type":"article","og_title":"BOLO DE MARBRE BLANC NEU | Bur\u00e9s Profesional","og_description":"Pedra rodada (c\u00f2dol) de marbre de color blanc intens, d&#8217;aqu\u00ed l&#8217;adjectiu nevat. Es presenta en dos formats: &#8220;Big Bag&#8221; i ensacat. El format &#8220;Big Bag&#8221; est\u00e0 disponible en les mides 12-18, 20-40, 40-60 i 60-90 mm de di\u00e0metre. El format ensacat es presenta en sacs de 20 kg i en les granulometries 12-18, 20-40 i [&hellip;]","og_url":"https:\/\/www.burespro.com\/ca\/product\/codol-de-marbre-blanc-neu\/","og_site_name":"Bur\u00e9s Profesional","article_publisher":"https:\/\/www.facebook.com\/buresprofesionalsa","article_modified_time":"2020-08-13T15:31:00+00:00","og_image":[{"width":600,"height":600,"url":"https:\/\/www.burespro.com\/wp-content\/uploads\/2020\/03\/BOLO-BLANCO-NIEVE-1.jpg","type":"image\/jpeg"}],"twitter_card":"summary_large_image","schema":{"@context":"https:\/\/schema.org","@graph":[{"@type":"WebPage","@id":"https:\/\/www.burespro.com\/ca\/product\/codol-de-marbre-blanc-neu\/","url":"https:\/\/www.burespro.com\/ca\/product\/codol-de-marbre-blanc-neu\/","name":"BOLO DE MARBRE BLANC NEU | Bur\u00e9s Profesional","isPartOf":{"@id":"https:\/\/www.burespro.com\/#website"},"primaryImageOfPage":{"@id":"https:\/\/www.burespro.com\/ca\/product\/codol-de-marbre-blanc-neu\/#primaryimage"},"image":{"@id":"https:\/\/www.burespro.com\/ca\/product\/codol-de-marbre-blanc-neu\/#primaryimage"},"thumbnailUrl":"https:\/\/www.burespro.com\/wp-content\/uploads\/2020\/03\/BOLO-BLANCO-NIEVE-1.jpg","datePublished":"2020-03-10T15:42:14+00:00","dateModified":"2020-08-13T15:31:00+00:00","breadcrumb":{"@id":"https:\/\/www.burespro.com\/ca\/product\/codol-de-marbre-blanc-neu\/#breadcrumb"},"inLanguage":"ca","potentialAction":[{"@type":"ReadAction","target":["https:\/\/www.burespro.com\/ca\/product\/codol-de-marbre-blanc-neu\/"]}]},{"@type":"ImageObject","inLanguage":"ca","@id":"https:\/\/www.burespro.com\/ca\/product\/codol-de-marbre-blanc-neu\/#primaryimage","url":"https:\/\/www.burespro.com\/wp-content\/uploads\/2020\/03\/BOLO-BLANCO-NIEVE-1.jpg","contentUrl":"https:\/\/www.burespro.com\/wp-content\/uploads\/2020\/03\/BOLO-BLANCO-NIEVE-1.jpg","width":600,"height":600},{"@type":"BreadcrumbList","@id":"https:\/\/www.burespro.com\/ca\/product\/codol-de-marbre-blanc-neu\/#breadcrumb","itemListElement":[{"@type":"ListItem","position":1,"name":"Inici","item":"https:\/\/www.burespro.com\/ca\/"},{"@type":"ListItem","position":2,"name":"Productes","item":"https:\/\/www.burespro.com\/ca\/adobs-fertilitzants\/"},{"@type":"ListItem","position":3,"name":"BOLO DE MARBRE BLANC NEU"}]},{"@type":"WebSite","@id":"https:\/\/www.burespro.com\/#website","url":"https:\/\/www.burespro.com\/","name":"Bur\u00e9s Profesional","description":"Fabricants de terres, substrats de cultiu, fertilitzants i adobs org\u00e0nics","potentialAction":[{"@type":"SearchAction","target":{"@type":"EntryPoint","urlTemplate":"https:\/\/www.burespro.com\/?s={search_term_string}"},"query-input":{"@type":"PropertyValueSpecification","valueRequired":true,"valueName":"search_term_string"}}],"inLanguage":"ca"}]}},"_links":{"self":[{"href":"https:\/\/www.burespro.com\/ca\/wp-json\/wp\/v2\/product\/9149","targetHints":{"allow":["GET"]}}],"collection":[{"href":"https:\/\/www.burespro.com\/ca\/wp-json\/wp\/v2\/product"}],"about":[{"href":"https:\/\/www.burespro.com\/ca\/wp-json\/wp\/v2\/types\/product"}],"replies":[{"embeddable":true,"href":"https:\/\/www.burespro.com\/ca\/wp-json\/wp\/v2\/comments?post=9149"}],"wp:featuredmedia":[{"embeddable":true,"href":"https:\/\/www.burespro.com\/ca\/wp-json\/wp\/v2\/media\/14928"}],"wp:attachment":[{"href":"https:\/\/www.burespro.com\/ca\/wp-json\/wp\/v2\/media?parent=9149"}],"wp:term":[{"taxonomy":"product_brand","embeddable":true,"href":"https:\/\/www.burespro.com\/ca\/wp-json\/wp\/v2\/product_brand?post=9149"},{"taxonomy":"product_cat","embeddable":true,"href":"https:\/\/www.burespro.com\/ca\/wp-json\/wp\/v2\/product_cat?post=9149"},{"taxonomy":"product_tag","embeddable":true,"href":"https:\/\/www.burespro.com\/ca\/wp-json\/wp\/v2\/product_tag?post=9149"},{"taxonomy":"sectores","embeddable":true,"href":"https:\/\/www.burespro.com\/ca\/wp-json\/wp\/v2\/sectores?post=9149"}],"curies":[{"name":"wp","href":"https:\/\/api.w.org\/{rel}","templated":true}]}}