{"id":9136,"date":"2020-03-10T14:32:05","date_gmt":"2020-03-10T15:42:14","guid":{"rendered":"https:\/\/burespro.neorgvirtual.com\/product\/biorcamp-premium\/"},"modified":"2020-03-26T11:43:06","modified_gmt":"2020-03-26T11:43:06","slug":"biorcamp-premium","status":"publish","type":"product","link":"https:\/\/www.burespro.com\/ca\/product\/biorcamp-premium\/","title":{"rendered":"BIORCAMP PREMIUM"},"content":{"rendered":"<p><a href=\"https:\/\/www.biorcamp.com\/\">BIORCAMP PREMIUM<\/a> \u00e9s un adob org\u00e0nic NPK 2-3-4 procedent \u00fanicament de fems d\u2019ovella\u00ed. Aporta una gran riquesa en macronutrients principals com el f\u00f2sfor (P) i el potassi (K) i micronutrients. El seu origen org\u00e0nic millora les propietats ed\u00e0fiques, donant porositat als s\u00f2ls argilosos i disgregant els s\u00f2ls sorrencs.<\/p>\n<p>BIORCAMP PREMIUM \u00e9s un fertilitzant inscrit en el Registro de Productos Fertilizantes amb el n\u00famero d\u2019expedient F0000493\/2017, segons el Real Decreto 506\/2013 de productes fertilitzants.<\/p>\n<p>BIORCAMP PREMIUM \u00e9s un producte apte per agricultura ecol\u00f2gica conforme al Reglamento (CE) 834\/2007 de Consejo, del 28 de juny de 2007, sobre producci\u00f3 i etiquetatge dels productes ecol\u00f2gics, amb llic\u00e8ncia de l\u2019Organisme de Control i Certificaci\u00f3 Sohiscert amb el n\u00famero de certificaci\u00f3 N\u00ba CT71PAE-19.4.<\/p>\n<p>BIORCAMP PREMIUM compleix amb el reglament (CE) N\u00ba 1774\/2002.<\/p>\n","protected":false},"excerpt":{"rendered":"<p>BIORCAMP PREMIUM \u00e9s un adob org\u00e0nic NPK 2-3-4 procedent \u00fanicament de fems d\u2019ovella\u00ed. Aporta una gran riquesa en macronutrients principals com el f\u00f2sfor (P) i el potassi (K) i micronutrients. El seu origen org\u00e0nic millora les propietats ed\u00e0fiques, donant porositat als s\u00f2ls argilosos i disgregant els s\u00f2ls sorrencs. BIORCAMP PREMIUM \u00e9s un fertilitzant inscrit en [&hellip;]<\/p>\n","protected":false},"featured_media":15378,"comment_status":"closed","ping_status":"closed","template":"","meta":{"_acf_changed":false,"inline_featured_image":false},"product_brand":[],"product_cat":[167,168],"product_tag":[442,625,445,546,646,550],"sectores":[337,343,418,420],"class_list":{"0":"post-9136","1":"product","2":"type-product","3":"status-publish","4":"has-post-thumbnail","6":"product_cat-adobs-organics","7":"product_cat-adobs-ecologics","8":"product_tag-abotrans-ca","9":"product_tag-agricultura-ecologica-ca","10":"product_tag-biorcamp-ca","11":"product_tag-ecologic","12":"product_tag-fertilitzant-ecologic-bures-professional","13":"product_tag-fertilitzants-per-a-agricultura","14":"sectores-viverisme","15":"sectores-fructicultura-i-horticultura","16":"sectores-floricultura-ca","17":"sectores-viticultura-ca","19":"first","20":"instock","21":"product-type-simple"},"acf":[],"yoast_head":"<!-- This site is optimized with the Yoast SEO plugin v26.7 - https:\/\/yoast.com\/wordpress\/plugins\/seo\/ -->\n<title>BIORCAMP PREMIUM | Bur\u00e9s Profesional<\/title>\n<meta name=\"robots\" content=\"index, follow, max-snippet:-1, max-image-preview:large, max-video-preview:-1\" \/>\n<link rel=\"canonical\" href=\"https:\/\/www.burespro.com\/ca\/product\/biorcamp-premium\/\" \/>\n<meta property=\"og:locale\" content=\"ca_ES\" \/>\n<meta property=\"og:type\" content=\"article\" \/>\n<meta property=\"og:title\" content=\"BIORCAMP PREMIUM | Bur\u00e9s Profesional\" \/>\n<meta property=\"og:description\" content=\"BIORCAMP PREMIUM \u00e9s un adob org\u00e0nic NPK 2-3-4 procedent \u00fanicament de fems d\u2019ovella\u00ed. Aporta una gran riquesa en macronutrients principals com el f\u00f2sfor (P) i el potassi (K) i micronutrients. El seu origen org\u00e0nic millora les propietats ed\u00e0fiques, donant porositat als s\u00f2ls argilosos i disgregant els s\u00f2ls sorrencs. BIORCAMP PREMIUM \u00e9s un fertilitzant inscrit en [&hellip;]\" \/>\n<meta property=\"og:url\" content=\"https:\/\/www.burespro.com\/ca\/product\/biorcamp-premium\/\" \/>\n<meta property=\"og:site_name\" content=\"Bur\u00e9s Profesional\" \/>\n<meta property=\"article:publisher\" content=\"https:\/\/www.facebook.com\/buresprofesionalsa\" \/>\n<meta property=\"article:modified_time\" content=\"2020-03-26T11:43:06+00:00\" \/>\n<meta property=\"og:image\" content=\"https:\/\/www.burespro.com\/wp-content\/uploads\/2020\/03\/BIORCAMP-PREMIUM.png\" \/>\n\t<meta property=\"og:image:width\" content=\"1200\" \/>\n\t<meta property=\"og:image:height\" content=\"666\" \/>\n\t<meta property=\"og:image:type\" content=\"image\/png\" \/>\n<meta name=\"twitter:card\" content=\"summary_large_image\" \/>\n<meta name=\"twitter:label1\" content=\"Temps estimat de lectura\" \/>\n\t<meta name=\"twitter:data1\" content=\"1 minut\" \/>\n<script type=\"application\/ld+json\" class=\"yoast-schema-graph\">{\"@context\":\"https:\/\/schema.org\",\"@graph\":[{\"@type\":\"WebPage\",\"@id\":\"https:\/\/www.burespro.com\/ca\/product\/biorcamp-premium\/\",\"url\":\"https:\/\/www.burespro.com\/ca\/product\/biorcamp-premium\/\",\"name\":\"BIORCAMP PREMIUM | Bur\u00e9s Profesional\",\"isPartOf\":{\"@id\":\"https:\/\/www.burespro.com\/#website\"},\"primaryImageOfPage\":{\"@id\":\"https:\/\/www.burespro.com\/ca\/product\/biorcamp-premium\/#primaryimage\"},\"image\":{\"@id\":\"https:\/\/www.burespro.com\/ca\/product\/biorcamp-premium\/#primaryimage\"},\"thumbnailUrl\":\"https:\/\/www.burespro.com\/wp-content\/uploads\/2020\/03\/BIORCAMP-PREMIUM.png\",\"datePublished\":\"2020-03-10T15:42:14+00:00\",\"dateModified\":\"2020-03-26T11:43:06+00:00\",\"breadcrumb\":{\"@id\":\"https:\/\/www.burespro.com\/ca\/product\/biorcamp-premium\/#breadcrumb\"},\"inLanguage\":\"ca\",\"potentialAction\":[{\"@type\":\"ReadAction\",\"target\":[\"https:\/\/www.burespro.com\/ca\/product\/biorcamp-premium\/\"]}]},{\"@type\":\"ImageObject\",\"inLanguage\":\"ca\",\"@id\":\"https:\/\/www.burespro.com\/ca\/product\/biorcamp-premium\/#primaryimage\",\"url\":\"https:\/\/www.burespro.com\/wp-content\/uploads\/2020\/03\/BIORCAMP-PREMIUM.png\",\"contentUrl\":\"https:\/\/www.burespro.com\/wp-content\/uploads\/2020\/03\/BIORCAMP-PREMIUM.png\",\"width\":1200,\"height\":666},{\"@type\":\"BreadcrumbList\",\"@id\":\"https:\/\/www.burespro.com\/ca\/product\/biorcamp-premium\/#breadcrumb\",\"itemListElement\":[{\"@type\":\"ListItem\",\"position\":1,\"name\":\"Inici\",\"item\":\"https:\/\/www.burespro.com\/ca\/\"},{\"@type\":\"ListItem\",\"position\":2,\"name\":\"Productes\",\"item\":\"https:\/\/www.burespro.com\/ca\/adobs-fertilitzants\/\"},{\"@type\":\"ListItem\",\"position\":3,\"name\":\"BIORCAMP PREMIUM\"}]},{\"@type\":\"WebSite\",\"@id\":\"https:\/\/www.burespro.com\/#website\",\"url\":\"https:\/\/www.burespro.com\/\",\"name\":\"Bur\u00e9s Profesional\",\"description\":\"Fabricants de terres, substrats de cultiu, fertilitzants i adobs org\u00e0nics\",\"potentialAction\":[{\"@type\":\"SearchAction\",\"target\":{\"@type\":\"EntryPoint\",\"urlTemplate\":\"https:\/\/www.burespro.com\/?s={search_term_string}\"},\"query-input\":{\"@type\":\"PropertyValueSpecification\",\"valueRequired\":true,\"valueName\":\"search_term_string\"}}],\"inLanguage\":\"ca\"}]}<\/script>\n<!-- \/ Yoast SEO plugin. -->","yoast_head_json":{"title":"BIORCAMP PREMIUM | Bur\u00e9s Profesional","robots":{"index":"index","follow":"follow","max-snippet":"max-snippet:-1","max-image-preview":"max-image-preview:large","max-video-preview":"max-video-preview:-1"},"canonical":"https:\/\/www.burespro.com\/ca\/product\/biorcamp-premium\/","og_locale":"ca_ES","og_type":"article","og_title":"BIORCAMP PREMIUM | Bur\u00e9s Profesional","og_description":"BIORCAMP PREMIUM \u00e9s un adob org\u00e0nic NPK 2-3-4 procedent \u00fanicament de fems d\u2019ovella\u00ed. Aporta una gran riquesa en macronutrients principals com el f\u00f2sfor (P) i el potassi (K) i micronutrients. El seu origen org\u00e0nic millora les propietats ed\u00e0fiques, donant porositat als s\u00f2ls argilosos i disgregant els s\u00f2ls sorrencs. BIORCAMP PREMIUM \u00e9s un fertilitzant inscrit en [&hellip;]","og_url":"https:\/\/www.burespro.com\/ca\/product\/biorcamp-premium\/","og_site_name":"Bur\u00e9s Profesional","article_publisher":"https:\/\/www.facebook.com\/buresprofesionalsa","article_modified_time":"2020-03-26T11:43:06+00:00","og_image":[{"width":1200,"height":666,"url":"https:\/\/www.burespro.com\/wp-content\/uploads\/2020\/03\/BIORCAMP-PREMIUM.png","type":"image\/png"}],"twitter_card":"summary_large_image","twitter_misc":{"Temps estimat de lectura":"1 minut"},"schema":{"@context":"https:\/\/schema.org","@graph":[{"@type":"WebPage","@id":"https:\/\/www.burespro.com\/ca\/product\/biorcamp-premium\/","url":"https:\/\/www.burespro.com\/ca\/product\/biorcamp-premium\/","name":"BIORCAMP PREMIUM | Bur\u00e9s Profesional","isPartOf":{"@id":"https:\/\/www.burespro.com\/#website"},"primaryImageOfPage":{"@id":"https:\/\/www.burespro.com\/ca\/product\/biorcamp-premium\/#primaryimage"},"image":{"@id":"https:\/\/www.burespro.com\/ca\/product\/biorcamp-premium\/#primaryimage"},"thumbnailUrl":"https:\/\/www.burespro.com\/wp-content\/uploads\/2020\/03\/BIORCAMP-PREMIUM.png","datePublished":"2020-03-10T15:42:14+00:00","dateModified":"2020-03-26T11:43:06+00:00","breadcrumb":{"@id":"https:\/\/www.burespro.com\/ca\/product\/biorcamp-premium\/#breadcrumb"},"inLanguage":"ca","potentialAction":[{"@type":"ReadAction","target":["https:\/\/www.burespro.com\/ca\/product\/biorcamp-premium\/"]}]},{"@type":"ImageObject","inLanguage":"ca","@id":"https:\/\/www.burespro.com\/ca\/product\/biorcamp-premium\/#primaryimage","url":"https:\/\/www.burespro.com\/wp-content\/uploads\/2020\/03\/BIORCAMP-PREMIUM.png","contentUrl":"https:\/\/www.burespro.com\/wp-content\/uploads\/2020\/03\/BIORCAMP-PREMIUM.png","width":1200,"height":666},{"@type":"BreadcrumbList","@id":"https:\/\/www.burespro.com\/ca\/product\/biorcamp-premium\/#breadcrumb","itemListElement":[{"@type":"ListItem","position":1,"name":"Inici","item":"https:\/\/www.burespro.com\/ca\/"},{"@type":"ListItem","position":2,"name":"Productes","item":"https:\/\/www.burespro.com\/ca\/adobs-fertilitzants\/"},{"@type":"ListItem","position":3,"name":"BIORCAMP PREMIUM"}]},{"@type":"WebSite","@id":"https:\/\/www.burespro.com\/#website","url":"https:\/\/www.burespro.com\/","name":"Bur\u00e9s Profesional","description":"Fabricants de terres, substrats de cultiu, fertilitzants i adobs org\u00e0nics","potentialAction":[{"@type":"SearchAction","target":{"@type":"EntryPoint","urlTemplate":"https:\/\/www.burespro.com\/?s={search_term_string}"},"query-input":{"@type":"PropertyValueSpecification","valueRequired":true,"valueName":"search_term_string"}}],"inLanguage":"ca"}]}},"_links":{"self":[{"href":"https:\/\/www.burespro.com\/ca\/wp-json\/wp\/v2\/product\/9136","targetHints":{"allow":["GET"]}}],"collection":[{"href":"https:\/\/www.burespro.com\/ca\/wp-json\/wp\/v2\/product"}],"about":[{"href":"https:\/\/www.burespro.com\/ca\/wp-json\/wp\/v2\/types\/product"}],"replies":[{"embeddable":true,"href":"https:\/\/www.burespro.com\/ca\/wp-json\/wp\/v2\/comments?post=9136"}],"wp:featuredmedia":[{"embeddable":true,"href":"https:\/\/www.burespro.com\/ca\/wp-json\/wp\/v2\/media\/15378"}],"wp:attachment":[{"href":"https:\/\/www.burespro.com\/ca\/wp-json\/wp\/v2\/media?parent=9136"}],"wp:term":[{"taxonomy":"product_brand","embeddable":true,"href":"https:\/\/www.burespro.com\/ca\/wp-json\/wp\/v2\/product_brand?post=9136"},{"taxonomy":"product_cat","embeddable":true,"href":"https:\/\/www.burespro.com\/ca\/wp-json\/wp\/v2\/product_cat?post=9136"},{"taxonomy":"product_tag","embeddable":true,"href":"https:\/\/www.burespro.com\/ca\/wp-json\/wp\/v2\/product_tag?post=9136"},{"taxonomy":"sectores","embeddable":true,"href":"https:\/\/www.burespro.com\/ca\/wp-json\/wp\/v2\/sectores?post=9136"}],"curies":[{"name":"wp","href":"https:\/\/api.w.org\/{rel}","templated":true}]}}