{"id":9131,"date":"2020-03-10T14:32:05","date_gmt":"2020-03-10T15:42:14","guid":{"rendered":"https:\/\/burespro.neorgvirtual.com\/product\/biofiltre-de-fibra-de-torba-gruixuda\/"},"modified":"2020-03-26T10:52:43","modified_gmt":"2020-03-26T10:52:43","slug":"biofiltre-de-fibra-de-torba-gruixuda","status":"publish","type":"product","link":"https:\/\/www.burespro.com\/ca\/product\/biofiltre-de-fibra-de-torba-gruixuda\/","title":{"rendered":"BIOFILTRE DE FIBRA DE TORBA GRUIXUDA"},"content":{"rendered":"<p>L\u2019\u00fas de torba de Sphagnum gruixuda i garbellada com a material de reblert de biofiltres \u00e9s \u00e0mpliament utilitzat a Nord-Europa.<br \/>\nLa torba \u00e9s descompactada i inoculada a les nostres instal\u00b7lacions per obtenir un rendiment \u00f2ptim des de les poques hores de la seva instal\u00b7laci\u00f3.<\/p>\n<p><strong>COMPOSICI\u00d3<\/strong><br \/>\nBUR\u00c9S PROFESSIONAL, S.A., ha desenvolupat el producte Biofiltre de Torba gruixuda de Sphagnum calibrada a partir una mescla de torbes gruixudes de diferents or\u00edgens i granulometries m\u00e9s un posterior tractament en planta per a obtenir un material capa\u00e7 d&#8217;absorbir els compostos odor\u00edfers i uns altres contaminants des del corrent d&#8217;aire residual. Els microorganismes de vida lliure que proliferen de manera natural sobre aquest material org\u00e0nic utilitzen com a font de nutrients i energia aquests compostos, via descomposici\u00f3 aer\u00f2bia.<br \/>\nAquest processament incrementa l&#8217;\u00e0rea espec\u00edfica del material i permet una colonitzaci\u00f3 m\u00e9s efectiva del mitj\u00e0 per part dels microorganismes.<br \/>\nEn augmentar l&#8217;\u00e0rea espec\u00edfica del material del llit de biofiltraci\u00f3, es crea un gradient de concentraci\u00f3 en el biofilm, que mant\u00e9 un flux continu de massa, des dels components del gas fins al biofilm humit.<\/p>\n<p><strong>AVANTATGES I APLICACIONS\u00a0<\/strong><br \/>\nLa biofiltraci\u00f3 \u00e9s una t\u00e8cnica molt vers\u00e0til, capa\u00e7 de tractar olors (sulfh\u00eddric, amon\u00edac\u2026), compostos t\u00f2xics i Compostos Org\u00e0nics Vol\u00e0tils (COV\u2019s).<br \/>\nL&#8217;efici\u00e8ncia del tractament d&#8217;aquests elements es troba per sobre del 90-95% per a baixes concentracions de contaminants, t\u00edpicament &lt; 1.000 ppm.<br \/>\nEls biofiltres de BUR\u00c9S PROFESSIONAL, S. a. s\u00f3n una alternativa tecnol\u00f2gica efectiva de control de la contaminaci\u00f3 atmosf\u00e8rica i odor\u00edfera respectuosa amb el medi ambient.<br \/>\n<em>\u2022 Tecnologia senzilla i de baix cost d&#8217;implantaci\u00f3 i operaci\u00f3. <\/em><br \/>\n<em>\u2022 Elevada efici\u00e8ncia d&#8217;eliminaci\u00f3 de COV\u2019s i compostos odor\u00edfers. <\/em><br \/>\n<em>\u2022 El control de la contaminaci\u00f3 odor\u00edfera redunda en el control de vectors (mosques, rosegadors\u2026) <\/em><br \/>\n<em>\u2022 Biofiltres pr\u00e0cticament sense manteniment. <\/em><br \/>\n<em>\u2022 El proc\u00e9s de biofiltraci\u00f3 resulta en una descomposici\u00f3 completa dels contaminants, creant productes secundaris no perillosos. <\/em><br \/>\n<em>\u2022 El material constituent del biofiltre \u00e9s org\u00e0nic, no t\u00f2xic i biodegradable mitjan\u00e7ant compostatge una vegada finalitzada la seva vida \u00fatil.<\/em><\/p>\n<p><strong>RESIDU DE BIOFILTRE USAT:<\/strong><br \/>\nUn cop esgotada la vida \u00fatil del biofiltre, ens ocupem de la gesti\u00f3 de les restes org\u00e0niques o inorg\u00e0nics.<\/p>\n<p>Som distribu\u00efdors a Espanya, Portugal, Fran\u00e7a, Alemanya, It\u00e0lia, Bulg\u00e0ria, Tun\u00edsia, &#8230;<\/p>\n","protected":false},"excerpt":{"rendered":"<p>L\u2019\u00fas de torba de Sphagnum gruixuda i garbellada com a material de reblert de biofiltres \u00e9s \u00e0mpliament utilitzat a Nord-Europa. La torba \u00e9s descompactada i inoculada a les nostres instal\u00b7lacions per obtenir un rendiment \u00f2ptim des de les poques hores de la seva instal\u00b7laci\u00f3. COMPOSICI\u00d3 BUR\u00c9S PROFESSIONAL, S.A., ha desenvolupat el producte Biofiltre de Torba [&hellip;]<\/p>\n","protected":false},"featured_media":2214,"comment_status":"closed","ping_status":"closed","template":"","meta":{"_acf_changed":false,"inline_featured_image":false},"product_brand":[],"product_cat":[165],"product_tag":[],"sectores":[338,344],"class_list":{"0":"post-9131","1":"product","2":"type-product","3":"status-publish","4":"has-post-thumbnail","6":"product_cat-biofiltres-dolors","7":"sectores-us-industrial","8":"sectores-biofiltres-dolors","10":"first","11":"instock","12":"product-type-simple"},"acf":[],"yoast_head":"<!-- This site is optimized with the Yoast SEO plugin v26.7 - https:\/\/yoast.com\/wordpress\/plugins\/seo\/ -->\n<title>BIOFILTRE DE FIBRA DE TORBA GRUIXUDA | Bur\u00e9s Profesional<\/title>\n<meta name=\"robots\" content=\"index, follow, max-snippet:-1, max-image-preview:large, max-video-preview:-1\" \/>\n<link rel=\"canonical\" href=\"https:\/\/www.burespro.com\/ca\/product\/biofiltre-de-fibra-de-torba-gruixuda\/\" \/>\n<meta property=\"og:locale\" content=\"ca_ES\" \/>\n<meta property=\"og:type\" content=\"article\" \/>\n<meta property=\"og:title\" content=\"BIOFILTRE DE FIBRA DE TORBA GRUIXUDA | Bur\u00e9s Profesional\" \/>\n<meta property=\"og:description\" content=\"L\u2019\u00fas de torba de Sphagnum gruixuda i garbellada com a material de reblert de biofiltres \u00e9s \u00e0mpliament utilitzat a Nord-Europa. La torba \u00e9s descompactada i inoculada a les nostres instal\u00b7lacions per obtenir un rendiment \u00f2ptim des de les poques hores de la seva instal\u00b7laci\u00f3. COMPOSICI\u00d3 BUR\u00c9S PROFESSIONAL, S.A., ha desenvolupat el producte Biofiltre de Torba [&hellip;]\" \/>\n<meta property=\"og:url\" content=\"https:\/\/www.burespro.com\/ca\/product\/biofiltre-de-fibra-de-torba-gruixuda\/\" \/>\n<meta property=\"og:site_name\" content=\"Bur\u00e9s Profesional\" \/>\n<meta property=\"article:publisher\" content=\"https:\/\/www.facebook.com\/buresprofesionalsa\" \/>\n<meta property=\"article:modified_time\" content=\"2020-03-26T10:52:43+00:00\" \/>\n<meta property=\"og:image\" content=\"https:\/\/www.burespro.com\/wp-content\/uploads\/2020\/01\/457_medium.jpg\" \/>\n\t<meta property=\"og:image:width\" content=\"900\" \/>\n\t<meta property=\"og:image:height\" content=\"599\" \/>\n\t<meta property=\"og:image:type\" content=\"image\/jpeg\" \/>\n<meta name=\"twitter:card\" content=\"summary_large_image\" \/>\n<meta name=\"twitter:label1\" content=\"Temps estimat de lectura\" \/>\n\t<meta name=\"twitter:data1\" content=\"2 minuts\" \/>\n<script type=\"application\/ld+json\" class=\"yoast-schema-graph\">{\"@context\":\"https:\/\/schema.org\",\"@graph\":[{\"@type\":\"WebPage\",\"@id\":\"https:\/\/www.burespro.com\/ca\/product\/biofiltre-de-fibra-de-torba-gruixuda\/\",\"url\":\"https:\/\/www.burespro.com\/ca\/product\/biofiltre-de-fibra-de-torba-gruixuda\/\",\"name\":\"BIOFILTRE DE FIBRA DE TORBA GRUIXUDA | Bur\u00e9s Profesional\",\"isPartOf\":{\"@id\":\"https:\/\/www.burespro.com\/#website\"},\"primaryImageOfPage\":{\"@id\":\"https:\/\/www.burespro.com\/ca\/product\/biofiltre-de-fibra-de-torba-gruixuda\/#primaryimage\"},\"image\":{\"@id\":\"https:\/\/www.burespro.com\/ca\/product\/biofiltre-de-fibra-de-torba-gruixuda\/#primaryimage\"},\"thumbnailUrl\":\"https:\/\/www.burespro.com\/wp-content\/uploads\/2020\/01\/457_medium.jpg\",\"datePublished\":\"2020-03-10T15:42:14+00:00\",\"dateModified\":\"2020-03-26T10:52:43+00:00\",\"breadcrumb\":{\"@id\":\"https:\/\/www.burespro.com\/ca\/product\/biofiltre-de-fibra-de-torba-gruixuda\/#breadcrumb\"},\"inLanguage\":\"ca\",\"potentialAction\":[{\"@type\":\"ReadAction\",\"target\":[\"https:\/\/www.burespro.com\/ca\/product\/biofiltre-de-fibra-de-torba-gruixuda\/\"]}]},{\"@type\":\"ImageObject\",\"inLanguage\":\"ca\",\"@id\":\"https:\/\/www.burespro.com\/ca\/product\/biofiltre-de-fibra-de-torba-gruixuda\/#primaryimage\",\"url\":\"https:\/\/www.burespro.com\/wp-content\/uploads\/2020\/01\/457_medium.jpg\",\"contentUrl\":\"https:\/\/www.burespro.com\/wp-content\/uploads\/2020\/01\/457_medium.jpg\",\"width\":900,\"height\":599},{\"@type\":\"BreadcrumbList\",\"@id\":\"https:\/\/www.burespro.com\/ca\/product\/biofiltre-de-fibra-de-torba-gruixuda\/#breadcrumb\",\"itemListElement\":[{\"@type\":\"ListItem\",\"position\":1,\"name\":\"Inici\",\"item\":\"https:\/\/www.burespro.com\/ca\/\"},{\"@type\":\"ListItem\",\"position\":2,\"name\":\"Productes\",\"item\":\"https:\/\/www.burespro.com\/ca\/adobs-fertilitzants\/\"},{\"@type\":\"ListItem\",\"position\":3,\"name\":\"BIOFILTRE DE FIBRA DE TORBA GRUIXUDA\"}]},{\"@type\":\"WebSite\",\"@id\":\"https:\/\/www.burespro.com\/#website\",\"url\":\"https:\/\/www.burespro.com\/\",\"name\":\"Bur\u00e9s Profesional\",\"description\":\"Fabricants de terres, substrats de cultiu, fertilitzants i adobs org\u00e0nics\",\"potentialAction\":[{\"@type\":\"SearchAction\",\"target\":{\"@type\":\"EntryPoint\",\"urlTemplate\":\"https:\/\/www.burespro.com\/?s={search_term_string}\"},\"query-input\":{\"@type\":\"PropertyValueSpecification\",\"valueRequired\":true,\"valueName\":\"search_term_string\"}}],\"inLanguage\":\"ca\"}]}<\/script>\n<!-- \/ Yoast SEO plugin. -->","yoast_head_json":{"title":"BIOFILTRE DE FIBRA DE TORBA GRUIXUDA | Bur\u00e9s Profesional","robots":{"index":"index","follow":"follow","max-snippet":"max-snippet:-1","max-image-preview":"max-image-preview:large","max-video-preview":"max-video-preview:-1"},"canonical":"https:\/\/www.burespro.com\/ca\/product\/biofiltre-de-fibra-de-torba-gruixuda\/","og_locale":"ca_ES","og_type":"article","og_title":"BIOFILTRE DE FIBRA DE TORBA GRUIXUDA | Bur\u00e9s Profesional","og_description":"L\u2019\u00fas de torba de Sphagnum gruixuda i garbellada com a material de reblert de biofiltres \u00e9s \u00e0mpliament utilitzat a Nord-Europa. La torba \u00e9s descompactada i inoculada a les nostres instal\u00b7lacions per obtenir un rendiment \u00f2ptim des de les poques hores de la seva instal\u00b7laci\u00f3. COMPOSICI\u00d3 BUR\u00c9S PROFESSIONAL, S.A., ha desenvolupat el producte Biofiltre de Torba [&hellip;]","og_url":"https:\/\/www.burespro.com\/ca\/product\/biofiltre-de-fibra-de-torba-gruixuda\/","og_site_name":"Bur\u00e9s Profesional","article_publisher":"https:\/\/www.facebook.com\/buresprofesionalsa","article_modified_time":"2020-03-26T10:52:43+00:00","og_image":[{"width":900,"height":599,"url":"https:\/\/www.burespro.com\/wp-content\/uploads\/2020\/01\/457_medium.jpg","type":"image\/jpeg"}],"twitter_card":"summary_large_image","twitter_misc":{"Temps estimat de lectura":"2 minuts"},"schema":{"@context":"https:\/\/schema.org","@graph":[{"@type":"WebPage","@id":"https:\/\/www.burespro.com\/ca\/product\/biofiltre-de-fibra-de-torba-gruixuda\/","url":"https:\/\/www.burespro.com\/ca\/product\/biofiltre-de-fibra-de-torba-gruixuda\/","name":"BIOFILTRE DE FIBRA DE TORBA GRUIXUDA | Bur\u00e9s Profesional","isPartOf":{"@id":"https:\/\/www.burespro.com\/#website"},"primaryImageOfPage":{"@id":"https:\/\/www.burespro.com\/ca\/product\/biofiltre-de-fibra-de-torba-gruixuda\/#primaryimage"},"image":{"@id":"https:\/\/www.burespro.com\/ca\/product\/biofiltre-de-fibra-de-torba-gruixuda\/#primaryimage"},"thumbnailUrl":"https:\/\/www.burespro.com\/wp-content\/uploads\/2020\/01\/457_medium.jpg","datePublished":"2020-03-10T15:42:14+00:00","dateModified":"2020-03-26T10:52:43+00:00","breadcrumb":{"@id":"https:\/\/www.burespro.com\/ca\/product\/biofiltre-de-fibra-de-torba-gruixuda\/#breadcrumb"},"inLanguage":"ca","potentialAction":[{"@type":"ReadAction","target":["https:\/\/www.burespro.com\/ca\/product\/biofiltre-de-fibra-de-torba-gruixuda\/"]}]},{"@type":"ImageObject","inLanguage":"ca","@id":"https:\/\/www.burespro.com\/ca\/product\/biofiltre-de-fibra-de-torba-gruixuda\/#primaryimage","url":"https:\/\/www.burespro.com\/wp-content\/uploads\/2020\/01\/457_medium.jpg","contentUrl":"https:\/\/www.burespro.com\/wp-content\/uploads\/2020\/01\/457_medium.jpg","width":900,"height":599},{"@type":"BreadcrumbList","@id":"https:\/\/www.burespro.com\/ca\/product\/biofiltre-de-fibra-de-torba-gruixuda\/#breadcrumb","itemListElement":[{"@type":"ListItem","position":1,"name":"Inici","item":"https:\/\/www.burespro.com\/ca\/"},{"@type":"ListItem","position":2,"name":"Productes","item":"https:\/\/www.burespro.com\/ca\/adobs-fertilitzants\/"},{"@type":"ListItem","position":3,"name":"BIOFILTRE DE FIBRA DE TORBA GRUIXUDA"}]},{"@type":"WebSite","@id":"https:\/\/www.burespro.com\/#website","url":"https:\/\/www.burespro.com\/","name":"Bur\u00e9s Profesional","description":"Fabricants de terres, substrats de cultiu, fertilitzants i adobs org\u00e0nics","potentialAction":[{"@type":"SearchAction","target":{"@type":"EntryPoint","urlTemplate":"https:\/\/www.burespro.com\/?s={search_term_string}"},"query-input":{"@type":"PropertyValueSpecification","valueRequired":true,"valueName":"search_term_string"}}],"inLanguage":"ca"}]}},"_links":{"self":[{"href":"https:\/\/www.burespro.com\/ca\/wp-json\/wp\/v2\/product\/9131","targetHints":{"allow":["GET"]}}],"collection":[{"href":"https:\/\/www.burespro.com\/ca\/wp-json\/wp\/v2\/product"}],"about":[{"href":"https:\/\/www.burespro.com\/ca\/wp-json\/wp\/v2\/types\/product"}],"replies":[{"embeddable":true,"href":"https:\/\/www.burespro.com\/ca\/wp-json\/wp\/v2\/comments?post=9131"}],"wp:featuredmedia":[{"embeddable":true,"href":"https:\/\/www.burespro.com\/ca\/wp-json\/wp\/v2\/media\/2214"}],"wp:attachment":[{"href":"https:\/\/www.burespro.com\/ca\/wp-json\/wp\/v2\/media?parent=9131"}],"wp:term":[{"taxonomy":"product_brand","embeddable":true,"href":"https:\/\/www.burespro.com\/ca\/wp-json\/wp\/v2\/product_brand?post=9131"},{"taxonomy":"product_cat","embeddable":true,"href":"https:\/\/www.burespro.com\/ca\/wp-json\/wp\/v2\/product_cat?post=9131"},{"taxonomy":"product_tag","embeddable":true,"href":"https:\/\/www.burespro.com\/ca\/wp-json\/wp\/v2\/product_tag?post=9131"},{"taxonomy":"sectores","embeddable":true,"href":"https:\/\/www.burespro.com\/ca\/wp-json\/wp\/v2\/sectores?post=9131"}],"curies":[{"name":"wp","href":"https:\/\/api.w.org\/{rel}","templated":true}]}}