{"id":9101,"date":"2020-03-10T14:32:05","date_gmt":"2020-03-10T15:42:14","guid":{"rendered":"https:\/\/burespro.neorgvirtual.com\/product\/aquafertil-20-20-20\/"},"modified":"2020-04-16T09:32:13","modified_gmt":"2020-04-16T07:32:13","slug":"aquafertil-20-20-20","status":"publish","type":"product","link":"https:\/\/www.burespro.com\/ca\/product\/aquafertil-20-20-20\/","title":{"rendered":"AQUAFERTIL 20-20-20"},"content":{"rendered":"<p>AQUAFERTIL \u00e9s un adob foliar especial per al cultiu professional. Est\u00e0 dissenyat amb components d\u2019alta qualitat i gran puresa per a poder obtenir la millor absorci\u00f3, obtenint un producte de gran efic\u00e0cia.<\/p>\n","protected":false},"excerpt":{"rendered":"<p>AQUAFERTIL \u00e9s un adob foliar especial per al cultiu professional. Est\u00e0 dissenyat amb components d\u2019alta qualitat i gran puresa per a poder obtenir la millor absorci\u00f3, obtenint un producte de gran efic\u00e0cia.<\/p>\n","protected":false},"featured_media":15345,"comment_status":"closed","ping_status":"closed","template":"","meta":{"_acf_changed":false,"inline_featured_image":false},"product_brand":[],"product_cat":[163],"product_tag":[],"sectores":[337,343,418,420,339],"class_list":{"0":"post-9101","1":"product","2":"type-product","3":"status-publish","4":"has-post-thumbnail","6":"product_cat-adobs-minerals","7":"sectores-viverisme","8":"sectores-fructicultura-i-horticultura","9":"sectores-floricultura-ca","10":"sectores-viticultura-ca","11":"sectores-jardineria-professional-paisatgisme","13":"first","14":"instock","15":"product-type-simple"},"acf":[],"yoast_head":"<!-- This site is optimized with the Yoast SEO plugin v26.7 - https:\/\/yoast.com\/wordpress\/plugins\/seo\/ -->\n<title>AQUAFERTIL 20-20-20 | Bur\u00e9s Profesional<\/title>\n<meta name=\"robots\" content=\"index, follow, max-snippet:-1, max-image-preview:large, max-video-preview:-1\" \/>\n<link rel=\"canonical\" href=\"https:\/\/www.burespro.com\/ca\/product\/aquafertil-20-20-20\/\" \/>\n<meta property=\"og:locale\" content=\"ca_ES\" \/>\n<meta property=\"og:type\" content=\"article\" \/>\n<meta property=\"og:title\" content=\"AQUAFERTIL 20-20-20 | Bur\u00e9s Profesional\" \/>\n<meta property=\"og:description\" content=\"AQUAFERTIL \u00e9s un adob foliar especial per al cultiu professional. Est\u00e0 dissenyat amb components d\u2019alta qualitat i gran puresa per a poder obtenir la millor absorci\u00f3, obtenint un producte de gran efic\u00e0cia.\" \/>\n<meta property=\"og:url\" content=\"https:\/\/www.burespro.com\/ca\/product\/aquafertil-20-20-20\/\" \/>\n<meta property=\"og:site_name\" content=\"Bur\u00e9s Profesional\" \/>\n<meta property=\"article:publisher\" content=\"https:\/\/www.facebook.com\/buresprofesionalsa\" \/>\n<meta property=\"article:modified_time\" content=\"2020-04-16T07:32:13+00:00\" \/>\n<meta property=\"og:image\" content=\"https:\/\/www.burespro.com\/wp-content\/uploads\/2020\/03\/aquafertil.1200x670.png\" \/>\n\t<meta property=\"og:image:width\" content=\"1200\" \/>\n\t<meta property=\"og:image:height\" content=\"666\" \/>\n\t<meta property=\"og:image:type\" content=\"image\/png\" \/>\n<meta name=\"twitter:card\" content=\"summary_large_image\" \/>\n<script type=\"application\/ld+json\" class=\"yoast-schema-graph\">{\"@context\":\"https:\/\/schema.org\",\"@graph\":[{\"@type\":\"WebPage\",\"@id\":\"https:\/\/www.burespro.com\/ca\/product\/aquafertil-20-20-20\/\",\"url\":\"https:\/\/www.burespro.com\/ca\/product\/aquafertil-20-20-20\/\",\"name\":\"AQUAFERTIL 20-20-20 | Bur\u00e9s Profesional\",\"isPartOf\":{\"@id\":\"https:\/\/www.burespro.com\/#website\"},\"primaryImageOfPage\":{\"@id\":\"https:\/\/www.burespro.com\/ca\/product\/aquafertil-20-20-20\/#primaryimage\"},\"image\":{\"@id\":\"https:\/\/www.burespro.com\/ca\/product\/aquafertil-20-20-20\/#primaryimage\"},\"thumbnailUrl\":\"https:\/\/www.burespro.com\/wp-content\/uploads\/2020\/03\/aquafertil.1200x670.png\",\"datePublished\":\"2020-03-10T15:42:14+00:00\",\"dateModified\":\"2020-04-16T07:32:13+00:00\",\"breadcrumb\":{\"@id\":\"https:\/\/www.burespro.com\/ca\/product\/aquafertil-20-20-20\/#breadcrumb\"},\"inLanguage\":\"ca\",\"potentialAction\":[{\"@type\":\"ReadAction\",\"target\":[\"https:\/\/www.burespro.com\/ca\/product\/aquafertil-20-20-20\/\"]}]},{\"@type\":\"ImageObject\",\"inLanguage\":\"ca\",\"@id\":\"https:\/\/www.burespro.com\/ca\/product\/aquafertil-20-20-20\/#primaryimage\",\"url\":\"https:\/\/www.burespro.com\/wp-content\/uploads\/2020\/03\/aquafertil.1200x670.png\",\"contentUrl\":\"https:\/\/www.burespro.com\/wp-content\/uploads\/2020\/03\/aquafertil.1200x670.png\",\"width\":1200,\"height\":666},{\"@type\":\"BreadcrumbList\",\"@id\":\"https:\/\/www.burespro.com\/ca\/product\/aquafertil-20-20-20\/#breadcrumb\",\"itemListElement\":[{\"@type\":\"ListItem\",\"position\":1,\"name\":\"Inici\",\"item\":\"https:\/\/www.burespro.com\/ca\/\"},{\"@type\":\"ListItem\",\"position\":2,\"name\":\"Productes\",\"item\":\"https:\/\/www.burespro.com\/ca\/adobs-fertilitzants\/\"},{\"@type\":\"ListItem\",\"position\":3,\"name\":\"AQUAFERTIL 20-20-20\"}]},{\"@type\":\"WebSite\",\"@id\":\"https:\/\/www.burespro.com\/#website\",\"url\":\"https:\/\/www.burespro.com\/\",\"name\":\"Bur\u00e9s Profesional\",\"description\":\"Fabricants de terres, substrats de cultiu, fertilitzants i adobs org\u00e0nics\",\"potentialAction\":[{\"@type\":\"SearchAction\",\"target\":{\"@type\":\"EntryPoint\",\"urlTemplate\":\"https:\/\/www.burespro.com\/?s={search_term_string}\"},\"query-input\":{\"@type\":\"PropertyValueSpecification\",\"valueRequired\":true,\"valueName\":\"search_term_string\"}}],\"inLanguage\":\"ca\"}]}<\/script>\n<!-- \/ Yoast SEO plugin. -->","yoast_head_json":{"title":"AQUAFERTIL 20-20-20 | Bur\u00e9s Profesional","robots":{"index":"index","follow":"follow","max-snippet":"max-snippet:-1","max-image-preview":"max-image-preview:large","max-video-preview":"max-video-preview:-1"},"canonical":"https:\/\/www.burespro.com\/ca\/product\/aquafertil-20-20-20\/","og_locale":"ca_ES","og_type":"article","og_title":"AQUAFERTIL 20-20-20 | Bur\u00e9s Profesional","og_description":"AQUAFERTIL \u00e9s un adob foliar especial per al cultiu professional. Est\u00e0 dissenyat amb components d\u2019alta qualitat i gran puresa per a poder obtenir la millor absorci\u00f3, obtenint un producte de gran efic\u00e0cia.","og_url":"https:\/\/www.burespro.com\/ca\/product\/aquafertil-20-20-20\/","og_site_name":"Bur\u00e9s Profesional","article_publisher":"https:\/\/www.facebook.com\/buresprofesionalsa","article_modified_time":"2020-04-16T07:32:13+00:00","og_image":[{"width":1200,"height":666,"url":"https:\/\/www.burespro.com\/wp-content\/uploads\/2020\/03\/aquafertil.1200x670.png","type":"image\/png"}],"twitter_card":"summary_large_image","schema":{"@context":"https:\/\/schema.org","@graph":[{"@type":"WebPage","@id":"https:\/\/www.burespro.com\/ca\/product\/aquafertil-20-20-20\/","url":"https:\/\/www.burespro.com\/ca\/product\/aquafertil-20-20-20\/","name":"AQUAFERTIL 20-20-20 | Bur\u00e9s Profesional","isPartOf":{"@id":"https:\/\/www.burespro.com\/#website"},"primaryImageOfPage":{"@id":"https:\/\/www.burespro.com\/ca\/product\/aquafertil-20-20-20\/#primaryimage"},"image":{"@id":"https:\/\/www.burespro.com\/ca\/product\/aquafertil-20-20-20\/#primaryimage"},"thumbnailUrl":"https:\/\/www.burespro.com\/wp-content\/uploads\/2020\/03\/aquafertil.1200x670.png","datePublished":"2020-03-10T15:42:14+00:00","dateModified":"2020-04-16T07:32:13+00:00","breadcrumb":{"@id":"https:\/\/www.burespro.com\/ca\/product\/aquafertil-20-20-20\/#breadcrumb"},"inLanguage":"ca","potentialAction":[{"@type":"ReadAction","target":["https:\/\/www.burespro.com\/ca\/product\/aquafertil-20-20-20\/"]}]},{"@type":"ImageObject","inLanguage":"ca","@id":"https:\/\/www.burespro.com\/ca\/product\/aquafertil-20-20-20\/#primaryimage","url":"https:\/\/www.burespro.com\/wp-content\/uploads\/2020\/03\/aquafertil.1200x670.png","contentUrl":"https:\/\/www.burespro.com\/wp-content\/uploads\/2020\/03\/aquafertil.1200x670.png","width":1200,"height":666},{"@type":"BreadcrumbList","@id":"https:\/\/www.burespro.com\/ca\/product\/aquafertil-20-20-20\/#breadcrumb","itemListElement":[{"@type":"ListItem","position":1,"name":"Inici","item":"https:\/\/www.burespro.com\/ca\/"},{"@type":"ListItem","position":2,"name":"Productes","item":"https:\/\/www.burespro.com\/ca\/adobs-fertilitzants\/"},{"@type":"ListItem","position":3,"name":"AQUAFERTIL 20-20-20"}]},{"@type":"WebSite","@id":"https:\/\/www.burespro.com\/#website","url":"https:\/\/www.burespro.com\/","name":"Bur\u00e9s Profesional","description":"Fabricants de terres, substrats de cultiu, fertilitzants i adobs org\u00e0nics","potentialAction":[{"@type":"SearchAction","target":{"@type":"EntryPoint","urlTemplate":"https:\/\/www.burespro.com\/?s={search_term_string}"},"query-input":{"@type":"PropertyValueSpecification","valueRequired":true,"valueName":"search_term_string"}}],"inLanguage":"ca"}]}},"_links":{"self":[{"href":"https:\/\/www.burespro.com\/ca\/wp-json\/wp\/v2\/product\/9101","targetHints":{"allow":["GET"]}}],"collection":[{"href":"https:\/\/www.burespro.com\/ca\/wp-json\/wp\/v2\/product"}],"about":[{"href":"https:\/\/www.burespro.com\/ca\/wp-json\/wp\/v2\/types\/product"}],"replies":[{"embeddable":true,"href":"https:\/\/www.burespro.com\/ca\/wp-json\/wp\/v2\/comments?post=9101"}],"wp:featuredmedia":[{"embeddable":true,"href":"https:\/\/www.burespro.com\/ca\/wp-json\/wp\/v2\/media\/15345"}],"wp:attachment":[{"href":"https:\/\/www.burespro.com\/ca\/wp-json\/wp\/v2\/media?parent=9101"}],"wp:term":[{"taxonomy":"product_brand","embeddable":true,"href":"https:\/\/www.burespro.com\/ca\/wp-json\/wp\/v2\/product_brand?post=9101"},{"taxonomy":"product_cat","embeddable":true,"href":"https:\/\/www.burespro.com\/ca\/wp-json\/wp\/v2\/product_cat?post=9101"},{"taxonomy":"product_tag","embeddable":true,"href":"https:\/\/www.burespro.com\/ca\/wp-json\/wp\/v2\/product_tag?post=9101"},{"taxonomy":"sectores","embeddable":true,"href":"https:\/\/www.burespro.com\/ca\/wp-json\/wp\/v2\/sectores?post=9101"}],"curies":[{"name":"wp","href":"https:\/\/api.w.org\/{rel}","templated":true}]}}