{"id":9084,"date":"2020-03-10T14:32:05","date_gmt":"2020-03-10T15:42:14","guid":{"rendered":"https:\/\/burespro.neorgvirtual.com\/product\/altres-biomasses\/"},"modified":"2020-08-13T16:17:02","modified_gmt":"2020-08-13T14:17:02","slug":"altres-biomasses","status":"publish","type":"product","link":"https:\/\/www.burespro.com\/ca\/product\/altres-biomasses\/","title":{"rendered":"ALTRES BIOMASSES COM A BIOCOMBUSTIBLE"},"content":{"rendered":"<p>Cada biocombustible presenta caracter\u00edstiques t\u00e8cniques concretes que el fan m\u00e9s o menys adequat per cada tipus d&#8217;instal.laci\u00f3. Trobar l&#8217;equilibri adequat entre el preu i el contingut en cendres, humitat, poder calor\u00edfic o granulometria \u00e9s una feina fonamental per optimitzar els costos d&#8217;explotaci\u00f3 de cada instal.laci\u00f3.<\/p>\n","protected":false},"excerpt":{"rendered":"<p>Cada biocombustible presenta caracter\u00edstiques t\u00e8cniques concretes que el fan m\u00e9s o menys adequat per cada tipus d&#8217;instal.laci\u00f3. Trobar l&#8217;equilibri adequat entre el preu i el contingut en cendres, humitat, poder calor\u00edfic o granulometria \u00e9s una feina fonamental per optimitzar els costos d&#8217;explotaci\u00f3 de cada instal.laci\u00f3.<\/p>\n","protected":false},"featured_media":2144,"comment_status":"closed","ping_status":"closed","template":"","meta":{"_acf_changed":false,"inline_featured_image":false},"product_brand":[],"product_cat":[157],"product_tag":[],"sectores":[338,417],"class_list":{"0":"post-9084","1":"product","2":"type-product","3":"status-publish","4":"has-post-thumbnail","6":"product_cat-biocombustibles","7":"sectores-us-industrial","8":"sectores-biocombustibles","10":"first","11":"instock","12":"product-type-simple"},"acf":[],"yoast_head":"<!-- This site is optimized with the Yoast SEO plugin v26.7 - https:\/\/yoast.com\/wordpress\/plugins\/seo\/ -->\n<title>ALTRES BIOMASSES COM A BIOCOMBUSTIBLE | Bur\u00e9s Profesional<\/title>\n<meta name=\"robots\" content=\"index, follow, max-snippet:-1, max-image-preview:large, max-video-preview:-1\" \/>\n<link rel=\"canonical\" href=\"https:\/\/www.burespro.com\/ca\/product\/altres-biomasses\/\" \/>\n<meta property=\"og:locale\" content=\"ca_ES\" \/>\n<meta property=\"og:type\" content=\"article\" \/>\n<meta property=\"og:title\" content=\"ALTRES BIOMASSES COM A BIOCOMBUSTIBLE | Bur\u00e9s Profesional\" \/>\n<meta property=\"og:description\" content=\"Cada biocombustible presenta caracter\u00edstiques t\u00e8cniques concretes que el fan m\u00e9s o menys adequat per cada tipus d&#8217;instal.laci\u00f3. Trobar l&#8217;equilibri adequat entre el preu i el contingut en cendres, humitat, poder calor\u00edfic o granulometria \u00e9s una feina fonamental per optimitzar els costos d&#8217;explotaci\u00f3 de cada instal.laci\u00f3.\" \/>\n<meta property=\"og:url\" content=\"https:\/\/www.burespro.com\/ca\/product\/altres-biomasses\/\" \/>\n<meta property=\"og:site_name\" content=\"Bur\u00e9s Profesional\" \/>\n<meta property=\"article:publisher\" content=\"https:\/\/www.facebook.com\/buresprofesionalsa\" \/>\n<meta property=\"article:modified_time\" content=\"2020-08-13T14:17:02+00:00\" \/>\n<meta property=\"og:image\" content=\"https:\/\/www.burespro.com\/wp-content\/uploads\/2020\/01\/250_medium.jpg\" \/>\n\t<meta property=\"og:image:width\" content=\"900\" \/>\n\t<meta property=\"og:image:height\" content=\"600\" \/>\n\t<meta property=\"og:image:type\" content=\"image\/jpeg\" \/>\n<meta name=\"twitter:card\" content=\"summary_large_image\" \/>\n<script type=\"application\/ld+json\" class=\"yoast-schema-graph\">{\"@context\":\"https:\/\/schema.org\",\"@graph\":[{\"@type\":\"WebPage\",\"@id\":\"https:\/\/www.burespro.com\/ca\/product\/altres-biomasses\/\",\"url\":\"https:\/\/www.burespro.com\/ca\/product\/altres-biomasses\/\",\"name\":\"ALTRES BIOMASSES COM A BIOCOMBUSTIBLE | Bur\u00e9s Profesional\",\"isPartOf\":{\"@id\":\"https:\/\/www.burespro.com\/#website\"},\"primaryImageOfPage\":{\"@id\":\"https:\/\/www.burespro.com\/ca\/product\/altres-biomasses\/#primaryimage\"},\"image\":{\"@id\":\"https:\/\/www.burespro.com\/ca\/product\/altres-biomasses\/#primaryimage\"},\"thumbnailUrl\":\"https:\/\/www.burespro.com\/wp-content\/uploads\/2020\/01\/250_medium.jpg\",\"datePublished\":\"2020-03-10T15:42:14+00:00\",\"dateModified\":\"2020-08-13T14:17:02+00:00\",\"breadcrumb\":{\"@id\":\"https:\/\/www.burespro.com\/ca\/product\/altres-biomasses\/#breadcrumb\"},\"inLanguage\":\"ca\",\"potentialAction\":[{\"@type\":\"ReadAction\",\"target\":[\"https:\/\/www.burespro.com\/ca\/product\/altres-biomasses\/\"]}]},{\"@type\":\"ImageObject\",\"inLanguage\":\"ca\",\"@id\":\"https:\/\/www.burespro.com\/ca\/product\/altres-biomasses\/#primaryimage\",\"url\":\"https:\/\/www.burespro.com\/wp-content\/uploads\/2020\/01\/250_medium.jpg\",\"contentUrl\":\"https:\/\/www.burespro.com\/wp-content\/uploads\/2020\/01\/250_medium.jpg\",\"width\":900,\"height\":600},{\"@type\":\"BreadcrumbList\",\"@id\":\"https:\/\/www.burespro.com\/ca\/product\/altres-biomasses\/#breadcrumb\",\"itemListElement\":[{\"@type\":\"ListItem\",\"position\":1,\"name\":\"Inici\",\"item\":\"https:\/\/www.burespro.com\/ca\/\"},{\"@type\":\"ListItem\",\"position\":2,\"name\":\"Productes\",\"item\":\"https:\/\/www.burespro.com\/ca\/adobs-fertilitzants\/\"},{\"@type\":\"ListItem\",\"position\":3,\"name\":\"ALTRES BIOMASSES COM A BIOCOMBUSTIBLE\"}]},{\"@type\":\"WebSite\",\"@id\":\"https:\/\/www.burespro.com\/#website\",\"url\":\"https:\/\/www.burespro.com\/\",\"name\":\"Bur\u00e9s Profesional\",\"description\":\"Fabricants de terres, substrats de cultiu, fertilitzants i adobs org\u00e0nics\",\"potentialAction\":[{\"@type\":\"SearchAction\",\"target\":{\"@type\":\"EntryPoint\",\"urlTemplate\":\"https:\/\/www.burespro.com\/?s={search_term_string}\"},\"query-input\":{\"@type\":\"PropertyValueSpecification\",\"valueRequired\":true,\"valueName\":\"search_term_string\"}}],\"inLanguage\":\"ca\"}]}<\/script>\n<!-- \/ Yoast SEO plugin. -->","yoast_head_json":{"title":"ALTRES BIOMASSES COM A BIOCOMBUSTIBLE | Bur\u00e9s Profesional","robots":{"index":"index","follow":"follow","max-snippet":"max-snippet:-1","max-image-preview":"max-image-preview:large","max-video-preview":"max-video-preview:-1"},"canonical":"https:\/\/www.burespro.com\/ca\/product\/altres-biomasses\/","og_locale":"ca_ES","og_type":"article","og_title":"ALTRES BIOMASSES COM A BIOCOMBUSTIBLE | Bur\u00e9s Profesional","og_description":"Cada biocombustible presenta caracter\u00edstiques t\u00e8cniques concretes que el fan m\u00e9s o menys adequat per cada tipus d&#8217;instal.laci\u00f3. Trobar l&#8217;equilibri adequat entre el preu i el contingut en cendres, humitat, poder calor\u00edfic o granulometria \u00e9s una feina fonamental per optimitzar els costos d&#8217;explotaci\u00f3 de cada instal.laci\u00f3.","og_url":"https:\/\/www.burespro.com\/ca\/product\/altres-biomasses\/","og_site_name":"Bur\u00e9s Profesional","article_publisher":"https:\/\/www.facebook.com\/buresprofesionalsa","article_modified_time":"2020-08-13T14:17:02+00:00","og_image":[{"width":900,"height":600,"url":"https:\/\/www.burespro.com\/wp-content\/uploads\/2020\/01\/250_medium.jpg","type":"image\/jpeg"}],"twitter_card":"summary_large_image","schema":{"@context":"https:\/\/schema.org","@graph":[{"@type":"WebPage","@id":"https:\/\/www.burespro.com\/ca\/product\/altres-biomasses\/","url":"https:\/\/www.burespro.com\/ca\/product\/altres-biomasses\/","name":"ALTRES BIOMASSES COM A BIOCOMBUSTIBLE | Bur\u00e9s Profesional","isPartOf":{"@id":"https:\/\/www.burespro.com\/#website"},"primaryImageOfPage":{"@id":"https:\/\/www.burespro.com\/ca\/product\/altres-biomasses\/#primaryimage"},"image":{"@id":"https:\/\/www.burespro.com\/ca\/product\/altres-biomasses\/#primaryimage"},"thumbnailUrl":"https:\/\/www.burespro.com\/wp-content\/uploads\/2020\/01\/250_medium.jpg","datePublished":"2020-03-10T15:42:14+00:00","dateModified":"2020-08-13T14:17:02+00:00","breadcrumb":{"@id":"https:\/\/www.burespro.com\/ca\/product\/altres-biomasses\/#breadcrumb"},"inLanguage":"ca","potentialAction":[{"@type":"ReadAction","target":["https:\/\/www.burespro.com\/ca\/product\/altres-biomasses\/"]}]},{"@type":"ImageObject","inLanguage":"ca","@id":"https:\/\/www.burespro.com\/ca\/product\/altres-biomasses\/#primaryimage","url":"https:\/\/www.burespro.com\/wp-content\/uploads\/2020\/01\/250_medium.jpg","contentUrl":"https:\/\/www.burespro.com\/wp-content\/uploads\/2020\/01\/250_medium.jpg","width":900,"height":600},{"@type":"BreadcrumbList","@id":"https:\/\/www.burespro.com\/ca\/product\/altres-biomasses\/#breadcrumb","itemListElement":[{"@type":"ListItem","position":1,"name":"Inici","item":"https:\/\/www.burespro.com\/ca\/"},{"@type":"ListItem","position":2,"name":"Productes","item":"https:\/\/www.burespro.com\/ca\/adobs-fertilitzants\/"},{"@type":"ListItem","position":3,"name":"ALTRES BIOMASSES COM A BIOCOMBUSTIBLE"}]},{"@type":"WebSite","@id":"https:\/\/www.burespro.com\/#website","url":"https:\/\/www.burespro.com\/","name":"Bur\u00e9s Profesional","description":"Fabricants de terres, substrats de cultiu, fertilitzants i adobs org\u00e0nics","potentialAction":[{"@type":"SearchAction","target":{"@type":"EntryPoint","urlTemplate":"https:\/\/www.burespro.com\/?s={search_term_string}"},"query-input":{"@type":"PropertyValueSpecification","valueRequired":true,"valueName":"search_term_string"}}],"inLanguage":"ca"}]}},"_links":{"self":[{"href":"https:\/\/www.burespro.com\/ca\/wp-json\/wp\/v2\/product\/9084","targetHints":{"allow":["GET"]}}],"collection":[{"href":"https:\/\/www.burespro.com\/ca\/wp-json\/wp\/v2\/product"}],"about":[{"href":"https:\/\/www.burespro.com\/ca\/wp-json\/wp\/v2\/types\/product"}],"replies":[{"embeddable":true,"href":"https:\/\/www.burespro.com\/ca\/wp-json\/wp\/v2\/comments?post=9084"}],"wp:featuredmedia":[{"embeddable":true,"href":"https:\/\/www.burespro.com\/ca\/wp-json\/wp\/v2\/media\/2144"}],"wp:attachment":[{"href":"https:\/\/www.burespro.com\/ca\/wp-json\/wp\/v2\/media?parent=9084"}],"wp:term":[{"taxonomy":"product_brand","embeddable":true,"href":"https:\/\/www.burespro.com\/ca\/wp-json\/wp\/v2\/product_brand?post=9084"},{"taxonomy":"product_cat","embeddable":true,"href":"https:\/\/www.burespro.com\/ca\/wp-json\/wp\/v2\/product_cat?post=9084"},{"taxonomy":"product_tag","embeddable":true,"href":"https:\/\/www.burespro.com\/ca\/wp-json\/wp\/v2\/product_tag?post=9084"},{"taxonomy":"sectores","embeddable":true,"href":"https:\/\/www.burespro.com\/ca\/wp-json\/wp\/v2\/sectores?post=9084"}],"curies":[{"name":"wp","href":"https:\/\/api.w.org\/{rel}","templated":true}]}}