{"id":14466,"date":"2020-03-30T08:26:20","date_gmt":"2020-03-30T08:32:49","guid":{"rendered":"https:\/\/burespro.neorgvirtual.com\/product\/prodeasa-bv50\/"},"modified":"2020-04-02T12:14:59","modified_gmt":"2020-04-02T10:14:59","slug":"prodeasa-bv50","status":"publish","type":"product","link":"https:\/\/www.burespro.com\/ca\/product\/prodeasa-bv50\/","title":{"rendered":"PRODEASA BV50"},"content":{"rendered":"<p>Els substrats PRODEASA es fabriquen a partir de mat\u00e8ries primeres d&#8217;alta qualitat que, barrejades de manera precisa garanteixen l&#8217;efic\u00e0cia del substrat, amb un drenatge i una ventilaci\u00f3 adequats a les necessitats de cada cultiu. Cadascun dels substrats t\u00e9 una composici\u00f3 diferent i un abonat a mida.<br \/>\nTots els substrats es comercialitzen amb el pH corregit (5,5-6,5), i amb un abonament base (NPK) per a l&#8217;inici del cultiu.<br \/>\nEntre els substrats PRODEASA destaquen quatre grans l\u00ednies diferenciades pel que fa a tipus de material i les seves propietats.<\/p>\n<p>L\u00cdNIA BV<br \/>\nSubstrats elaborats amb ECOBOSC que permeten obtenir cultius m\u00e9s resistents i que suporten millor el trasplantament a terra.<br \/>\n\u00c9s l&#8217;alternativa perfecta a la torba, ja que la pres\u00e8ncia natural de microorganismes beneficiosos en el compost, t\u00e9 efectes favorables per al creixement de les plantes i la seva toler\u00e0ncia a condicions adverses. En la seva formulaci\u00f3 tamb\u00e9 s&#8217;inclou putzolana volc\u00e0nica (per facilitar el drenatge i mantenir l&#8217;estructura del substrat) i un 50% de torba rossa de Sphagnum.<br \/>\n<strong>Amb efecte enduridor de les plantes.<\/strong><\/p>\n<p>PRODEASA BV50<br \/>\nLa barreja dels components permet distanciar la freq\u00fc\u00e8ncia de regs de manera que facilita la gesti\u00f3 del viver, obtenint plantes m\u00e9s resistents a l&#8217;estr\u00e8s h\u00eddric despr\u00e9s del trasplantament.<br \/>\n\u00c9s el substrat professional de jardineria, recomanat pel cultiu en jardineres, contenidors i testos grans de tot tipus de plantes. Adequat per al cultiu a l&#8217;exterior de plantes de cicle mitj\u00e0-llarg en contenidor i en testos grans, indicat sobretot per plantes arbustives.<\/p>\n","protected":false},"excerpt":{"rendered":"<p>Els substrats PRODEASA es fabriquen a partir de mat\u00e8ries primeres d&#8217;alta qualitat que, barrejades de manera precisa garanteixen l&#8217;efic\u00e0cia del substrat, amb un drenatge i una ventilaci\u00f3 adequats a les necessitats de cada cultiu. Cadascun dels substrats t\u00e9 una composici\u00f3 diferent i un abonat a mida. Tots els substrats es comercialitzen amb el pH corregit [&hellip;]<\/p>\n","protected":false},"featured_media":14718,"comment_status":"closed","ping_status":"closed","template":"","meta":{"_acf_changed":false,"inline_featured_image":false},"product_brand":[],"product_cat":[179],"product_tag":[448,556,562,565,604,595,589,607],"sectores":[337,418],"class_list":{"0":"post-14466","1":"product","2":"type-product","3":"status-publish","4":"has-post-thumbnail","6":"product_cat-substrats-prodeasa","7":"product_tag-bures-profesional-ca","8":"product_tag-jardineria-girona-ca","9":"product_tag-material-de-jardineria-girona-ca","10":"product_tag-materials-de-jardineria","11":"product_tag-substrats-de-cultiu","12":"product_tag-substrats-de-jardienria","13":"product_tag-substrats-girona","14":"product_tag-substrats-professionals","15":"sectores-viverisme","16":"sectores-floricultura-ca","18":"first","19":"instock","20":"product-type-simple"},"acf":[],"yoast_head":"<!-- This site is optimized with the Yoast SEO plugin v26.7 - https:\/\/yoast.com\/wordpress\/plugins\/seo\/ -->\n<title>PRODEASA BV50 | Bur\u00e9s Profesional<\/title>\n<meta name=\"robots\" content=\"index, follow, max-snippet:-1, max-image-preview:large, max-video-preview:-1\" \/>\n<link rel=\"canonical\" href=\"https:\/\/www.burespro.com\/ca\/product\/prodeasa-bv50\/\" \/>\n<meta property=\"og:locale\" content=\"ca_ES\" \/>\n<meta property=\"og:type\" content=\"article\" \/>\n<meta property=\"og:title\" content=\"PRODEASA BV50 | Bur\u00e9s Profesional\" \/>\n<meta property=\"og:description\" content=\"Els substrats PRODEASA es fabriquen a partir de mat\u00e8ries primeres d&#8217;alta qualitat que, barrejades de manera precisa garanteixen l&#8217;efic\u00e0cia del substrat, amb un drenatge i una ventilaci\u00f3 adequats a les necessitats de cada cultiu. Cadascun dels substrats t\u00e9 una composici\u00f3 diferent i un abonat a mida. Tots els substrats es comercialitzen amb el pH corregit [&hellip;]\" \/>\n<meta property=\"og:url\" content=\"https:\/\/www.burespro.com\/ca\/product\/prodeasa-bv50\/\" \/>\n<meta property=\"og:site_name\" content=\"Bur\u00e9s Profesional\" \/>\n<meta property=\"article:publisher\" content=\"https:\/\/www.facebook.com\/buresprofesionalsa\" \/>\n<meta property=\"article:modified_time\" content=\"2020-04-02T10:14:59+00:00\" \/>\n<meta property=\"og:image\" content=\"https:\/\/www.burespro.com\/wp-content\/uploads\/2020\/03\/BV50-3.jpg\" \/>\n\t<meta property=\"og:image:width\" content=\"2560\" \/>\n\t<meta property=\"og:image:height\" content=\"1440\" \/>\n\t<meta property=\"og:image:type\" content=\"image\/jpeg\" \/>\n<meta name=\"twitter:card\" content=\"summary_large_image\" \/>\n<meta name=\"twitter:label1\" content=\"Temps estimat de lectura\" \/>\n\t<meta name=\"twitter:data1\" content=\"1 minut\" \/>\n<script type=\"application\/ld+json\" class=\"yoast-schema-graph\">{\"@context\":\"https:\/\/schema.org\",\"@graph\":[{\"@type\":\"WebPage\",\"@id\":\"https:\/\/www.burespro.com\/ca\/product\/prodeasa-bv50\/\",\"url\":\"https:\/\/www.burespro.com\/ca\/product\/prodeasa-bv50\/\",\"name\":\"PRODEASA BV50 | Bur\u00e9s Profesional\",\"isPartOf\":{\"@id\":\"https:\/\/www.burespro.com\/#website\"},\"primaryImageOfPage\":{\"@id\":\"https:\/\/www.burespro.com\/ca\/product\/prodeasa-bv50\/#primaryimage\"},\"image\":{\"@id\":\"https:\/\/www.burespro.com\/ca\/product\/prodeasa-bv50\/#primaryimage\"},\"thumbnailUrl\":\"https:\/\/www.burespro.com\/wp-content\/uploads\/2020\/03\/BV50-3.jpg\",\"datePublished\":\"2020-03-30T08:32:49+00:00\",\"dateModified\":\"2020-04-02T10:14:59+00:00\",\"breadcrumb\":{\"@id\":\"https:\/\/www.burespro.com\/ca\/product\/prodeasa-bv50\/#breadcrumb\"},\"inLanguage\":\"ca\",\"potentialAction\":[{\"@type\":\"ReadAction\",\"target\":[\"https:\/\/www.burespro.com\/ca\/product\/prodeasa-bv50\/\"]}]},{\"@type\":\"ImageObject\",\"inLanguage\":\"ca\",\"@id\":\"https:\/\/www.burespro.com\/ca\/product\/prodeasa-bv50\/#primaryimage\",\"url\":\"https:\/\/www.burespro.com\/wp-content\/uploads\/2020\/03\/BV50-3.jpg\",\"contentUrl\":\"https:\/\/www.burespro.com\/wp-content\/uploads\/2020\/03\/BV50-3.jpg\",\"width\":2560,\"height\":1440},{\"@type\":\"BreadcrumbList\",\"@id\":\"https:\/\/www.burespro.com\/ca\/product\/prodeasa-bv50\/#breadcrumb\",\"itemListElement\":[{\"@type\":\"ListItem\",\"position\":1,\"name\":\"Inici\",\"item\":\"https:\/\/www.burespro.com\/ca\/\"},{\"@type\":\"ListItem\",\"position\":2,\"name\":\"Productes\",\"item\":\"https:\/\/www.burespro.com\/ca\/adobs-fertilitzants\/\"},{\"@type\":\"ListItem\",\"position\":3,\"name\":\"PRODEASA BV50\"}]},{\"@type\":\"WebSite\",\"@id\":\"https:\/\/www.burespro.com\/#website\",\"url\":\"https:\/\/www.burespro.com\/\",\"name\":\"Bur\u00e9s Profesional\",\"description\":\"Fabricants de terres, substrats de cultiu, fertilitzants i adobs org\u00e0nics\",\"potentialAction\":[{\"@type\":\"SearchAction\",\"target\":{\"@type\":\"EntryPoint\",\"urlTemplate\":\"https:\/\/www.burespro.com\/?s={search_term_string}\"},\"query-input\":{\"@type\":\"PropertyValueSpecification\",\"valueRequired\":true,\"valueName\":\"search_term_string\"}}],\"inLanguage\":\"ca\"}]}<\/script>\n<!-- \/ Yoast SEO plugin. -->","yoast_head_json":{"title":"PRODEASA BV50 | Bur\u00e9s Profesional","robots":{"index":"index","follow":"follow","max-snippet":"max-snippet:-1","max-image-preview":"max-image-preview:large","max-video-preview":"max-video-preview:-1"},"canonical":"https:\/\/www.burespro.com\/ca\/product\/prodeasa-bv50\/","og_locale":"ca_ES","og_type":"article","og_title":"PRODEASA BV50 | Bur\u00e9s Profesional","og_description":"Els substrats PRODEASA es fabriquen a partir de mat\u00e8ries primeres d&#8217;alta qualitat que, barrejades de manera precisa garanteixen l&#8217;efic\u00e0cia del substrat, amb un drenatge i una ventilaci\u00f3 adequats a les necessitats de cada cultiu. Cadascun dels substrats t\u00e9 una composici\u00f3 diferent i un abonat a mida. Tots els substrats es comercialitzen amb el pH corregit [&hellip;]","og_url":"https:\/\/www.burespro.com\/ca\/product\/prodeasa-bv50\/","og_site_name":"Bur\u00e9s Profesional","article_publisher":"https:\/\/www.facebook.com\/buresprofesionalsa","article_modified_time":"2020-04-02T10:14:59+00:00","og_image":[{"width":2560,"height":1440,"url":"https:\/\/www.burespro.com\/wp-content\/uploads\/2020\/03\/BV50-3.jpg","type":"image\/jpeg"}],"twitter_card":"summary_large_image","twitter_misc":{"Temps estimat de lectura":"1 minut"},"schema":{"@context":"https:\/\/schema.org","@graph":[{"@type":"WebPage","@id":"https:\/\/www.burespro.com\/ca\/product\/prodeasa-bv50\/","url":"https:\/\/www.burespro.com\/ca\/product\/prodeasa-bv50\/","name":"PRODEASA BV50 | Bur\u00e9s Profesional","isPartOf":{"@id":"https:\/\/www.burespro.com\/#website"},"primaryImageOfPage":{"@id":"https:\/\/www.burespro.com\/ca\/product\/prodeasa-bv50\/#primaryimage"},"image":{"@id":"https:\/\/www.burespro.com\/ca\/product\/prodeasa-bv50\/#primaryimage"},"thumbnailUrl":"https:\/\/www.burespro.com\/wp-content\/uploads\/2020\/03\/BV50-3.jpg","datePublished":"2020-03-30T08:32:49+00:00","dateModified":"2020-04-02T10:14:59+00:00","breadcrumb":{"@id":"https:\/\/www.burespro.com\/ca\/product\/prodeasa-bv50\/#breadcrumb"},"inLanguage":"ca","potentialAction":[{"@type":"ReadAction","target":["https:\/\/www.burespro.com\/ca\/product\/prodeasa-bv50\/"]}]},{"@type":"ImageObject","inLanguage":"ca","@id":"https:\/\/www.burespro.com\/ca\/product\/prodeasa-bv50\/#primaryimage","url":"https:\/\/www.burespro.com\/wp-content\/uploads\/2020\/03\/BV50-3.jpg","contentUrl":"https:\/\/www.burespro.com\/wp-content\/uploads\/2020\/03\/BV50-3.jpg","width":2560,"height":1440},{"@type":"BreadcrumbList","@id":"https:\/\/www.burespro.com\/ca\/product\/prodeasa-bv50\/#breadcrumb","itemListElement":[{"@type":"ListItem","position":1,"name":"Inici","item":"https:\/\/www.burespro.com\/ca\/"},{"@type":"ListItem","position":2,"name":"Productes","item":"https:\/\/www.burespro.com\/ca\/adobs-fertilitzants\/"},{"@type":"ListItem","position":3,"name":"PRODEASA BV50"}]},{"@type":"WebSite","@id":"https:\/\/www.burespro.com\/#website","url":"https:\/\/www.burespro.com\/","name":"Bur\u00e9s Profesional","description":"Fabricants de terres, substrats de cultiu, fertilitzants i adobs org\u00e0nics","potentialAction":[{"@type":"SearchAction","target":{"@type":"EntryPoint","urlTemplate":"https:\/\/www.burespro.com\/?s={search_term_string}"},"query-input":{"@type":"PropertyValueSpecification","valueRequired":true,"valueName":"search_term_string"}}],"inLanguage":"ca"}]}},"_links":{"self":[{"href":"https:\/\/www.burespro.com\/ca\/wp-json\/wp\/v2\/product\/14466","targetHints":{"allow":["GET"]}}],"collection":[{"href":"https:\/\/www.burespro.com\/ca\/wp-json\/wp\/v2\/product"}],"about":[{"href":"https:\/\/www.burespro.com\/ca\/wp-json\/wp\/v2\/types\/product"}],"replies":[{"embeddable":true,"href":"https:\/\/www.burespro.com\/ca\/wp-json\/wp\/v2\/comments?post=14466"}],"wp:featuredmedia":[{"embeddable":true,"href":"https:\/\/www.burespro.com\/ca\/wp-json\/wp\/v2\/media\/14718"}],"wp:attachment":[{"href":"https:\/\/www.burespro.com\/ca\/wp-json\/wp\/v2\/media?parent=14466"}],"wp:term":[{"taxonomy":"product_brand","embeddable":true,"href":"https:\/\/www.burespro.com\/ca\/wp-json\/wp\/v2\/product_brand?post=14466"},{"taxonomy":"product_cat","embeddable":true,"href":"https:\/\/www.burespro.com\/ca\/wp-json\/wp\/v2\/product_cat?post=14466"},{"taxonomy":"product_tag","embeddable":true,"href":"https:\/\/www.burespro.com\/ca\/wp-json\/wp\/v2\/product_tag?post=14466"},{"taxonomy":"sectores","embeddable":true,"href":"https:\/\/www.burespro.com\/ca\/wp-json\/wp\/v2\/sectores?post=14466"}],"curies":[{"name":"wp","href":"https:\/\/api.w.org\/{rel}","templated":true}]}}