{"id":14463,"date":"2020-03-30T08:26:20","date_gmt":"2020-03-30T08:32:20","guid":{"rendered":"https:\/\/burespro.neorgvirtual.com\/product\/fulvik-ca-plus\/"},"modified":"2020-04-15T08:43:29","modified_gmt":"2020-04-15T06:43:29","slug":"fulvik-ca-plus","status":"publish","type":"product","link":"https:\/\/www.burespro.com\/ca\/product\/fulvik-ca-plus\/","title":{"rendered":"FULVIK Ca PLUS"},"content":{"rendered":"<p>FULVIK Ca PLUS \u00e9s un corrector de CALCI, en forma l\u00edquida formulat amb \u00c0cids F\u00falviks i \u00c0cids Gluc\u00f2nic com a base complexant, que li confereixen una &#8220;ACCI\u00d3 M\u00daLTIPLE&#8221;.<\/p>\n<p><strong>CORRECTORS DE CAR\u00c8NCIES DE CALCI<\/strong><br \/>\nPel seu alt contingut en Calci (Ca) quelatat amb \u00e0cids f\u00falvics i \u00c0cid Gluc\u00f2nic, \u00e9s un excel\u00b7lent corrector de les mancances d&#8217;aquest element, estant especialment recomanat en cultius sensibles com: a<br \/>\nManzano (Better Pit), Tom\u00e0quet i Pebrot (Blossom end rot &#8220;necrosi apical&#8221;), Enciam (Tip Burn &#8220;cremada de les vores de les fulles&#8221;), etc.<\/p>\n<p><strong>CORRECTOR DE TERRES S\u00d2DIC-SALINS<\/strong><br \/>\nPosseeix la particularitat de poder intercanviar el SODI (Na +) pel CALCI (Ca +) despla\u00e7ant el complex argil\u00b7loh\u00famic, el que facilita la seva posterior rentat per l&#8217;aigua de reg.<\/p>\n<p><strong>CORRECTOR DE TERRES S\u00d2DICS<\/strong><br \/>\nPel seu contingut en mat\u00e8ria org\u00e0nica, millora l&#8217;estructura f\u00edsica d&#8217;aquest tipus de s\u00f2ls, facilita la circulaci\u00f3 de l&#8217;aire i aigua, augmenta l&#8217;intercanvi cati\u00f2nic entre el Calci i el Sodi.<\/p>\n<p>FULVIK Ca PLUS est\u00e0 inscrit en el Registre de Fertilitzants i Afins de la Direcci\u00f3 General de Produccions i Mercats Agr\u00edcoles amb el N\u00ba 2361\/01.<\/p>\n","protected":false},"excerpt":{"rendered":"<p>FULVIK Ca PLUS \u00e9s un corrector de CALCI, en forma l\u00edquida formulat amb \u00c0cids F\u00falviks i \u00c0cids Gluc\u00f2nic com a base complexant, que li confereixen una &#8220;ACCI\u00d3 M\u00daLTIPLE&#8221;. CORRECTORS DE CAR\u00c8NCIES DE CALCI Pel seu alt contingut en Calci (Ca) quelatat amb \u00e0cids f\u00falvics i \u00c0cid Gluc\u00f2nic, \u00e9s un excel\u00b7lent corrector de les mancances d&#8217;aquest [&hellip;]<\/p>\n","protected":false},"featured_media":15466,"comment_status":"closed","ping_status":"closed","template":"","meta":{"_acf_changed":false,"inline_featured_image":false},"product_brand":[],"product_cat":[175],"product_tag":[],"sectores":[337,343,418,420,339,345,340],"class_list":{"0":"post-14463","1":"product","2":"type-product","3":"status-publish","4":"has-post-thumbnail","6":"product_cat-correctors-de-carencies","7":"sectores-viverisme","8":"sectores-fructicultura-i-horticultura","9":"sectores-floricultura-ca","10":"sectores-viticultura-ca","11":"sectores-jardineria-professional-paisatgisme","12":"sectores-obra-civil-i-publica","13":"sectores-administracions-publiques","15":"first","16":"instock","17":"product-type-simple"},"acf":[],"yoast_head":"<!-- This site is optimized with the Yoast SEO plugin v26.7 - https:\/\/yoast.com\/wordpress\/plugins\/seo\/ -->\n<title>FULVIK Ca PLUS | Bur\u00e9s Profesional<\/title>\n<meta name=\"robots\" content=\"index, follow, max-snippet:-1, max-image-preview:large, max-video-preview:-1\" \/>\n<link rel=\"canonical\" href=\"https:\/\/www.burespro.com\/ca\/product\/fulvik-ca-plus\/\" \/>\n<meta property=\"og:locale\" content=\"ca_ES\" \/>\n<meta property=\"og:type\" content=\"article\" \/>\n<meta property=\"og:title\" content=\"FULVIK Ca PLUS | Bur\u00e9s Profesional\" \/>\n<meta property=\"og:description\" content=\"FULVIK Ca PLUS \u00e9s un corrector de CALCI, en forma l\u00edquida formulat amb \u00c0cids F\u00falviks i \u00c0cids Gluc\u00f2nic com a base complexant, que li confereixen una &#8220;ACCI\u00d3 M\u00daLTIPLE&#8221;. CORRECTORS DE CAR\u00c8NCIES DE CALCI Pel seu alt contingut en Calci (Ca) quelatat amb \u00e0cids f\u00falvics i \u00c0cid Gluc\u00f2nic, \u00e9s un excel\u00b7lent corrector de les mancances d&#8217;aquest [&hellip;]\" \/>\n<meta property=\"og:url\" content=\"https:\/\/www.burespro.com\/ca\/product\/fulvik-ca-plus\/\" \/>\n<meta property=\"og:site_name\" content=\"Bur\u00e9s Profesional\" \/>\n<meta property=\"article:publisher\" content=\"https:\/\/www.facebook.com\/buresprofesionalsa\" \/>\n<meta property=\"article:modified_time\" content=\"2020-04-15T06:43:29+00:00\" \/>\n<meta property=\"og:image\" content=\"https:\/\/www.burespro.com\/wp-content\/uploads\/2020\/03\/fulvik.png\" \/>\n\t<meta property=\"og:image:width\" content=\"1200\" \/>\n\t<meta property=\"og:image:height\" content=\"666\" \/>\n\t<meta property=\"og:image:type\" content=\"image\/png\" \/>\n<meta name=\"twitter:card\" content=\"summary_large_image\" \/>\n<meta name=\"twitter:label1\" content=\"Temps estimat de lectura\" \/>\n\t<meta name=\"twitter:data1\" content=\"1 minut\" \/>\n<script type=\"application\/ld+json\" class=\"yoast-schema-graph\">{\"@context\":\"https:\/\/schema.org\",\"@graph\":[{\"@type\":\"WebPage\",\"@id\":\"https:\/\/www.burespro.com\/ca\/product\/fulvik-ca-plus\/\",\"url\":\"https:\/\/www.burespro.com\/ca\/product\/fulvik-ca-plus\/\",\"name\":\"FULVIK Ca PLUS | Bur\u00e9s Profesional\",\"isPartOf\":{\"@id\":\"https:\/\/www.burespro.com\/#website\"},\"primaryImageOfPage\":{\"@id\":\"https:\/\/www.burespro.com\/ca\/product\/fulvik-ca-plus\/#primaryimage\"},\"image\":{\"@id\":\"https:\/\/www.burespro.com\/ca\/product\/fulvik-ca-plus\/#primaryimage\"},\"thumbnailUrl\":\"https:\/\/www.burespro.com\/wp-content\/uploads\/2020\/03\/fulvik.png\",\"datePublished\":\"2020-03-30T08:32:20+00:00\",\"dateModified\":\"2020-04-15T06:43:29+00:00\",\"breadcrumb\":{\"@id\":\"https:\/\/www.burespro.com\/ca\/product\/fulvik-ca-plus\/#breadcrumb\"},\"inLanguage\":\"ca\",\"potentialAction\":[{\"@type\":\"ReadAction\",\"target\":[\"https:\/\/www.burespro.com\/ca\/product\/fulvik-ca-plus\/\"]}]},{\"@type\":\"ImageObject\",\"inLanguage\":\"ca\",\"@id\":\"https:\/\/www.burespro.com\/ca\/product\/fulvik-ca-plus\/#primaryimage\",\"url\":\"https:\/\/www.burespro.com\/wp-content\/uploads\/2020\/03\/fulvik.png\",\"contentUrl\":\"https:\/\/www.burespro.com\/wp-content\/uploads\/2020\/03\/fulvik.png\",\"width\":1200,\"height\":666},{\"@type\":\"BreadcrumbList\",\"@id\":\"https:\/\/www.burespro.com\/ca\/product\/fulvik-ca-plus\/#breadcrumb\",\"itemListElement\":[{\"@type\":\"ListItem\",\"position\":1,\"name\":\"Inici\",\"item\":\"https:\/\/www.burespro.com\/ca\/\"},{\"@type\":\"ListItem\",\"position\":2,\"name\":\"Productes\",\"item\":\"https:\/\/www.burespro.com\/ca\/adobs-fertilitzants\/\"},{\"@type\":\"ListItem\",\"position\":3,\"name\":\"FULVIK Ca PLUS\"}]},{\"@type\":\"WebSite\",\"@id\":\"https:\/\/www.burespro.com\/#website\",\"url\":\"https:\/\/www.burespro.com\/\",\"name\":\"Bur\u00e9s Profesional\",\"description\":\"Fabricants de terres, substrats de cultiu, fertilitzants i adobs org\u00e0nics\",\"potentialAction\":[{\"@type\":\"SearchAction\",\"target\":{\"@type\":\"EntryPoint\",\"urlTemplate\":\"https:\/\/www.burespro.com\/?s={search_term_string}\"},\"query-input\":{\"@type\":\"PropertyValueSpecification\",\"valueRequired\":true,\"valueName\":\"search_term_string\"}}],\"inLanguage\":\"ca\"}]}<\/script>\n<!-- \/ Yoast SEO plugin. -->","yoast_head_json":{"title":"FULVIK Ca PLUS | Bur\u00e9s Profesional","robots":{"index":"index","follow":"follow","max-snippet":"max-snippet:-1","max-image-preview":"max-image-preview:large","max-video-preview":"max-video-preview:-1"},"canonical":"https:\/\/www.burespro.com\/ca\/product\/fulvik-ca-plus\/","og_locale":"ca_ES","og_type":"article","og_title":"FULVIK Ca PLUS | Bur\u00e9s Profesional","og_description":"FULVIK Ca PLUS \u00e9s un corrector de CALCI, en forma l\u00edquida formulat amb \u00c0cids F\u00falviks i \u00c0cids Gluc\u00f2nic com a base complexant, que li confereixen una &#8220;ACCI\u00d3 M\u00daLTIPLE&#8221;. CORRECTORS DE CAR\u00c8NCIES DE CALCI Pel seu alt contingut en Calci (Ca) quelatat amb \u00e0cids f\u00falvics i \u00c0cid Gluc\u00f2nic, \u00e9s un excel\u00b7lent corrector de les mancances d&#8217;aquest [&hellip;]","og_url":"https:\/\/www.burespro.com\/ca\/product\/fulvik-ca-plus\/","og_site_name":"Bur\u00e9s Profesional","article_publisher":"https:\/\/www.facebook.com\/buresprofesionalsa","article_modified_time":"2020-04-15T06:43:29+00:00","og_image":[{"width":1200,"height":666,"url":"https:\/\/www.burespro.com\/wp-content\/uploads\/2020\/03\/fulvik.png","type":"image\/png"}],"twitter_card":"summary_large_image","twitter_misc":{"Temps estimat de lectura":"1 minut"},"schema":{"@context":"https:\/\/schema.org","@graph":[{"@type":"WebPage","@id":"https:\/\/www.burespro.com\/ca\/product\/fulvik-ca-plus\/","url":"https:\/\/www.burespro.com\/ca\/product\/fulvik-ca-plus\/","name":"FULVIK Ca PLUS | Bur\u00e9s Profesional","isPartOf":{"@id":"https:\/\/www.burespro.com\/#website"},"primaryImageOfPage":{"@id":"https:\/\/www.burespro.com\/ca\/product\/fulvik-ca-plus\/#primaryimage"},"image":{"@id":"https:\/\/www.burespro.com\/ca\/product\/fulvik-ca-plus\/#primaryimage"},"thumbnailUrl":"https:\/\/www.burespro.com\/wp-content\/uploads\/2020\/03\/fulvik.png","datePublished":"2020-03-30T08:32:20+00:00","dateModified":"2020-04-15T06:43:29+00:00","breadcrumb":{"@id":"https:\/\/www.burespro.com\/ca\/product\/fulvik-ca-plus\/#breadcrumb"},"inLanguage":"ca","potentialAction":[{"@type":"ReadAction","target":["https:\/\/www.burespro.com\/ca\/product\/fulvik-ca-plus\/"]}]},{"@type":"ImageObject","inLanguage":"ca","@id":"https:\/\/www.burespro.com\/ca\/product\/fulvik-ca-plus\/#primaryimage","url":"https:\/\/www.burespro.com\/wp-content\/uploads\/2020\/03\/fulvik.png","contentUrl":"https:\/\/www.burespro.com\/wp-content\/uploads\/2020\/03\/fulvik.png","width":1200,"height":666},{"@type":"BreadcrumbList","@id":"https:\/\/www.burespro.com\/ca\/product\/fulvik-ca-plus\/#breadcrumb","itemListElement":[{"@type":"ListItem","position":1,"name":"Inici","item":"https:\/\/www.burespro.com\/ca\/"},{"@type":"ListItem","position":2,"name":"Productes","item":"https:\/\/www.burespro.com\/ca\/adobs-fertilitzants\/"},{"@type":"ListItem","position":3,"name":"FULVIK Ca PLUS"}]},{"@type":"WebSite","@id":"https:\/\/www.burespro.com\/#website","url":"https:\/\/www.burespro.com\/","name":"Bur\u00e9s Profesional","description":"Fabricants de terres, substrats de cultiu, fertilitzants i adobs org\u00e0nics","potentialAction":[{"@type":"SearchAction","target":{"@type":"EntryPoint","urlTemplate":"https:\/\/www.burespro.com\/?s={search_term_string}"},"query-input":{"@type":"PropertyValueSpecification","valueRequired":true,"valueName":"search_term_string"}}],"inLanguage":"ca"}]}},"_links":{"self":[{"href":"https:\/\/www.burespro.com\/ca\/wp-json\/wp\/v2\/product\/14463","targetHints":{"allow":["GET"]}}],"collection":[{"href":"https:\/\/www.burespro.com\/ca\/wp-json\/wp\/v2\/product"}],"about":[{"href":"https:\/\/www.burespro.com\/ca\/wp-json\/wp\/v2\/types\/product"}],"replies":[{"embeddable":true,"href":"https:\/\/www.burespro.com\/ca\/wp-json\/wp\/v2\/comments?post=14463"}],"wp:featuredmedia":[{"embeddable":true,"href":"https:\/\/www.burespro.com\/ca\/wp-json\/wp\/v2\/media\/15466"}],"wp:attachment":[{"href":"https:\/\/www.burespro.com\/ca\/wp-json\/wp\/v2\/media?parent=14463"}],"wp:term":[{"taxonomy":"product_brand","embeddable":true,"href":"https:\/\/www.burespro.com\/ca\/wp-json\/wp\/v2\/product_brand?post=14463"},{"taxonomy":"product_cat","embeddable":true,"href":"https:\/\/www.burespro.com\/ca\/wp-json\/wp\/v2\/product_cat?post=14463"},{"taxonomy":"product_tag","embeddable":true,"href":"https:\/\/www.burespro.com\/ca\/wp-json\/wp\/v2\/product_tag?post=14463"},{"taxonomy":"sectores","embeddable":true,"href":"https:\/\/www.burespro.com\/ca\/wp-json\/wp\/v2\/sectores?post=14463"}],"curies":[{"name":"wp","href":"https:\/\/api.w.org\/{rel}","templated":true}]}}