{"id":14452,"date":"2020-03-30T08:26:20","date_gmt":"2020-03-30T08:32:20","guid":{"rendered":"https:\/\/burespro.neorgvirtual.com\/product\/aquafertil-0-15-403mgo\/"},"modified":"2020-04-16T08:45:12","modified_gmt":"2020-04-16T06:45:12","slug":"aquafertil-0-15-403mgo","status":"publish","type":"product","link":"https:\/\/www.burespro.com\/ca\/product\/aquafertil-0-15-403mgo\/","title":{"rendered":"AQUAFERTIL 0-15-40 +3MgO"},"content":{"rendered":"<p>AQUAFERTIL \u00e9s un ADOB CE soluble pobre en clorurs per aplicaci\u00f3 foliar.<br \/>\nLa seva aplicaci\u00f3 mitjan\u00e7ant polvoritzaci\u00f3 permet proporcionar a la part a\u00e8ria del cultiu els nutrients de forma f\u00e0cilment assimilable per la planta.<\/p>\n<p>El rendiment de l&#8217;assimilaci\u00f3 dels nutrients aportats \u00e9s de l&#8217;ordre del 95%, m\u00e9s del doble que en una aplicaci\u00f3 radicular en condicions favorables.<\/p>\n","protected":false},"excerpt":{"rendered":"<p>AQUAFERTIL \u00e9s un ADOB CE soluble pobre en clorurs per aplicaci\u00f3 foliar. La seva aplicaci\u00f3 mitjan\u00e7ant polvoritzaci\u00f3 permet proporcionar a la part a\u00e8ria del cultiu els nutrients de forma f\u00e0cilment assimilable per la planta. El rendiment de l&#8217;assimilaci\u00f3 dels nutrients aportats \u00e9s de l&#8217;ordre del 95%, m\u00e9s del doble que en una aplicaci\u00f3 radicular en [&hellip;]<\/p>\n","protected":false},"featured_media":15345,"comment_status":"closed","ping_status":"closed","template":"","meta":{"_acf_changed":false,"inline_featured_image":false},"product_brand":[],"product_cat":[163],"product_tag":[],"sectores":[337,343,418,420,339],"class_list":{"0":"post-14452","1":"product","2":"type-product","3":"status-publish","4":"has-post-thumbnail","6":"product_cat-adobs-minerals","7":"sectores-viverisme","8":"sectores-fructicultura-i-horticultura","9":"sectores-floricultura-ca","10":"sectores-viticultura-ca","11":"sectores-jardineria-professional-paisatgisme","13":"first","14":"instock","15":"product-type-simple"},"acf":[],"yoast_head":"<!-- This site is optimized with the Yoast SEO plugin v26.7 - https:\/\/yoast.com\/wordpress\/plugins\/seo\/ -->\n<title>AQUAFERTIL 0-15-40 +3MgO | Bur\u00e9s Profesional<\/title>\n<meta name=\"robots\" content=\"index, follow, max-snippet:-1, max-image-preview:large, max-video-preview:-1\" \/>\n<link rel=\"canonical\" href=\"https:\/\/www.burespro.com\/ca\/product\/aquafertil-0-15-403mgo\/\" \/>\n<meta property=\"og:locale\" content=\"ca_ES\" \/>\n<meta property=\"og:type\" content=\"article\" \/>\n<meta property=\"og:title\" content=\"AQUAFERTIL 0-15-40 +3MgO | Bur\u00e9s Profesional\" \/>\n<meta property=\"og:description\" content=\"AQUAFERTIL \u00e9s un ADOB CE soluble pobre en clorurs per aplicaci\u00f3 foliar. La seva aplicaci\u00f3 mitjan\u00e7ant polvoritzaci\u00f3 permet proporcionar a la part a\u00e8ria del cultiu els nutrients de forma f\u00e0cilment assimilable per la planta. El rendiment de l&#8217;assimilaci\u00f3 dels nutrients aportats \u00e9s de l&#8217;ordre del 95%, m\u00e9s del doble que en una aplicaci\u00f3 radicular en [&hellip;]\" \/>\n<meta property=\"og:url\" content=\"https:\/\/www.burespro.com\/ca\/product\/aquafertil-0-15-403mgo\/\" \/>\n<meta property=\"og:site_name\" content=\"Bur\u00e9s Profesional\" \/>\n<meta property=\"article:publisher\" content=\"https:\/\/www.facebook.com\/buresprofesionalsa\" \/>\n<meta property=\"article:modified_time\" content=\"2020-04-16T06:45:12+00:00\" \/>\n<meta property=\"og:image\" content=\"https:\/\/www.burespro.com\/wp-content\/uploads\/2020\/03\/aquafertil.1200x670.png\" \/>\n\t<meta property=\"og:image:width\" content=\"1200\" \/>\n\t<meta property=\"og:image:height\" content=\"666\" \/>\n\t<meta property=\"og:image:type\" content=\"image\/png\" \/>\n<meta name=\"twitter:card\" content=\"summary_large_image\" \/>\n<script type=\"application\/ld+json\" class=\"yoast-schema-graph\">{\"@context\":\"https:\/\/schema.org\",\"@graph\":[{\"@type\":\"WebPage\",\"@id\":\"https:\/\/www.burespro.com\/ca\/product\/aquafertil-0-15-403mgo\/\",\"url\":\"https:\/\/www.burespro.com\/ca\/product\/aquafertil-0-15-403mgo\/\",\"name\":\"AQUAFERTIL 0-15-40 +3MgO | Bur\u00e9s Profesional\",\"isPartOf\":{\"@id\":\"https:\/\/www.burespro.com\/#website\"},\"primaryImageOfPage\":{\"@id\":\"https:\/\/www.burespro.com\/ca\/product\/aquafertil-0-15-403mgo\/#primaryimage\"},\"image\":{\"@id\":\"https:\/\/www.burespro.com\/ca\/product\/aquafertil-0-15-403mgo\/#primaryimage\"},\"thumbnailUrl\":\"https:\/\/www.burespro.com\/wp-content\/uploads\/2020\/03\/aquafertil.1200x670.png\",\"datePublished\":\"2020-03-30T08:32:20+00:00\",\"dateModified\":\"2020-04-16T06:45:12+00:00\",\"breadcrumb\":{\"@id\":\"https:\/\/www.burespro.com\/ca\/product\/aquafertil-0-15-403mgo\/#breadcrumb\"},\"inLanguage\":\"ca\",\"potentialAction\":[{\"@type\":\"ReadAction\",\"target\":[\"https:\/\/www.burespro.com\/ca\/product\/aquafertil-0-15-403mgo\/\"]}]},{\"@type\":\"ImageObject\",\"inLanguage\":\"ca\",\"@id\":\"https:\/\/www.burespro.com\/ca\/product\/aquafertil-0-15-403mgo\/#primaryimage\",\"url\":\"https:\/\/www.burespro.com\/wp-content\/uploads\/2020\/03\/aquafertil.1200x670.png\",\"contentUrl\":\"https:\/\/www.burespro.com\/wp-content\/uploads\/2020\/03\/aquafertil.1200x670.png\",\"width\":1200,\"height\":666},{\"@type\":\"BreadcrumbList\",\"@id\":\"https:\/\/www.burespro.com\/ca\/product\/aquafertil-0-15-403mgo\/#breadcrumb\",\"itemListElement\":[{\"@type\":\"ListItem\",\"position\":1,\"name\":\"Inici\",\"item\":\"https:\/\/www.burespro.com\/ca\/\"},{\"@type\":\"ListItem\",\"position\":2,\"name\":\"Productes\",\"item\":\"https:\/\/www.burespro.com\/ca\/adobs-fertilitzants\/\"},{\"@type\":\"ListItem\",\"position\":3,\"name\":\"AQUAFERTIL 0-15-40 +3MgO\"}]},{\"@type\":\"WebSite\",\"@id\":\"https:\/\/www.burespro.com\/#website\",\"url\":\"https:\/\/www.burespro.com\/\",\"name\":\"Bur\u00e9s Profesional\",\"description\":\"Fabricants de terres, substrats de cultiu, fertilitzants i adobs org\u00e0nics\",\"potentialAction\":[{\"@type\":\"SearchAction\",\"target\":{\"@type\":\"EntryPoint\",\"urlTemplate\":\"https:\/\/www.burespro.com\/?s={search_term_string}\"},\"query-input\":{\"@type\":\"PropertyValueSpecification\",\"valueRequired\":true,\"valueName\":\"search_term_string\"}}],\"inLanguage\":\"ca\"}]}<\/script>\n<!-- \/ Yoast SEO plugin. -->","yoast_head_json":{"title":"AQUAFERTIL 0-15-40 +3MgO | Bur\u00e9s Profesional","robots":{"index":"index","follow":"follow","max-snippet":"max-snippet:-1","max-image-preview":"max-image-preview:large","max-video-preview":"max-video-preview:-1"},"canonical":"https:\/\/www.burespro.com\/ca\/product\/aquafertil-0-15-403mgo\/","og_locale":"ca_ES","og_type":"article","og_title":"AQUAFERTIL 0-15-40 +3MgO | Bur\u00e9s Profesional","og_description":"AQUAFERTIL \u00e9s un ADOB CE soluble pobre en clorurs per aplicaci\u00f3 foliar. La seva aplicaci\u00f3 mitjan\u00e7ant polvoritzaci\u00f3 permet proporcionar a la part a\u00e8ria del cultiu els nutrients de forma f\u00e0cilment assimilable per la planta. El rendiment de l&#8217;assimilaci\u00f3 dels nutrients aportats \u00e9s de l&#8217;ordre del 95%, m\u00e9s del doble que en una aplicaci\u00f3 radicular en [&hellip;]","og_url":"https:\/\/www.burespro.com\/ca\/product\/aquafertil-0-15-403mgo\/","og_site_name":"Bur\u00e9s Profesional","article_publisher":"https:\/\/www.facebook.com\/buresprofesionalsa","article_modified_time":"2020-04-16T06:45:12+00:00","og_image":[{"width":1200,"height":666,"url":"https:\/\/www.burespro.com\/wp-content\/uploads\/2020\/03\/aquafertil.1200x670.png","type":"image\/png"}],"twitter_card":"summary_large_image","schema":{"@context":"https:\/\/schema.org","@graph":[{"@type":"WebPage","@id":"https:\/\/www.burespro.com\/ca\/product\/aquafertil-0-15-403mgo\/","url":"https:\/\/www.burespro.com\/ca\/product\/aquafertil-0-15-403mgo\/","name":"AQUAFERTIL 0-15-40 +3MgO | Bur\u00e9s Profesional","isPartOf":{"@id":"https:\/\/www.burespro.com\/#website"},"primaryImageOfPage":{"@id":"https:\/\/www.burespro.com\/ca\/product\/aquafertil-0-15-403mgo\/#primaryimage"},"image":{"@id":"https:\/\/www.burespro.com\/ca\/product\/aquafertil-0-15-403mgo\/#primaryimage"},"thumbnailUrl":"https:\/\/www.burespro.com\/wp-content\/uploads\/2020\/03\/aquafertil.1200x670.png","datePublished":"2020-03-30T08:32:20+00:00","dateModified":"2020-04-16T06:45:12+00:00","breadcrumb":{"@id":"https:\/\/www.burespro.com\/ca\/product\/aquafertil-0-15-403mgo\/#breadcrumb"},"inLanguage":"ca","potentialAction":[{"@type":"ReadAction","target":["https:\/\/www.burespro.com\/ca\/product\/aquafertil-0-15-403mgo\/"]}]},{"@type":"ImageObject","inLanguage":"ca","@id":"https:\/\/www.burespro.com\/ca\/product\/aquafertil-0-15-403mgo\/#primaryimage","url":"https:\/\/www.burespro.com\/wp-content\/uploads\/2020\/03\/aquafertil.1200x670.png","contentUrl":"https:\/\/www.burespro.com\/wp-content\/uploads\/2020\/03\/aquafertil.1200x670.png","width":1200,"height":666},{"@type":"BreadcrumbList","@id":"https:\/\/www.burespro.com\/ca\/product\/aquafertil-0-15-403mgo\/#breadcrumb","itemListElement":[{"@type":"ListItem","position":1,"name":"Inici","item":"https:\/\/www.burespro.com\/ca\/"},{"@type":"ListItem","position":2,"name":"Productes","item":"https:\/\/www.burespro.com\/ca\/adobs-fertilitzants\/"},{"@type":"ListItem","position":3,"name":"AQUAFERTIL 0-15-40 +3MgO"}]},{"@type":"WebSite","@id":"https:\/\/www.burespro.com\/#website","url":"https:\/\/www.burespro.com\/","name":"Bur\u00e9s Profesional","description":"Fabricants de terres, substrats de cultiu, fertilitzants i adobs org\u00e0nics","potentialAction":[{"@type":"SearchAction","target":{"@type":"EntryPoint","urlTemplate":"https:\/\/www.burespro.com\/?s={search_term_string}"},"query-input":{"@type":"PropertyValueSpecification","valueRequired":true,"valueName":"search_term_string"}}],"inLanguage":"ca"}]}},"_links":{"self":[{"href":"https:\/\/www.burespro.com\/ca\/wp-json\/wp\/v2\/product\/14452","targetHints":{"allow":["GET"]}}],"collection":[{"href":"https:\/\/www.burespro.com\/ca\/wp-json\/wp\/v2\/product"}],"about":[{"href":"https:\/\/www.burespro.com\/ca\/wp-json\/wp\/v2\/types\/product"}],"replies":[{"embeddable":true,"href":"https:\/\/www.burespro.com\/ca\/wp-json\/wp\/v2\/comments?post=14452"}],"wp:featuredmedia":[{"embeddable":true,"href":"https:\/\/www.burespro.com\/ca\/wp-json\/wp\/v2\/media\/15345"}],"wp:attachment":[{"href":"https:\/\/www.burespro.com\/ca\/wp-json\/wp\/v2\/media?parent=14452"}],"wp:term":[{"taxonomy":"product_brand","embeddable":true,"href":"https:\/\/www.burespro.com\/ca\/wp-json\/wp\/v2\/product_brand?post=14452"},{"taxonomy":"product_cat","embeddable":true,"href":"https:\/\/www.burespro.com\/ca\/wp-json\/wp\/v2\/product_cat?post=14452"},{"taxonomy":"product_tag","embeddable":true,"href":"https:\/\/www.burespro.com\/ca\/wp-json\/wp\/v2\/product_tag?post=14452"},{"taxonomy":"sectores","embeddable":true,"href":"https:\/\/www.burespro.com\/ca\/wp-json\/wp\/v2\/sectores?post=14452"}],"curies":[{"name":"wp","href":"https:\/\/api.w.org\/{rel}","templated":true}]}}