{"id":8469,"date":"2020-03-03T15:31:08","date_gmt":"2020-03-03T15:31:08","guid":{"rendered":"https:\/\/burespro.neorgvirtual.com\/conocenos\/"},"modified":"2020-03-12T10:53:29","modified_gmt":"2020-03-12T10:53:29","slug":"qui-som","status":"publish","type":"page","link":"https:\/\/www.burespro.com\/ca\/qui-som\/","title":{"rendered":"Coneix-nos"},"content":{"rendered":"\n<p><strong>BUR\u00c9S PROFESSIONAL<\/strong> \u00e9s una empresa familiar nascuda en 1983 i est\u00e0 situada a Vilablareix (Girona) dedicada a la fabricaci\u00f3 de substrats de jardineria, substrats de cultiu, fertilitzants i abonaments org\u00e0nics, i aix\u00ed com de productes per a biomassa per a combustibles i biofiltres.<\/p>\n\n\n\n<p>Els substrats i fertilitzants es comercialitzen sota les marques PRODEASA i SICOSA.<\/p>\n\n\n\n<p><strong>PRODEASA<\/strong> \u00e9s una marca especialitzada en la fabricaci\u00f3 de substrats, mat\u00e8ries primeres per a la fabricaci\u00f3 de substrats i mescles per al cultiu an\u00e9s s\u00f2l aplicat a la producci\u00f3 hort\u00edcola i ornamental, viver i jardineria. Engloba diferents tipus de productes com s\u00f3n els substrats, les terres vegetals i els ENCUIXINATS (mulching), entre altres.<\/p>\n\n\n\n<p><strong>SICOSA<\/strong>, una marca de llarga tradici\u00f3 en el sector hortofruct\u00edcola. Amb m\u00e9s de 50 anys, disposa d&#8217;una extensa gamma de fertilitzants: esmenes, abonaments org\u00e0nics, \u00f2rgan-minerals, d&#8217;alliberament lent i controlat, abonaments solubles, abonaments foliars, microelements quelatats, hidrogels, torbes i sacs de cultiu, molts d&#8217;aquests productes s\u00f3n aptes per a l&#8217;agricultura ecol\u00f2gica.<\/p>\n","protected":false},"excerpt":{"rendered":"<p>BUR\u00c9S PROFESSIONAL \u00e9s una empresa familiar nascuda en 1983 i est\u00e0 situada a Vilablareix (Girona) dedicada a la fabricaci\u00f3 de substrats de jardineria, substrats de cultiu, fertilitzants i abonaments org\u00e0nics, i aix\u00ed com de productes per a biomassa per a combustibles i biofiltres. Els substrats i fertilitzants es comercialitzen sota les marques PRODEASA i SICOSA. [&hellip;]<\/p>\n","protected":false},"author":1,"featured_media":0,"parent":0,"menu_order":0,"comment_status":"closed","ping_status":"closed","template":"page-conocenos.php","meta":{"_acf_changed":false,"inline_featured_image":false,"footnotes":""},"class_list":["post-8469","page","type-page","status-publish","hentry"],"acf":[],"yoast_head":"<!-- This site is optimized with the Yoast SEO plugin v26.7 - https:\/\/yoast.com\/wordpress\/plugins\/seo\/ -->\n<title>Bur\u00e9s Profesional | Fabricaci\u00f3 mat\u00e8ries primeres agricultura i jardineria<\/title>\n<meta name=\"description\" content=\"Fabriquem mat\u00e8ries primeres per a la preparaci\u00f3 de substrats, adobs org\u00e0nics i fertilitzants per a l&#039;agricultura i la jardineria.\" \/>\n<meta name=\"robots\" content=\"index, follow, max-snippet:-1, max-image-preview:large, max-video-preview:-1\" \/>\n<link rel=\"canonical\" href=\"https:\/\/www.burespro.com\/ca\/qui-som\/\" \/>\n<meta property=\"og:locale\" content=\"ca_ES\" \/>\n<meta property=\"og:type\" content=\"article\" \/>\n<meta property=\"og:title\" content=\"Bur\u00e9s Profesional | Fabricaci\u00f3 mat\u00e8ries primeres agricultura i jardineria\" \/>\n<meta property=\"og:description\" content=\"Fabriquem mat\u00e8ries primeres per a la preparaci\u00f3 de substrats, adobs org\u00e0nics i fertilitzants per a l&#039;agricultura i la jardineria.\" \/>\n<meta property=\"og:url\" content=\"https:\/\/www.burespro.com\/ca\/qui-som\/\" \/>\n<meta property=\"og:site_name\" content=\"Bur\u00e9s Profesional\" \/>\n<meta property=\"article:publisher\" content=\"https:\/\/www.facebook.com\/buresprofesionalsa\" \/>\n<meta property=\"article:modified_time\" content=\"2020-03-12T10:53:29+00:00\" \/>\n<meta name=\"twitter:card\" content=\"summary_large_image\" \/>\n<meta name=\"twitter:label1\" content=\"Temps estimat de lectura\" \/>\n\t<meta name=\"twitter:data1\" content=\"1 minut\" \/>\n<script type=\"application\/ld+json\" class=\"yoast-schema-graph\">{\"@context\":\"https:\/\/schema.org\",\"@graph\":[{\"@type\":\"WebPage\",\"@id\":\"https:\/\/www.burespro.com\/ca\/qui-som\/\",\"url\":\"https:\/\/www.burespro.com\/ca\/qui-som\/\",\"name\":\"Bur\u00e9s Profesional | Fabricaci\u00f3 mat\u00e8ries primeres agricultura i jardineria\",\"isPartOf\":{\"@id\":\"https:\/\/www.burespro.com\/#website\"},\"datePublished\":\"2020-03-03T15:31:08+00:00\",\"dateModified\":\"2020-03-12T10:53:29+00:00\",\"description\":\"Fabriquem mat\u00e8ries primeres per a la preparaci\u00f3 de substrats, adobs org\u00e0nics i fertilitzants per a l'agricultura i la jardineria.\",\"breadcrumb\":{\"@id\":\"https:\/\/www.burespro.com\/ca\/qui-som\/#breadcrumb\"},\"inLanguage\":\"ca\",\"potentialAction\":[{\"@type\":\"ReadAction\",\"target\":[\"https:\/\/www.burespro.com\/ca\/qui-som\/\"]}]},{\"@type\":\"BreadcrumbList\",\"@id\":\"https:\/\/www.burespro.com\/ca\/qui-som\/#breadcrumb\",\"itemListElement\":[{\"@type\":\"ListItem\",\"position\":1,\"name\":\"Inici\",\"item\":\"https:\/\/www.burespro.com\/ca\/\"},{\"@type\":\"ListItem\",\"position\":2,\"name\":\"Coneix-nos\"}]},{\"@type\":\"WebSite\",\"@id\":\"https:\/\/www.burespro.com\/#website\",\"url\":\"https:\/\/www.burespro.com\/\",\"name\":\"Bur\u00e9s Profesional\",\"description\":\"Fabricants de terres, substrats de cultiu, fertilitzants i adobs org\u00e0nics\",\"potentialAction\":[{\"@type\":\"SearchAction\",\"target\":{\"@type\":\"EntryPoint\",\"urlTemplate\":\"https:\/\/www.burespro.com\/?s={search_term_string}\"},\"query-input\":{\"@type\":\"PropertyValueSpecification\",\"valueRequired\":true,\"valueName\":\"search_term_string\"}}],\"inLanguage\":\"ca\"}]}<\/script>\n<!-- \/ Yoast SEO plugin. -->","yoast_head_json":{"title":"Bur\u00e9s Profesional | Fabricaci\u00f3 mat\u00e8ries primeres agricultura i jardineria","description":"Fabriquem mat\u00e8ries primeres per a la preparaci\u00f3 de substrats, adobs org\u00e0nics i fertilitzants per a l'agricultura i la jardineria.","robots":{"index":"index","follow":"follow","max-snippet":"max-snippet:-1","max-image-preview":"max-image-preview:large","max-video-preview":"max-video-preview:-1"},"canonical":"https:\/\/www.burespro.com\/ca\/qui-som\/","og_locale":"ca_ES","og_type":"article","og_title":"Bur\u00e9s Profesional | Fabricaci\u00f3 mat\u00e8ries primeres agricultura i jardineria","og_description":"Fabriquem mat\u00e8ries primeres per a la preparaci\u00f3 de substrats, adobs org\u00e0nics i fertilitzants per a l'agricultura i la jardineria.","og_url":"https:\/\/www.burespro.com\/ca\/qui-som\/","og_site_name":"Bur\u00e9s Profesional","article_publisher":"https:\/\/www.facebook.com\/buresprofesionalsa","article_modified_time":"2020-03-12T10:53:29+00:00","twitter_card":"summary_large_image","twitter_misc":{"Temps estimat de lectura":"1 minut"},"schema":{"@context":"https:\/\/schema.org","@graph":[{"@type":"WebPage","@id":"https:\/\/www.burespro.com\/ca\/qui-som\/","url":"https:\/\/www.burespro.com\/ca\/qui-som\/","name":"Bur\u00e9s Profesional | Fabricaci\u00f3 mat\u00e8ries primeres agricultura i jardineria","isPartOf":{"@id":"https:\/\/www.burespro.com\/#website"},"datePublished":"2020-03-03T15:31:08+00:00","dateModified":"2020-03-12T10:53:29+00:00","description":"Fabriquem mat\u00e8ries primeres per a la preparaci\u00f3 de substrats, adobs org\u00e0nics i fertilitzants per a l'agricultura i la jardineria.","breadcrumb":{"@id":"https:\/\/www.burespro.com\/ca\/qui-som\/#breadcrumb"},"inLanguage":"ca","potentialAction":[{"@type":"ReadAction","target":["https:\/\/www.burespro.com\/ca\/qui-som\/"]}]},{"@type":"BreadcrumbList","@id":"https:\/\/www.burespro.com\/ca\/qui-som\/#breadcrumb","itemListElement":[{"@type":"ListItem","position":1,"name":"Inici","item":"https:\/\/www.burespro.com\/ca\/"},{"@type":"ListItem","position":2,"name":"Coneix-nos"}]},{"@type":"WebSite","@id":"https:\/\/www.burespro.com\/#website","url":"https:\/\/www.burespro.com\/","name":"Bur\u00e9s Profesional","description":"Fabricants de terres, substrats de cultiu, fertilitzants i adobs org\u00e0nics","potentialAction":[{"@type":"SearchAction","target":{"@type":"EntryPoint","urlTemplate":"https:\/\/www.burespro.com\/?s={search_term_string}"},"query-input":{"@type":"PropertyValueSpecification","valueRequired":true,"valueName":"search_term_string"}}],"inLanguage":"ca"}]}},"_links":{"self":[{"href":"https:\/\/www.burespro.com\/ca\/wp-json\/wp\/v2\/pages\/8469","targetHints":{"allow":["GET"]}}],"collection":[{"href":"https:\/\/www.burespro.com\/ca\/wp-json\/wp\/v2\/pages"}],"about":[{"href":"https:\/\/www.burespro.com\/ca\/wp-json\/wp\/v2\/types\/page"}],"author":[{"embeddable":true,"href":"https:\/\/www.burespro.com\/ca\/wp-json\/wp\/v2\/users\/1"}],"replies":[{"embeddable":true,"href":"https:\/\/www.burespro.com\/ca\/wp-json\/wp\/v2\/comments?post=8469"}],"version-history":[{"count":4,"href":"https:\/\/www.burespro.com\/ca\/wp-json\/wp\/v2\/pages\/8469\/revisions"}],"predecessor-version":[{"id":12974,"href":"https:\/\/www.burespro.com\/ca\/wp-json\/wp\/v2\/pages\/8469\/revisions\/12974"}],"wp:attachment":[{"href":"https:\/\/www.burespro.com\/ca\/wp-json\/wp\/v2\/media?parent=8469"}],"curies":[{"name":"wp","href":"https:\/\/api.w.org\/{rel}","templated":true}]}}