{"id":7991,"date":"2020-02-20T14:42:52","date_gmt":"2020-02-20T14:42:52","guid":{"rendered":"https:\/\/burespro.neorgvirtual.com\/?page_id=7991"},"modified":"2020-03-20T12:45:58","modified_gmt":"2020-03-20T12:45:58","slug":"politica-de-cookies","status":"publish","type":"page","link":"https:\/\/www.burespro.com\/ca\/politica-de-cookies\/","title":{"rendered":"Pol\u00edtica de cookies"},"content":{"rendered":"\n<p>Les cookies o galetes s\u00f3n petits arxius de text que\ns\u2019instal\u00b7len als equips des dels qual s\u2019accedeix al nostre lloc web. Entre\naltres finalitats, les cookies registren les prefer\u00e8ncies i els h\u00e0bits de\nnavegaci\u00f3 d\u2019un usuari. S\u2019associen a l\u2019usuari i al seu equip, per\u00f2 no\nproporcionen dades directament identificatives. Algunes cookies, per exemple\nles que permeten elaborar estad\u00edstiques o les publicit\u00e0ries, necessiten el\nconsentiment de l\u2019usuari del nostre lloc. En canvi altres cookies, les de\ncar\u00e0cter t\u00e8cnic o les necess\u00e0ries per oferir un servei sol\u00b7licitat per\nl\u2019usuari, s\u00f3n imprescindibles per al funcionament del lloc. Les cookies es poden classificar segons la\nseva vig\u00e8ncia, qui les gestiona o la seva finalitat<\/p>\n\n\n\n<p>SEGONS LA VIG\u00c8NCIA<\/p>\n\n\n\n<p><em>De sessi\u00f3<\/em><em>:<\/em> s\u00f3n temporals i queden a l\u2019arxiu de galetes del vostre\nnavegador fins el moment que abandoneu el lloc web. <\/p>\n\n\n\n<p><em>Persistents<\/em><em>:<\/em> queden emmagatzemades i el lloc web els llegeix cada vegada\nque hi feu una visita. <\/p>\n\n\n\n<p>SEGONS QUI LES GESTIONI<\/p>\n\n\n\n<p><em>Pr\u00f2pies<\/em><em>:<\/em> s\u00f3n les pr\u00f2pies del titular del lloc web des del que es\npresten els serveis a l\u2019usuari.<\/p>\n\n\n\n<p><em>De tercers<\/em><em>:<\/em> s\u2019envien a l\u2019usuari per part d\u2019un tercer, diferent al\ntitular del lloc.<\/p>\n\n\n\n<p>SEGONS LA FINALITAT<\/p>\n\n\n\n<p><em>Necess\u00e0ries<\/em><em>:<\/em> les imprescindibles per facilitar la vostra connexi\u00f3. No hi\nha opci\u00f3 d\u2019inhabilitar-les, at\u00e8s que s\u00f3n les necess\u00e0ries pel funcionament del\nlloc web.<\/p>\n\n\n\n<p><em>T\u00e8cniques<\/em><em>: <\/em>les que permeten controlar el tr\u00e0fic i comunicaci\u00f3 de dades,\nidentificar la sessi\u00f3 i accedir a p\u00e0gines d\u2019acc\u00e9s restringit, entre d\u2019altres.<\/p>\n\n\n\n<p><em>De prefer\u00e8ncies<\/em><em>:<\/em> permeten recordar les vostres opcions (per exemple llengua\no regi\u00f3 des de la qual accediu), per tal de proporcionar-vos serveis avan\u00e7ats.<\/p>\n\n\n\n<p><em>Anal\u00edtiques<\/em><em>:<\/em> proporcionen\ninformaci\u00f3 estad\u00edstica i permeten millorar els serveis. <\/p>\n\n\n\n<p><em>De publicitat<\/em><em>:<\/em> per a oferir continguts publicitaris\nrelacionats amb els interessos de l\u2019usuari, b\u00e9 directament, b\u00e9 per mitj\u00e0 de\ntercers (\u201cadservers\u201d).<\/p>\n\n\n\n<p><em>De geolocalitzaci\u00f3<\/em><em>: <\/em>per a con\u00e8ixer la localitzaci\u00f3 geogr\u00e0fica\nde l\u2019usuari.\n\nEnumerem les cookies que\nutilitza el nostre lloc web\n\n\n\n<\/p>\n\n\n\n<div class='overflow-llistat-cookies'><table class='llistat-cookies'><tr><th>Finalitat<\/th><th>Prove\u00efdor<\/th><th>Nom de la cookie<\/th><th>Gesti\u00f3<\/th><th>Vig\u00e8ncia<\/th><th>Funci\u00f3<\/th><\/tr><tr><td>T\u00e8cniques<\/td><td>Pr\u00f2pia<\/td><td>PHPSESSID<\/td><td>Pr\u00f2pia<\/td><td>1 any<\/td><td>PHPSESSID. Aquesta cookie s'ha utilitzat pel llenguatge d'encriptatge PHP per a permetre que les variables de SESSI\u00d3 es guardin al servidor web.<\/td><\/tr><tr><td>T\u00e8cniques<\/td><td>Pr\u00f2pia<\/td><td>wp-settings-time-1, wp-settings-1<\/td><td>Pr\u00f2pia<\/td><td>1 any<\/td><td>Aquestes cookies s\u00f3n utilitzades per WordPress per a personalitzar la interf\u00edcie d'usuari.<\/td><\/tr><tr><td>T\u00e8cniques<\/td><td>Pr\u00f2pia<\/td><td>wordpress_logged_in_<\/td><td>Pr\u00f2pia<\/td><td>1 any<\/td><td>Despr\u00e9s del loggin, WordPress activa la cookie wordpress_logged_in_, la funci\u00f3 de la qual \u00e9s indicar quan s'ha connectat i qui \u00e9s, essent utilitzat per la interf\u00edcie de WordPress.<\/td><\/tr><tr><td>T\u00e8cniques<\/td><td>Pr\u00f2pia<\/td><td>wp-wpml_current_language<\/td><td>Pr\u00f2pia<\/td><td>1 any<\/td><td>Permet recordar l'idioma de l'usuari<\/td><\/tr><tr><td>T\u00e8cniques<\/td><td>Pr\u00f2pia<\/td><td>concentiment_cookies<\/td><td>Pr\u00f2pia<\/td><td>1 any<\/td><td>Guarda el valor de l'acceptaci\u00f3 del cartell de cookies<\/td><\/tr><tr><td>T\u00e8cniques<\/td><td>Pr\u00f2pia<\/td><td>dateExpireCookie<\/td><td>Pr\u00f2pia<\/td><td>1 any<\/td><td>Guarda la data d'expiraci\u00f3 de la cookie del cartell de cookies<\/td><\/tr><tr><td>T\u00e8cniques<\/td><td>Pr\u00f2pia<\/td><td>woocommerce_cart_hash\/<br \/>\r\nwoocommerce_items_in_cart<\/td><td>Pr\u00f2pia<\/td><td>1 any<\/td><td>Cont\u00e9 informaci\u00f3 sobre la cistella i simplement ajuda a WooCommerce a con\u00e8ixer quan les dades de la cistella canvien<\/td><\/tr><tr><td>T\u00e8cniques<\/td><td>Pr\u00f2pia<\/td><td>wp_woocommerce_session_<\/td><td>Pr\u00f2pia<\/td><td>1 any<\/td><td>Codi \u00fanic per a cada client, el qual correspon a una entrada a la taula personalitzada de wp_woocommerce_sessions a la base de dades<\/td><\/tr><tr><td>Anal\u00edtiques<\/td><td>GOOGLE<\/td><td>_ga<\/td><td>Tercers<\/td><td>2 anys<\/td><td>Oferir estad\u00edstiques d'\u00fas dels llocs web. Tamb\u00e9 es poden utilitzar juntament amb algunes de les cookies publicit\u00e0ries descrites anteriorment per a mostrar anuncis m\u00e9s rellevants a les propietats de Google.<\/td><\/tr><tr><td>Anal\u00edtiques<\/td><td>GOOGLE<\/td><td>_gid<\/td><td>Tercers<\/td><td>24 hores<\/td><td>Registra una identificaci\u00f3 \u00fanica que s'utilitza per a generar dades estad\u00edstiques sobre com el visitant utilitza el lloc web.<\/td><\/tr><tr><td>Anal\u00edtiques<\/td><td>GOOGLE<\/td><td>_gat<\/td><td>Tercers<\/td><td>1 minut<\/td><td>S'utilitza per a limitar el percentatge de sol\u00b7licituds. Si s'ha implementat Google Analytics mitjan\u00e7ant Google Tag Manager, aquesta cookie s'anomenar\u00e0 _dc_gtm_.<\/td><\/tr><\/table><\/div>\n\n\n\n<p>Pots editar la teva configuraci\u00f3 de cookies fent clic <a href=\"http:\/\/www.neorgsite.com\" target=\"_blank\" rel=\"noreferrer noopener\" aria-label=\" (se abre en una nueva pesta\u00f1a)\">aqu\u00ed<\/a>. <\/p>\n\n\n\n<p>Vost\u00e8 pot revocar el consentiment sobre la utilitzaci\u00f3 de cookies eliminant-les per mitj\u00e0 de les opcions que li ofereix el seu navegador. Tamb\u00e9 pot configurar el seu navegador per tal que l\u2019informi pr\u00e8viament de la possible instal\u00b7laci\u00f3 de cookies. En els enlla\u00e7os seg\u00fcents trobar\u00e0 informaci\u00f3 sobre com fer-ho.<\/p>\n\n\n\n<ul class=\"wp-block-list\"><li>Per Firefox (<a rel=\"noreferrer noopener\" aria-label=\" (se abre en una nueva pesta\u00f1a)\" href=\"http:\/\/support.mozilla.org\/ca\/kb\/Galetes\" target=\"_blank\">enlla\u00e7<\/a>) <\/li><li>Per Chrome (<a rel=\"noreferrer noopener\" aria-label=\" (se abre en una nueva pesta\u00f1a)\" href=\"http:\/\/support.google.com\/chrome\/bin\/answer.py?hl=es&amp;answer=95647\" target=\"_blank\">enlla\u00e7<\/a>) <\/li><li>Per Explorer (<a rel=\"noreferrer noopener\" aria-label=\" (se abre en una nueva pesta\u00f1a)\" href=\"https:\/\/support.microsoft.com\/es-es\/help\/278835\/how-to-delete-cookie-files-in-internet-explorer\" target=\"_blank\">enlla\u00e7<\/a>) <\/li><li>Per Edge (<a rel=\"noreferrer noopener\" aria-label=\" (se abre en una nueva pesta\u00f1a)\" href=\"https:\/\/support.microsoft.com\/es-es\/help\/4027947\/windows-delete-cookies\" target=\"_blank\">enlla\u00e7<\/a>) <\/li><li>Per Safari per IOS (<a rel=\"noreferrer noopener\" aria-label=\" (se abre en una nueva pesta\u00f1a)\" href=\"http:\/\/support.apple.com\/kb\/HT1677?viewlocale=es_ES&amp;locale=es_ES\" target=\"_blank\">enlla\u00e7<\/a>) <\/li><li>Per Opera (<a rel=\"noreferrer noopener\" aria-label=\" (se abre en una nueva pesta\u00f1a)\" href=\"https:\/\/help.opera.com\/en\/latest\/web-preferences\/#cookies\" target=\"_blank\">enlla\u00e7<\/a>) <\/li><\/ul>\n","protected":false},"excerpt":{"rendered":"<p>Les cookies o galetes s\u00f3n petits arxius de text que s\u2019instal\u00b7len als equips des dels qual s\u2019accedeix al nostre lloc web. Entre altres finalitats, les cookies registren les prefer\u00e8ncies i els h\u00e0bits de navegaci\u00f3 d\u2019un usuari. S\u2019associen a l\u2019usuari i al seu equip, per\u00f2 no proporcionen dades directament identificatives. Algunes cookies, per exemple les que [&hellip;]<\/p>\n","protected":false},"author":1,"featured_media":0,"parent":0,"menu_order":0,"comment_status":"closed","ping_status":"closed","template":"","meta":{"_acf_changed":false,"inline_featured_image":false,"footnotes":""},"class_list":["post-7991","page","type-page","status-publish","hentry"],"acf":[],"yoast_head":"<!-- This site is optimized with the Yoast SEO plugin v26.7 - https:\/\/yoast.com\/wordpress\/plugins\/seo\/ -->\n<title>Pol\u00edtica de cookies | Bur\u00e9s Profesional<\/title>\n<meta name=\"robots\" content=\"noindex, follow\" \/>\n<meta property=\"og:locale\" content=\"ca_ES\" \/>\n<meta property=\"og:type\" content=\"article\" \/>\n<meta property=\"og:title\" content=\"Pol\u00edtica de cookies | Bur\u00e9s Profesional\" \/>\n<meta property=\"og:description\" content=\"Les cookies o galetes s\u00f3n petits arxius de text que s\u2019instal\u00b7len als equips des dels qual s\u2019accedeix al nostre lloc web. Entre altres finalitats, les cookies registren les prefer\u00e8ncies i els h\u00e0bits de navegaci\u00f3 d\u2019un usuari. S\u2019associen a l\u2019usuari i al seu equip, per\u00f2 no proporcionen dades directament identificatives. Algunes cookies, per exemple les que [&hellip;]\" \/>\n<meta property=\"og:url\" content=\"https:\/\/www.burespro.com\/ca\/politica-de-cookies\/\" \/>\n<meta property=\"og:site_name\" content=\"Bur\u00e9s Profesional\" \/>\n<meta property=\"article:publisher\" content=\"https:\/\/www.facebook.com\/buresprofesionalsa\" \/>\n<meta property=\"article:modified_time\" content=\"2020-03-20T12:45:58+00:00\" \/>\n<meta name=\"twitter:card\" content=\"summary_large_image\" \/>\n<meta name=\"twitter:label1\" content=\"Temps estimat de lectura\" \/>\n\t<meta name=\"twitter:data1\" content=\"2 minuts\" \/>\n<script type=\"application\/ld+json\" class=\"yoast-schema-graph\">{\"@context\":\"https:\/\/schema.org\",\"@graph\":[{\"@type\":\"WebPage\",\"@id\":\"https:\/\/www.burespro.com\/ca\/politica-de-cookies\/\",\"url\":\"https:\/\/www.burespro.com\/ca\/politica-de-cookies\/\",\"name\":\"Pol\u00edtica de cookies | Bur\u00e9s Profesional\",\"isPartOf\":{\"@id\":\"https:\/\/www.burespro.com\/#website\"},\"datePublished\":\"2020-02-20T14:42:52+00:00\",\"dateModified\":\"2020-03-20T12:45:58+00:00\",\"breadcrumb\":{\"@id\":\"https:\/\/www.burespro.com\/ca\/politica-de-cookies\/#breadcrumb\"},\"inLanguage\":\"ca\",\"potentialAction\":[{\"@type\":\"ReadAction\",\"target\":[\"https:\/\/www.burespro.com\/ca\/politica-de-cookies\/\"]}]},{\"@type\":\"BreadcrumbList\",\"@id\":\"https:\/\/www.burespro.com\/ca\/politica-de-cookies\/#breadcrumb\",\"itemListElement\":[{\"@type\":\"ListItem\",\"position\":1,\"name\":\"Inici\",\"item\":\"https:\/\/www.burespro.com\/ca\/\"},{\"@type\":\"ListItem\",\"position\":2,\"name\":\"Pol\u00edtica de cookies\"}]},{\"@type\":\"WebSite\",\"@id\":\"https:\/\/www.burespro.com\/#website\",\"url\":\"https:\/\/www.burespro.com\/\",\"name\":\"Bur\u00e9s Profesional\",\"description\":\"Fabricants de terres, substrats de cultiu, fertilitzants i adobs org\u00e0nics\",\"potentialAction\":[{\"@type\":\"SearchAction\",\"target\":{\"@type\":\"EntryPoint\",\"urlTemplate\":\"https:\/\/www.burespro.com\/?s={search_term_string}\"},\"query-input\":{\"@type\":\"PropertyValueSpecification\",\"valueRequired\":true,\"valueName\":\"search_term_string\"}}],\"inLanguage\":\"ca\"}]}<\/script>\n<!-- \/ Yoast SEO plugin. -->","yoast_head_json":{"title":"Pol\u00edtica de cookies | Bur\u00e9s Profesional","robots":{"index":"noindex","follow":"follow"},"og_locale":"ca_ES","og_type":"article","og_title":"Pol\u00edtica de cookies | Bur\u00e9s Profesional","og_description":"Les cookies o galetes s\u00f3n petits arxius de text que s\u2019instal\u00b7len als equips des dels qual s\u2019accedeix al nostre lloc web. Entre altres finalitats, les cookies registren les prefer\u00e8ncies i els h\u00e0bits de navegaci\u00f3 d\u2019un usuari. S\u2019associen a l\u2019usuari i al seu equip, per\u00f2 no proporcionen dades directament identificatives. Algunes cookies, per exemple les que [&hellip;]","og_url":"https:\/\/www.burespro.com\/ca\/politica-de-cookies\/","og_site_name":"Bur\u00e9s Profesional","article_publisher":"https:\/\/www.facebook.com\/buresprofesionalsa","article_modified_time":"2020-03-20T12:45:58+00:00","twitter_card":"summary_large_image","twitter_misc":{"Temps estimat de lectura":"2 minuts"},"schema":{"@context":"https:\/\/schema.org","@graph":[{"@type":"WebPage","@id":"https:\/\/www.burespro.com\/ca\/politica-de-cookies\/","url":"https:\/\/www.burespro.com\/ca\/politica-de-cookies\/","name":"Pol\u00edtica de cookies | Bur\u00e9s Profesional","isPartOf":{"@id":"https:\/\/www.burespro.com\/#website"},"datePublished":"2020-02-20T14:42:52+00:00","dateModified":"2020-03-20T12:45:58+00:00","breadcrumb":{"@id":"https:\/\/www.burespro.com\/ca\/politica-de-cookies\/#breadcrumb"},"inLanguage":"ca","potentialAction":[{"@type":"ReadAction","target":["https:\/\/www.burespro.com\/ca\/politica-de-cookies\/"]}]},{"@type":"BreadcrumbList","@id":"https:\/\/www.burespro.com\/ca\/politica-de-cookies\/#breadcrumb","itemListElement":[{"@type":"ListItem","position":1,"name":"Inici","item":"https:\/\/www.burespro.com\/ca\/"},{"@type":"ListItem","position":2,"name":"Pol\u00edtica de cookies"}]},{"@type":"WebSite","@id":"https:\/\/www.burespro.com\/#website","url":"https:\/\/www.burespro.com\/","name":"Bur\u00e9s Profesional","description":"Fabricants de terres, substrats de cultiu, fertilitzants i adobs org\u00e0nics","potentialAction":[{"@type":"SearchAction","target":{"@type":"EntryPoint","urlTemplate":"https:\/\/www.burespro.com\/?s={search_term_string}"},"query-input":{"@type":"PropertyValueSpecification","valueRequired":true,"valueName":"search_term_string"}}],"inLanguage":"ca"}]}},"_links":{"self":[{"href":"https:\/\/www.burespro.com\/ca\/wp-json\/wp\/v2\/pages\/7991","targetHints":{"allow":["GET"]}}],"collection":[{"href":"https:\/\/www.burespro.com\/ca\/wp-json\/wp\/v2\/pages"}],"about":[{"href":"https:\/\/www.burespro.com\/ca\/wp-json\/wp\/v2\/types\/page"}],"author":[{"embeddable":true,"href":"https:\/\/www.burespro.com\/ca\/wp-json\/wp\/v2\/users\/1"}],"replies":[{"embeddable":true,"href":"https:\/\/www.burespro.com\/ca\/wp-json\/wp\/v2\/comments?post=7991"}],"version-history":[{"count":4,"href":"https:\/\/www.burespro.com\/ca\/wp-json\/wp\/v2\/pages\/7991\/revisions"}],"predecessor-version":[{"id":14071,"href":"https:\/\/www.burespro.com\/ca\/wp-json\/wp\/v2\/pages\/7991\/revisions\/14071"}],"wp:attachment":[{"href":"https:\/\/www.burespro.com\/ca\/wp-json\/wp\/v2\/media?parent=7991"}],"curies":[{"name":"wp","href":"https:\/\/api.w.org\/{rel}","templated":true}]}}