{"id":7983,"date":"2020-02-20T14:42:09","date_gmt":"2020-02-20T14:42:09","guid":{"rendered":"https:\/\/burespro.neorgvirtual.com\/?page_id=7983"},"modified":"2020-03-20T09:40:15","modified_gmt":"2020-03-20T09:40:15","slug":"avis-legal","status":"publish","type":"page","link":"https:\/\/www.burespro.com\/ca\/avis-legal\/","title":{"rendered":"Av\u00eds legal"},"content":{"rendered":"\n<p>BUR\u00c9S PROFESIONAL, S.A.,\nprove\u00eft amb CIF A17054081, adre\u00e7a Carrer Puig de Sant Roc, 1 &#8211; E-17180\nVilablareix (Girona), no pot assumir cap responsabilitat derivada de l&#8217;\u00fas\nincorrecte, inapropiat o il\u00b7l\u00edcit de la informaci\u00f3 apareguda a la p\u00e0gina de\nInternet de www.burespro.com.<\/p>\n\n\n\n<p>Amb els l\u00edmits establerts a\nla llei, BUR\u00c9S PROFESIONAL, S.A. no assumeix cap responsabilitat derivada de la\nfalta de veracitat, integritat, actualitzaci\u00f3 i precisi\u00f3 de les dades o\ninformacions que contenen les seves p\u00e0gines d&#8217;Internet.<\/p>\n\n\n\n<p>Els continguts i informaci\u00f3\nno vinculen a BUR\u00c9S PROFESIONAL, S.A. ni constitueixen opinions, consells o\nassessorament legal de cap tipus ja que es tracta merament d&#8217;un servei ofert\namb car\u00e0cter informatiu i divulgatiu.<\/p>\n\n\n\n<p>La p\u00e0gina d&#8217;Internet de\nwww.burespro.com pot contenir enlla\u00e7os (links) a altres p\u00e0gines de terceres\nparts que BUR\u00c9S PROFESIONAL, S.A. no pot controlar. Per tant, BUR\u00c9S PROFESIONAL,\nS.A. no pot assumir responsabilitats pel contingut que pugui apar\u00e8ixer en\np\u00e0gines de tercers.<\/p>\n\n\n\n<p>Els textos, imatges, sons,\nanimacions, programari i la resta de continguts inclosos en aquest website s\u00f3n\npropietat exclusiva de BUR\u00c9S PROFESIONAL, S.A. o els seus llicenciants.\nQualsevol acte de transmissi\u00f3, distribuci\u00f3, cessi\u00f3, reproducci\u00f3, emmagatzematge\no comunicaci\u00f3 p\u00fablica total o parcial, ha de comptar amb el consentiment expr\u00e9s\nde BUR\u00c9S PROFESIONAL, S.A.<\/p>\n\n\n\n<p>Aix\u00ed mateix, per accedir a\nalguns dels serveis que BUR\u00c9S PROFESIONAL, S.A. ofereix a trav\u00e9s del website\nhaur\u00e0 de proporcionar algunes dades de car\u00e0cter personal. En compliment del que\nestableix el Reglament (UE) 2016\/679 del Parlament Europeu i del Consell, de 27\nd&#8217;abril de 2016, relatiu a la protecci\u00f3 de les persones f\u00edsiques pel que fa al\ntractament de dades personals ia la lliure circulaci\u00f3 de aquestes dades li\ninformem que, mitjan\u00e7ant la complementaci\u00f3 dels presents formularis, les seves\ndades personals quedaran incorporades i seran tractades als fitxers de BUR\u00c9S\nPROFESIONAL, S.A. per tal de poder-li prestar i oferir els nostres serveis aix\u00ed\ncom per informar de les millores del lloc Web. Aix\u00ed mateix, l&#8217;informem de la\npossibilitat d&#8217;exercir els drets d&#8217;acc\u00e9s, rectificaci\u00f3, cancel\u00b7laci\u00f3 i oposici\u00f3\nde les seves dades de car\u00e0cter personal, manera gratu\u00efta mitjan\u00e7ant correu\nelectr\u00f2nic a comunicaciones@burespro.com o a l&#8217;adre\u00e7a Carrer Puig de Sant Roc,\n1 &#8211; E -17.180 Vilablareix (Girona).<\/p>\n","protected":false},"excerpt":{"rendered":"<p>BUR\u00c9S PROFESIONAL, S.A., prove\u00eft amb CIF A17054081, adre\u00e7a Carrer Puig de Sant Roc, 1 &#8211; E-17180 Vilablareix (Girona), no pot assumir cap responsabilitat derivada de l&#8217;\u00fas incorrecte, inapropiat o il\u00b7l\u00edcit de la informaci\u00f3 apareguda a la p\u00e0gina de Internet de www.burespro.com. Amb els l\u00edmits establerts a la llei, BUR\u00c9S PROFESIONAL, S.A. no assumeix cap responsabilitat [&hellip;]<\/p>\n","protected":false},"author":1,"featured_media":0,"parent":0,"menu_order":0,"comment_status":"closed","ping_status":"closed","template":"","meta":{"_acf_changed":false,"inline_featured_image":false,"footnotes":""},"class_list":["post-7983","page","type-page","status-publish","hentry"],"acf":[],"yoast_head":"<!-- This site is optimized with the Yoast SEO plugin v26.7 - https:\/\/yoast.com\/wordpress\/plugins\/seo\/ -->\n<title>Av\u00eds legal | Bur\u00e9s Profesional<\/title>\n<meta name=\"robots\" content=\"noindex, follow\" \/>\n<meta property=\"og:locale\" content=\"ca_ES\" \/>\n<meta property=\"og:type\" content=\"article\" \/>\n<meta property=\"og:title\" content=\"Av\u00eds legal | Bur\u00e9s Profesional\" \/>\n<meta property=\"og:description\" content=\"BUR\u00c9S PROFESIONAL, S.A., prove\u00eft amb CIF A17054081, adre\u00e7a Carrer Puig de Sant Roc, 1 &#8211; E-17180 Vilablareix (Girona), no pot assumir cap responsabilitat derivada de l&#8217;\u00fas incorrecte, inapropiat o il\u00b7l\u00edcit de la informaci\u00f3 apareguda a la p\u00e0gina de Internet de www.burespro.com. Amb els l\u00edmits establerts a la llei, BUR\u00c9S PROFESIONAL, S.A. no assumeix cap responsabilitat [&hellip;]\" \/>\n<meta property=\"og:url\" content=\"https:\/\/www.burespro.com\/ca\/avis-legal\/\" \/>\n<meta property=\"og:site_name\" content=\"Bur\u00e9s Profesional\" \/>\n<meta property=\"article:publisher\" content=\"https:\/\/www.facebook.com\/buresprofesionalsa\" \/>\n<meta property=\"article:modified_time\" content=\"2020-03-20T09:40:15+00:00\" \/>\n<meta name=\"twitter:card\" content=\"summary_large_image\" \/>\n<meta name=\"twitter:label1\" content=\"Temps estimat de lectura\" \/>\n\t<meta name=\"twitter:data1\" content=\"2 minuts\" \/>\n<script type=\"application\/ld+json\" class=\"yoast-schema-graph\">{\"@context\":\"https:\/\/schema.org\",\"@graph\":[{\"@type\":\"WebPage\",\"@id\":\"https:\/\/www.burespro.com\/ca\/avis-legal\/\",\"url\":\"https:\/\/www.burespro.com\/ca\/avis-legal\/\",\"name\":\"Av\u00eds legal | Bur\u00e9s Profesional\",\"isPartOf\":{\"@id\":\"https:\/\/www.burespro.com\/#website\"},\"datePublished\":\"2020-02-20T14:42:09+00:00\",\"dateModified\":\"2020-03-20T09:40:15+00:00\",\"breadcrumb\":{\"@id\":\"https:\/\/www.burespro.com\/ca\/avis-legal\/#breadcrumb\"},\"inLanguage\":\"ca\",\"potentialAction\":[{\"@type\":\"ReadAction\",\"target\":[\"https:\/\/www.burespro.com\/ca\/avis-legal\/\"]}]},{\"@type\":\"BreadcrumbList\",\"@id\":\"https:\/\/www.burespro.com\/ca\/avis-legal\/#breadcrumb\",\"itemListElement\":[{\"@type\":\"ListItem\",\"position\":1,\"name\":\"Inici\",\"item\":\"https:\/\/www.burespro.com\/ca\/\"},{\"@type\":\"ListItem\",\"position\":2,\"name\":\"Av\u00eds legal\"}]},{\"@type\":\"WebSite\",\"@id\":\"https:\/\/www.burespro.com\/#website\",\"url\":\"https:\/\/www.burespro.com\/\",\"name\":\"Bur\u00e9s Profesional\",\"description\":\"Fabricants de terres, substrats de cultiu, fertilitzants i adobs org\u00e0nics\",\"potentialAction\":[{\"@type\":\"SearchAction\",\"target\":{\"@type\":\"EntryPoint\",\"urlTemplate\":\"https:\/\/www.burespro.com\/?s={search_term_string}\"},\"query-input\":{\"@type\":\"PropertyValueSpecification\",\"valueRequired\":true,\"valueName\":\"search_term_string\"}}],\"inLanguage\":\"ca\"}]}<\/script>\n<!-- \/ Yoast SEO plugin. -->","yoast_head_json":{"title":"Av\u00eds legal | Bur\u00e9s Profesional","robots":{"index":"noindex","follow":"follow"},"og_locale":"ca_ES","og_type":"article","og_title":"Av\u00eds legal | Bur\u00e9s Profesional","og_description":"BUR\u00c9S PROFESIONAL, S.A., prove\u00eft amb CIF A17054081, adre\u00e7a Carrer Puig de Sant Roc, 1 &#8211; E-17180 Vilablareix (Girona), no pot assumir cap responsabilitat derivada de l&#8217;\u00fas incorrecte, inapropiat o il\u00b7l\u00edcit de la informaci\u00f3 apareguda a la p\u00e0gina de Internet de www.burespro.com. Amb els l\u00edmits establerts a la llei, BUR\u00c9S PROFESIONAL, S.A. no assumeix cap responsabilitat [&hellip;]","og_url":"https:\/\/www.burespro.com\/ca\/avis-legal\/","og_site_name":"Bur\u00e9s Profesional","article_publisher":"https:\/\/www.facebook.com\/buresprofesionalsa","article_modified_time":"2020-03-20T09:40:15+00:00","twitter_card":"summary_large_image","twitter_misc":{"Temps estimat de lectura":"2 minuts"},"schema":{"@context":"https:\/\/schema.org","@graph":[{"@type":"WebPage","@id":"https:\/\/www.burespro.com\/ca\/avis-legal\/","url":"https:\/\/www.burespro.com\/ca\/avis-legal\/","name":"Av\u00eds legal | Bur\u00e9s Profesional","isPartOf":{"@id":"https:\/\/www.burespro.com\/#website"},"datePublished":"2020-02-20T14:42:09+00:00","dateModified":"2020-03-20T09:40:15+00:00","breadcrumb":{"@id":"https:\/\/www.burespro.com\/ca\/avis-legal\/#breadcrumb"},"inLanguage":"ca","potentialAction":[{"@type":"ReadAction","target":["https:\/\/www.burespro.com\/ca\/avis-legal\/"]}]},{"@type":"BreadcrumbList","@id":"https:\/\/www.burespro.com\/ca\/avis-legal\/#breadcrumb","itemListElement":[{"@type":"ListItem","position":1,"name":"Inici","item":"https:\/\/www.burespro.com\/ca\/"},{"@type":"ListItem","position":2,"name":"Av\u00eds legal"}]},{"@type":"WebSite","@id":"https:\/\/www.burespro.com\/#website","url":"https:\/\/www.burespro.com\/","name":"Bur\u00e9s Profesional","description":"Fabricants de terres, substrats de cultiu, fertilitzants i adobs org\u00e0nics","potentialAction":[{"@type":"SearchAction","target":{"@type":"EntryPoint","urlTemplate":"https:\/\/www.burespro.com\/?s={search_term_string}"},"query-input":{"@type":"PropertyValueSpecification","valueRequired":true,"valueName":"search_term_string"}}],"inLanguage":"ca"}]}},"_links":{"self":[{"href":"https:\/\/www.burespro.com\/ca\/wp-json\/wp\/v2\/pages\/7983","targetHints":{"allow":["GET"]}}],"collection":[{"href":"https:\/\/www.burespro.com\/ca\/wp-json\/wp\/v2\/pages"}],"about":[{"href":"https:\/\/www.burespro.com\/ca\/wp-json\/wp\/v2\/types\/page"}],"author":[{"embeddable":true,"href":"https:\/\/www.burespro.com\/ca\/wp-json\/wp\/v2\/users\/1"}],"replies":[{"embeddable":true,"href":"https:\/\/www.burespro.com\/ca\/wp-json\/wp\/v2\/comments?post=7983"}],"version-history":[{"count":2,"href":"https:\/\/www.burespro.com\/ca\/wp-json\/wp\/v2\/pages\/7983\/revisions"}],"predecessor-version":[{"id":8501,"href":"https:\/\/www.burespro.com\/ca\/wp-json\/wp\/v2\/pages\/7983\/revisions\/8501"}],"wp:attachment":[{"href":"https:\/\/www.burespro.com\/ca\/wp-json\/wp\/v2\/media?parent=7983"}],"curies":[{"name":"wp","href":"https:\/\/api.w.org\/{rel}","templated":true}]}}